{"id":10503,"date":"2018-03-22T11:32:04","date_gmt":"2018-03-22T10:32:04","guid":{"rendered":"http:\/\/www.komedija.hr\/www\/?page_id=10503"},"modified":"2025-06-11T12:17:30","modified_gmt":"2025-06-11T10:17:30","slug":"dajana-culjak","status":"publish","type":"page","link":"https:\/\/dev.komedija.hr\/www\/ansambl-2\/glumci\/dajana-culjak\/","title":{"rendered":"Dajana \u010culjak"},"content":{"rendered":"<table border=\"0\" width=\"100%\">\n<tbody>\n<tr>\n<td><a href=\"http:\/\/www.komedija.hr\/www\/wp-content\/uploads\/2018\/07\/Dajana-Culjak1.jpg\"><img loading=\"lazy\" decoding=\"async\" class=\"alignnone wp-image-10774 size-medium\" src=\"http:\/\/www.komedija.hr\/www\/wp-content\/uploads\/2018\/07\/Dajana-Culjak1-201x300.jpg\" alt=\"\" width=\"201\" height=\"300\" srcset=\"https:\/\/dev.komedija.hr\/www\/wp-content\/uploads\/2018\/07\/Dajana-Culjak1-201x300.jpg 201w, https:\/\/dev.komedija.hr\/www\/wp-content\/uploads\/2018\/07\/Dajana-Culjak1.jpg 535w\" sizes=\"auto, (max-width: 201px) 100vw, 201px\" \/><\/a><\/td>\n<td>Glumica<\/td>\n<\/tr>\n<tr>\n<td width=\"18%\" height=\"25\"><strong>DATUM I MJESTO RO\u0110ENJA <\/strong><\/td>\n<td width=\"82%\" height=\"25\">1991.<\/td>\n<\/tr>\n<tr>\n<td valign=\"top\" width=\"18%\" height=\"55\"><strong>KONTAKT<\/strong><\/td>\n<td valign=\"top\" width=\"82%\" height=\"55\"><a href=\"mailto:propaganda@komedija.hr\">propaganda@komedija.hr<\/a><\/td>\n<\/tr>\n<tr>\n<td valign=\"top\" width=\"18%\" height=\"25\"><strong>OBRAZOVANJE<\/strong><\/td>\n<td valign=\"top\" width=\"82%\" height=\"25\">Akademija dramske umjetnosti, Zagreb<\/td>\n<\/tr>\n<tr>\n<td valign=\"top\" width=\"18%\" height=\"18\"><strong>KAZALI\u0160TE<\/strong><\/td>\n<td valign=\"top\" width=\"82%\" height=\"18\"><strong>ZGK Komedija<\/strong>: Talijanski slamnati \u0161e\u0161ir; Faraon iz Ilice je mrtav; Tulum u samostanu; Zaljubljeni Shakespeare; Brat bratu;&nbsp; Mandragola; Treba se znati pona\u0161ati; Mnogo vike niza\u0161to, Velo misto, Zapetljani interesi, Ponos i predrasude<\/p>\n<p><strong>ZKM<\/strong>: Maja Hrgovi\u0107: <em>\u017divjet \u0107emo bolje<\/em>; Miran Kurspahi\u0107: Pad; Ana Tonkovi\u0107 Dolen\u010di\u0107 (po motivima iz romana Arthura Conana Doylea): <em>Sherlock Holmes<\/em><br \/>\nTeatar Exit &#8211; Patrick Marber: <em>Don Juan u Sohou<\/em><strong><br \/>\n<\/strong><\/td>\n<\/tr>\n<tr>\n<td valign=\"top\" width=\"18%\" height=\"14\"><strong>FILM<\/strong><\/td>\n<td valign=\"top\" width=\"82%\" height=\"14\">&#8220;ZG80&#8221; (I. \u0160eregi 2016.)<\/td>\n<\/tr>\n<tr>\n<td valign=\"top\" width=\"18%\" height=\"14\"><strong>TELEVIZIJA<\/strong><\/td>\n<td valign=\"top\" width=\"82%\" height=\"14\">HRT: teen serija &#8220;Nemoj nikome re\u0107i&#8221; (I. Livakovi\u0107 \/ A. Marde\u0161i\u0107 2015.)<br \/>\ndramska serija&#8221;Novine&#8221; (D. Matani\u0107 2016.)<br \/>\ndramska serija &#8220;\u010cuvar dvorca&#8221; (L. Nola 2017.)<br \/>\ndje\u010dji magazin &#8220;JUHUHU&#8221;, tv voditeljica (2015. &#8211; 2016.)<\/td>\n<\/tr>\n<tr>\n<td valign=\"top\" width=\"18%\"><strong>OSTALO<\/strong><\/td>\n<td valign=\"top\" width=\"82%\">sinkronizacije crtanih filmova<\/td>\n<\/tr>\n<tr>\n<td valign=\"top\" width=\"18%\"><strong>NAGRADE I PRIZNANJA<\/strong><\/td>\n<td valign=\"top\" width=\"82%\">Nagrada &#8220;Sabrija Biser&#8221; za mladog glumca \/ glumicu za uspjelo interpretiranu ulogu karakterne komike na 40. Danima satire Fadila Had\u017ei\u0107a (2016. g.) za ulogu Lorene u predstavi <em>\u017divjet \u0107emo bolje<\/em> M. Hrgovi\u0107 (ZKM); Nagrada za najbolju \u017eensku ulogu na 11. Bobijevim danima 2022. za ulogu Ro\u017ee u predstavi S. Kolara <em>Svoga tela gospodar<\/em> GD Histrion<br \/>\nNagrada hrvatskoga glumi\u0161ta 2022. za najbolju \u017eensku ulogu za ulogu Ro\u017ee u predstavi S. Kolara <em>Svoga tela gospodar<\/em> GD Histrion<\/td>\n<\/tr>\n<\/tbody>\n<\/table>\n","protected":false},"excerpt":{"rendered":"<p>Glumica DATUM I MJESTO RO\u0110ENJA 1991. KONTAKT propaganda@komedija.hr OBRAZOVANJE Akademija dramske umjetnosti, Zagreb KAZALI\u0160TE ZGK Komedija: Talijanski slamnati \u0161e\u0161ir; Faraon<\/p>\n","protected":false},"author":4,"featured_media":0,"parent":6992,"menu_order":0,"comment_status":"closed","ping_status":"closed","template":"","meta":{"ngg_post_thumbnail":0,"footnotes":""},"class_list":["post-10503","page","type-page","status-publish","hentry"],"_links":{"self":[{"href":"https:\/\/dev.komedija.hr\/www\/wp-json\/wp\/v2\/pages\/10503","targetHints":{"allow":["GET"]}}],"collection":[{"href":"https:\/\/dev.komedija.hr\/www\/wp-json\/wp\/v2\/pages"}],"about":[{"href":"https:\/\/dev.komedija.hr\/www\/wp-json\/wp\/v2\/types\/page"}],"author":[{"embeddable":true,"href":"https:\/\/dev.komedija.hr\/www\/wp-json\/wp\/v2\/users\/4"}],"replies":[{"embeddable":true,"href":"https:\/\/dev.komedija.hr\/www\/wp-json\/wp\/v2\/comments?post=10503"}],"version-history":[{"count":5,"href":"https:\/\/dev.komedija.hr\/www\/wp-json\/wp\/v2\/pages\/10503\/revisions"}],"predecessor-version":[{"id":20873,"href":"https:\/\/dev.komedija.hr\/www\/wp-json\/wp\/v2\/pages\/10503\/revisions\/20873"}],"up":[{"embeddable":true,"href":"https:\/\/dev.komedija.hr\/www\/wp-json\/wp\/v2\/pages\/6992"}],"wp:attachment":[{"href":"https:\/\/dev.komedija.hr\/www\/wp-json\/wp\/v2\/media?parent=10503"}],"curies":[{"name":"wp","href":"https:\/\/api.w.org\/{rel}","templated":true}]}}