{"id":10709,"date":"2018-06-13T11:56:58","date_gmt":"2018-06-13T09:56:58","guid":{"rendered":"http:\/\/www.komedija.hr\/www\/?page_id=10709"},"modified":"2023-09-06T13:59:31","modified_gmt":"2023-09-06T11:59:31","slug":"tulum-u-samostanu","status":"publish","type":"page","link":"https:\/\/dev.komedija.hr\/www\/arhiva-predstava\/tulum-u-samostanu\/","title":{"rendered":"TULUM U SAMOSTANU"},"content":{"rendered":"<p>Michael Wynne: <strong>TULUM U SAMOSTANU<\/strong>, komedija<br \/>\nS engleskog preveli: Ivo Knezovi\u0107 &amp; Hrvoje Vrani\u0107<\/p>\n<p>Redateljica: <strong>AIDA BUKVI\u0106<br \/>\n<\/strong>Scenograf i oblikovatelj svjetla: <strong>IVO KNEZOVI\u0106<br \/>\n<\/strong>Kostimografkinja: <strong>GABRIJELA KRE\u0160I\u0106<br \/>\n<\/strong>Autor glazbe: <strong>CHRISTIAN KANAZIR<\/strong><\/p>\n<p><strong>LICA: <\/strong><\/p>\n<p><strong>KATE:<\/strong> <strong><a href=\"http:\/\/www.komedija.hr\/www\/ansambl-2\/glumci\/ciric-vanja\/\">Vanja \u0106iri\u0107 <\/a><br \/>\nDANIEL: <\/strong><a href=\"http:\/\/www.komedija.hr\/www\/ansambl-2\/glumci\/mesin-igor\/\"><strong>Igor Me\u0161in<\/strong><\/a><br \/>\n<strong>BEN: <\/strong><a href=\"http:\/\/www.komedija.hr\/www\/ansambl-2\/glumci\/ronald-zlabur\/\"><strong>Ronald \u017dlabur<\/strong><\/a><br \/>\n<strong>LAURA:<\/strong> <a href=\"http:\/\/www.komedija.hr\/www\/ansambl-2\/glumci\/dajana-culjak\/\"><strong>Dajana \u010culjak<\/strong><\/a><br \/>\n<strong>CARL: <\/strong><a href=\"http:\/\/www.komedija.hr\/www\/ansambl-2\/glumci\/goran-malus\/\"><strong>Goran Malus<\/strong><\/a><br \/>\n<strong>REBECCA:<\/strong> <a href=\"http:\/\/www.komedija.hr\/www\/ansambl-2\/glumci\/sanja-marin-ozbolt\/\"><strong>Sanja Marin<\/strong><\/a><br \/>\n<strong>ADAM: <\/strong><strong><a href=\"http:\/\/www.komedija.hr\/www\/umirovljeni-i-bivsi-clanovi-ansambla\/ivan-cuic\/\">Ivan \u010cui\u0107<\/a> \/ <a href=\"http:\/\/www.komedija.hr\/www\/ansambl-2\/glumci\/adnan-prohic\/\">Adnan Prohi\u0107 <\/a><\/strong>(od 25.10.2019.)<\/p>\n<p><strong>Premijera: 23. 11. 2018.<\/strong><\/p>\n<p>ngg_shortcode_0_placeholder[wpdevart_youtube caption=&#8221;&#8221; align=&#8221;center&#8221;]9lcurjk16wo[\/wpdevart_youtube]<\/p>\n<p>Nakon \u0161to je prekinula s de\u010dkom, Kate odlu\u010di pozvati grupu najbli\u017eih prijatelja u obnovljeni i navodno ukleti samostan, pretvoren u pansion, na novogodi\u0161nju zabavu. Nakon poprili\u010dne konzumacije alkohola i inih opijata, po\u010dinju se otkrivati osobne tajne protagonista, koje idu\u0107eg jutra dovode do potpuno novih odnosa me\u0111u njima.<\/p>\n<p>\u201cTulum u samostanu\u201d je komedija koju je Michael Wynne praizveo u prizemlju Royal Court Theatre u Londonu 2009. godine. Nakon izuzetno dobro primljene praizvedbe, tekst je nadopisan i pro\u0161iren, a za novu verziju autor je dobio nagradu <strong>Olivier<\/strong> za najbolju novu komediju.<\/p>\n<p>&nbsp;<\/p>\n<h4>NE ZNA LIJEVA \u0160TO JOJ RADI DESNA<\/h4>\n<p>Koliko ste puta \u010duli: Mrzim do\u010dek Nove Godine!? Ne idem nikuda! Ostajem doma! Koliko ste si puta rekli: Mrzim do\u010dek Nove godine! Ne idem nikuda! Ostajem doma! A onda, oko sedam, osam sati po\u010dnu raditi telefoni: Kud \u0107e\u0161 ti? Ne znam, a kud \u0107e\u0161 t? Ne znam. Ima li negdje neki tulum. Ho\u0107emo kod nekoga? Idemo barem do Trga\u2026 Pa, tako uvijek zavr\u0161i\u0161 tamo gdje nisi planirao biti i to samo zato jer nisi planirao. I ka\u017ee\u0161 si: Nikad vi\u0161e! Dogodi se, tu i tamo, neki hrabri slu\u010daj, koji odlu\u010di ostati sam doma \u2013 buljiti u uvijek katastrofalni novogodi\u0161nji televizijski program ili odgledati sve filmove koji si je ostavljao za prvi slobodan vikend. Pa nazdravlja sam sebi. Pa se pretrpava francuskom salatom. Pa, na koncu, odustane i ode u krevet, a ne mo\u017ee zaspati jer mu oko glave bruje petarde i bljeska vatromet. I ka\u017ee si: Nikad vi\u0161e! I sama sam imala par tih \u201eNikad vi\u0161e!\u201c trenutaka. Ali, onda, probudi\u0161 se ujutro i pomisli\u0161: dobro je, prvo je jutro nove godine, pregurao si tu besmislenu no\u0107, bilo je dno dna i sad, u ovoj, novoj godini mo\u017ee biti samo bolje, jer gore od onoga no\u0107as ne mo\u017ee biti\u2026 Ne, ne mo\u017ee! Zar ne?!&nbsp; &nbsp;&nbsp;&nbsp;&nbsp;&nbsp;&nbsp;&nbsp; &nbsp;&nbsp;&nbsp;&nbsp;&nbsp;&nbsp;&nbsp;&nbsp;&nbsp;&nbsp;&nbsp; &nbsp;&nbsp;&nbsp;&nbsp;&nbsp;Svi su se ti scenariji vrzmali i po Kateinoj glavi \u2013 napisala je u sebi desetke kratkih pri\u010da s tmurnim zavr\u0161etkom: pijanim; uplakanim; usamljenim; ogor\u010denim; zatupljenim; otupljenim; besmislenim; razo\u010daravaju\u0107im, ukratko \u2013 lo\u0161im, vrlo lo\u0161im zavr\u0161etkom po njezino, ve\u0107 ionako, krhko i poljuljano samopouzdanje pa je odlu\u010dila kako tome ne mora biti tako. Ima rezervirano gnjezda\u0161ce na osami \u2013 prekrasni stari samostan preure\u0111en u luksuzno odmarali\u0161te. Ima i prijatelje. Mislim, ne ono, knjiga je \u010dovjeku najbolji prijatelj prijatelje, nego prave, \u017eive, ljudske primjerke prijatelja. Ona je, ipak, i Prijateljica! Da, okupiti \u0107e svoje najbli\u017ee prijatelje i u\u017eivati! I do vraga i bestraga, pozdraviti \u0107e se s najgorom godinom, odalamiti \u0107e je posred zuba i krenuti ispo\u010detka! Njezine najbolje godine tek slijede! Da!<\/p>\n<p>No je li Kate, u svojim motivima, iskrena prema sebi (i svojim prijateljima)? Ona zna, a nama \u0107e se tek u(pri)kazati\u2026<\/p>\n<p>Oh, kako je lijepo mo\u0107i sjediti u mraku i viriti u tu\u0111e \u017eivote koji nas se uop\u0107e ne ti\u010du. Ili ti\u010du?!<\/p>\n<p>Ma, o tome ne\u0107emo misliti danas, ostaviti \u0107emo to za prvi slobodan vikend, a ako taj bude zauzet stvarima ostavljenim za prvi slobodan vikend, misliti \u0107emo o tome nekog drugog prvog slobodnog vikenda\u2026ili\u2026tre\u0107eg\u2026<\/p>\n<p>Sad nemamo vremena, jer po\u010deli su pristizati gosti\u2026<\/p>\n<p>Daniel (Prijatelji\u010din Prijatelj Prvi), na primjer, uop\u0107e nema skrivenih motiva, ne, on je iskren prema sebi i prema svijetu \u2013 odavno je iza\u0161ao iz ormara, ma jedini ormari o kojima jo\u0161 ima razmi\u0161ljati su oni koje \u0107e ugraditi u najvi\u0161i londonski neboder koji je sam samcat projektirao i na kojem intenzivno radi i, naravno da je prihvatio Katein poziv, on je uvijek tu \u2013 za nju. A to \u0161to je sam \u2013 to je njegov izbor, naravno, on \u010deka pravu ljubav, a dok \u010deka ne pada mu na pamet zamarati se nekakvim prolaznim, besmislenim vezama. Uostalom, iza njega je izvrsna godina. I sve mu je, naravno, <em>\u0107e-\u0107e<\/em> pa za\u0161to onda, svojoj najboljoj prijateljici, ne bi skuhao divnu ve\u010deru (naravno, da on zna i fantasti\u010dno kuhati!), <em>podru\u017eio <\/em>se sa starim prijateljima &#8211; za dobra stara vremena\u2026<\/p>\n<p>Oooo, cin-cin! Pojavio se i Ben (Prijatelji\u010din Prijatelj Drugi, ali i Prijatelj Prijatelji\u010dinog Prijatelja Prvog). Takao je sretan \u0161to je stigao, napokon mirno mjesto na kojem mo\u017ee odmoriti tijelo i du\u0161u od tih silnim mondenih mjesta, tih kozmopolitskih metropola, blje\u0161tavih dodjela nagrada i napornih <em>poslijedodjelnih<\/em> prijema, tih \u0161ampanjaca i kavijara, tog prenemaganja i licemjerja, tih aviona, helikoptera, tih gadgeta (iliti pametnih spravica). Ipak je on spoznao \u0161to zna\u010di biti sam. U tih sedam dana izme\u0111u dvije veze upoznao je samoga sebe, ono, skroz, u du\u0161u, spoznao je i prigrlio to sretno mjesto u sebi; tu zrelost, mudrost; taj osobni rast, o(ooo), kako je samo spreman okrenuti novu stranicu i prihvatiti se ozbiljnog i odgovornog \u017eivota. A kako zapo\u010deti taj novi \u017eivot ako ne okru\u017een prisnim prijateljima, uz pucketanje kaminske vatrice, dru\u0161tvene igre (Crni Petar ili Monopoly \u2013 svejedno, ali ne bi mu smetala ni boca istine) i finu, doma\u0107u papicu?!<\/p>\n<p>Ah, da, do\u0161la je i Laura. I donijela kofere. To je sve \u0161to \u0107u re\u0107i, ne\u0161to vas, ipak, mora i iznenaditi. Lauru morate osobno upoznati da bi mi (po)vjerovali\u2026<\/p>\n<p>Oooo, cin-cin! Pojavio se i Carl (Prijatelji\u010din Prijatelj Tre\u0107i, ali i Prijatelj Prijatelji\u010dinog Prijatelja Prvog i Drugog).<\/p>\n<p>Oooo (ne!), cin-cin-ciiiiiin-! Do\u0161la je i Rebecca. Do\u0161la je i Gospo\u0111a\u2026 Gospo\u0111u ne voli nitko, a onda, opet, mo\u017eda su svi samo ljubomorni na njezinu uspje\u0161nu karijeru, divne nagrade, divnoga mu\u017ea, dvoje divne djece, divnu majku (koja \u201euska\u010de\u201c kad je to najpotrebnije), divnu liniju koju je uspjela zadr\u017eati unato\u010d\u2026 da, na sve ono divno u njezinu \u017eivotu. To je sve \u0161to \u0107u re\u0107i, tu vas, pak, nema \u0161to iznenaditi. Svi poznajete barem jednu takvu Gospo\u0111u, s velikim \u201eG\u201c. Rebeccu ne morate osobno upoznati da bi imali&nbsp; predrasude\u2026<\/p>\n<p>Do\u0161ao je i Adam \u2013 nepozvano-pozvani gost, za razliku od nekih pozvanih koji nisu do\u0161li. Kakvi li su to prijatelji?!<\/p>\n<p>I radosno odbrojavanje mo\u017ee zapo\u010deti\u2026 \u010ceka se, o\u010dekuje, i\u0161\u010dekuje\u2026<\/p>\n<p>Kateini veliki planovi za le\u017eeran do\u010dek novoga ljeta krenuti \u0107e sasvim drugim tijekom. Hrana, pi\u0107e, droga, glazba, ples, smije, suze, razgovori ispod glasa, razgovori povi\u0161ena glasa, sve je to samo papirnata kulisa za ono \u0161to slijedi: razgovor sa samim sobom, na njega nikada nitko nije uistinu spreman. Zato, ba\u0161 kao i na\u0161i protagonisti, pristajemo biti glumcima u vlastitim \u017eivotima. \u017divimo izmi\u0161ljene scenarije, igramo dramolete i tap\u0161amo sami sebe po le\u0111ima kako nam dobro ide \u2013 nitko nas nije prozreo. Za\u0161to? Jednostavno zato \u0161to svi igraju istu igru. I njima dobro ide. I nije \u010dudo da se nitko zapravo ne boji sablasnih crnih prilika u kapulja\u010dama koje kru\u017ee oko starog samostana kad prave sablasti \u010du\u010de u svakome od nas.<\/p>\n<p>I koliko god se trudio skutriti u mraku i viriti u tu\u0111e \u017eivote ne mo\u017ee\u0161 se ne zapitati: jesam li i ja takav? Imam li i ja najbli\u017ee prijatelje o kojima ne znam zapravo ni\u0161ta i koji o meni znaju jo\u0161 i manje? Zar je sve la\u017e? Odgovor je uvijek potvrdan, znamo i &#8211; sami\u2026<\/p>\n<p>Zato &#8220;mi stalno pri\u010damo o drugima, jer od drugih se sastojimo, zar ne?&#8221;<a href=\"#_ftn1\" name=\"_ftnref1\">[1]<\/a><\/p>\n<p>Jo\u0161 kad su (Ti Drugi), uz to, i smije\u0161ni gorka se pilula lak\u0161e proguta. Ma, sve je \u0107e-\u0107e! Zato, idemo se svi skupa, lijepo, zavu\u0107i u mrak i viriti u tu\u0111e \u017eivote koji nas se apsolutno ti\u010du! A sve ostalo ostaviti \u0107emo za prvi slobodan vikend, a ako taj bude zauzet stvarima ostavljenim za prvi slobodan vikend, misliti \u0107emo o tome nekog drugog prvog slobodnog vikenda\u2026ili\u2026tre\u0107eg\u2026 Sad nemamo vremena, jer po\u010deli su pristizati gledatelji\u2026<\/p>\n<p>Marijana Fumi\u0107<\/p>\n<p><a href=\"#_ftnref1\" name=\"_ftn1\">[1]<\/a> Yasmina Reza, <em>Slu\u010dajni \u010dovjek<\/em><\/p>\n<p>&nbsp;<\/p>\n<p>KRITIKE:<\/p>\n<p><a href=\"http:\/\/www.matica.hr\/vijenac\/646\/dobro-otvaranje-28516\/\"><strong>DOBRO OTVARANJE<\/strong><\/a> (<em>Vijenac<\/em>, Mira Muhoberac)<\/p>\n","protected":false},"excerpt":{"rendered":"<p>Michael Wynne: TULUM U SAMOSTANU, komedija S engleskog preveli: Ivo Knezovi\u0107 &amp; Hrvoje Vrani\u0107 Redateljica: AIDA BUKVI\u0106 Scenograf i oblikovatelj<\/p>\n","protected":false},"author":5,"featured_media":11037,"parent":1659,"menu_order":0,"comment_status":"closed","ping_status":"closed","template":"","meta":{"ngg_post_thumbnail":0,"footnotes":""},"class_list":["post-10709","page","type-page","status-publish","has-post-thumbnail","hentry"],"_links":{"self":[{"href":"https:\/\/dev.komedija.hr\/www\/wp-json\/wp\/v2\/pages\/10709","targetHints":{"allow":["GET"]}}],"collection":[{"href":"https:\/\/dev.komedija.hr\/www\/wp-json\/wp\/v2\/pages"}],"about":[{"href":"https:\/\/dev.komedija.hr\/www\/wp-json\/wp\/v2\/types\/page"}],"author":[{"embeddable":true,"href":"https:\/\/dev.komedija.hr\/www\/wp-json\/wp\/v2\/users\/5"}],"replies":[{"embeddable":true,"href":"https:\/\/dev.komedija.hr\/www\/wp-json\/wp\/v2\/comments?post=10709"}],"version-history":[{"count":0,"href":"https:\/\/dev.komedija.hr\/www\/wp-json\/wp\/v2\/pages\/10709\/revisions"}],"up":[{"embeddable":true,"href":"https:\/\/dev.komedija.hr\/www\/wp-json\/wp\/v2\/pages\/1659"}],"wp:featuredmedia":[{"embeddable":true,"href":"https:\/\/dev.komedija.hr\/www\/wp-json\/wp\/v2\/media\/11037"}],"wp:attachment":[{"href":"https:\/\/dev.komedija.hr\/www\/wp-json\/wp\/v2\/media?parent=10709"}],"curies":[{"name":"wp","href":"https:\/\/api.w.org\/{rel}","templated":true}]}}