{"id":1072,"date":"2011-08-18T11:21:34","date_gmt":"2011-08-18T09:21:34","guid":{"rendered":"http:\/\/www.komedija.hr\/web\/?page_id=1072"},"modified":"2025-06-11T12:22:19","modified_gmt":"2025-06-11T10:22:19","slug":"goran-malus","status":"publish","type":"page","link":"https:\/\/dev.komedija.hr\/www\/ansambl-2\/glumci\/goran-malus\/","title":{"rendered":"Goran Malus"},"content":{"rendered":"<table border=\"0\" width=\"100%\">\n<tbody>\n<tr>\n<td><a href=\"http:\/\/www.komedija.hr\/www\/wp-content\/uploads\/2011\/08\/goran_malus-1.jpg\" target=\"_blank\" rel=\"noopener noreferrer\"><img loading=\"lazy\" decoding=\"async\" class=\"alignnone wp-image-7248 size-medium\" src=\"http:\/\/www.komedija.hr\/www\/wp-content\/uploads\/2011\/08\/goran_malus-1-200x300.jpg\" alt=\"goran_malus\" width=\"200\" height=\"300\" srcset=\"https:\/\/dev.komedija.hr\/www\/wp-content\/uploads\/2011\/08\/goran_malus-1-200x300.jpg 200w, https:\/\/dev.komedija.hr\/www\/wp-content\/uploads\/2011\/08\/goran_malus-1.jpg 533w\" sizes=\"auto, (max-width: 200px) 100vw, 200px\" \/><\/a><\/td>\n<td>Glumac<\/td>\n<\/tr>\n<tr valign=\"top\">\n<td colspan=\"2\" height=\"20\">&nbsp;<\/td>\n<\/tr>\n<tr>\n<td valign=\"top\" width=\"18%\" height=\"25\"><strong>UMJETNI\u010cKO IME \/ NADIMAK<\/strong><\/td>\n<td valign=\"top\" width=\"82%\" height=\"25\">\n<div align=\"left\">Gru<\/div>\n<\/td>\n<\/tr>\n<tr>\n<td valign=\"top\" width=\"18%\" height=\"25\"><strong>DATUM I MJESTO RO\u0110ENJA <\/strong><\/td>\n<td valign=\"top\" width=\"82%\" height=\"25\">\n<div align=\"left\">2. listopada 1974., Zagreb<\/div>\n<\/td>\n<\/tr>\n<tr>\n<td valign=\"top\" width=\"18%\" height=\"55\"><strong>ansambl<\/strong><\/td>\n<td valign=\"top\" width=\"82%\" height=\"55\">Kazali\u0161te &#8220;Komedija&#8221;, p.p. 428, Zagreb<br \/>\ntel.: +385 (0)1 48 13 200; fax: +385 (0)1 48 12 179<br \/>\ne-mail: <a href=\"mailto:komedija@komedija.hr\">komedija@komedija.hr<\/a><\/td>\n<\/tr>\n<tr>\n<td valign=\"top\" width=\"18%\" height=\"25\"><strong>OBRAZOVANJE<\/strong><\/td>\n<td valign=\"top\" width=\"82%\" height=\"25\">Akademija dramske umjetnosti Sveu\u010dili\u0161ta u Zagrebu<\/td>\n<\/tr>\n<tr>\n<td colspan=\"2\" valign=\"top\">&nbsp;<\/td>\n<\/tr>\n<tr>\n<td valign=\"top\" width=\"18%\" height=\"18\"><strong>KAZALI\u0160TE<\/strong><\/td>\n<td valign=\"top\" width=\"82%\" height=\"18\">ADU: <strong>Piknik na bojnom polju, Naran\u010da u oblacima, Nebo nad Berlinom<\/strong>; ZKM: <strong>Tri mu\u0161ketira, Princ Zerbino<\/strong>; Teatar Lapsus: <strong>Scapinove spletke, A sad spavajte!<\/strong>; GD &#8220;Histrion&#8221;:<strong> Hrvatski Diogenes<\/strong>; &amp;TD: <strong>Trainspotting<\/strong>; GK Po\u017eega: <strong>Gostioni\u010darka<\/strong><br \/>\nZGK &#8220;Komedija&#8221;: <strong>No\u0107 u Veneciji, Opera za tri gro\u0161a, Mali du\u0107an strave, Gubec-beg, Piaf, San ivanjske no\u0107i, Svoga tela gospodar, Mala Floramye, Klupko, Narodil se mladi kralj, Majka Hrabrost i njezina djeca, Legalisti, Skidajte se do kraja, Cigle svete Elizabete, Posudi mi tenor, Terapija, Terapija!, <strong>Broadway u Komediji &#8211; Inventura <\/strong><\/strong>(i koautor), <strong>Ukro\u0107ena goropadnica,&nbsp;<strong>Monty Python&#8217;s Spamalot, Mala kavana, Bljesak zlatnog zuba, Kneginja \u010darda\u0161a, Revizor, Faraon iz Ilice je mrtav, Opet on, 39 stepenica, Tulum u samostanu, Legenda o svetom Muhli, Zaljubljeni Shakespeare, Grofica Marica, Mandragola, Treba se znati pona\u0161ati, Ljepotica i Zvijer, Mnogo vike niza\u0161to, Velo misto, Jalta, Jalta, Krava na granici, Jalta, Jalta (2024.), Peripetije sa psihijatrije; Juha bra\u0107e Marx;<br \/>\n<\/strong><\/strong><\/td>\n<\/tr>\n<tr>\n<td valign=\"top\" width=\"18%\" height=\"36\"><strong>FILM<\/strong><\/td>\n<td valign=\"top\" width=\"82%\" height=\"36\"><strong>Nebo sateliti<\/strong> (Nola), <strong>\u010cetverored <\/strong>(Sedlar), <strong>Kako je po\u010deo rat na mom otoku<\/strong> (Bre\u0161an), <strong>Duga, mra\u010dna no\u0107<\/strong> (Vrdoljak)<\/td>\n<\/tr>\n<tr>\n<td valign=\"top\" width=\"18%\" height=\"14\"><strong>TELEVIZIJA<\/strong><\/td>\n<td valign=\"top\" width=\"82%\" height=\"14\">serija <strong>Obiteljska stvar<\/strong> (HTV); sudjelovanje u emisijama obrazovnog programa HTV-a, me\u0111u kojima i <strong>Zagonetni ulomak<\/strong><\/td>\n<\/tr>\n<tr>\n<td valign=\"top\" width=\"18%\" height=\"15\"><strong>RADIO<\/strong><\/td>\n<td valign=\"top\" width=\"82%\" height=\"15\">brojne uloge u radio dramama (Dramski program HR) i radio igrama za djecu (Dje\u010dji program HR); me\u0111u ostalim <strong>\u0160etnja <\/strong>Vlade Gotovca<\/td>\n<\/tr>\n<tr>\n<td colspan=\"2\" valign=\"top\" height=\"33\">&nbsp;<\/td>\n<\/tr>\n<tr>\n<td valign=\"top\" width=\"18%\" height=\"33\"><strong>STATUSI U &#8220;KOMEDIJI&#8221;<\/strong><\/td>\n<td valign=\"top\" width=\"82%\" height=\"33\">prva premijera 18. prosinca 1998. (Opera za tri gro\u0161a), zaposlen od rujna 2000.<\/td>\n<\/tr>\n<\/tbody>\n<\/table>\n","protected":false},"excerpt":{"rendered":"<p>Glumac &nbsp; UMJETNI\u010cKO IME \/ NADIMAK Gru DATUM I MJESTO RO\u0110ENJA 2. listopada 1974., Zagreb ansambl Kazali\u0161te &#8220;Komedija&#8221;, p.p. 428,<\/p>\n","protected":false},"author":4,"featured_media":0,"parent":6992,"menu_order":0,"comment_status":"closed","ping_status":"closed","template":"","meta":{"ngg_post_thumbnail":0,"footnotes":""},"class_list":["post-1072","page","type-page","status-publish","hentry"],"_links":{"self":[{"href":"https:\/\/dev.komedija.hr\/www\/wp-json\/wp\/v2\/pages\/1072","targetHints":{"allow":["GET"]}}],"collection":[{"href":"https:\/\/dev.komedija.hr\/www\/wp-json\/wp\/v2\/pages"}],"about":[{"href":"https:\/\/dev.komedija.hr\/www\/wp-json\/wp\/v2\/types\/page"}],"author":[{"embeddable":true,"href":"https:\/\/dev.komedija.hr\/www\/wp-json\/wp\/v2\/users\/4"}],"replies":[{"embeddable":true,"href":"https:\/\/dev.komedija.hr\/www\/wp-json\/wp\/v2\/comments?post=1072"}],"version-history":[{"count":5,"href":"https:\/\/dev.komedija.hr\/www\/wp-json\/wp\/v2\/pages\/1072\/revisions"}],"predecessor-version":[{"id":20879,"href":"https:\/\/dev.komedija.hr\/www\/wp-json\/wp\/v2\/pages\/1072\/revisions\/20879"}],"up":[{"embeddable":true,"href":"https:\/\/dev.komedija.hr\/www\/wp-json\/wp\/v2\/pages\/6992"}],"wp:attachment":[{"href":"https:\/\/dev.komedija.hr\/www\/wp-json\/wp\/v2\/media?parent=1072"}],"curies":[{"name":"wp","href":"https:\/\/api.w.org\/{rel}","templated":true}]}}