{"id":10724,"date":"2018-06-13T12:36:07","date_gmt":"2018-06-13T10:36:07","guid":{"rendered":"http:\/\/www.komedija.hr\/www\/?page_id=10724"},"modified":"2024-05-09T21:59:44","modified_gmt":"2024-05-09T19:59:44","slug":"jesus-christ-superstar","status":"publish","type":"page","link":"https:\/\/dev.komedija.hr\/www\/repertoar\/jesus-christ-superstar\/","title":{"rendered":"JESUS CHRIST SUPERSTAR"},"content":{"rendered":"<p>Tim Rice &#8211; Andrew Lloyd Webber: <strong>JESUS CHRIST SUPERSTAR<\/strong>, rock opera<br \/>\nU suradnji s &#8220;The Really Useful Group Ltd.&#8221;<\/p>\n<p>Dirigent: <strong><a href=\"http:\/\/www.komedija.hr\/www\/ansambl-2\/dirigenti\/appelt-dinko\/\">Dinko Appelt<\/a><br \/>\n<\/strong>Redatelj: <strong><a href=\"http:\/\/www.komedija.hr\/www\/ansambl-2\/glumci\/loncar-damir\/\">Damir Lon\u010dar&nbsp;<\/a><br \/>\n<\/strong>Koreograf: <strong>Leo Muji\u0107<br \/>\n<\/strong>Scenograf i oblikovatelj svjetla:<strong> Ivo Knezovi\u0107<br \/>\n<\/strong>Kostimografkinja: <strong>Mirjana Zagorec<br \/>\n<\/strong>Oblikovatelj tona:<strong> Mario Stanin (2019.) | Igor Pauk (2023.)<br \/>\n<\/strong>Koncert majstorica:<strong> Melita \u0160afran<\/strong><\/p>\n<p>Korepetitor: Davor Keli\u0107<br \/>\nSnimatelj video projekcija: Ivan Zadro<br \/>\nAsistentica redatelja: Dora Balog<br \/>\nAsistent oblikovatelja svjetla: An\u0111elko Kos<br \/>\nAsistentica kostimografkinje: Eva Karaka\u0161<br \/>\nAsistentica koreografa i balet majstor: Tina Vrtar Stipi\u0107<br \/>\nAsistent koreografa i voditelj statista: Mladen Mordej Vu\u010dkovi\u0107<br \/>\nBaletni korepetitor: Tomislav Parma\u0107<br \/>\nFotografkinja: Ines Novkovi\u0107<\/p>\n<p>Premijera: 23. 3. 2019.<br \/>\nObnova: svibanj 2023.<br \/>\nTrajanje: 2 sata; predstava ima jednu stanku<\/p>\n<p>Predstava se izvodi na engleskom jeziku, bez prijevoda.<\/p>\n<h4>[podjela 2023.\/2024.]<\/h4>\n<p>LICA:<br \/>\n<strong>JESUS: <a href=\"http:\/\/www.komedija.hr\/www\/ansambl-2\/pjevaci\/stipanicev-dani\/\">\u0110ani Stipani\u010dev \/<\/a><a href=\"#cmp-11761\">Filip Hozjak<\/a> \/ <a href=\"#cmp-11764\">Neven Stip\u010di\u0107<\/a><\/strong> <strong><br \/>\n<\/strong><strong>JUDAS: <a href=\"http:\/\/www.komedija.hr\/www\/ansambl-2\/pjevaci\/ervin-baucic\/\">Ervin Bau\u010di\u0107 \/<\/a><a href=\"http:\/\/www.komedija.hr\/www\/ansambl-2\/glumci\/fabijan-pavao-medvesek\/\">Fabijan Pavao Medve\u0161ek<\/a> \/ <a href=\"#cmp-11766\">Noa Rup\u010di\u0107<\/a><\/strong> <strong><br \/>\n<\/strong><strong>MARY MAGDALENE: <a href=\"http:\/\/www.komedija.hr\/www\/ansambl-2\/glumci\/sabljak-renata\/\">Renata Sabljak<\/a> <\/strong>\/ <a href=\"http:\/\/www.komedija.hr\/www\/ansambl-2\/glumci\/vanda-winter\/\"><strong>Vanda Winter<\/strong><\/a><br \/>\n<strong>PILATE<em>: <\/em><a href=\"http:\/\/www.komedija.hr\/www\/ansambl-2\/glumci\/drazen-bratulic\/\">Dra\u017een Bratuli\u0107 \/<\/a>&nbsp;<a href=\"#cmp-11768\">Igor Drvenkar<\/a><br \/>\n<\/strong><strong>CAIAPHAS: <a href=\"http:\/\/www.komedija.hr\/www\/ansambl-2\/pjevaci\/adalbert-turner\/\">Adalbert Turner<\/a> \/ <a href=\"#cmp-11770\">Sini\u0161a \u0160tork<\/a><br \/>\n<\/strong><strong>ANNAS:<\/strong><strong>&nbsp;<a href=\"https:\/\/dev.komedija.hr\/www\/ansambl-2\/glumci\/jan-kovacic\/\">Jan Kova\u010di\u0107<\/a> \/ Sven Pocrni\u0107<\/strong><strong><br \/>\nKING HEROD: <\/strong><strong>&nbsp;<a href=\"http:\/\/www.komedija.hr\/www\/ansambl-2\/glumci\/fabijan-pavao-medvesek\/\">Fabijan Pavao Medve\u0161ek \/<\/a> <a href=\"https:\/\/dev.komedija.hr\/www\/ansambl-2\/glumci\/drazen-bratulic\/\">Dra\u017een Bratuli\u0107<\/a> \/ Fabijan Komljenovi\u0107<\/strong><strong><br \/>\nPETER: <a href=\"#cmp-11775\">Dino Antoni\u0107<\/a>&nbsp;<br \/>\nSIMON: <a href=\"#cmp-11764\">Neven Stip\u010di\u0107<\/a> \/ <a href=\"#cmp-11778\">Vjekoslav Vostrel<\/a><\/strong><\/p>\n<p><strong>APOSTOLI: <\/strong>Dino Antoni\u0107, Boris Barberi\u0107, Miran Belai\u0107, Dario Do\u0161li\u0107, Robert Ivekovi\u0107, Dragan Peka, Matija Podnar, Matija \u0160kvorc, Zoran Simiki\u0107, Neven Stip\u010di\u0107, Vjekoslav Vostrel<\/p>\n<p><strong>NAROD: <\/strong>Kristina Habu\u0161, Irena Raduka, Jadranka Gospodneti\u0107, Dora Masle, Aleta Arbanas Renduli\u0107, Lana Bla\u0107e, Iva Bor\u0161i\u0107, \u017deljka Veverec, Mateja Majerle, Buga Marija \u0160imi\u0107, Katarina Toma\u0161, Robert Ivekovi\u0107, Dejan Jakovljevi\u0107, Lovro Mari\u010di\u0107, Bojan Valenti\u0107<\/p>\n<p><strong>\u017dIDOVSKO VIJE\u0106E: <\/strong>Zoran Simiki\u0107, Matija Podnar, Bojan Valenti\u0107, Dejan Jakovljevi\u0107<\/p>\n<p><strong>SOUL GIRLS: <\/strong>Aleta Arbanas Renduli\u0107, Iva Bor\u0161i\u0107, Mateja Majerle \/ Irena Raduka<\/p>\n<p><strong>BALETNI&nbsp; ANSAMBL: <\/strong>Tanya Ariana Bendi\u0161, Stela Gajski, Ana Hani\u0107, Mateja Kuzminski, Tamara Masnjak, Ivana Mesec, Morana Pa\u0161kievi\u0107, Petra Rado\u0161evi\u0107, Kristina \u0160kori\u0107,&nbsp; Ivan Bedalov, Mario Juki\u0107, Emil Kuzminski, Karlo Topolovec, Roman Vran\u010di\u0107<\/p>\n<p><strong>RIMSKI VOJNICI: <\/strong>Kristijan Bona\u010di\u0107, Val Kla\u0161terka, Juraj Kralj, \u0160piro Lasi\u0107, Hrvoje Mickovski, Karlo Mottl, Erik Mrakov\u010di\u0107, Filip Tomi\u0107<\/p>\n<p><a href=\"https:\/\/dev.komedija.hr\/www\/ansambl-2\/#orkestar\"><strong>Orkestar Kazali\u0161ta Komedija<\/strong><\/a><\/p>\n<p>Inspicijentica: Iva Oluji\u0107&nbsp;<\/p>\n<h4>[podjela 2019.]<\/h4>\n<p>LICA:<br \/>\n<strong>JESUS: <a href=\"http:\/\/www.komedija.hr\/www\/ansambl-2\/pjevaci\/stipanicev-dani\/\">\u0110ani Stipani\u010dev \/<\/a><a href=\"#cmp-11761\">Filip Hozjak<\/a> \/ <a href=\"#cmp-11764\">Neven Stip\u010di\u0107<\/a><\/strong> <strong><br \/>\n<\/strong><strong>JUDAS: <a href=\"http:\/\/www.komedija.hr\/www\/ansambl-2\/pjevaci\/ervin-baucic\/\">Ervin Bau\u010di\u0107 \/<\/a><a href=\"http:\/\/www.komedija.hr\/www\/ansambl-2\/glumci\/fabijan-pavao-medvesek\/\">Fabijan Pavao Medve\u0161ek<\/a> \/ <a href=\"#cmp-11766\">Noa Rup\u010di\u0107<\/a><\/strong> <strong><br \/>\n<\/strong><strong>MARY MAGDALENE: <a href=\"http:\/\/www.komedija.hr\/www\/ansambl-2\/glumci\/sabljak-renata\/\">Renata Sabljak<\/a> <\/strong>\/ <a href=\"http:\/\/www.komedija.hr\/www\/ansambl-2\/glumci\/vanda-winter\/\"><strong>Vanda Winter<\/strong><\/a><br \/>\n<strong>PILATE<em>: <\/em><a href=\"http:\/\/www.komedija.hr\/www\/ansambl-2\/glumci\/drazen-bratulic\/\">Dra\u017een Bratuli\u0107 \/<\/a>&nbsp;<a href=\"#cmp-11768\">Igor Drvenkar<\/a><br \/>\n<\/strong><strong>CAIAPHAS: <a href=\"http:\/\/www.komedija.hr\/www\/ansambl-2\/pjevaci\/adalbert-turner\/\">Adalbert Turner<\/a> \/ <a href=\"#cmp-11770\">Sini\u0161a \u0160tork<\/a><br \/>\n<\/strong><strong>ANNAS: <a href=\"#cmp-11772\">Davor Lovrini\u0107<\/a><\/strong><strong>\/ <a href=\"#cmp-11773\">Danilo Stanki\u0107<\/a>&nbsp;<\/strong><strong><br \/>\nKING HEROD: <a href=\"#cmp-11789\">Jacques Houdek<\/a> \/<\/strong> <a href=\"http:\/\/www.komedija.hr\/www\/umirovljeni-i-bivsi-clanovi-ansambla\/cucek-drazen\/\"><strong>Dra\u017een \u010cu\u010dek<\/strong><\/a>&nbsp;<strong><br \/>\nPETER: <a href=\"#cmp-11775\">Dino Antoni\u0107<\/a> \/ <a href=\"#cmp-11777\">John Ge\u010devi\u0107<\/a>&nbsp;<br \/>\nSIMON: <a href=\"#cmp-11764\">Neven Stip\u010di\u0107<\/a> \/ <a href=\"#cmp-11778\">Vjekoslav Vostrel<\/a><\/strong><\/p>\n<p><strong>APOSTOLI: <\/strong>Boris Barberi\u0107, Dario Do\u0161li\u0107, Dragan Peka, Matija \u0160kvorc, Matija Podnar, Tomislav Mihaljevi\u0107, Zoran Simiki\u0107, Dino Antoni\u0107, John Ge\u010devi\u0107, Vjekoslav Vostrel, Neven Stip\u010di\u0107<\/p>\n<p><strong>NAROD: <\/strong>Kristina Habu\u0161, Irena Raduka, Jadranka Gospodneti\u0107, Dora Masle, Aleta Arbanas Renduli\u0107, Lana Bla\u0107e, Iva Bor\u0161i\u0107, \u017deljka Veverec, Sofija \u0160iroka, Elena Brumini, Mateja Majerle, Dejan Jakovljevi\u0107, Bojan Valenti\u0107, Vid Begi\u0107, Robert Ivekovi\u0107, Lovro Mari\u010di\u0107 , Davor Lovrini\u0107, Danilo Stanki\u0107<\/p>\n<p><strong>\u017dIDOVSKO VIJE\u0106E: <\/strong>Zoran Simiki\u0107, Matija Podnar, Bojan Valenti\u0107, Dejan Jakovljevi\u0107<\/p>\n<p><strong>SOUL GIRLS: <\/strong>Aleta Arbanas Renduli\u0107, Iva Bor\u0161i\u0107, Mateja Majerle<\/p>\n<p><strong>BALETNI&nbsp; ANSAMBL: <\/strong>Tanya Ariana Bendi\u0161, Stela Gajski, Ana Hani\u0107, Mateja Ivankovi\u0107, Tamara Masnjak, Morana Pa\u0161kievi\u0107, Petra Rado\u0161evi\u0107, Kristina \u0160kori\u0107, George Alexandru Baldovin, Ivan Bedalov, Mario Juki\u0107, Emil Kuzminski, Roman Vran\u010di\u0107<\/p>\n<p><strong>RIMSKI VOJNICI: <\/strong>Matino Antunovi\u0107, Luka Banj\u0161ak, Andrej Drenski, Fran Glasnovi\u0107, David Gra\u010danin, Juraj Kralj, Domagoj Modru\u0161an, Lorenzo Rau\u0161evi\u0107, Sven Sori\u0107, Ivan Valid\u017ei\u0107, Karlo \u017dganjer<\/p>\n<p><strong>Orkestar Kazali\u0161ta Komedija<\/strong><\/p>\n<p>Inspicijent: Zlatko Kelneri\u0107&nbsp;<\/p>\n<p>&nbsp;<\/p>\n<p>ngg_shortcode_0_placeholder\u201cJesus Christ Superstar\u201d govori o posljednjih sedam dana \u017eivota Isusa iz Nazareta: osobita pozornost posve\u0107ena je odnosu obi\u010dnih ljudi prema Isusu i prema doga\u0111ajima oko njega, pri \u010demu su dva glavna predstavnika tih odnosa Juda (okre\u0107e se od svojega u\u010ditelja i postaje izdajnikom) i Marija Magdalena (obra\u0107ena gre\u0161nica koja u Isusa ima neograni\u010deno povjerenje). Tu su jo\u0161 i Pilat (ustuknut \u0107e pred svjetinom i osuditi Isusa, premda ne vidi nikakve njegove krivice), Petar (Isusa \u0107e tri puta zanijekati), kralj Herod (razo\u010daran i bijesan jer mu Isus nije pokazao ni jedno od \u010duda o kojima je slu\u0161ao) i drugi. Narod koji okru\u017euje Isusa, slavi ga, poziva ga da ga lije\u010di ili da mu bude vo\u0111a; kad ga ugleda uhi\u0107ena i pretu\u010dena, okrene se protiv njega, izruguje mu se i tra\u017ei da ga se raspne.<\/p>\n<p>Suvremeni Broadway ili londonski West End ne bi bili to \u0161to jesu bez skladatelja Andrewa Lloyda Webbera (\u201cEvita\u201d, \u201cMa\u010dke\u201d, \u201cFantom u operi\u201d, \u201cBulevar sumraka\u201d, \u201cZvi\u017edanje niz vjetar\u201d\u2026) i tekstopisca Tima Ricea (\u201cEvita\u201d, \u201c\u0160ah\u201d, Disneyevi \u201cLjepotica i zvijer\u201d i \u201cKralj lavova\u201d\u2026). Njihov \u201cJesus Christ Superstar\u201d jedno je od najpoznatijih i najkvalitetnijih suvremenih glazbeno-scenskih djela, koje je dosad prikazano u vi\u0161e od dvadeset zemalja svijeta i vidjelo ga je vi\u0161e od pet milijuna ljudi.<\/p>\n<p>&nbsp;<\/p>\n<p>KRITIKE:<\/p>\n<p>HINA \/ T-Portal: <a href=\"https:\/\/www.tportal.hr\/kultura\/clanak\/jesus-christ-superstar-u-komediji-glazbeni-je-spektakl-dostojan-broadwaya-20190324\">&#8220;JESUS CHRIST SUPERSTAR&#8221; U KOMEDIJI GLAZBENI JE SPEKTAKL DOSTOJAN BROADWAYJA<\/a><\/p>\n<p>Jutarnji list: <a href=\"https:\/\/www.jutarnji.hr\/kultura\/kazaliste\/komedija-ima-novi-hit-u-ambicioznoj-rock-operi-dani-stipanicev-osvaja-kao-isus-a-ervin-baucic-prsti-od-energije-kao-juda\/8641970\/\">KOMEDIJA IMA NOVI HIT: U ambicioznoj rock-operi \u0110ani Stipani\u010dev osvaja kao Isus, a Ervin Bau\u010di\u0107 pr\u0161ti od energije<\/a><\/p>\n<p>Novi list: <a href=\"https:\/\/www.novilist.hr\/ostalo\/kultura\/kazaliste\/jesus-christ-superstar-u-zajcu-zasluzene-stajace-ovacije\/\">&#8220;Jesus Christ Superstar&#8221; u &#8220;Zajcu&#8221;: Zaslu\u017eene staja\u0107e ovacije<\/a><\/p>\n<p>NAGRADE:<\/p>\n<p>Medijska nagrada tjednika STORY &#8211; <strong>STORY HALL OF FAME<\/strong> za najbolju predstavu 2019. godine<\/p>\n<p><strong>Nagrada hrvatskoga glumi\u0161ta<\/strong> 2020. za <strong>najbolju predstavu u cjelini<\/strong> u kategoriji Opereta \/ Mjuzikl<\/p>\n<p><strong>Nagrada hrvatskoga glumi\u0161ta 2020. ERVINU BAU\u010cI\u0106U<\/strong>&nbsp;za ulogu&nbsp;<em>Jude<\/em> \u2013&nbsp;<strong>najbolja mu\u0161ka uloga <\/strong>u kategoriji Opereta \/ Mjuzikl;<\/p>\n<p><strong>Nagrada hrvatskoga glumi\u0161ta 2020.IVI KNEZOVI\u0106U za scenografiju<\/strong> u kategoriji Opereta \/ Mjuzikl<\/p>\n<h3>&nbsp;<\/h3>\n<h3>ISUS SUPERZVIJEZDA<\/h3>\n<p>Autorica: Dina Puhovski<\/p>\n<p>\u201e\u017deljeli smo se prvenstveno pozabaviti dramskom stranom pri\u010de, a ne teolo\u0161kom\u201c, rekao je o svom djelu <em>Jesus Christ Superstar<\/em> skladatelj Andrew Lloyd Webber. Budu\u0107a velika uspje\u0161nica o posljednjim danima Isusova \u017eivota nije odmah za\u017eivjela onako kako su zamislili autori, Lloyd Webber i libretist Tim Rice: Kada su je napisali, 1970., nitko u Londonu nije bio spreman postaviti njihovu rock-operu &#8211; o Isusu. Autori su k tomu bili jo\u0161 mladi. Loyd Webber (1948.; prije <em>sir<\/em>, danas Lord Lloyd-Webber) i Rice (1944.; danas <em>sir<\/em> Tim Rice), imali su iza sebe ve\u0107 biblijski pop-mjuzikl <em>Josip&nbsp;i njegov&nbsp;\u010dudesno&nbsp;obojen kaput iz snova<\/em>, no on se nije izvodio scenski. Kako nisu uspjeli osigurati produkciju u kazali\u0161tu, djelo su snimili, kao konceptualni dvostruki rock-album, 1970. Poslije su priznali da to i nije bilo tako lo\u0161e, jer i\u0161lo je br\u017ee, presko\u010dili su pisanje punog scenarija i nanizali pjesme, \u0161to je ispalo \u201erokerskije\u201c i \u201eenergi\u010dnije\u201c. Album se pokazao iznimno uspje\u0161nim (iako ga je BBC proglasio \u201esvetogr\u0111em\u201c) i osvojio top-ljestvice u SAD-u, gdje su po\u010dele i neautorizirane inscenacije, zatim slu\u017ebena koncertna turneja i, krajem 1971., produkcija na Broadwayu, u re\u017eiji Toma O&#8217;Horgana. Brodvejska produkcija nije nai\u0161la na najbolje kritike, a Lloydu Webberu nije se uop\u0107e svidjela (nazvao ju je \u201edrskom i vulgarnom\u201c), no trajala je i dobila nominacije za nagradu \u201eTony\u201c, a uslijedila je londonska verzija koja je igrala 8 godina \u2013 nakon \u010dega <em>Jesus Christ Superstar<\/em> gotovo pa vi\u0161e ne silazi sa svjetskih pozornica. Njime je po\u010dela i tzv. \u201ebritanska invazija\u201c na Broadway, a Lloyd Webber i Rice nastavit \u0107e uspje\u0161nu suradnju <em>Evitom<\/em> te \u0107e i odvojeno pisati uspje\u0161nice, Lloyd Webber, primjerice, <em>Fantoma u operi<\/em>, <em>Ma\u010dke<\/em> i Rekvijem, a Tim Rice, s Eltonom Johnom, <em>Aidu<\/em> i <em>Kralja Lavova<\/em>.<\/p>\n<p><em>Donekle<\/em> zasnovan na posljednjem tjednu Isusova \u017eivota, odnosno na Riceovoj verziji onoga \u0161to se zna o tjednu od Cvjetnice do Isusova raspe\u0107a, <em>Jesus Christ Superstar<\/em> u startu je bio osu\u0111en na komentare i kontroverze, ili mo\u017eda ba\u0161 tako osmi\u0161ljen da ih izazove. Ve\u0107 je smje\u0161tanje tako va\u017ene teme u popularno-glazbeni kontekst mnogima bio problem, znak profanizacije, no danas se vi\u0161e ne o\u010dekuje da se vjerske teme obra\u0111uju isklju\u010divo uz glazbu Bachove kompleksnosti (a sveprisutni engleski jezik kao da nudi razliku izme\u0111u <em>Jesusa<\/em> u kazali\u0161tu i Isusa u vjerskom kontekstu). Ovo djelo, uostalom, nije bilo iskaz vjere kao u pasijama, nego, nagla\u0161avali su \u2013 jedna pri\u010da.<\/p>\n<p>Ono \u010dime je <em>Superstar<\/em> najvi\u0161e iznenadio bilo je da Isus u njemu zapravo nije glavni lik, ve\u0107 je to \u2013 Juda (dodu\u0161e, da je njegovo ime u naslovu, djelo bi zacijelo bilo ne\u0161to manje popularno). Interes autora za Judu potaknut je stihom Boba Dylana, \u201eDid Judas Iscariot have God on his side?\u201c Pitaju\u0107i se je li, dakle, Juda imao Boga na svojoj strani, Time Rice osmislio je humanijeg Judu, sljedbenika koji vidi, ili misli da vidi, ono \u0161to drugi ne vide i \u017eeli promijeniti stvari. Rice poja\u0161njava: \u201elogi\u010dno je da je Juda bio zabrinut za \u010dovjeka kojemu se divio i pridru\u017eio, zabrinut da stvari izmi\u010du kontroli. U Bibliji nema nikakve Judine motivacije, osim \u0161to je figura zla. A meni se \u010dinilo da vjerojatno nije bilo ba\u0161 tako.\u201c I njegov je Isus \u010dovjek prepun pitanja i sumnji, na putu da postane <em>superzvijezda<\/em>, poput dana\u0161njih selebritija, tek \u010dovjek od kojega ljudi mo\u017eda \u017eele previ\u0161e (te im on ka\u017ee \u201eThere&#8217;s too many of you\u2026 There&#8217;s too little of me!&#8221;).<\/p>\n<p>Komentare su izazivali i suvremeni Riceov rje\u010dnik, glazbeno \u0161arenilo, lik Marije Magdalene (i implikacije o njezinoj vezi s Isusom), okrivljavanje \u017didova, a osloba\u0111anje Poncija Pilata od krivnje, no neke je skupine posebno zasmetalo \u0161to <em>Jesus Christ<\/em> ne pokazuje <em>\u0161to je bilo poslije<\/em>, odnosno, zavr\u0161ava s razapinjanjem. Lloyd Webber je pojasnio da <em>Superstar<\/em> nije nikada ni trebao biti pri\u010da o uskrsnu\u0107u, niti i\u0161ta vi\u0161e o pogleda na posljednjih sedam dana Kristova \u017eivota jer to je \u201eprekrasna pri\u010da\u201c i nudila im je upravo onu dramsku podlogu koju su trebali, a Tim Rice da \u201ene gledamo Krista kao Boga, nego kao pravog \u010dovjeka na pravome mjestu u pravo vrijeme.\u201c Uza sve kontroverze, \u201eopu\u0161teniji\u201c pristup poznatim motivima, uz suvremenu glazbu, djelu je priskrbio trajnu, i uvijek novu, publiku, kao i ekranizaciju u re\u017eiji Normana Jewisona, 1973. (jo\u0161 je jedna verzija snimljena 1999. ), koju je pogledao i Papa Pavao VI., a Vatikanski je radio jo\u0161 1971. emitirao cijeli album. Unato\u010d prigovorima o ki\u010du i nezgrapnostima, publika je prepoznala hrabrost druk\u010dijeg pristupa \u2013 i zarazne melodije.<\/p>\n<p>Tematske kontroverze ne bi bile dovoljne za dugovje\u010dnost <em>Superstara<\/em> bez glazbe koja sve te elemente nosi. Prvo veliko djelo Lloyda Webbera spojilo je \u201esve\u201c: rock i klasiku, zborove i mu\u0161ke falsete, ozbiljan nastavak slijeda rock-mjuzikla koji su netom prije po\u010deli <em>Tommy<\/em>, <em>Kosa<\/em>, <em>Godspell<\/em>. <em>Jesus Christ<\/em> se navodno svidio i Dmitriju \u0160ostakovi\u010du, koji je to rekao skladateljevu bratu, violon\u010delistu Julianu, dodav\u0161i da bi i on mo\u017eda bio tako skladao da je, neko\u0107, smio.<\/p>\n<p>Kompleksne vokalne dionice <em>Superstara<\/em> i danas privla\u010de raznolike pjeva\u010de \u2013 u mjuziklima i rock-operama \u010desto se susre\u0107u pjeva\u010di raznolikih iskustava, od klasi\u010dno obrazovanih pjeva\u010da, glumaca koji pjevaju, do rokera \u017ee\u0161\u0107eg izri\u010daja i onih vi\u0161e mediteranskog tipa. Na izvornom je albumu Isusa pjevao Ian Gillan iz grupe Deep Purple, na izvedbi u\u017eivo za ameri\u010dku postaju NBC 2018. godine pjevao ga je pop-soul pjeva\u010d John Legend \u2013 a 1972. u Beogradu Zlatko Pejakovi\u0107, dok Heroda pjevaju i Alice Cooper i Jacques Houdek.<\/p>\n<p>Na naslovnu pjesmu, gotovo stadionsku himnu, ali za zbor, \u010deka se dugo, do scene razapinjanja. Slu\u0161atelj je nagra\u0111en \u0161to pro\u0161ao cijeli put, no i tada zbor ne slavi Isusa mirno, ve\u0107 dodaje pitanje (\u201emisli\u0161 li da si onaj za kojega ka\u017eu da jesi?\u201c). Lloyd Webber tvrdi da mu je pjesma \u201edo\u0161la\u201c na ulici te je utr\u010dao u restoran pored kojega je prolazio i zamolio za papir, kako bi zapisao temu, no dali su mu tek ubrus pa je pisao po njemu. Drugdje pak \u010dujemo i pop-hippie melodije u 5\/4 mjeri koje prelaze u orkestralni trans, stravinskijevske ritmove u sceni su\u0111enja, tragove Prokofjeva ili Pendereckog me\u0111u \u201ezeppelinovskim\u201c zvucima, sna\u017ene gitare i <em>funky<\/em> basove te pravu kabaretsku numeru, <em>ragtime<\/em> rugalicu Kralja Heroda (ina\u010de obradu pjesme koju su autori prije bili ponudili za Eurovizijsko natjecanje), s pamtljivim stihom o hodanju po vodi: \u201eprove to me that you&#8217;re no fool, walk across my swimming pool.\u201c Rock-balada <em>Gethsemane<\/em> tra\u017ei pak prave rock-vriske i donosi temu koju je kriti\u010dar William Mann opisao kao unuku Barberovog Adagia. Ista tema vra\u0107a se u zavr\u0161noj, orkestralnoj numeri, stavku <em>Ivan 19:41<\/em> (\u201eNa mjestu gdje Isus bija\u0161e raspet bija\u0161e jedan vrt, i u tom vrtu jedan potpuno nov grob gdje nikad nitko ne bija\u0161e polo\u017een.\u201c), iznena\u0111uju\u0107e o\u010di\u0161\u0107ena od dodatne buke, ali i od glasova, kao melodijska sublimacija, kona\u010dno smirenje nakon dugih napetosti.<\/p>\n<p>&nbsp;<\/p>\n<p>&nbsp;<\/p>\n","protected":false},"excerpt":{"rendered":"<p>Tim Rice &#8211; Andrew Lloyd Webber: JESUS CHRIST SUPERSTAR, rock opera U suradnji s &#8220;The Really Useful Group Ltd.&#8221; Dirigent:<\/p>\n","protected":false},"author":5,"featured_media":17103,"parent":10,"menu_order":0,"comment_status":"closed","ping_status":"closed","template":"","meta":{"ngg_post_thumbnail":0,"footnotes":""},"class_list":["post-10724","page","type-page","status-publish","has-post-thumbnail","hentry"],"_links":{"self":[{"href":"https:\/\/dev.komedija.hr\/www\/wp-json\/wp\/v2\/pages\/10724","targetHints":{"allow":["GET"]}}],"collection":[{"href":"https:\/\/dev.komedija.hr\/www\/wp-json\/wp\/v2\/pages"}],"about":[{"href":"https:\/\/dev.komedija.hr\/www\/wp-json\/wp\/v2\/types\/page"}],"author":[{"embeddable":true,"href":"https:\/\/dev.komedija.hr\/www\/wp-json\/wp\/v2\/users\/5"}],"replies":[{"embeddable":true,"href":"https:\/\/dev.komedija.hr\/www\/wp-json\/wp\/v2\/comments?post=10724"}],"version-history":[{"count":12,"href":"https:\/\/dev.komedija.hr\/www\/wp-json\/wp\/v2\/pages\/10724\/revisions"}],"predecessor-version":[{"id":18889,"href":"https:\/\/dev.komedija.hr\/www\/wp-json\/wp\/v2\/pages\/10724\/revisions\/18889"}],"up":[{"embeddable":true,"href":"https:\/\/dev.komedija.hr\/www\/wp-json\/wp\/v2\/pages\/10"}],"wp:featuredmedia":[{"embeddable":true,"href":"https:\/\/dev.komedija.hr\/www\/wp-json\/wp\/v2\/media\/17103"}],"wp:attachment":[{"href":"https:\/\/dev.komedija.hr\/www\/wp-json\/wp\/v2\/media?parent=10724"}],"curies":[{"name":"wp","href":"https:\/\/api.w.org\/{rel}","templated":true}]}}