{"id":1086,"date":"2011-08-18T11:30:05","date_gmt":"2011-08-18T09:30:05","guid":{"rendered":"http:\/\/www.komedija.hr\/web\/?page_id=1086"},"modified":"2025-06-11T12:22:48","modified_gmt":"2025-06-11T10:22:48","slug":"mesin-igor","status":"publish","type":"page","link":"https:\/\/dev.komedija.hr\/www\/ansambl-2\/glumci\/mesin-igor\/","title":{"rendered":"Igor Me\u0161in"},"content":{"rendered":"<table border=\"0\" width=\"100%\">\n<tbody>\n<tr>\n<td><a href=\"http:\/\/www.komedija.hr\/www\/wp-content\/uploads\/2011\/08\/igor_mesin.jpg\"><img loading=\"lazy\" decoding=\"async\" class=\"alignnone size-medium wp-image-7301\" src=\"http:\/\/www.komedija.hr\/www\/wp-content\/uploads\/2011\/08\/igor_mesin-200x300.jpg\" alt=\"igor_mesin\" width=\"200\" height=\"300\" srcset=\"https:\/\/dev.komedija.hr\/www\/wp-content\/uploads\/2011\/08\/igor_mesin-200x300.jpg 200w, https:\/\/dev.komedija.hr\/www\/wp-content\/uploads\/2011\/08\/igor_mesin.jpg 533w\" sizes=\"auto, (max-width: 200px) 100vw, 200px\" \/><\/a><\/td>\n<td>Glumac<\/td>\n<\/tr>\n<tr>\n<td valign=\"top\" width=\"18%\" height=\"25\"><strong>DATUM I MJESTO RO\u0110ENJA <\/strong><\/td>\n<td valign=\"top\" width=\"82%\" height=\"25\">\n<div align=\"left\">8. srpnja 1967., Zagreb<\/div>\n<\/td>\n<\/tr>\n<tr>\n<td valign=\"top\" width=\"18%\"><strong>ansambl<\/strong><\/td>\n<td valign=\"top\" width=\"82%\">Kazali\u0161te &#8220;Komedija&#8221;, p.p. 428, Zagreb<br \/>\ntel.: +385 (0)1 48 13 200; fax: +385 (0)1 48 12 179<br \/>\ne-mail: <a href=\"mailto:propaganda@komedija.hr\">propaganda@komedija.hr<\/a><\/td>\n<\/tr>\n<tr>\n<td valign=\"top\" width=\"18%\" height=\"25\"><strong>OBRAZOVANJE<\/strong><\/td>\n<td valign=\"top\" width=\"82%\" height=\"25\">Akademija dramske umjetnosti Sveu\u010dili\u0161ta u Zagrebu<\/td>\n<\/tr>\n<tr>\n<td colspan=\"2\" valign=\"top\">&nbsp;<\/td>\n<\/tr>\n<tr>\n<td valign=\"top\" width=\"18%\" height=\"205\"><strong>KAZALI\u0160TE<\/strong><\/td>\n<td valign=\"top\" width=\"82%\" height=\"205\">ZGK &#8220;Komedija&#8221;: <strong>Ne daj se Njofra,<\/strong> <strong>Od kreveta do kreveta, Pri\u010da s ju\u017ene strane, Matija\u0161 Grabancija\u0161 Dijak,<\/strong> <strong>Glembajevi\u0107,<\/strong> <strong>Crna kraljica, Na tri kralja ili kako ho\u0107ete, Kralj je gol, Isus sin \u010dovje\u010dji, Buba u uhu, Gostioni\u010darka, Opera za tri gro\u0161a, Veliki manevri u tijesnim ulicama, Mali du\u0107an strave <\/strong>(i koredatelj), <strong>Gubec-beg <\/strong>(koredatelj), <strong>Briljantin<\/strong>, <strong>Chicago, Skidajte se do kraja <\/strong>(i redatelj),<strong> Svoga tela gospodar, Budala za ve\u010deru, San ivanjske no\u0107i, Nemo\u0107nik u pameti, Narodil se mladi kralj, Patnje gospodina Mockinpotta, Cigle svete Elizabete, Dobri vojak \u0160vejk, Terapija, terapija!, \u010cisto ludilo, Operetni Express 2 013<\/strong>;<strong> <strong>Broadway u Komediji &#8211; Inventura <\/strong><\/strong>(i koautor), <strong>Ukro\u0107ena goropadnica,&nbsp;<strong>Monty Python&#8217;s Spamalot <\/strong><\/strong>(i redatelj); <strong>Bljesak zlatnog zuba, Nije bila Peta, bila je Deveta, Revizor, Opet on, Tulum u samostanu, Legenda o svetom Muhli, Zaljubljeni Shakespeare, Brat bratu, Ljepotica i Zvijer, Mnogo vike niza\u0161to, Krava na granici, Moma\u010dka ve\u010der; Ponos i predrasude;&nbsp;<br \/>\n<\/strong>&amp;TD: <strong>Kolo,<\/strong> <strong>Tit Andronik,<\/strong> <strong>No\u0107ni let<\/strong>;<br \/>\nHNK Vara\u017edin: <strong>Na rubu pameti<\/strong>, <strong>Liliom, Puno larme a za ni\u0161t<\/strong>;<br \/>\nDubrova\u010dke ljetne igre: <strong>Kako bratja prepozna\u0161e Jozefa,<\/strong> <strong>Poslije Hamleta<\/strong>;<br \/>\nMala scena: <strong>Dvostruka nevjera<\/strong><\/td>\n<\/tr>\n<tr>\n<td valign=\"top\" width=\"18%\"><strong>FILM<\/strong><\/td>\n<td valign=\"top\" width=\"82%\"><strong>Svaki put kad se rastajemo<\/strong> (Nola), <strong>\u0160uma Striborova<\/strong> (Nola), <strong>Dok nitko ne gleda<\/strong> (Nola), <strong>Rusko meso<\/strong> (Nola), <strong>Nebo &#8211; sateliti<\/strong> (Nola), <strong>Prepoznavanje<\/strong> (Tribuson), <strong>Tri mu\u0161karca Melite \u017dganjer<\/strong> (Tribuson), <strong>Crna kronika ili Dan \u017eena<\/strong> (Tribouson), <strong>Vrijeme za&#8230;<\/strong> (Kodar), <strong>Bogorodica<\/strong> (Hitrec), <strong>Zlatne godine<\/strong> (\u017dmega\u010d), <strong>Holding<\/strong> (Radi\u0107)<\/td>\n<\/tr>\n<tr>\n<td valign=\"top\" width=\"18%\"><strong>TELEVIZIJA<\/strong><\/td>\n<td valign=\"top\" width=\"82%\">brojne televizijske serije (HTV, RTL, NOVA TV)<\/td>\n<\/tr>\n<tr>\n<td valign=\"top\" width=\"18%\"><strong>RADIO <\/strong><\/td>\n<td valign=\"top\" width=\"82%\">radio drame (Dramski program HR) i radio igre za djecu (Dje\u010dji i obrazovni program HR)<\/td>\n<\/tr>\n<tr>\n<td valign=\"top\" width=\"18%\"><strong>OSTALO<\/strong><\/td>\n<td valign=\"top\" width=\"82%\">brojni reklamni spotovi<\/td>\n<\/tr>\n<tr>\n<td colspan=\"2\" valign=\"top\">&nbsp;<\/td>\n<\/tr>\n<tr>\n<td valign=\"top\" width=\"18%\" height=\"33\"><strong>STATUSI U &#8220;KOMEDIJI&#8221;<\/strong><\/p>\n<p><strong>NAGRADE I PRIZNANJA &nbsp; &nbsp; &nbsp; &nbsp; &nbsp; &nbsp;&nbsp;<\/strong><\/td>\n<td valign=\"top\" width=\"82%\" height=\"33\">prva premijera 11. lipnja 1994. (Kralj je gol), zaposlen od 1. rujna 1994.<\/p>\n<p>Nagrada hrvatskoga glumi\u0161ta 2014. za mjuzikl <strong>Monty Python&#8217;s Spamalot<\/strong> u kategoriji najbolji redatelj<\/td>\n<\/tr>\n<\/tbody>\n<\/table>\n","protected":false},"excerpt":{"rendered":"<p>Glumac DATUM I MJESTO RO\u0110ENJA 8. srpnja 1967., Zagreb ansambl Kazali\u0161te &#8220;Komedija&#8221;, p.p. 428, Zagreb tel.: +385 (0)1 48 13<\/p>\n","protected":false},"author":4,"featured_media":0,"parent":6992,"menu_order":0,"comment_status":"closed","ping_status":"closed","template":"","meta":{"ngg_post_thumbnail":0,"footnotes":""},"class_list":["post-1086","page","type-page","status-publish","hentry"],"_links":{"self":[{"href":"https:\/\/dev.komedija.hr\/www\/wp-json\/wp\/v2\/pages\/1086","targetHints":{"allow":["GET"]}}],"collection":[{"href":"https:\/\/dev.komedija.hr\/www\/wp-json\/wp\/v2\/pages"}],"about":[{"href":"https:\/\/dev.komedija.hr\/www\/wp-json\/wp\/v2\/types\/page"}],"author":[{"embeddable":true,"href":"https:\/\/dev.komedija.hr\/www\/wp-json\/wp\/v2\/users\/4"}],"replies":[{"embeddable":true,"href":"https:\/\/dev.komedija.hr\/www\/wp-json\/wp\/v2\/comments?post=1086"}],"version-history":[{"count":3,"href":"https:\/\/dev.komedija.hr\/www\/wp-json\/wp\/v2\/pages\/1086\/revisions"}],"predecessor-version":[{"id":20880,"href":"https:\/\/dev.komedija.hr\/www\/wp-json\/wp\/v2\/pages\/1086\/revisions\/20880"}],"up":[{"embeddable":true,"href":"https:\/\/dev.komedija.hr\/www\/wp-json\/wp\/v2\/pages\/6992"}],"wp:attachment":[{"href":"https:\/\/dev.komedija.hr\/www\/wp-json\/wp\/v2\/media?parent=1086"}],"curies":[{"name":"wp","href":"https:\/\/api.w.org\/{rel}","templated":true}]}}