{"id":1092,"date":"2011-08-18T11:31:51","date_gmt":"2011-08-18T09:31:51","guid":{"rendered":"http:\/\/www.komedija.hr\/web\/?page_id=1092"},"modified":"2025-07-16T15:43:43","modified_gmt":"2025-07-16T13:43:43","slug":"ostojic-dubravka","status":"publish","type":"page","link":"https:\/\/dev.komedija.hr\/www\/ansambl-2\/glumci\/ostojic-dubravka\/","title":{"rendered":"Dubravka Ostoji\u0107"},"content":{"rendered":"<table border=\"0\" width=\"100%\">\n<tbody>\n<tr>\n<td><a href=\"http:\/\/www.komedija.hr\/www\/wp-content\/uploads\/2011\/08\/dubravka_ostojic-1.jpg\" target=\"_blank\" rel=\"noopener noreferrer\"><img loading=\"lazy\" decoding=\"async\" class=\"alignnone wp-image-7200 size-medium\" src=\"http:\/\/www.komedija.hr\/www\/wp-content\/uploads\/2011\/08\/dubravka_ostojic-1-200x300.jpg\" alt=\"dubravka_ostojic\" width=\"200\" height=\"300\" srcset=\"https:\/\/dev.komedija.hr\/www\/wp-content\/uploads\/2011\/08\/dubravka_ostojic-1-200x300.jpg 200w, https:\/\/dev.komedija.hr\/www\/wp-content\/uploads\/2011\/08\/dubravka_ostojic-1.jpg 533w\" sizes=\"auto, (max-width: 200px) 100vw, 200px\" \/><\/a><\/td>\n<td>Glumica<\/td>\n<\/tr>\n<tr valign=\"top\">\n<td colspan=\"2\" height=\"20\">&nbsp;<\/td>\n<\/tr>\n<tr>\n<td valign=\"top\" width=\"18%\" height=\"25\"><strong>GODINA I MJESTO RO\u0110ENJA <\/strong><\/td>\n<td valign=\"top\" width=\"82%\" height=\"25\">\n<div align=\"left\">1961., Zagreb<\/div>\n<\/td>\n<\/tr>\n<tr>\n<td valign=\"top\" width=\"18%\"><strong>KONTAKT<\/strong><\/td>\n<td valign=\"top\" width=\"82%\">Kazali\u0161te &#8220;Komedija&#8221;, p.p. 428, Zagreb<br \/>\ntel.: +385 (0)1 48 13 200; fax: +385 (0)1 48 12 179<br \/>\ne-mail:&nbsp;<a href=\"mailto:propaganda@komedija.hr\">propaganda@komedija.hr<\/a><\/td>\n<\/tr>\n<tr>\n<td valign=\"top\" width=\"18%\" height=\"25\"><strong>OBRAZOVANJE<\/strong><\/td>\n<td valign=\"top\" width=\"82%\" height=\"25\">Akademija dramske umjetnosti Sveu\u010dili\u0161ta u Zagrebu<\/td>\n<\/tr>\n<tr>\n<td colspan=\"2\" valign=\"top\">&nbsp;<\/td>\n<\/tr>\n<tr>\n<td valign=\"top\" width=\"18%\" height=\"192\"><strong>KAZALI\u0160TE<\/strong><\/td>\n<td valign=\"top\" width=\"82%\" height=\"192\">HNK Zagreb: <strong>Cyrano de Bergerac<\/strong>; Teatar u gostima:<strong>Crna komedija,<\/strong> <strong>Deficit<\/strong>;Dubrova\u010dke ljetne igre:<strong> Hekuba,<\/strong> <strong>Ecce homo, Dundo Maroje, Kako bratja proda\u0161e Jozefa, Henrik IV<br \/>\n<\/strong>;&amp;TD: <strong>Tri u drugom,<\/strong> <strong>Opasne veze, Posljednji dani mira<\/strong>&nbsp;<br \/>\nAuzvinkl:<strong>Gljivamobil<\/strong>;<br \/>\nHNK Ivana pl. Zajca Rijeka: <strong>Duhi<\/strong>;<br \/>\nLudens teatar: <strong>\u017dene u crvenom<br \/>\n<\/strong>Teatar Rugantino: <strong style=\"font-family: inherit; font-size: inherit;\">Sirena i Viktorija<\/strong><strong><br \/>\n<\/strong><br \/>\nZGK &#8220;Komedija&#8221;:<strong> Trenk, Kaos u kulisama, Dubravka, Gusla\u010d na krovu, Glembajevi\u0107, Kako se uzme, Muka i uskrsnu\u0107e spasitelja na\u0161ega, Komedija zabuna, Luda no\u0107 u hotelu President, <\/strong><strong>\u0160trudl od tre\u0161anja,<\/strong> <strong>Crna kraljica, Od kreveta do kreveta, Kralj je gol, Na tri kralja ili kako ho\u0107ete, Gostioni\u010darka, Buba u uhu, Opera za tri gro\u0161a, Veliki manevri u tijesnim ulicama, Svoga tela gospodar, Motel Mrak, Mala Floramye, San ivanjske no\u0107i, Klupko, Nemo\u0107nik u pameti, Grubijani, Narodil se mladi kralj, Patnje gospodina Mockinpotta, Skidajte se do kraja, Uhva\u0107en u mre\u017eu, Crna komedija, Posudi mi tenor, Terapija, terapija!, Kneginja \u010darda\u0161a<\/strong> (2016.), <strong>Revizor, Legenda o svetom Muhli, Grofica Marica, Mandragola; Zapetljani interesi; Ponos i predrasude<br \/>\n<\/strong><\/td>\n<\/tr>\n<tr>\n<td valign=\"top\" width=\"18%\"><strong>FILM<\/strong><\/td>\n<td valign=\"top\" width=\"82%\"><strong>Za sre\u0107u je potrebno troje<\/strong> (Grli\u0107), <strong>An\u0111ele moj dragi<\/strong> (Radi\u0107), <strong>Holding<\/strong> (Radi\u0107), <strong>Kontesa Dora<\/strong> (Berkovi\u0107), <strong>Luka<\/strong> (Radi\u0107), <strong>Ispod crte <\/strong>(Krelja)<\/td>\n<\/tr>\n<tr>\n<td valign=\"top\" width=\"18%\"><strong>TELEVIZIJA<\/strong><\/td>\n<td valign=\"top\" width=\"82%\"><strong>Serije: Smogovci<\/strong> (HTV), <strong>Obiteljska stvar<\/strong> (HTV), <strong>Na\u0161a ku\u0107ica, na\u0161a slobodica<\/strong> (HTV)<br \/>\n<strong>Le Retour d`Arsene Lupin <\/strong>(Allegro Films), <strong>Osvajanja Ljudevita Posavca <\/strong>(HRT), <strong>Na\u0161a mala klinika <\/strong>(Maska 55), <strong>Zakon <\/strong>(Interfilm), <strong>Novine II i III<\/strong>(Drugi plan), <strong>Metropolitanci I i II <\/strong>(Ring\/HRT) <strong><u>TV filmovi<\/u>: Pri\u010da o duhu <\/strong>(ADU\/TV Zagreb) <strong>Oganj <\/strong>(TV Zagreb- ekranizacija opere)<strong>Rimski dan <\/strong>(TV Sarajevo), <strong>Novogodi\u0161nja plja\u010dka <\/strong>(HRT), <strong>I to sam ja \u2013 Dubravka Ostoji\u0107 <\/strong>(HRT- zabavno-glazbena emisija)<\/td>\n<\/tr>\n<tr>\n<td valign=\"top\" width=\"18%\"><strong>RADIO <\/strong><\/td>\n<td valign=\"top\" width=\"82%\">radio drame (Dramski program HR) i radio igre za djecu (Dje\u010dji i obrazovni program HR)<\/td>\n<\/tr>\n<tr>\n<td valign=\"top\" width=\"18%\"><strong>OSTALO <\/strong><\/td>\n<td valign=\"top\" width=\"82%\"><strong>Prijevodi:&nbsp;<\/strong><\/p>\n<ul>\n<li>s engleskog \u2013 <strong>Terapija, terapija, <\/strong>C.Durang (za Kazali\u0161te Komedija)&nbsp; &nbsp;<\/li>\n<li>s ruskog \u2013<strong> Sirena i Viktorija, <\/strong>A.Galin (za Teatar Rugantino)&nbsp; &nbsp; &nbsp; &nbsp; &nbsp; &nbsp; &nbsp; &nbsp; &nbsp; &nbsp; &nbsp; &nbsp; &nbsp; &nbsp; &nbsp; &nbsp; &nbsp; &nbsp; &nbsp; &nbsp; &nbsp; &nbsp; &nbsp; &nbsp; &nbsp; &nbsp; &nbsp; &nbsp; &nbsp; &nbsp; &nbsp; &nbsp; &nbsp; &nbsp; &nbsp; &nbsp; &nbsp; &nbsp; &nbsp; &nbsp; &nbsp; &nbsp; &nbsp; &nbsp; &nbsp; &nbsp; &nbsp; &nbsp; &nbsp; &nbsp; &nbsp; &nbsp; &nbsp; &nbsp; &nbsp; &nbsp; &nbsp; &nbsp;<\/li>\n<\/ul>\n<p><strong>Koreografkinja i suradnica za scenski pokret: <\/strong><\/p>\n<ul>\n<li>Dubrova\u010dke ljetne igre: <strong>Hamlet <\/strong>(Bunuel)<\/li>\n<li>DK Gavella- <strong>Posljednja karika, Opasne veze<\/strong><\/li>\n<li>HNK Zagreb \u2013 <strong>Propast Magnuma<\/strong><\/li>\n<li>HNK Ivana pl. Zajca \u2013 <strong>Pri\u010de iz Be\u010dke \u0161ume<\/strong><\/li>\n<\/ul>\n<p><strong>Asistentica za scenski pokret na ADU <\/strong>( 1984\/1985)<\/td>\n<\/tr>\n<tr>\n<td valign=\"top\" width=\"18%\" height=\"222\"><strong>NAGRADE I PRIZNANJA<\/strong><\/td>\n<td valign=\"top\" width=\"82%\" height=\"222\">\n<ul>\n<li><strong>Nagrada za mladog glumca &#8220;Fahro Konjhod\u017ei\u0107&#8221;&nbsp;<\/strong>na &#8220;Gavellinim ve\u010derima&#8221; za ulogu Titvillusa (Zagreba\u010dka kronika)<\/li>\n<li><strong>Nagrada na danima smijeha u Puli<\/strong> (Komedija zabuna)<\/li>\n<li><strong>Nagrada udru\u017eenja dramskih umjetnika Hrvatske<\/strong> godine 1989. za ulogu Brooke Ashton (Kaos u kulisama)<\/li>\n<li><strong>Nagrada za najsmje\u0161niji prizor festivala<\/strong> na Festivalu smijeha 1993. godine za scenu \u010dekanja vjen\u010danja sa Ljubom Ze\u010devi\u0107em (Veliki manevri u tijesnim ulicama)<\/li>\n<li><strong>jedna od pet ravnopravnih gluma\u010dkih nagrada<\/strong> na Festivalu smijeha 1993. godine za ulogu Katice (Veliki manevri u tijesnim ulicama)<\/li>\n<li><strong>Nagrada hrvatskog glumi\u0161ta<\/strong> <strong>za najbolju glavnu \u017eensku ulogu,<\/strong> godine 1994. godine za ulogu Wallis Simpson (Kralj je gol)<\/li>\n<li><strong>Nagrada &#8220;Zlatni smijeh&#8221;<\/strong> za najbolju glumicu na &#8220;Danima satire&#8221; za ulogu Antu\u0161e (Klupko) 1999. godine, <strong>Nagrada &#8220;Vladimir Nazor&#8221;<\/strong> 2000. godine za ulogu Antu\u0161e (Klupko)<\/li>\n<li><strong>jedna od pet ravnopravnih n<\/strong><strong>agrada za gluma\u010dko ostvarenje<\/strong> na &#8220;Danima satire&#8221; 2000. godine za ulogu Franu\u0161e (Nemo\u0107nik u pameti)<\/li>\n<li><strong>Zlatna arena za sporednu ulogu &#8211; <\/strong>za ulogu Ru\u017ee u filmu &#8220;Ispod crte&#8221; (2003.)<\/li>\n<li>Odlikovana <strong>Redom<\/strong> <strong>Danice hrvatske s likom Marka Maruli\u0107a<\/strong> (2011.)<\/li>\n<\/ul>\n<\/td>\n<\/tr>\n<tr>\n<td colspan=\"2\" valign=\"top\" height=\"33\">&nbsp;<\/td>\n<\/tr>\n<tr>\n<td valign=\"top\" width=\"18%\" height=\"33\"><strong>STATUSI U &#8220;KOMEDIJI&#8221;<\/strong><\/td>\n<td valign=\"top\" width=\"82%\" height=\"33\">prva premijera 19. travnja 1987. (Trenk), zaposlena od 1. o\u017eujka 1988.<\/td>\n<\/tr>\n<\/tbody>\n<\/table>\n","protected":false},"excerpt":{"rendered":"<p>Glumica &nbsp; GODINA I MJESTO RO\u0110ENJA 1961., Zagreb KONTAKT Kazali\u0161te &#8220;Komedija&#8221;, p.p. 428, Zagreb tel.: +385 (0)1 48 13 200;<\/p>\n","protected":false},"author":4,"featured_media":0,"parent":6992,"menu_order":0,"comment_status":"closed","ping_status":"closed","template":"","meta":{"ngg_post_thumbnail":0,"footnotes":""},"class_list":["post-1092","page","type-page","status-publish","hentry"],"_links":{"self":[{"href":"https:\/\/dev.komedija.hr\/www\/wp-json\/wp\/v2\/pages\/1092","targetHints":{"allow":["GET"]}}],"collection":[{"href":"https:\/\/dev.komedija.hr\/www\/wp-json\/wp\/v2\/pages"}],"about":[{"href":"https:\/\/dev.komedija.hr\/www\/wp-json\/wp\/v2\/types\/page"}],"author":[{"embeddable":true,"href":"https:\/\/dev.komedija.hr\/www\/wp-json\/wp\/v2\/users\/4"}],"replies":[{"embeddable":true,"href":"https:\/\/dev.komedija.hr\/www\/wp-json\/wp\/v2\/comments?post=1092"}],"version-history":[{"count":10,"href":"https:\/\/dev.komedija.hr\/www\/wp-json\/wp\/v2\/pages\/1092\/revisions"}],"predecessor-version":[{"id":21013,"href":"https:\/\/dev.komedija.hr\/www\/wp-json\/wp\/v2\/pages\/1092\/revisions\/21013"}],"up":[{"embeddable":true,"href":"https:\/\/dev.komedija.hr\/www\/wp-json\/wp\/v2\/pages\/6992"}],"wp:attachment":[{"href":"https:\/\/dev.komedija.hr\/www\/wp-json\/wp\/v2\/media?parent=1092"}],"curies":[{"name":"wp","href":"https:\/\/api.w.org\/{rel}","templated":true}]}}