{"id":1094,"date":"2011-08-18T11:32:26","date_gmt":"2011-08-18T09:32:26","guid":{"rendered":"http:\/\/www.komedija.hr\/web\/?page_id=1094"},"modified":"2025-06-11T12:48:23","modified_gmt":"2025-06-11T10:48:23","slug":"ozbolt-zlatko","status":"publish","type":"page","link":"https:\/\/dev.komedija.hr\/www\/ansambl-2\/glumci\/ozbolt-zlatko\/","title":{"rendered":"Zlatko O\u017ebolt"},"content":{"rendered":"<table border=\"0\" width=\"100%\">\n<tbody>\n<tr>\n<td><a href=\"http:\/\/www.komedija.hr\/www\/wp-content\/uploads\/2011\/08\/zlatko_ozbolt.jpg\" target=\"_blank\" rel=\"noopener noreferrer\"><img loading=\"lazy\" decoding=\"async\" class=\"alignnone wp-image-7288 size-medium\" src=\"http:\/\/www.komedija.hr\/www\/wp-content\/uploads\/2011\/08\/zlatko_ozbolt-200x300.jpg\" alt=\"zlatko_ozbolt\" width=\"200\" height=\"300\" srcset=\"https:\/\/dev.komedija.hr\/www\/wp-content\/uploads\/2011\/08\/zlatko_ozbolt-200x300.jpg 200w, https:\/\/dev.komedija.hr\/www\/wp-content\/uploads\/2011\/08\/zlatko_ozbolt.jpg 533w\" sizes=\"auto, (max-width: 200px) 100vw, 200px\" \/><\/a><\/td>\n<td>Glumac<\/td>\n<\/tr>\n<tr>\n<td valign=\"top\" width=\"18%\" height=\"25\"><strong>DATUM I MJESTO RO\u0110ENJA <\/strong><\/td>\n<td valign=\"top\" width=\"82%\" height=\"25\">\n<div align=\"left\">18. kolovoza 1965., Karlovac<\/div>\n<\/td>\n<\/tr>\n<tr>\n<td valign=\"top\" width=\"18%\" height=\"53\"><strong>ansambl<\/strong><\/td>\n<td valign=\"top\" width=\"82%\" height=\"53\">Kazali\u0161te &#8220;Komedija&#8221;, p.p. 428, Zagreb<br \/>\ntel.: +385 (0)1 48 13 200; fax: +385 (0)1 48 12 179<br \/>\ne-mail: <a href=\"mailto:komedija@komedija.hr\">komedija@komedija.hr<\/a><\/td>\n<\/tr>\n<tr>\n<td valign=\"top\" width=\"18%\" height=\"25\"><strong>OBRAZOVANJE<\/strong><\/td>\n<td valign=\"top\" width=\"82%\" height=\"25\">Akademija dramske umjetnosti Sveu\u010dili\u0161ta u Zagrebu<\/td>\n<\/tr>\n<tr>\n<td colspan=\"2\" valign=\"top\">&nbsp;<\/td>\n<\/tr>\n<tr>\n<td valign=\"top\" width=\"18%\" height=\"180\"><strong>KAZALI\u0160TE<\/strong><\/td>\n<td valign=\"top\" width=\"82%\" height=\"180\"><strong>&nbsp;<\/strong>ZGK &#8220;Komedija&#8221;: <strong>Dubravka, Gusla\u010d na krovu, Kako se uzme, Muka i uskrsnu\u0107e spasitelja na\u0161ega, Colombe, Jalta Jalta, Komedija zabuna, Matija\u0161 Grabancija\u0161 Dijak, Kralj je gol, Isus &#8211; sin \u010dovje\u010dji, Na tri kralja ili kako ho\u0107ete, Voza\u010di za sva vremena, \u0160to sve \u010dinimo zbog ljubavi, Gospodsko dijete, Kneginja \u010darda\u0161a, Gubec-beg, \u010caruga, Piaf, Dobri vojak \u0160vejk, Ukro\u0107ena goropadnica; Kneginja \u010darda\u0161a, Nije bila Peta, bila je Deveta, Faraon iz Ilice je mrtav, Opet on, Alphonsine, Zaljubljeni Shakespeare, Grofica Marica, Mnogo vike niza\u0161to; Velo misto, Jalta, Jalta, Moma\u010dka ve\u010der<\/strong><\/p>\n<p>&amp;TD: <strong>Izgled vara; <\/strong>Dubrova\u010dke ljetne igre: <strong>Ecce homo, Romeo i Julija; <\/strong>HNK Zagreb: <strong>Ples lopova, Hipokondrijaku\u0161; <\/strong>GD &#8220;Histrion&#8221;: <strong>Diogene\u0161,<\/strong> <strong>Vitez slavonske ravni<\/strong>, <strong>K\u0107i lotr\u0161\u010daka, Gri\u010dka vje\u0161tica, Kavana Torzo<\/strong>; Epilog Teatar: <strong>Te\u0161ko je re\u0107i zbogom; NK &#8220;August Cesarec&#8221;, Vara\u017edin: Kazimir i Karolina, Ne\u010dastivi na filozofskom fakultetu, Lizimaku\u0161, Povratak Filipa Latinovicza, Ivica i Marica, Zagonetalo; Akademsko kazali\u0161te: Gri\u017eula, La\u017eac, Umi\u0161ljeni bolesnik; Zorin dom, Karlovac: Staklena mena\u017eerija;<\/strong><\/td>\n<\/tr>\n<tr>\n<td valign=\"top\" width=\"18%\" height=\"14\"><strong>FILM<\/strong><\/td>\n<td valign=\"top\" width=\"82%\" height=\"14\"><strong>Ljeto za sje\u0107anje <\/strong>(Gamulin), <strong>Garcia <\/strong>(\u0160orak)<\/td>\n<\/tr>\n<tr>\n<td valign=\"top\" width=\"18%\" height=\"20\"><strong>TELEVIZIJA<\/strong><\/td>\n<td valign=\"top\" width=\"82%\" height=\"20\"><strong>Hrvati koji su stvarali svijet<\/strong> (HTV), <strong>Tri dana za uspjeh<\/strong> (HTV), <strong>Jeste li bili u Zagrebu, gospon Cabaret<\/strong> (HTV), <strong>Katarina II<\/strong> (HTV), <strong>Zagreba\u010dke pri\u010de<\/strong> (HTV)<\/td>\n<\/tr>\n<tr>\n<td valign=\"top\" width=\"18%\" height=\"20\"><strong>RADIO<\/strong><\/td>\n<td valign=\"top\" width=\"82%\" height=\"20\">Brojne uloge u radio dramama (Dramski program HR), interpretacije poezije i proze (III. program HR)<\/td>\n<\/tr>\n<tr>\n<td valign=\"top\" width=\"18%\" height=\"19\"><strong>OSTALO<\/strong><\/td>\n<td valign=\"top\" width=\"82%\" height=\"19\">brojni reklamni spotovi<\/td>\n<\/tr>\n<tr>\n<td colspan=\"2\" valign=\"top\" height=\"33\">&nbsp;<\/td>\n<\/tr>\n<tr>\n<td valign=\"top\" width=\"18%\" height=\"33\"><strong>NAGRADE I PRIZNANJA<\/strong><\/td>\n<td valign=\"top\" width=\"82%\" height=\"33\"><strong>Zlatni smijeh <\/strong>na Danima satire 1995. za ulogu Matija\u0161a (Matija\u0161 Grabancija\u0161 Dijak)<\/td>\n<\/tr>\n<tr>\n<td colspan=\"2\" valign=\"top\" height=\"33\">&nbsp;<\/td>\n<\/tr>\n<tr>\n<td valign=\"top\" width=\"18%\" height=\"33\"><strong>STATUSI U &#8220;KOMEDIJI&#8221;<\/strong><\/td>\n<td valign=\"top\" width=\"82%\" height=\"33\">prva premijera 20. prosinca 1989. (Dubravka), zaposlen od 1. sije\u010dnja 1990.<\/td>\n<\/tr>\n<\/tbody>\n<\/table>\n","protected":false},"excerpt":{"rendered":"<p>Glumac DATUM I MJESTO RO\u0110ENJA 18. kolovoza 1965., Karlovac ansambl Kazali\u0161te &#8220;Komedija&#8221;, p.p. 428, Zagreb tel.: +385 (0)1 48 13<\/p>\n","protected":false},"author":4,"featured_media":0,"parent":6992,"menu_order":0,"comment_status":"closed","ping_status":"closed","template":"","meta":{"ngg_post_thumbnail":0,"footnotes":""},"class_list":["post-1094","page","type-page","status-publish","hentry"],"_links":{"self":[{"href":"https:\/\/dev.komedija.hr\/www\/wp-json\/wp\/v2\/pages\/1094","targetHints":{"allow":["GET"]}}],"collection":[{"href":"https:\/\/dev.komedija.hr\/www\/wp-json\/wp\/v2\/pages"}],"about":[{"href":"https:\/\/dev.komedija.hr\/www\/wp-json\/wp\/v2\/types\/page"}],"author":[{"embeddable":true,"href":"https:\/\/dev.komedija.hr\/www\/wp-json\/wp\/v2\/users\/4"}],"replies":[{"embeddable":true,"href":"https:\/\/dev.komedija.hr\/www\/wp-json\/wp\/v2\/comments?post=1094"}],"version-history":[{"count":3,"href":"https:\/\/dev.komedija.hr\/www\/wp-json\/wp\/v2\/pages\/1094\/revisions"}],"predecessor-version":[{"id":20901,"href":"https:\/\/dev.komedija.hr\/www\/wp-json\/wp\/v2\/pages\/1094\/revisions\/20901"}],"up":[{"embeddable":true,"href":"https:\/\/dev.komedija.hr\/www\/wp-json\/wp\/v2\/pages\/6992"}],"wp:attachment":[{"href":"https:\/\/dev.komedija.hr\/www\/wp-json\/wp\/v2\/media?parent=1094"}],"curies":[{"name":"wp","href":"https:\/\/api.w.org\/{rel}","templated":true}]}}