{"id":1101,"date":"2011-08-18T12:13:24","date_gmt":"2011-08-18T10:13:24","guid":{"rendered":"http:\/\/www.komedija.hr\/web\/?page_id=1101"},"modified":"2024-03-15T12:39:22","modified_gmt":"2024-03-15T11:39:22","slug":"palic-picukaric-jasna","status":"publish","type":"page","link":"https:\/\/dev.komedija.hr\/www\/ansambl-2\/glumci\/palic-picukaric-jasna\/","title":{"rendered":"Jasna Pali\u0107 Picukari\u0107"},"content":{"rendered":"<table border=\"0\" width=\"100%\">\n<tbody>\n<tr>\n<td><a href=\"http:\/\/www.komedija.hr\/www\/wp-content\/uploads\/2011\/08\/jasna_ppicukaric.jpg\" target=\"_blank\" rel=\"noopener noreferrer\"><img loading=\"lazy\" decoding=\"async\" class=\"alignnone wp-image-7250 size-medium\" src=\"http:\/\/www.komedija.hr\/www\/wp-content\/uploads\/2011\/08\/jasna_ppicukaric-200x300.jpg\" alt=\"jasna_ppicukaric\" width=\"200\" height=\"300\" srcset=\"https:\/\/dev.komedija.hr\/www\/wp-content\/uploads\/2011\/08\/jasna_ppicukaric-200x300.jpg 200w, https:\/\/dev.komedija.hr\/www\/wp-content\/uploads\/2011\/08\/jasna_ppicukaric.jpg 533w\" sizes=\"auto, (max-width: 200px) 100vw, 200px\" \/><\/a><\/td>\n<td>Glumica<\/td>\n<\/tr>\n<tr valign=\"top\">\n<td colspan=\"2\" height=\"20\">&nbsp;<\/td>\n<\/tr>\n<tr>\n<td valign=\"top\" width=\"18%\" height=\"25\"><strong>DATUM I MJESTO RO\u0110ENJA <\/strong><\/td>\n<td valign=\"top\" width=\"82%\" height=\"25\">\n<div align=\"left\">29. svibnja 1970., Zagreb<\/div>\n<\/td>\n<\/tr>\n<tr>\n<td valign=\"top\" width=\"18%\"><strong>ansambl<\/strong><\/td>\n<td valign=\"top\" width=\"82%\">Kazali\u0161te &#8220;Komedija&#8221;, p.p. 428, Zagreb<br \/>\ntel.: +385 (0)1 48 13 200; fax: +385 (0)1 48 12 179<br \/>\ne-mail: <a href=\"mailto:propaganda@komedija.hr\">propaganda@komedija.hr<\/a><\/td>\n<\/tr>\n<tr>\n<td valign=\"top\" width=\"18%\" height=\"25\"><strong>OBRAZOVANJE<\/strong><\/td>\n<td valign=\"top\" width=\"82%\" height=\"25\">Akademija dramske umjetnosti Sveu\u010dili\u0161ta u Zagrebu<\/td>\n<\/tr>\n<tr>\n<td colspan=\"2\" valign=\"top\">&nbsp;<\/td>\n<\/tr>\n<tr>\n<td valign=\"top\" width=\"18%\"><strong>KAZALI\u0160TE<\/strong><\/td>\n<td valign=\"top\" width=\"82%\">Kazali\u0161te &#8220;Tre\u0161nja&#8221;: <strong>Crvenkapica,<\/strong> <strong>Trnoru\u017eica i Crna kraljica,<\/strong> <strong>Bijeli jelen<\/strong>; Festivalski ansambl Dubrovnik: <strong>Kako bratja proda\u0161e Jozefa<\/strong>; GD &#8220;Histrion&#8221;: <strong>Zlatarevo zlato,<\/strong> <strong>Hrvatski Diogenes<\/strong>; HNK Zagreb: <strong>Ondine<\/strong>; &amp;TD: <strong>Francesca da Rimini<\/strong>; ZK lutaka: <strong>Matovilka<\/strong>; ZGK &#8220;Komedija&#8221;: <strong>Probudi se Kato,<\/strong> <strong>Glembajevi\u0107,<\/strong> <strong>Crna kraljica,<\/strong> <strong>Ne daj se Njofra, Kralj je gol, Gospodsko dijete, Buba u uhu, Opera za tri gro\u0161a, Mali du\u0107an strave, Motel Mrak, Svoga tela gospodar, \u010caruga, Klupko, Nemo\u0107nik u pameti, Budala za ve\u010deru, Narodil se mladi kralj, Majka Hrabrost i njezina djeca, Uhva\u0107en u mre\u017eu, Cigle svete Elizabete, Dundo Maroje 008, Dobri vojak \u0160vejk, Odlazak, Jalta, Jalta, \u010cisto ludilo, Operetni Express 2 013, Ukro\u0107ena gorpadnica; Dobra du\u0161a iz Se\u010duana, Mala kavana, Bljesak zlatnog zuba, Vanja i Sonja i Ma\u0161a i Picko, Gospo\u0111ica iz Maksima, Talijanski slamnati \u0161e\u0161ir, Faraon iz Ilice je mrtav, 39 stepenica, Legenda o svetom Muhli, Zaljubljeni Shakespeare, Brat bratu, <span style=\"color: #000000;\">Ludnica s tenorima; Velo misto, Krava na granici<\/span><br \/>\n<\/strong><\/td>\n<\/tr>\n<tr>\n<td valign=\"top\" width=\"18%\"><strong>FILM<\/strong><\/td>\n<td valign=\"top\" width=\"82%\"><strong>Vrijeme za&#8230;<\/strong> (Kodar), <strong>Posljednja volja<\/strong> (Sudar)<\/td>\n<\/tr>\n<tr>\n<td valign=\"top\" width=\"18%\"><strong>TELEVIZIJA<\/strong><\/td>\n<td valign=\"top\" width=\"82%\"><strong>Iz stare \u0161krinje<\/strong> (HTV), <strong>Je l&#8217; me tko tra\u017eio<\/strong> (HTV), <strong>Tre\u0107a sre\u0107a<\/strong> (HTV), brojne tv drame (HTV)<\/td>\n<\/tr>\n<tr>\n<td valign=\"top\" width=\"18%\"><strong>RADIO <\/strong><\/td>\n<td valign=\"top\" width=\"82%\">brojne uloge u radio dramama (Dramski program HR) i radio igrama za djecu (Dje\u010dji program HR)<\/td>\n<\/tr>\n<tr>\n<td valign=\"top\" width=\"18%\"><strong>OSTALO<\/strong><\/td>\n<td valign=\"top\" width=\"82%\">brojne sinkronizacije animiranih filmova; me\u0111u ostalim Misty u <strong>Pokemonima<\/strong>, Gita u <strong>Novim zgodama \u0160egrta Hlapi\u0107a<\/strong> i Frka u <strong>Actionmanu<\/strong><\/td>\n<\/tr>\n<tr>\n<td colspan=\"2\" valign=\"top\">&nbsp;<\/td>\n<\/tr>\n<tr>\n<td valign=\"top\" width=\"18%\" height=\"33\"><strong>NAGRADE I PRIZNANJA<\/strong><\/td>\n<td valign=\"top\" width=\"82%\" height=\"33\"><strong>Nagrada hrvatskog glumi\u0161ta<\/strong> 2000. godine za ulogu Marice (Gospodsko dijete); Nagrada za najbolju glumicu na <strong>20. Festivalu glumca<\/strong> u Vinkovcima (2013.);&nbsp;Nagrada za najbolju glumicu na&nbsp;<strong>21. Festivalu glumca<\/strong>&nbsp;u Vinkovcima (2014.)<\/td>\n<\/tr>\n<tr>\n<td colspan=\"2\" valign=\"top\" height=\"33\">&nbsp;<\/td>\n<\/tr>\n<tr>\n<td valign=\"top\" width=\"18%\" height=\"33\"><strong>STATUSI U &#8220;KOMEDIJI&#8221;<\/strong><\/td>\n<td valign=\"top\" width=\"82%\" height=\"33\">prva premijera 11. lipnja 1994. (Kralj je gol), zaposlena od 1. o\u017eujka 1994.<\/td>\n<\/tr>\n<\/tbody>\n<\/table>\n","protected":false},"excerpt":{"rendered":"<p>Glumica &nbsp; DATUM I MJESTO RO\u0110ENJA 29. svibnja 1970., Zagreb ansambl Kazali\u0161te &#8220;Komedija&#8221;, p.p. 428, Zagreb tel.: +385 (0)1 48<\/p>\n","protected":false},"author":4,"featured_media":0,"parent":6992,"menu_order":0,"comment_status":"closed","ping_status":"closed","template":"","meta":{"ngg_post_thumbnail":0,"footnotes":""},"class_list":["post-1101","page","type-page","status-publish","hentry"],"_links":{"self":[{"href":"https:\/\/dev.komedija.hr\/www\/wp-json\/wp\/v2\/pages\/1101","targetHints":{"allow":["GET"]}}],"collection":[{"href":"https:\/\/dev.komedija.hr\/www\/wp-json\/wp\/v2\/pages"}],"about":[{"href":"https:\/\/dev.komedija.hr\/www\/wp-json\/wp\/v2\/types\/page"}],"author":[{"embeddable":true,"href":"https:\/\/dev.komedija.hr\/www\/wp-json\/wp\/v2\/users\/4"}],"replies":[{"embeddable":true,"href":"https:\/\/dev.komedija.hr\/www\/wp-json\/wp\/v2\/comments?post=1101"}],"version-history":[{"count":1,"href":"https:\/\/dev.komedija.hr\/www\/wp-json\/wp\/v2\/pages\/1101\/revisions"}],"predecessor-version":[{"id":18588,"href":"https:\/\/dev.komedija.hr\/www\/wp-json\/wp\/v2\/pages\/1101\/revisions\/18588"}],"up":[{"embeddable":true,"href":"https:\/\/dev.komedija.hr\/www\/wp-json\/wp\/v2\/pages\/6992"}],"wp:attachment":[{"href":"https:\/\/dev.komedija.hr\/www\/wp-json\/wp\/v2\/media?parent=1101"}],"curies":[{"name":"wp","href":"https:\/\/api.w.org\/{rel}","templated":true}]}}