{"id":1105,"date":"2011-08-18T12:15:46","date_gmt":"2011-08-18T12:15:46","guid":{"rendered":"http:\/\/www.komedija.hr\/web\/?page_id=1105"},"modified":"2022-10-04T15:18:47","modified_gmt":"2022-10-04T13:18:47","slug":"pintaric-danijela","status":"publish","type":"page","link":"https:\/\/dev.komedija.hr\/www\/ansambl-2\/pjevaci\/pintaric-danijela\/","title":{"rendered":"Danijela Pintari\u0107"},"content":{"rendered":"<table border=\"0\" width=\"100%\">\n<tbody>\n<tr>\n<td><a href=\"http:\/\/www.komedija.hr\/www\/wp-content\/uploads\/2011\/08\/danijela_pintaric-1.jpg\"><img loading=\"lazy\" decoding=\"async\" class=\"alignnone size-medium wp-image-7221\" src=\"http:\/\/www.komedija.hr\/www\/wp-content\/uploads\/2011\/08\/danijela_pintaric-1-200x300.jpg\" alt=\"danijela_pintaric\" width=\"200\" height=\"300\" srcset=\"https:\/\/dev.komedija.hr\/www\/wp-content\/uploads\/2011\/08\/danijela_pintaric-1-200x300.jpg 200w, https:\/\/dev.komedija.hr\/www\/wp-content\/uploads\/2011\/08\/danijela_pintaric-1.jpg 533w\" sizes=\"auto, (max-width: 200px) 100vw, 200px\" \/><\/a><\/td>\n<td>&nbsp;Operna pjeva\u010dica &#8211; solistica<\/td>\n<\/tr>\n<tr valign=\"top\">\n<td colspan=\"2\" height=\"20\">&nbsp;<\/td>\n<\/tr>\n<tr>\n<td valign=\"top\" width=\"18%\" height=\"25\"><strong>DATUM I MJESTO RO\u0110ENJA <\/strong><\/td>\n<td valign=\"top\" width=\"82%\" height=\"25\">\n<div align=\"left\">13.3.1979., Zagreb<\/div>\n<\/td>\n<\/tr>\n<tr>\n<td valign=\"top\" width=\"18%\"><strong>ANSAMBL<\/strong><\/td>\n<td valign=\"top\" width=\"82%\">Kazali\u0161te \u201cKomedija\u201d, p.p. 428, Zagreb<br \/>\ntel.: +385 (0)1 48 13 200; fax: +385 (0)1 48 12 179<br \/>\ne-mail: <a href=\"mailto:danijela.pintaric01@gmail.com\">danijela.pintaric01@gmail.com<\/a><\/td>\n<\/tr>\n<tr>\n<td colspan=\"2\" valign=\"top\">&nbsp;<\/td>\n<\/tr>\n<tr>\n<td valign=\"top\" width=\"18%\" height=\"19\"><strong>OBRAZOVANJE<\/strong><\/td>\n<td valign=\"top\" width=\"82%\" height=\"19\"><strong>Muzi\u010dka akademija<\/strong> (violina i pjevanje)<\/td>\n<\/tr>\n<tr>\n<td valign=\"top\" width=\"18%\"><strong>GLAS, KLASA <\/strong><\/td>\n<td valign=\"top\" width=\"82%\">sopran, prof. Lidija Horvat &#8211; Dunjko<\/td>\n<\/tr>\n<tr>\n<td valign=\"top\" width=\"18%\"><strong>SEMINARI, TE\u010cAJEVI&#8230; <\/strong><\/td>\n<td valign=\"top\" width=\"82%\">usavr\u0161avanje na me\u0111unarodnim \u0161kolama: solo pjevanja (<strong>Internacionalni seminar pjevanja na Visu<\/strong> pod vodstvom profesora Gerharda i Annemarie Zeller te Operna \u0161kola <strong>Mirula<\/strong> pod vodstvom Lidije Horvat \u2013 Dunjko) i violine (vi\u0161egodi\u0161nje sudjelovanje na Me\u0111unarodnoj ljetnoj \u0161koli <strong>Hic Faros hic ars<\/strong> na Hvaru u klasi prof. Asje Kouchner).<\/td>\n<\/tr>\n<tr>\n<td colspan=\"2\" valign=\"top\">&nbsp;<\/td>\n<\/tr>\n<tr>\n<td valign=\"top\" width=\"18%\" height=\"53\"><strong>KAZALI\u0160TE<\/strong><\/td>\n<td valign=\"top\" width=\"82%\" height=\"53\"><strong>ZGK Komedija:<\/strong> Kosa, <a title=\"Aida\" href=\"http:\/\/www.komedija.hr\/web\/?page_id=247\">Aida<\/a>, <a title=\"Briljantin\" href=\"http:\/\/www.komedija.hr\/web\/?page_id=304\">Briljantin<\/a>, <a title=\"Skidajte se do kraja\" href=\"http:\/\/www.komedija.hr\/web\/?page_id=616\">Skidajte se do kraja<\/a>, Ru\u017ea na asfaltu, <a title=\"Dundo Maroje 008\" href=\"http:\/\/www.komedija.hr\/web\/?page_id=486\">Dundo Maroje 008<\/a>, <a title=\"Lijepa Helena\" href=\"http:\/\/www.komedija.hr\/web\/?page_id=454\">Lijepa Helena<\/a>, Tu\u0111e pjesme moji snovi, <a title=\"Jalta, Jalta\" href=\"http:\/\/www.komedija.hr\/web\/?page_id=370\">Jalta Jalta<\/a>, Broadway u Komediji &#8211; Inventura, Mamma Mia!, Legenda Ru\u017eice grada (koprodukcija ZGK &#8220;Komedija&#8221;, Studija &#8220;Kubus&#8221; i Plesne skupine RI Dance), Byron, Grofica Marica (2019.); Alfi Kabiljo: Moji mjuzikli #2; Ljepotica i Zvijer<br \/>\n<strong>HNK Zagreb:<\/strong> \u010carobna frula, <strong>HNK Osijek:<\/strong> Kraljevi i konju\u0161ari, Jalta Jalta, Moje pjesme, moji snovi<\/td>\n<\/tr>\n<tr>\n<td valign=\"top\" width=\"18%\"><strong>KONCERTI<\/strong><\/td>\n<td valign=\"top\" width=\"82%\">Nekoliko stotina solisti\u010dkih nastupa diljem Hrvatske i Europe, te u SAD-u, Japanu i Indoneziji, me\u0111u ostalima nastupi uz <strong>Zagreba\u010dku filharmoniju<\/strong>, <strong>Sarajevsku filharmoniju<\/strong>, <strong>Dubrova\u010dki simfonijski orkestar<\/strong>, <strong>Revijski orkestar HRT-a<\/strong>, <strong>Tambura\u0161ki orkestar HRT-a<\/strong> i <strong>Big bend HRT-a<\/strong>, te <strong>Orkestar opere HNK u Osijeku<\/strong><strong>. Istaknutiji koncerti:<\/strong> Koncert filmske glazbe \u201eIza duge\u201c (Pedago\u0161ki fakultet,Osijek,), Igrani koncert \u201ePri\u010da o mjuziklu\u201c (HNK Osijek, Pe\u010duh i dr.), \u201eOpereta, canzona, mjuzikl\u201c (Novi Vinodolski, Senj), Lipanjska operna no\u0107 (HNK Osijek), Filharmonijski bal, \u201eVe\u010der vje\u010dnih melodija\u201c (Orebi\u0107, Kor\u010dula), \u201eG. Gershwin: Porgy &amp; Bess, ulomci iz opere\u201c (HGZ Zagreb), \u201eVe\u010der Alfija Kabilja\u201c (KD Vatroslav Lisinski), Koncert povodom otvorenja Pa\u0161kog ljeta kulture 2010., \u201eVe\u010der mjuzikla\u201c (Pala\u010da Fritzy, Mali Lo\u0161inj), \u201eKoncert pod maskama\u201c (Revelin, Dubrovnik), Otvorenje Osje\u010dkog ljeta kulture 2011., Koncert u sklopu programa \u201eZvijezde pod zvijezdama\u201c (Dubrovnik), Koncert barokne glazbe (izvodi se diljem Hrvatske) itd. Redovito sudjeluje u koncernim programima GK Komedija (No\u0107 mjuzikla, Komedija gala i dr.). Zajedno sa tenorom Tvrtkom Stipi\u0107em i klaviristom Marijem \u010coporom osnovala je 2011. <strong>TRIO CANTABILE<\/strong> s kojim je odr\u017eala nekoliko koncerata u Indoneziji (Padang Panjang, Jakarta) te u Vukovaru (Ususret Valentinovu) te i dalje redovito koncertiraju diljem Hrvatske.<\/td>\n<\/tr>\n<tr>\n<td valign=\"top\" width=\"18%\"><strong>TELEVIZIJA<\/strong><\/td>\n<td valign=\"top\" width=\"82%\"><strong>HRT:<\/strong> Dobro jutro Hrvatska, Crno bijelo u boji, \u017divi zid, Domovnica, Lijepom na\u0161om, Svirci moji, Hrvatska u\u017eivo, Ve\u010deri opatijskih serenada, Goleo, Pljesak molim, Coca Cola Music Stars (pobjednica &#8211; 2004.), Izbor Miss Universe 2006., Dora, Ljetna slagalica, TV Bingo show, Tiha no\u0107 u Vukovaru, razni festivali (Krapina, Zagrebfest, Pitoma\u010da) te posebni programi (Ve\u010der Alfija Kabilja, koncerti vezani uz humanitarne akcije itd.)<\/td>\n<\/tr>\n<tr>\n<td valign=\"top\" width=\"18%\"><strong>OSTALO<\/strong><\/td>\n<td valign=\"top\" width=\"82%\">Profesorica pjevanja na odsjeku glume i lutkarstva <strong>Umjetni\u010dke akademije u Osijeku<\/strong> (4. i 5. godina)<\/td>\n<\/tr>\n<tr>\n<td colspan=\"2\" valign=\"top\">&nbsp;<\/td>\n<\/tr>\n<tr>\n<td valign=\"top\" width=\"18%\" height=\"33\"><strong>NAGRADE I PRIZNANJA<\/strong><\/td>\n<td valign=\"top\" width=\"82%\" height=\"33\">Dvije nominacije za <strong>Nagradu hrvatskog glumi\u0161ta<\/strong> (2006. za ulogu Amneris u mjuziklu AIDA i 2010. za ulogu Veronike u mjuziklu TU\u0110E PJESME MOJI SNOVI), 2. nagrada stru\u010dnog ocjenjiva\u010dkog suda i Nagrada publike na <strong>Festivalu kajkavske popevke Krapina 2006.<\/strong>,&nbsp;Grand prix (1. nagrada stru\u010dnog ocjenjiva\u010dkog suda) na <strong>Festivalu kajkavske popevke Krapina 2007.<\/strong>, 3. mjesto na <strong>DORI 2007.<\/strong>&nbsp;Tijekom \u0161kolovanja redovito osvajala nagrade na dr\u017eavnim natjecanjima u\u010denika i studenata glazbe i to u kategorijama violine, neklasi\u010dnih komornih sastava i solo pjevanja.<br \/>\nNagrada hrvatskoga glumi\u0161ta 2016. za najbolje ostvarenje u kategoriji mjuzikl\/opereta za uloge u mjuziklima Mamma Mia! i Legenda Ru\u017eice Grada<\/td>\n<\/tr>\n<tr>\n<td colspan=\"2\" valign=\"top\" height=\"33\">&nbsp;<\/td>\n<\/tr>\n<tr>\n<td valign=\"top\" width=\"18%\" height=\"33\"><strong>STATUSI U &#8220;KOMEDIJI&#8221;<\/strong><\/td>\n<td valign=\"top\" width=\"82%\" height=\"33\">Prva premijera 11. srpnja 2003. (Kosa); zaposlena od 16. sije\u010dnja 2006.<\/td>\n<\/tr>\n<tr>\n<td valign=\"top\" width=\"18%\" height=\"33\"><strong>TRENUTA\u010cNI ANGA\u017dMANI IZVAN KOMEDIJE <\/strong><\/td>\n<td valign=\"top\" width=\"82%\" height=\"33\">HNK Osijek: Jalta Jalta (Nina Filipovna)<\/td>\n<\/tr>\n<tr>\n<td valign=\"top\" width=\"18%\" height=\"33\"><strong>ZANIMLJIVO<\/strong><\/td>\n<td valign=\"top\" width=\"82%\" height=\"33\">Do sada je snimila oko 20-ak glazbenih brojeva na raznim nosa\u010dima zvuka (kao gost na albumu ili u sklopu festivalskih kompilacija) izvode\u0107i pjesme Arsena Dedi\u0107a, Alfija Kabilja, \u0110ele Jusi\u0107a, \u017deljena Kla\u0161terke, Andreja Ba\u0161e, Mirjane Pospi\u0161 i Zrinka Tuti\u0107a (koji su za nju pisali), ali i poznate svjetske evergrine.<\/td>\n<\/tr>\n<\/tbody>\n<\/table>\n","protected":false},"excerpt":{"rendered":"<p>&nbsp;Operna pjeva\u010dica &#8211; solistica &nbsp; DATUM I MJESTO RO\u0110ENJA 13.3.1979., Zagreb ANSAMBL Kazali\u0161te \u201cKomedija\u201d, p.p. 428, Zagreb tel.: +385 (0)1<\/p>\n","protected":false},"author":4,"featured_media":0,"parent":7017,"menu_order":0,"comment_status":"closed","ping_status":"closed","template":"","meta":{"ngg_post_thumbnail":0,"footnotes":""},"class_list":["post-1105","page","type-page","status-publish","hentry"],"_links":{"self":[{"href":"https:\/\/dev.komedija.hr\/www\/wp-json\/wp\/v2\/pages\/1105","targetHints":{"allow":["GET"]}}],"collection":[{"href":"https:\/\/dev.komedija.hr\/www\/wp-json\/wp\/v2\/pages"}],"about":[{"href":"https:\/\/dev.komedija.hr\/www\/wp-json\/wp\/v2\/types\/page"}],"author":[{"embeddable":true,"href":"https:\/\/dev.komedija.hr\/www\/wp-json\/wp\/v2\/users\/4"}],"replies":[{"embeddable":true,"href":"https:\/\/dev.komedija.hr\/www\/wp-json\/wp\/v2\/comments?post=1105"}],"version-history":[{"count":0,"href":"https:\/\/dev.komedija.hr\/www\/wp-json\/wp\/v2\/pages\/1105\/revisions"}],"up":[{"embeddable":true,"href":"https:\/\/dev.komedija.hr\/www\/wp-json\/wp\/v2\/pages\/7017"}],"wp:attachment":[{"href":"https:\/\/dev.komedija.hr\/www\/wp-json\/wp\/v2\/media?parent=1105"}],"curies":[{"name":"wp","href":"https:\/\/api.w.org\/{rel}","templated":true}]}}