{"id":1118,"date":"2011-08-18T12:56:51","date_gmt":"2011-08-18T10:56:51","guid":{"rendered":"http:\/\/www.komedija.hr\/web\/?page_id=1118"},"modified":"2019-11-19T08:55:59","modified_gmt":"2019-11-19T07:55:59","slug":"prohic-nedim","status":"publish","type":"page","link":"https:\/\/dev.komedija.hr\/www\/umirovljeni-i-bivsi-clanovi-ansambla\/prohic-nedim\/","title":{"rendered":"Nedim Prohi\u0107"},"content":{"rendered":"<table border=\"0\" width=\"100%\">\n<tbody>\n<tr>\n<td><a href=\"http:\/\/www.komedija.hr\/www\/wp-content\/uploads\/2011\/08\/nedim_prohic.jpg\" target=\"_blank\" rel=\"noopener noreferrer\"><img loading=\"lazy\" decoding=\"async\" class=\"alignnone wp-image-7257 size-medium\" src=\"http:\/\/www.komedija.hr\/www\/wp-content\/uploads\/2011\/08\/nedim_prohic-200x300.jpg\" alt=\"nedim_prohic\" width=\"200\" height=\"300\" srcset=\"https:\/\/dev.komedija.hr\/www\/wp-content\/uploads\/2011\/08\/nedim_prohic-200x300.jpg 200w, https:\/\/dev.komedija.hr\/www\/wp-content\/uploads\/2011\/08\/nedim_prohic.jpg 533w\" sizes=\"auto, (max-width: 200px) 100vw, 200px\" \/><\/a><\/td>\n<td>Glumac<\/td>\n<\/tr>\n<tr valign=\"top\">\n<td colspan=\"2\" height=\"20\"><\/td>\n<\/tr>\n<tr>\n<td valign=\"top\" width=\"18%\" height=\"25\"><strong>DATUM I MJESTO RO\u0110ENJA <\/strong><\/td>\n<td valign=\"top\" width=\"82%\" height=\"25\">\n<div align=\"left\">14. lipnja 1954., Zagreb<\/div>\n<\/td>\n<\/tr>\n<tr>\n<td valign=\"top\" width=\"18%\" height=\"55\"><strong>ansambl<\/strong><\/td>\n<td valign=\"top\" width=\"82%\" height=\"55\">Kazali\u0161te &#8220;Komedija&#8221;, p.p. 428, Zagreb<br \/>\ntel.: +385 (0)1 48 13 200; fax: +385 (0)1 48 12 179<br \/>\ne-mail: <a href=\"mailto:propaganda@komedija.hr\">komedija@komedija.hr<\/a><\/td>\n<\/tr>\n<tr>\n<td valign=\"top\" width=\"18%\" height=\"25\"><strong>OBRAZOVANJE<\/strong><\/td>\n<td valign=\"top\" width=\"82%\" height=\"25\">Akademija dramske umjetnosti Sveu\u010dili\u0161ta u Zagrebu<\/td>\n<\/tr>\n<tr>\n<td colspan=\"2\" valign=\"top\"><\/td>\n<\/tr>\n<tr>\n<td valign=\"top\" width=\"18%\" height=\"18\"><strong>KAZALI\u0160TE<\/strong><\/td>\n<td valign=\"top\" width=\"82%\" height=\"18\">ZGK &#8220;Komedija&#8221;: <strong>Mati\u010dek se \u017eeni, Jalta Jalta, Leonce i Lena, \u010ce\u0161alj, Zemlja smije\u0161ka, Crveni otok, Sastanak u Senlisu, Sve je dobro \u0161to se dobro svr\u0161i, Probudi se Kato, Skup, Sloboda u Sra\u010dincima, O&#8217;Kaj, \u010cini barona Tamburlana, Kaj2O, Moj tata socijalisti\u010dki kulak, Orden, Lova\u010dko dru\u0161tvo, Kaos u kulisama, Car Franjo Josip u Zagrebu, Veliki manevri u tijesnim ulicama, Dubravka, Lady \u0160ram, Muka i uskrsnu\u0107e spasitelja na\u0161ega, Stranka ljubavi, \u0110erdan, Komedija zabuna, Luda no\u0107 u hotelu President, Kralj je gol, Isus &#8211; sin \u010dovje\u010dji, Piaf, San ivanjske no\u0107i, Majka Hrabrost i njezina djeca, Legalisti, Nosonja, Jalta, Jalta, Kneginja \u010darda\u0161a, Byron<\/strong>; HNK Zagreb <strong>Richard III<\/strong>, DK &#8220;Gavella&#8221;: <strong>Vu\u010djak<\/strong> ; GD &#8220;Histrion&#8221;: <strong>Glumijada, Faust<\/strong>; Dubrova\u010dke ljetne igre: <strong>Kolumbo, Aretej, Dundo Maroje, Play Dr\u017ei\u0107, Edip, Edip na Kolonu<\/strong>; Splitske ljetne igre: <strong>Volpone, Vu\u010djak<\/strong>; Tre\u0161nja: <strong>Kralj Matija\u0161 I.<\/strong><\/td>\n<\/tr>\n<tr>\n<td valign=\"top\" width=\"18%\" height=\"14\"><strong>FILM<\/strong><\/td>\n<td valign=\"top\" width=\"82%\" height=\"14\"><strong>Sofijin izbor<\/strong> (Pakula), <strong>Izbavitelj<\/strong> (Papi\u0107), <strong>\u017deljezni kri\u017e<\/strong> (Pekinpo)<\/td>\n<\/tr>\n<tr>\n<td valign=\"top\" width=\"18%\" height=\"14\"><strong>TELEVIZIJA<\/strong><\/td>\n<td valign=\"top\" width=\"82%\" height=\"14\"><strong>Velo misto<\/strong> (HTV), <strong>Tesla<\/strong> (HTV), <strong>\u017divot u ku\u0107i<\/strong> (HTV), <strong>Kon\u010dar<\/strong> (HTV), <strong>Glembajevi<\/strong> (HTV)<\/td>\n<\/tr>\n<tr>\n<td valign=\"top\" width=\"18%\" height=\"15\"><strong>RADIO<\/strong><\/td>\n<td valign=\"top\" width=\"82%\" height=\"15\">vi\u0161e od stotinu radio drama (Dramski program HR), od \u010dega dvadesetak glavnih uloga<\/td>\n<\/tr>\n<tr>\n<td valign=\"top\" width=\"18%\" height=\"19\"><strong>OSTALO<\/strong><\/td>\n<td valign=\"top\" width=\"82%\" height=\"19\">sudjelovanje na razli\u010ditim priredbama i manifestacijama; sinkronizacija animiranih filmova<\/td>\n<\/tr>\n<tr>\n<td colspan=\"2\" valign=\"top\" height=\"33\"><\/td>\n<\/tr>\n<tr>\n<td valign=\"top\" width=\"18%\" height=\"33\"><strong>STATUSI U &#8220;KOMEDIJI&#8221;<\/strong><\/td>\n<td valign=\"top\" width=\"82%\" height=\"33\">prva premijera 28. prosinca 1978. (Mati\u010dek se \u017eeni), zaposlen od 12. studenoga 1980.<\/td>\n<\/tr>\n<\/tbody>\n<\/table>\n","protected":false},"excerpt":{"rendered":"<p>Glumac DATUM I MJESTO RO\u0110ENJA 14. lipnja 1954., Zagreb ansambl Kazali\u0161te &#8220;Komedija&#8221;, p.p. 428, Zagreb tel.: +385 (0)1 48 13<\/p>\n","protected":false},"author":4,"featured_media":0,"parent":8592,"menu_order":0,"comment_status":"closed","ping_status":"closed","template":"","meta":{"ngg_post_thumbnail":0,"footnotes":""},"class_list":["post-1118","page","type-page","status-publish","hentry"],"_links":{"self":[{"href":"https:\/\/dev.komedija.hr\/www\/wp-json\/wp\/v2\/pages\/1118","targetHints":{"allow":["GET"]}}],"collection":[{"href":"https:\/\/dev.komedija.hr\/www\/wp-json\/wp\/v2\/pages"}],"about":[{"href":"https:\/\/dev.komedija.hr\/www\/wp-json\/wp\/v2\/types\/page"}],"author":[{"embeddable":true,"href":"https:\/\/dev.komedija.hr\/www\/wp-json\/wp\/v2\/users\/4"}],"replies":[{"embeddable":true,"href":"https:\/\/dev.komedija.hr\/www\/wp-json\/wp\/v2\/comments?post=1118"}],"version-history":[{"count":0,"href":"https:\/\/dev.komedija.hr\/www\/wp-json\/wp\/v2\/pages\/1118\/revisions"}],"up":[{"embeddable":true,"href":"https:\/\/dev.komedija.hr\/www\/wp-json\/wp\/v2\/pages\/8592"}],"wp:attachment":[{"href":"https:\/\/dev.komedija.hr\/www\/wp-json\/wp\/v2\/media?parent=1118"}],"curies":[{"name":"wp","href":"https:\/\/api.w.org\/{rel}","templated":true}]}}