{"id":11213,"date":"2018-11-28T08:40:03","date_gmt":"2018-11-28T07:40:03","guid":{"rendered":"http:\/\/www.komedija.hr\/www\/?page_id=11213"},"modified":"2025-01-21T12:41:48","modified_gmt":"2025-01-21T11:41:48","slug":"fabijan-pavao-medvesek","status":"publish","type":"page","link":"https:\/\/dev.komedija.hr\/www\/ansambl-2\/glumci\/fabijan-pavao-medvesek\/","title":{"rendered":"Fabijan Pavao Medve\u0161ek"},"content":{"rendered":"<p>&nbsp;<\/p>\n<table border=\"0\" width=\"100%\">\n<tbody>\n<tr>\n<td><a href=\"http:\/\/www.komedija.hr\/www\/wp-content\/uploads\/2018\/11\/Fabijan-Pavao-Medvesek1.jpg\"><img loading=\"lazy\" decoding=\"async\" class=\"alignnone size-medium wp-image-11227\" src=\"http:\/\/www.komedija.hr\/www\/wp-content\/uploads\/2018\/11\/Fabijan-Pavao-Medvesek1-200x300.jpg\" alt=\"\" width=\"200\" height=\"300\" srcset=\"https:\/\/dev.komedija.hr\/www\/wp-content\/uploads\/2018\/11\/Fabijan-Pavao-Medvesek1-200x300.jpg 200w, https:\/\/dev.komedija.hr\/www\/wp-content\/uploads\/2018\/11\/Fabijan-Pavao-Medvesek1.jpg 533w\" sizes=\"auto, (max-width: 200px) 100vw, 200px\" \/><\/a><\/td>\n<td>\n<p lang=\"hr-HR\">glumac\/pjeva\u010d<\/p>\n<\/td>\n<\/tr>\n<tr>\n<td valign=\"top\" width=\"18%\" height=\"25\"><strong>DATUM I MJESTO RO\u0110ENJA <\/strong><\/td>\n<td valign=\"top\" width=\"82%\" height=\"25\">\n<div align=\"left\">\n<p lang=\"hr-HR\">30.12.1992. Zagreb<\/p>\n<\/div>\n<\/td>\n<\/tr>\n<tr>\n<td valign=\"top\" width=\"18%\" height=\"55\"><strong>ANSAMBL<\/strong><\/td>\n<td valign=\"top\" width=\"82%\" height=\"55\">Kazali\u0161te &#8220;Komedija&#8221;, p.p. 428, Zagreb<br \/>\ntel.: +385 (0)1 48 13 200; fax: +385 (0)1 48 12 179<br \/>\ne-mail: <a href=\"mailto:propaganda@komedija.hr\">propaganda@komedija.hr<\/a><br \/>\ne-mail: <a href=\"mailto:pavao.medvesek@gmail.com\">pavao.medvesek@gmail.com<\/a><\/td>\n<\/tr>\n<tr>\n<td valign=\"top\" width=\"18%\" height=\"25\"><strong>OBRAZOVANJE<\/strong><\/td>\n<td valign=\"top\" width=\"82%\" height=\"25\">Akademija dramske umjetnosti Sveu\u010dili\u0161ta u Zagrebu<\/td>\n<\/tr>\n<tr>\n<td valign=\"top\" width=\"18%\" height=\"25\">\n<p lang=\"hr-HR\"><strong>GLAS, KLASA<\/strong><\/p>\n<\/td>\n<td valign=\"top\" width=\"82%\" height=\"25\">Tenor<\/td>\n<\/tr>\n<tr>\n<td valign=\"top\" width=\"18%\" height=\"18\"><strong>KAZALI\u0160TE<\/strong><\/td>\n<td valign=\"top\" width=\"82%\" height=\"18\">Kazali\u0161te &#8220;Komedija&#8221;:<br \/>\n<strong style=\"font-family: inherit; font-size: inherit;\">Simon Zealotes<\/strong><span style=\"font-family: inherit; font-size: inherit;\">, &#8221;<\/span><a style=\"font-family: inherit; font-size: inherit;\" href=\"http:\/\/www.komedija.hr\/www\/repertoar\/jesus-christ-superstar\/\">Jesus Christ Superstar<\/a><span style=\"font-family: inherit; font-size: inherit;\">&#8221;, 2018., ZGK Komedija \/ Zagreba\u010dka filharmonija \/ KD Vatroslav Lisinski (dirigent: Dinko Appelt, redatelj: Damir Lon\u010dar)<br \/>\n<\/span><strong>Frank Sawatzki<\/strong>, , &#8221;<a href=\"http:\/\/www.komedija.hr\/www\/repertoar\/opet-on\/\">Opet on<\/a>&#8221; (redatelj: Marko Juraga)<br \/>\n<strong>Mereb<\/strong>,&nbsp; &#8221;<a href=\"http:\/\/www.komedija.hr\/www\/repertoar\/aida\/\">Aida<\/a>&#8221; (dirigent: Dinko Appelt, redateljica: Dora Ru\u017edjak Podolski)<br \/>\n<strong>Alfred Makajec<\/strong>, &#8221;<a href=\"http:\/\/www.komedija.hr\/www\/repertoar\/faraon-iz-ilice-je-mrtav\/\">Faraon iz Ilice je mrtav<\/a>&#8221; (redatelj: Kre\u0161imir Dolen\u010di\u0107, dirigent Kre\u0161imir Batini\u0107)<br \/>\n<strong>Judas<\/strong>, <strong>King Herod<\/strong> &#8221;<a href=\"http:\/\/www.komedija.hr\/www\/repertoar\/jesus-christ-superstar\/\">Jesus Christ Superstar<\/a>&#8221; (dirigent: Dinko Appelt, redatelj: Damir Lon\u010dar)<br \/>\n<strong>Robin<\/strong>,&nbsp; Zaljubljeni Shakespeare (redatelj: Stanislav Slovak)<br \/>\n<strong>Sky,<\/strong> Mamma Mia! (dirigent: Dinko Appelt, redatelj: Igor Barberi\u0107)<br \/>\n<strong>Callimaco<\/strong>, Mandragola (redatelj: Zoran Mu\u017ei\u0107)<br \/>\n<span lang=\"hr-HR\"><strong>Zdenko Jakovina<\/strong>, Cabaret <\/span>Zagrep\u010danke i stati\u010dar (autor i redatelj: Ivan Leo Lemo)<br \/>\n<strong>Gaston<\/strong>, Ljepotica i Zvijer (dirigenti: Kre\u0161imir Batini\u0107 \/ Davor Keli\u0107, redatelj: Leo Muji\u0107)<br \/>\n<strong>Benedetto<\/strong>, Mnogo vike niza\u0161to (redatelj: Kre\u0161imir Dolen\u010di\u0107)<br \/>\n<strong>Gri\u0161a<\/strong>, Jalta, Jalta (2024.) (redatelj: Vlado \u0160tefan\u010di\u0107, dirigent: Davor Keli\u0107)<br \/>\n<strong>Kapetan<\/strong>, Zapetljani interesi (redatelj: Aleksandar \u0160vabi\u0107)<br \/>\n<strong>Enjolras<\/strong>, Jadnici (redatelj Stanislav Mo\u0161a, dirigent: Dinko Appelt)&nbsp;<\/p>\n<p>Izvan Komedije:<br \/>\n<strong>Magarac<\/strong>, Damir Ma\u0111ari\u0107, &#8221;Vol i magarac&#8221;, Kazali\u0161te Oberon, Adam Scena<br \/>\n<strong>Igor,<\/strong> Igor Barberi\u0107, mjuzikl &#8221;Pacijenti&#8221;, Koncertna dvorana Vatroslava Lisinskog<br \/>\n<strong>Dubrov\u010dan<\/strong>; C. Goldoni &#8221;Kafetarija&#8221;, redatelj Vinko Bre\u0161an, Dubrova\u010dke ljetne igre<br \/>\n<strong>Feste<\/strong>; William Shakespeare &#8221;Na tri kralja&#8221;, redateljica Sanja Hrnjak, GK Zorin Dom<br \/>\n<strong>Glazbenik<\/strong>; David Mamet &#8221;Kreket\u201d, redatelj Rene Medve\u0161ek, Teatar Exit<br \/>\n<strong>Dominik<\/strong>; Kristina Gavran &#8221;Dje\u010dak koji je tra\u017eio zmaja&#8221;, redatelj Damir Ma\u0111ari\u0107, Scena Gorica<br \/>\n<strong>Benedikt<\/strong>; William Shakespeare &#8221;Puno larme a za ni\u0161&#8221;, redateljica Franka Perkovic, Me\u0111unarodni festival akademija dramske umjetnosti, Scena AMADEO<br \/>\n<strong>Podravec<\/strong>; Miroslav Krle\u017ea &#8221;U logoru&#8221;, redatelj Georgij Paro, Festival Miroslava Krle\u017ee na Gvozdu<\/td>\n<\/tr>\n<tr>\n<td valign=\"top\" width=\"18%\" height=\"14\"><strong>FILM<\/strong><\/td>\n<td valign=\"top\" width=\"82%\" height=\"14\"><strong>Policajac<\/strong>; Eduard Gali\u0107, igrani film &#8221;Za ona dobra stara vremena&#8221;, Missart produkcija<br \/>\n<strong>Mario<\/strong>, kratki film &#8221;Kroz Prozor&#8221;, redatelj Goran Ribari\u0107, Zagreb Film Festival<\/td>\n<\/tr>\n<tr>\n<td valign=\"top\" width=\"18%\" height=\"14\"><strong>TELEVIZIJA<\/strong><\/td>\n<td valign=\"top\" width=\"82%\" height=\"14\"><strong>Don Bo\u017eo Dobroslavi\u0107<\/strong>; Daniel Ku\u0161an, Ivan Miladinov, Stanislav Tomi\u0107, Josip \u017duvan, tv serija &#8221;Na granici&#8221;, Nova TV<br \/>\n<strong>Narednik<\/strong>; Lukas Nola, tv serija &#8221;\u010cuvar dvorca&#8221;, Hrvatska Radio Televizija<br \/>\n<strong>De\u017eurni<\/strong>; Goran Kulenovi\u0107, tv serija \u201dCrno Bijeli Svijet\u201d, Hrvatska Radio Televizija<br \/>\n<strong>Petar<\/strong>; tv serija &#8221;Nemoj nikome re\u0107i&#8221;, redatelj Ivan Livakovi\u0107, Hrvatska Radio Televizija<strong><br \/>\n<\/strong><\/td>\n<\/tr>\n<tr>\n<td valign=\"top\" width=\"18%\" height=\"14\"><strong>NAGRADE<\/strong><\/td>\n<td valign=\"top\" width=\"82%\" height=\"14\">Nagrada hrvatskoga glumi\u0161ta 2020. za izuzetno ostvarenje mladih umjetnika do 30 godina u kategoriji Opereta \/ Mjuzikl za ulogu&nbsp;Chea&nbsp;u mjuziklu &#8220;Evita&#8221; Andrewa Lloyda Webbera i Tima Ricea u re\u017eiji Renate Carole Gatice i produkciji Hrvatskog narodnog kazali\u0161ta Ivana pl. Zajca Rijeka.<strong><br \/>\n<\/strong><\/td>\n<\/tr>\n<\/tbody>\n<\/table>\n","protected":false},"excerpt":{"rendered":"<p>&nbsp; glumac\/pjeva\u010d DATUM I MJESTO RO\u0110ENJA 30.12.1992. Zagreb ANSAMBL Kazali\u0161te &#8220;Komedija&#8221;, p.p. 428, Zagreb tel.: +385 (0)1 48 13 200;<\/p>\n","protected":false},"author":4,"featured_media":0,"parent":6992,"menu_order":0,"comment_status":"closed","ping_status":"closed","template":"","meta":{"ngg_post_thumbnail":0,"footnotes":""},"class_list":["post-11213","page","type-page","status-publish","hentry"],"_links":{"self":[{"href":"https:\/\/dev.komedija.hr\/www\/wp-json\/wp\/v2\/pages\/11213","targetHints":{"allow":["GET"]}}],"collection":[{"href":"https:\/\/dev.komedija.hr\/www\/wp-json\/wp\/v2\/pages"}],"about":[{"href":"https:\/\/dev.komedija.hr\/www\/wp-json\/wp\/v2\/types\/page"}],"author":[{"embeddable":true,"href":"https:\/\/dev.komedija.hr\/www\/wp-json\/wp\/v2\/users\/4"}],"replies":[{"embeddable":true,"href":"https:\/\/dev.komedija.hr\/www\/wp-json\/wp\/v2\/comments?post=11213"}],"version-history":[{"count":2,"href":"https:\/\/dev.komedija.hr\/www\/wp-json\/wp\/v2\/pages\/11213\/revisions"}],"predecessor-version":[{"id":20089,"href":"https:\/\/dev.komedija.hr\/www\/wp-json\/wp\/v2\/pages\/11213\/revisions\/20089"}],"up":[{"embeddable":true,"href":"https:\/\/dev.komedija.hr\/www\/wp-json\/wp\/v2\/pages\/6992"}],"wp:attachment":[{"href":"https:\/\/dev.komedija.hr\/www\/wp-json\/wp\/v2\/media?parent=11213"}],"curies":[{"name":"wp","href":"https:\/\/api.w.org\/{rel}","templated":true}]}}