{"id":1122,"date":"2011-08-18T12:58:14","date_gmt":"2011-08-18T10:58:14","guid":{"rendered":"http:\/\/www.komedija.hr\/web\/?page_id=1122"},"modified":"2024-03-05T23:50:59","modified_gmt":"2024-03-05T22:50:59","slug":"sabljak-renata","status":"publish","type":"page","link":"https:\/\/dev.komedija.hr\/www\/ansambl-2\/glumci\/sabljak-renata\/","title":{"rendered":"Renata Sabljak"},"content":{"rendered":"<table border=\"0\" width=\"100%\">\n<tbody>\n<tr>\n<td><a href=\"http:\/\/www.komedija.hr\/www\/wp-content\/uploads\/2011\/08\/renata_sabljak.jpg\" target=\"_blank\" rel=\"noopener noreferrer\"><img loading=\"lazy\" decoding=\"async\" class=\"alignnone wp-image-7263 size-medium\" src=\"http:\/\/www.komedija.hr\/www\/wp-content\/uploads\/2011\/08\/renata_sabljak-200x300.jpg\" alt=\"renata_sabljak\" width=\"200\" height=\"300\" srcset=\"https:\/\/dev.komedija.hr\/www\/wp-content\/uploads\/2011\/08\/renata_sabljak-200x300.jpg 200w, https:\/\/dev.komedija.hr\/www\/wp-content\/uploads\/2011\/08\/renata_sabljak.jpg 533w\" sizes=\"auto, (max-width: 200px) 100vw, 200px\" \/><\/a><\/td>\n<td>Glumica<\/td>\n<\/tr>\n<tr>\n<td colspan=\"2\" valign=\"top\" height=\"25\">&nbsp;<\/td>\n<\/tr>\n<tr>\n<td valign=\"top\" width=\"18%\" height=\"25\"><strong>DATUM I MJESTO RO\u0110ENJA <\/strong><\/td>\n<td valign=\"top\" width=\"82%\" height=\"25\">\n<div align=\"left\">2. lipnja 1977., Zagreb<\/div>\n<\/td>\n<\/tr>\n<tr>\n<td valign=\"top\" width=\"18%\"><strong>ansambl<\/strong><\/td>\n<td valign=\"top\" width=\"82%\">Kazali\u0161te &#8220;Komedija&#8221;, p.p. 428, Zagreb<br \/>\ntel.: +385 (0)1 48 13 200; fax: +385 (0)1 48 12 179<br \/>\ne-mail: <a href=\"mailto:propaganda@komedija.hr\">propaganda@komedija.hr<\/a><br \/>\n<span style=\"font-family: inherit; font-size: inherit;\">web stranica: <\/span><a style=\"font-family: inherit; font-size: inherit;\" href=\"https:\/\/www.renatasabljak.com\/\">www.renatasabljak.com<\/a><span style=\"font-family: inherit; font-size: inherit;\">&nbsp;<\/span><\/td>\n<\/tr>\n<tr>\n<td colspan=\"2\" valign=\"top\">&nbsp;<\/td>\n<\/tr>\n<tr>\n<td valign=\"top\" width=\"18%\" height=\"25\"><strong>OBRAZOVANJE<\/strong><\/td>\n<td valign=\"top\" width=\"82%\" height=\"25\"><strong>Akademija dramske umjetnosti Sveu\u010dili\u0161ta u Zagrebu <\/strong><\/td>\n<\/tr>\n<tr>\n<td valign=\"top\" width=\"18%\" height=\"34\"><strong>SEMINARI, TE\u010cAJEVI&#8230; <\/strong><\/td>\n<td valign=\"top\" width=\"82%\" height=\"34\"><strong>zavr\u0161ni semestar glume<\/strong> na sveu\u010dili\u0161tu Ohio, SAD, u sklopu razmjene studenata s ADU; <strong>solo pjevanje<\/strong> u glazbenoj \u0161koli Blagoje Bersa<\/td>\n<\/tr>\n<tr>\n<td colspan=\"2\" valign=\"top\">&nbsp;<\/td>\n<\/tr>\n<tr>\n<td valign=\"top\" width=\"18%\" height=\"104\"><strong>KAZALI\u0160TE<\/strong><\/td>\n<td valign=\"top\" width=\"82%\" height=\"104\">Mala scena: <strong>Vagon prvog razreda<\/strong>; GK &#8220;\u017dar ptica&#8221;: <strong>Ti i ja &#8211; mali medo, \u010cudesni svijet brojeva, \u010carobna flauta<\/strong>; KD &#8220;Kufer&#8221;: <strong>U no\u0107i<\/strong>; ZGK &#8220;Komedija&#8221;: <strong>Mali du\u0107an strave, Svoga tela gospodar, Chicago, Majka Hrabrost i njezina djeca, Skidajte se do kraja, Aida, Uhva\u0107en u mre\u017eu, Briljantin<\/strong>,<strong> Jalta, Jalta, Cabaret,&nbsp;<strong>Broadway u Komediji &#8211; Inventura;&nbsp;<strong>Monty Python&#8217;s Spamalot<\/strong><\/strong><\/strong>; <strong>Dobra du\u0161a iz Se\u010duana, Mamma Mia!, Jesus Christ Superstar (2019.); Alfi Kabiljo: Moji mjuzikli #2; Ljepotica i Zvijer<\/strong><br \/>\nDubrova\u010dke ljetne igre:<strong> Ondine<\/strong><\/td>\n<\/tr>\n<tr>\n<td valign=\"top\" width=\"18%\" height=\"25\"><strong>FILM<\/strong><\/td>\n<td valign=\"top\" width=\"82%\" height=\"25\"><strong>Holding <\/strong>(Radi\u0107)<\/td>\n<\/tr>\n<tr>\n<td valign=\"top\" width=\"18%\" height=\"23\">&nbsp;<\/td>\n<td valign=\"top\" width=\"82%\" height=\"23\">&nbsp;<\/td>\n<\/tr>\n<tr>\n<td valign=\"top\" width=\"18%\" height=\"37\"><strong>OSTALO<\/strong><\/td>\n<td valign=\"top\" width=\"82%\" height=\"37\">sinkronizacije animiranih filmova za HTV i Disney (Fiona u <strong>Shreku<\/strong>; zborovi i solo-dionice u <strong>Alladinu<\/strong> i <strong>Kralju lavova<\/strong>)<\/td>\n<\/tr>\n<tr>\n<td colspan=\"2\" valign=\"top\">&nbsp;<\/td>\n<\/tr>\n<tr>\n<td valign=\"top\" width=\"18%\" height=\"33\"><strong>NAGRADE I PRIZNANJA<\/strong><\/td>\n<td valign=\"top\" width=\"82%\" height=\"33\"><strong>Nagrada za animaciju lutke i zajedni\u010dku igru ansambla <\/strong>na SLUK-u, Osijek (\u010cudesni svijet brojeva), <strong>Nagrada za zajedni\u010dku igru ansambla <\/strong>Assitej 2004. (\u010carobna flauta); <strong>Nagrada Festivala glumca <\/strong>za najbolju mladu glumicu godine 2005. za ulogu Marice (Svoga tela gospodar); <strong>Orlando<\/strong> 2006. (Ondine, Dubrova\u010dke ljetne igre); <strong>Nagrada hrvatskoga glumi\u0161ta<\/strong> 2006. za ulogu Aide u istoimenom mjuziklu, 2008. za ulogu Sandy u mjuziklu Briljantin i za ulogu Belle u mjuziklu Ljepotica i zvijer Kazali\u0161ta Tre\u0161nja te 2014. za ulogu Gospe od Jezera u mjuziklu Monty Python&#8217;s Spamalot; <strong>Red Danice hrvatske s likom Marka Maruli\u0107a<\/strong> &#8211; odlikovanje Predsjednice RH prigodom Dana dr\u017eavnosti 2019.<\/td>\n<\/tr>\n<tr>\n<td colspan=\"2\" valign=\"top\" height=\"33\">&nbsp;<\/td>\n<\/tr>\n<tr>\n<td valign=\"top\" width=\"18%\" height=\"35\"><strong>STATUSI U &#8220;KOMEDIJI&#8221;<\/strong><\/td>\n<td valign=\"top\" width=\"82%\" height=\"35\">prva premijera 15. velja\u010de 2002. (Mali du\u0107an strave)<\/td>\n<\/tr>\n<\/tbody>\n<\/table>\n","protected":false},"excerpt":{"rendered":"<p>Glumica &nbsp; DATUM I MJESTO RO\u0110ENJA 2. lipnja 1977., Zagreb ansambl Kazali\u0161te &#8220;Komedija&#8221;, p.p. 428, Zagreb tel.: +385 (0)1 48<\/p>\n","protected":false},"author":4,"featured_media":0,"parent":6992,"menu_order":0,"comment_status":"closed","ping_status":"closed","template":"","meta":{"ngg_post_thumbnail":0,"footnotes":""},"class_list":["post-1122","page","type-page","status-publish","hentry"],"_links":{"self":[{"href":"https:\/\/dev.komedija.hr\/www\/wp-json\/wp\/v2\/pages\/1122","targetHints":{"allow":["GET"]}}],"collection":[{"href":"https:\/\/dev.komedija.hr\/www\/wp-json\/wp\/v2\/pages"}],"about":[{"href":"https:\/\/dev.komedija.hr\/www\/wp-json\/wp\/v2\/types\/page"}],"author":[{"embeddable":true,"href":"https:\/\/dev.komedija.hr\/www\/wp-json\/wp\/v2\/users\/4"}],"replies":[{"embeddable":true,"href":"https:\/\/dev.komedija.hr\/www\/wp-json\/wp\/v2\/comments?post=1122"}],"version-history":[{"count":3,"href":"https:\/\/dev.komedija.hr\/www\/wp-json\/wp\/v2\/pages\/1122\/revisions"}],"predecessor-version":[{"id":18536,"href":"https:\/\/dev.komedija.hr\/www\/wp-json\/wp\/v2\/pages\/1122\/revisions\/18536"}],"up":[{"embeddable":true,"href":"https:\/\/dev.komedija.hr\/www\/wp-json\/wp\/v2\/pages\/6992"}],"wp:attachment":[{"href":"https:\/\/dev.komedija.hr\/www\/wp-json\/wp\/v2\/media?parent=1122"}],"curies":[{"name":"wp","href":"https:\/\/api.w.org\/{rel}","templated":true}]}}