{"id":11239,"date":"2018-11-28T09:39:50","date_gmt":"2018-11-28T08:39:50","guid":{"rendered":"http:\/\/www.komedija.hr\/www\/?page_id=11239"},"modified":"2025-01-21T12:22:52","modified_gmt":"2025-01-21T11:22:52","slug":"adnan-prohic","status":"publish","type":"page","link":"https:\/\/dev.komedija.hr\/www\/ansambl-2\/glumci\/adnan-prohic\/","title":{"rendered":"Adnan Prohi\u0107"},"content":{"rendered":"<table border=\"0\" width=\"100%\">\n<tbody>\n<tr>\n<td><a href=\"http:\/\/www.komedija.hr\/www\/wp-content\/uploads\/2018\/11\/Adnan-Prohic1.jpg\"><img loading=\"lazy\" decoding=\"async\" class=\"alignnone size-medium wp-image-11244\" src=\"http:\/\/www.komedija.hr\/www\/wp-content\/uploads\/2018\/11\/Adnan-Prohic1-200x300.jpg\" alt=\"\" width=\"200\" height=\"300\" srcset=\"https:\/\/dev.komedija.hr\/www\/wp-content\/uploads\/2018\/11\/Adnan-Prohic1-200x300.jpg 200w, https:\/\/dev.komedija.hr\/www\/wp-content\/uploads\/2018\/11\/Adnan-Prohic1.jpg 533w\" sizes=\"auto, (max-width: 200px) 100vw, 200px\" \/><\/a><\/td>\n<td>glumac\/pjeva\u010d<\/td>\n<\/tr>\n<tr>\n<td><strong>UMJETNI\u010cKO IME \/ NADIMAK<\/strong><\/td>\n<td>Adi<\/td>\n<\/tr>\n<tr>\n<td valign=\"top\" width=\"18%\" height=\"25\"><strong>DATUM I MJESTO RO\u0110ENJA <\/strong><\/td>\n<td valign=\"top\" width=\"82%\" height=\"25\">\n<div align=\"left\">\n<p lang=\"hr-HR\">5.8.1990. Zagreb<\/p>\n<\/div>\n<\/td>\n<\/tr>\n<tr>\n<td valign=\"top\" width=\"18%\" height=\"55\"><strong>ANSAMBL<\/strong><\/td>\n<td valign=\"top\" width=\"82%\" height=\"55\">Kazali\u0161te &#8220;Komedija&#8221;, p.p. 428, Zagreb<br \/>\ntel.: +385 (0)1 48 13 200; fax: +385 (0)1 48 12 179<\/td>\n<\/tr>\n<tr>\n<td valign=\"top\" width=\"18%\" height=\"25\"><strong>KONTAKT<\/strong><\/td>\n<td valign=\"top\" width=\"82%\" height=\"25\"><a href=\"mailto:propaganda@komedija.hr\">propaganda@komedija.hr<\/a><\/td>\n<\/tr>\n<tr>\n<td valign=\"top\" width=\"18%\" height=\"25\"><strong>OBRAZOVANJE<\/strong><\/td>\n<td valign=\"top\" width=\"82%\" height=\"25\">Akademija dramske umjetnosti, zvanje mag. glume<\/td>\n<\/tr>\n<tr>\n<td valign=\"top\" width=\"18%\" height=\"18\"><strong>KAZALI\u0160TE<\/strong><\/td>\n<td valign=\"top\" width=\"82%\" height=\"18\">Kazali\u0161te Komedija:<\/p>\n<p><span lang=\"hr-HR\"><a href=\"http:\/\/www.komedija.hr\/www\/arhiva-predstava\/gospodica-iz-maxima\/\">Gospo\u0111ica iz Maxima<\/a><br \/>\n<\/span><a style=\"font-family: inherit; font-size: inherit;\" href=\"http:\/\/www.komedija.hr\/www\/repertoar\/narodil-se-mladi-kralj\/\">Narodil se mladi kralj<\/a><br \/>\n<a href=\"http:\/\/www.komedija.hr\/www\/repertoar\/opet-on\/\">Opet on<\/a><span lang=\"hr-HR\"><br \/>\n<a href=\"http:\/\/www.komedija.hr\/www\/arhiva-predstava\/skup\/\">Skup<\/a> (jedna izvedba)<br \/>\n<\/span><a href=\"http:\/\/www.komedija.hr\/www\/arhiva-predstava\/byron\/\">Byron<\/a><span lang=\"hr-HR\"><br \/>\n<a href=\"https:\/\/dev.komedija.hr\/www\/arhiva-predstava\/kneginja-cardasa-2\/\">Kneginja \u010darda\u0161a<\/a><br \/>\n<a href=\"http:\/\/www.komedija.hr\/www\/arhiva-predstava\/talijanski-slamnati-sesir\/\">Talijanski slamnati \u0161e\u0161ir<\/a><br \/>\n<a href=\"http:\/\/www.komedija.hr\/www\/repertoar\/zaljubljeni-shakespeare\/\">Zaljubljeni Shakespeare<\/a><br \/>\n<\/span><a href=\"https:\/\/dev.komedija.hr\/www\/repertoar\/tulum-u-samostanu\/\">Tulum u samostanu<\/a> (od 25.10.2019.)<br \/>\n<a href=\"https:\/\/dev.komedija.hr\/www\/mnogo-vike-nizasto\/\">Mnogo vike niza\u0161to<\/a><br \/>\nVelo misto<br \/>\n<a href=\"https:\/\/dev.komedija.hr\/www\/repertoar\/vazno-je-zvati-se-ernest\/\">Va\u017eno je zvati se Ernest<\/a><br \/>\n<span style=\"font-family: inherit; font-size: inherit;\">Peripetije sa psihijatrije<\/span><\/p>\n<p><span lang=\"hr-HR\">Izvan Komedije:<\/span><\/p>\n<p><span lang=\"hr-HR\"><strong>Mjuzikl Ora\u0161ar <\/strong>&#8211; Aplauz teatar<br \/>\n<strong>Emigranti<\/strong> &#8211; teatar Erato<\/span><\/td>\n<\/tr>\n<tr>\n<td valign=\"top\" width=\"18%\" height=\"14\"><strong>FILM<\/strong><\/td>\n<td valign=\"top\" width=\"82%\" height=\"14\"><span lang=\"hr-HR\"><strong>The Match<\/strong>, redatelj: Jakov Sedlar<\/span><\/td>\n<\/tr>\n<tr>\n<td valign=\"top\" width=\"18%\" height=\"14\"><strong>TELEVIZIJA<\/strong><\/td>\n<td valign=\"top\" width=\"82%\" height=\"14\"><strong><span lang=\"hr-HR\">Nemoj nikome re\u0107i<\/span><\/strong><span lang=\"hr-HR\"> &#8211;&nbsp; TV serija, HRT<\/span><strong><span lang=\"hr-HR\"><br \/>\nHorvatovi<\/span><\/strong><span lang=\"hr-HR\"> &#8211; Humoristi\u010dna obiteljska dramska serija, RTL televizija<\/span><\/td>\n<\/tr>\n<tr>\n<td valign=\"top\" width=\"18%\" height=\"14\"><strong><span lang=\"hr-HR\">OSTALO<\/span><\/strong><\/td>\n<td valign=\"top\" width=\"82%\" height=\"14\"><span lang=\"hr-HR\">Sinkronizacije kratkometra\u017enih i dugometra\u017enih crtanih filmova za vi\u0161e televizija<\/span><\/td>\n<\/tr>\n<tr>\n<td valign=\"top\" width=\"18%\" height=\"14\">\n<p lang=\"hr-HR\"><strong>STATUSI U KOMEDIJI<\/strong><\/p>\n<\/td>\n<td valign=\"top\" width=\"82%\" height=\"14\"><span lang=\"hr-HR\">Prva premijera: gospodjica iz Maxima, 29.4.2016., zaposlen od 15.11.2018.<\/span><\/td>\n<\/tr>\n<\/tbody>\n<\/table>\n","protected":false},"excerpt":{"rendered":"<p>glumac\/pjeva\u010d UMJETNI\u010cKO IME \/ NADIMAK Adi DATUM I MJESTO RO\u0110ENJA 5.8.1990. Zagreb ANSAMBL Kazali\u0161te &#8220;Komedija&#8221;, p.p. 428, Zagreb tel.: +385<\/p>\n","protected":false},"author":4,"featured_media":0,"parent":6992,"menu_order":0,"comment_status":"closed","ping_status":"closed","template":"","meta":{"ngg_post_thumbnail":0,"footnotes":""},"class_list":["post-11239","page","type-page","status-publish","hentry"],"_links":{"self":[{"href":"https:\/\/dev.komedija.hr\/www\/wp-json\/wp\/v2\/pages\/11239","targetHints":{"allow":["GET"]}}],"collection":[{"href":"https:\/\/dev.komedija.hr\/www\/wp-json\/wp\/v2\/pages"}],"about":[{"href":"https:\/\/dev.komedija.hr\/www\/wp-json\/wp\/v2\/types\/page"}],"author":[{"embeddable":true,"href":"https:\/\/dev.komedija.hr\/www\/wp-json\/wp\/v2\/users\/4"}],"replies":[{"embeddable":true,"href":"https:\/\/dev.komedija.hr\/www\/wp-json\/wp\/v2\/comments?post=11239"}],"version-history":[{"count":2,"href":"https:\/\/dev.komedija.hr\/www\/wp-json\/wp\/v2\/pages\/11239\/revisions"}],"predecessor-version":[{"id":20081,"href":"https:\/\/dev.komedija.hr\/www\/wp-json\/wp\/v2\/pages\/11239\/revisions\/20081"}],"up":[{"embeddable":true,"href":"https:\/\/dev.komedija.hr\/www\/wp-json\/wp\/v2\/pages\/6992"}],"wp:attachment":[{"href":"https:\/\/dev.komedija.hr\/www\/wp-json\/wp\/v2\/media?parent=11239"}],"curies":[{"name":"wp","href":"https:\/\/api.w.org\/{rel}","templated":true}]}}