{"id":1126,"date":"2011-08-18T13:17:02","date_gmt":"2011-08-18T13:17:02","guid":{"rendered":"http:\/\/www.komedija.hr\/web\/?page_id=1126"},"modified":"2025-06-11T12:49:31","modified_gmt":"2025-06-11T10:49:31","slug":"stipanicev-dani","status":"publish","type":"page","link":"https:\/\/dev.komedija.hr\/www\/ansambl-2\/pjevaci\/stipanicev-dani\/","title":{"rendered":"\u0110ani Stipani\u010dev"},"content":{"rendered":"<table border=\"0\" width=\"100%\">\n<tbody>\n<tr>\n<td><a href=\"http:\/\/www.komedija.hr\/www\/wp-content\/uploads\/2011\/08\/djani_stipanicev-1.jpg\" target=\"_blank\" rel=\"noopener noreferrer\"><img loading=\"lazy\" decoding=\"async\" class=\"alignnone wp-image-7213 size-medium\" src=\"http:\/\/www.komedija.hr\/www\/wp-content\/uploads\/2011\/08\/djani_stipanicev-1-200x300.jpg\" alt=\"djani_stipanicev\" width=\"200\" height=\"300\" srcset=\"https:\/\/dev.komedija.hr\/www\/wp-content\/uploads\/2011\/08\/djani_stipanicev-1-200x300.jpg 200w, https:\/\/dev.komedija.hr\/www\/wp-content\/uploads\/2011\/08\/djani_stipanicev-1.jpg 533w\" sizes=\"auto, (max-width: 200px) 100vw, 200px\" \/><\/a><\/td>\n<td>Pjeva\u010d<\/td>\n<\/tr>\n<tr valign=\"top\">\n<td colspan=\"2\" height=\"20\">&nbsp;<\/td>\n<\/tr>\n<tr>\n<td valign=\"top\" width=\"18%\" height=\"25\"><strong>DATUM\/MJESTO RO\u0110ENJA; MJESTO DJETINJSTVA<\/strong><\/td>\n<td valign=\"top\" width=\"82%\" height=\"25\">\n<div align=\"left\">27. 5. 1969., Mokrin (Vojvodina);<br \/>\n\u0160ibenik<\/div>\n<\/td>\n<\/tr>\n<tr>\n<td valign=\"top\" width=\"18%\" height=\"48\"><strong>ansambl<\/strong><\/td>\n<td valign=\"top\" width=\"82%\" height=\"48\">Kazali\u0161te &#8220;Komedija&#8221;, p.p. 428, Zagreb<br \/>\ntel.: +385 (0)1 48 13 200; fax: +385 (0)1 48 12 179<br \/>\ne-mail: <a href=\"mailto:dani.stipanicev@zg.hinet.hr\">dani.stipanicev<\/a><a href=\"mailto:komedija@komedija.hr\">@<\/a><a href=\"mailto:dani.stipanicev@zg.hinet.hr\">zg.hinet.hr<\/a><\/td>\n<\/tr>\n<tr>\n<td colspan=\"2\" valign=\"top\">&nbsp;<\/td>\n<\/tr>\n<tr>\n<td valign=\"top\" width=\"18%\" height=\"19\"><strong>OBRAZOVANJE<\/strong><\/td>\n<td valign=\"top\" width=\"82%\" height=\"19\"><strong>Prirodoslovno-matemati\u010dki fakultet Sveu\u010dili\u0161ta u Zagrebu <\/strong>(biologija)<\/td>\n<\/tr>\n<tr>\n<td valign=\"top\" width=\"18%\"><strong>PJEVA\u010cKO ISKUSTVO <\/strong><\/td>\n<td valign=\"top\" width=\"82%\">\u010dlan klape <strong>Dalmati<\/strong> i manjih vokalnih postava (duet, kvartet); solist (tenor)<\/td>\n<\/tr>\n<tr>\n<td colspan=\"2\" valign=\"top\">&nbsp;<\/td>\n<\/tr>\n<tr>\n<td valign=\"top\" width=\"18%\"><strong>KAZALI\u0160TE<\/strong><\/td>\n<td valign=\"top\" width=\"82%\">ZGK &#8220;Komedija&#8221;: <strong>Kosa, Jesus Christ Superstar (2000.), No\u0107 u Veneciji<\/strong>, <strong>Piaf, Mali du\u0107an strave, Janica i Jean, Aida, Nosonja, Briljantin, Lijepa Helena, Jalta, Jalta, Gubec-beg, Operetni Express 2 013, <strong>Broadway u Komediji &#8211; Inventura<\/strong>; Monty Python&#8217;s Spamalot, Mamma Mia!, Kneginja \u010darda\u0161a, Byron, Jesus Christ Superstar (2019.); Alfi Kabiljo: Moji mjuzikli #2, Ljepotica i Zvijer; Jadnici<br \/>\n<\/strong>Teatar &#8220;\u017dar ptica&#8221;: <strong>Majstorska klasa Marije Callas<\/strong>; HNK Zagreb:<strong> Pri\u010da sa zapadne strane <\/strong><\/td>\n<\/tr>\n<tr>\n<td valign=\"top\" width=\"18%\"><strong>KONCERTI<\/strong><\/td>\n<td valign=\"top\" width=\"82%\">nastupi na desetak festivala, ciklus <strong>Sfumato <\/strong><\/td>\n<\/tr>\n<tr>\n<td valign=\"top\" width=\"18%\"><strong>TELEVIZIJA<\/strong><\/td>\n<td valign=\"top\" width=\"82%\">stalni solist emisije <strong>Napokon nedjelja<\/strong> (TV Mre\u017ea); <strong>U dobrom dru\u0161tvu <\/strong>(HTV), <strong>Moderato cantabile <\/strong>(HTV), <strong>Dizalica <\/strong>(HTV)<\/td>\n<\/tr>\n<tr>\n<td valign=\"top\" width=\"18%\"><strong>OSTALO<\/strong><\/td>\n<td valign=\"top\" width=\"82%\">vi\u0161e od stotinu glazbenih snimaka, od opernih arija do zabavne glazbe<\/td>\n<\/tr>\n<tr>\n<td colspan=\"2\" valign=\"top\">&nbsp;<\/td>\n<\/tr>\n<tr>\n<td valign=\"top\" width=\"18%\" height=\"33\"><strong>NAGRADE I PRIZNANJA<\/strong><\/td>\n<td valign=\"top\" width=\"82%\" height=\"33\"><strong>Nagrada za interpretaciju <\/strong>na festivalu Split &#8217;99. (Zbog tebe), <strong>\u0160ibenska \u0161ansona <\/strong>godine 2001. (Pa\u0161ko); <strong>Nagrada hrvatskoga glumi\u0161ta <\/strong>2004. godine za ulogu Tonyja (Pri\u010da sa zapadne strane, HNK Zagreb); <strong>Prva nagrada publike<\/strong> i <strong>Nagrada za najbolju interpretaciju<\/strong>.na festivalu \u0161ansone \u0160ibenik 2005.; <strong>Red Danice hrvatske s likom Marka Maruli\u0107a<\/strong> &#8211; odlikovanje Predsjednice RH prigodom Dana dr\u017eavnosti 2019.<\/td>\n<\/tr>\n<tr>\n<td colspan=\"2\" valign=\"top\" height=\"33\">&nbsp;<\/td>\n<\/tr>\n<tr>\n<td valign=\"top\" width=\"18%\" height=\"33\"><strong>STATUSI U &#8220;KOMEDIJI&#8221;<\/strong><\/td>\n<td valign=\"top\" width=\"82%\" height=\"33\">prva premijera 4. travnja 2000. (Jesus Christ Superstar); zaposlen od 1. rujna 2002.<\/td>\n<\/tr>\n<\/tbody>\n<\/table>\n","protected":false},"excerpt":{"rendered":"<p>Pjeva\u010d &nbsp; DATUM\/MJESTO RO\u0110ENJA; MJESTO DJETINJSTVA 27. 5. 1969., Mokrin (Vojvodina); \u0160ibenik ansambl Kazali\u0161te &#8220;Komedija&#8221;, p.p. 428, Zagreb tel.: +385<\/p>\n","protected":false},"author":4,"featured_media":0,"parent":7017,"menu_order":0,"comment_status":"closed","ping_status":"closed","template":"","meta":{"ngg_post_thumbnail":0,"footnotes":""},"class_list":["post-1126","page","type-page","status-publish","hentry"],"_links":{"self":[{"href":"https:\/\/dev.komedija.hr\/www\/wp-json\/wp\/v2\/pages\/1126","targetHints":{"allow":["GET"]}}],"collection":[{"href":"https:\/\/dev.komedija.hr\/www\/wp-json\/wp\/v2\/pages"}],"about":[{"href":"https:\/\/dev.komedija.hr\/www\/wp-json\/wp\/v2\/types\/page"}],"author":[{"embeddable":true,"href":"https:\/\/dev.komedija.hr\/www\/wp-json\/wp\/v2\/users\/4"}],"replies":[{"embeddable":true,"href":"https:\/\/dev.komedija.hr\/www\/wp-json\/wp\/v2\/comments?post=1126"}],"version-history":[{"count":1,"href":"https:\/\/dev.komedija.hr\/www\/wp-json\/wp\/v2\/pages\/1126\/revisions"}],"predecessor-version":[{"id":20902,"href":"https:\/\/dev.komedija.hr\/www\/wp-json\/wp\/v2\/pages\/1126\/revisions\/20902"}],"up":[{"embeddable":true,"href":"https:\/\/dev.komedija.hr\/www\/wp-json\/wp\/v2\/pages\/7017"}],"wp:attachment":[{"href":"https:\/\/dev.komedija.hr\/www\/wp-json\/wp\/v2\/media?parent=1126"}],"curies":[{"name":"wp","href":"https:\/\/api.w.org\/{rel}","templated":true}]}}