{"id":1268,"date":"2011-09-02T11:27:42","date_gmt":"2011-09-02T09:27:42","guid":{"rendered":"http:\/\/www.komedija.hr\/web\/?page_id=1268"},"modified":"2025-06-11T12:18:43","modified_gmt":"2025-06-11T10:18:43","slug":"davor-svedruzic","status":"publish","type":"page","link":"https:\/\/dev.komedija.hr\/www\/ansambl-2\/glumci\/davor-svedruzic\/","title":{"rendered":"Davor Svedru\u017ei\u0107"},"content":{"rendered":"<table border=\"0\" width=\"100%\">\n<tbody>\n<tr>\n<td><a href=\"http:\/\/www.komedija.hr\/www\/wp-content\/uploads\/2011\/09\/davor_svedruzic-1.jpg\" target=\"_blank\" rel=\"noopener noreferrer\"><img loading=\"lazy\" decoding=\"async\" class=\"alignnone wp-image-7217 size-medium\" src=\"http:\/\/www.komedija.hr\/www\/wp-content\/uploads\/2011\/09\/davor_svedruzic-1-200x300.jpg\" alt=\"davor_svedruzic\" width=\"200\" height=\"300\" srcset=\"https:\/\/dev.komedija.hr\/www\/wp-content\/uploads\/2011\/09\/davor_svedruzic-1-200x300.jpg 200w, https:\/\/dev.komedija.hr\/www\/wp-content\/uploads\/2011\/09\/davor_svedruzic-1.jpg 533w\" sizes=\"auto, (max-width: 200px) 100vw, 200px\" \/><\/a><\/td>\n<td>Glumac<\/td>\n<\/tr>\n<tr valign=\"top\">\n<td colspan=\"2\" height=\"20\">&nbsp;<\/td>\n<\/tr>\n<tr>\n<td valign=\"top\" width=\"18%\" height=\"25\"><strong>DATUM I MJESTO RO\u0110ENJA <\/strong><\/td>\n<td valign=\"top\" width=\"82%\" height=\"25\">\n<div align=\"left\">13. svibnja 1968., Sisak<\/div>\n<\/td>\n<\/tr>\n<tr>\n<td valign=\"top\" width=\"18%\" height=\"55\"><strong>ansambl<\/strong><\/td>\n<td valign=\"top\" width=\"82%\" height=\"55\">Kazali\u0161te &#8220;Komedija&#8221;, p.p. 428, Zagreb<br \/>\ntel.: +385 (0)1 48 13 200; fax: +385 (0)1 48 12 179<br \/>\nGSM: +385 (0)98 840 236<br \/>\ne-mail: <a href=\"mailto:propaganda@komedija.hr\">propaganda@komedija.hr<\/a><\/td>\n<\/tr>\n<tr>\n<td valign=\"top\" width=\"18%\" height=\"25\"><strong>OBRAZOVANJE<\/strong><\/td>\n<td valign=\"top\" width=\"82%\" height=\"25\">Akademija dramske umjetnosti Sveu\u010dili\u0161ta u Zagrebu<\/td>\n<\/tr>\n<tr>\n<td colspan=\"2\" valign=\"top\">&nbsp;<\/td>\n<\/tr>\n<tr>\n<td valign=\"top\" width=\"18%\" height=\"162\"><strong>KAZALI\u0160TE<\/strong><\/td>\n<td valign=\"top\" width=\"82%\" height=\"162\">HNK Zagreb: <strong>Macbeth, Sin Domovine, Kletva<\/strong>; GD &#8220;Histrion&#8221;: <strong>Gri\u010dka vje\u0161tica, Hrvatski Diogenes; <\/strong>Teatar &#8220;Lapsus&#8221;: <strong>Mu\u0161ica, Varalice, Scapinove spletke, A sad spavajte, Dekameron; <\/strong>Komorni teatar klasike: <strong>Udovica iz Efesa, Don Juan u paklu, Apolon iz Belaca; <\/strong>CZK Sisak: <strong>Ribar Palunko i njegova \u017eena, Zabava; <\/strong>Teatar &#8220;Grdelin&#8221;: <strong>Poletija grdelin iz \u017euja<\/strong>; Gradsko kazali\u0161te Po\u017eega: <strong>Gostioni\u010darka<\/strong> (redatelj)<br \/>\nZGK &#8220;Komedija&#8221;: <strong>Crna kraljica, Pri\u010da s ju\u017ene strane, Na tri kralja ili kako ho\u0107ete, Gospodsko dijete, Buba u uhu, Opera za tri gro\u0161a, Motel Mrak, \u010caruga, Budala za ve\u010deru, Svoga tela gospodar, Mali du\u0107an strave, San ivanjske no\u0107i, Mala Floramye, Narodil se mladi kralj, \u010cekaju\u0107i epitaf, Patnje gospodina Mockinpotta, Legalisti, Skidajte se do kraja, Uhva\u0107en u mre\u017eu, Nosonja, Cigle svete Elizabete, \u0110erdan, Posudi mi tenor, Da, ministre!, Cabaret, Diplomac,&nbsp;<strong>Broadway u Komediji &#8211; Inventura <\/strong><\/strong>(i koautor); <strong>Dobra du\u0161a iz Se\u010duana, Mala kavana, Skup, Bljesak zlatnog zuba, Gospo\u0111ica iz Maksima, Kneginja \u010darda\u0161a, Revizor, Opet on, 39 stepenica, Legenda o svetom Muhli, Zaljubljeni Shakespeare, Brat bratu, Mandragola, Mnogo vike niza\u0161to; Velo misto, Krava na granici; Juha bra\u0107e Marx;&nbsp;<\/strong><\/td>\n<\/tr>\n<tr>\n<td valign=\"top\" width=\"18%\" height=\"14\"><strong>FILM<\/strong><\/td>\n<td valign=\"top\" width=\"82%\" height=\"14\"><strong>\u010cetverored<\/strong> (Sedlar), <strong>Kao u lo\u0161em snu <\/strong>(Mite\u010devski), naslovna uloga u filmu <strong>Ante se vra\u0107a ku\u0107i<\/strong> (Svili\u010di\u0107), <strong>Ajmo \u017euti <\/strong>(\u017darkovi\u0107), <strong>Duga mra\u010dna no\u0107<\/strong> (Vrdoljak)<\/td>\n<\/tr>\n<tr>\n<td valign=\"top\" width=\"18%\" height=\"14\"><strong>TELEVIZIJA<\/strong><\/td>\n<td valign=\"top\" width=\"82%\" height=\"14\">sudjelovao u emisijama dramskog i zabavnog programa (HTV)<\/td>\n<\/tr>\n<tr>\n<td valign=\"top\" width=\"18%\" height=\"15\"><strong>RADIO<\/strong><\/td>\n<td valign=\"top\" width=\"82%\" height=\"15\">brojne uloge u radio dramama (Dramski program HR)<\/td>\n<\/tr>\n<tr>\n<td colspan=\"2\" valign=\"top\" height=\"33\">&nbsp;<\/td>\n<\/tr>\n<tr>\n<td valign=\"top\" width=\"18%\" height=\"33\"><strong>NAGRADE I PRIZNANJA<\/strong><\/td>\n<td valign=\"top\" width=\"82%\" height=\"33\">jedna od pet ravnopravnih gluma\u010dkih nagrada <strong>&#8220;Zlatni smijeh&#8221; <\/strong>za ulogu Josipa Zelji\u0107a (\u010caruga) na &#8220;Danima satire&#8221; 2003. i za ulogu Luje Biberovi\u0107a (&#8220;Ljubica&#8221;, GD Histrion) na &#8220;Danima satire&#8221; 2005.;<br \/>\nNagrada hrvatskoga glumi\u0161ta 2013. za ulogu Stanislava Pajcenovi\u0107a (&#8220;Muke po Iveku&#8221;, GD Histrion)<span style=\"line-height: 19px;\"><br \/>\n<\/span><\/td>\n<\/tr>\n<tr>\n<td colspan=\"2\" valign=\"top\" height=\"33\">&nbsp;<\/td>\n<\/tr>\n<tr>\n<td valign=\"top\" width=\"18%\" height=\"33\"><strong>STATUSI U &#8220;KOMEDIJI&#8221;<\/strong><\/td>\n<td valign=\"top\" width=\"82%\" height=\"33\">prva premijera 24. o\u017eujka 1995. (Crna kraljica); zaposlen od 1. studenoga 1999.<\/td>\n<\/tr>\n<\/tbody>\n<\/table>\n","protected":false},"excerpt":{"rendered":"<p>Glumac &nbsp; DATUM I MJESTO RO\u0110ENJA 13. svibnja 1968., Sisak ansambl Kazali\u0161te &#8220;Komedija&#8221;, p.p. 428, Zagreb tel.: +385 (0)1 48<\/p>\n","protected":false},"author":4,"featured_media":0,"parent":6992,"menu_order":0,"comment_status":"closed","ping_status":"closed","template":"","meta":{"ngg_post_thumbnail":0,"footnotes":""},"class_list":["post-1268","page","type-page","status-publish","hentry"],"_links":{"self":[{"href":"https:\/\/dev.komedija.hr\/www\/wp-json\/wp\/v2\/pages\/1268","targetHints":{"allow":["GET"]}}],"collection":[{"href":"https:\/\/dev.komedija.hr\/www\/wp-json\/wp\/v2\/pages"}],"about":[{"href":"https:\/\/dev.komedija.hr\/www\/wp-json\/wp\/v2\/types\/page"}],"author":[{"embeddable":true,"href":"https:\/\/dev.komedija.hr\/www\/wp-json\/wp\/v2\/users\/4"}],"replies":[{"embeddable":true,"href":"https:\/\/dev.komedija.hr\/www\/wp-json\/wp\/v2\/comments?post=1268"}],"version-history":[{"count":3,"href":"https:\/\/dev.komedija.hr\/www\/wp-json\/wp\/v2\/pages\/1268\/revisions"}],"predecessor-version":[{"id":20875,"href":"https:\/\/dev.komedija.hr\/www\/wp-json\/wp\/v2\/pages\/1268\/revisions\/20875"}],"up":[{"embeddable":true,"href":"https:\/\/dev.komedija.hr\/www\/wp-json\/wp\/v2\/pages\/6992"}],"wp:attachment":[{"href":"https:\/\/dev.komedija.hr\/www\/wp-json\/wp\/v2\/media?parent=1268"}],"curies":[{"name":"wp","href":"https:\/\/api.w.org\/{rel}","templated":true}]}}