{"id":1399,"date":"2011-09-26T09:02:35","date_gmt":"2011-09-26T07:02:35","guid":{"rendered":"http:\/\/www.komedija.hr\/web\/?page_id=1399"},"modified":"2025-06-20T09:16:52","modified_gmt":"2025-06-20T07:16:52","slug":"vanda-winter","status":"publish","type":"page","link":"https:\/\/dev.komedija.hr\/www\/ansambl-2\/glumci\/vanda-winter\/","title":{"rendered":"Vanda Winter"},"content":{"rendered":"<table border=\"0\" width=\"100%\">\n<tbody>\n<tr>\n<td><img loading=\"lazy\" decoding=\"async\" class=\"alignnone wp-image-20932 size-medium\" src=\"https:\/\/dev.komedija.hr\/www\/wp-content\/uploads\/2025\/06\/vanda-200x300.jpg\" alt=\"\" width=\"200\" height=\"300\" srcset=\"https:\/\/dev.komedija.hr\/www\/wp-content\/uploads\/2025\/06\/vanda-200x300.jpg 200w, https:\/\/dev.komedija.hr\/www\/wp-content\/uploads\/2025\/06\/vanda-683x1024.jpg 683w, https:\/\/dev.komedija.hr\/www\/wp-content\/uploads\/2025\/06\/vanda-768x1152.jpg 768w, https:\/\/dev.komedija.hr\/www\/wp-content\/uploads\/2025\/06\/vanda-1024x1536.jpg 1024w, https:\/\/dev.komedija.hr\/www\/wp-content\/uploads\/2025\/06\/vanda-1365x2048.jpg 1365w, https:\/\/dev.komedija.hr\/www\/wp-content\/uploads\/2025\/06\/vanda-1320x1980.jpg 1320w, https:\/\/dev.komedija.hr\/www\/wp-content\/uploads\/2025\/06\/vanda-scaled.jpg 1707w\" sizes=\"auto, (max-width: 200px) 100vw, 200px\" \/><\/td>\n<td>Glumica<\/td>\n<\/tr>\n<tr>\n<td valign=\"top\" width=\"18%\" height=\"25\"><strong>GODINA I MJESTO RO\u0110ENJA<\/strong><\/td>\n<td valign=\"top\" width=\"82%\" height=\"25\">\n<div align=\"left\">14. 8. 1984., Zagreb<\/div>\n<\/td>\n<\/tr>\n<tr>\n<td valign=\"top\" width=\"18%\" height=\"25\"><strong>OBRAZOVANJE<\/strong><\/td>\n<td valign=\"top\" width=\"82%\" height=\"25\">Akademska glumica; Diploma Akademije dramske umjetnosti Sveu\u010dili\u0161ta u Zagrebu<\/td>\n<\/tr>\n<tr>\n<td colspan=\"2\" valign=\"top\">&nbsp;<\/td>\n<\/tr>\n<tr>\n<td valign=\"top\" width=\"18%\"><strong>KAZALI\u0160TE<\/strong><\/td>\n<td valign=\"top\" width=\"82%\">Uloge&nbsp;u komedijama, dramama, mjuziklima, dje\u010djim predstavama, glazbenim dramama, rock-operi, klasi\u010dnoj operi i koreodrami<\/p>\n<p>ZGK Komedija: Kosa, Gubec-beg, Sluga dvaju gospodara, Skidajte se do kraja, Zeleni kakadu, Aida, S ljubavlju, Janis, Odlazak, Posudi mi tenor, Klupko, Dobri vojak \u0160vejk, Opasne veze, Gubec-beg, Broadway u Komediji &#8211; Inventura, Ukro\u0107ena goropadnica, Ella i Marilyn, Skup, Mamma Mia!, Bljesak zlatnog zuba, Gospo\u0111ica iz Maxima, Legenda o svetom Muhli, Jesus Christ Superstar (2019.); Korak po korak (koprodukcija s Kazali\u0161tem Planet Art); Alfi Kabiljo: Moji mjuzikli #2, Korak po korak, Ljepotica i Zvijer, Velo misto, Krava na granici; SIX, Ponos i predrasude<\/p>\n<p>Gradsko kazali\u0161te kazali\u0161te Tre\u0161nja: Ljepotica i zvijer<br \/>\n<span style=\"font-family: inherit; font-size: inherit;\">HNK Zagreb: Opera za tri gro\u0161a, Mimi<br \/>\n<\/span>Planet Art \/ Teatar Exit: Plemena<br \/>\nTeatar Ulysses \/ HNK Split: Sprovod u Theresienburgu<\/td>\n<\/tr>\n<tr>\n<td valign=\"top\"><strong>FILM<\/strong><\/td>\n<td valign=\"top\"><em>Samo da ovo uspije<\/em>, kratki igrani film, diplomski rad u klasi redatelja Vinka Bre\u0161ana<br \/>\n<em>Roditeljski sastanak<\/em>, kratak igrani film, redatelj Luka Rukavina<\/td>\n<\/tr>\n<tr>\n<td valign=\"top\"><strong>TELEVIZIJA<\/strong><\/td>\n<td valign=\"top\">Dramsko-glazbena serija <em>Stella<\/em>, sudjelovanja u glazbenim i zabavnim emisijama<\/td>\n<\/tr>\n<tr>\n<td valign=\"top\"><strong>RADIO<\/strong><\/td>\n<td valign=\"top\">Redovita suradnja s Dramskim programom Hrvatskoga radija<\/td>\n<\/tr>\n<tr>\n<td valign=\"top\" width=\"18%\"><strong>OSTALO<\/strong><\/td>\n<td valign=\"top\" width=\"82%\">Kao vokalna solistica nastupala je uz Orkestar Kazali\u0161ta Komedija, Orkestar HNK u Zagrebu i Splitu, Big Band HRT-a, Simfonijski i Tambura\u0161ki orkestar HRT-a, Vara\u017edinski komorni orkestar, zagreba\u010dku filharmoniju te vrhunske glazbene vokaliste i instrumentaliste.<\/p>\n<p>Sinkronizacije animiranih i igranih filmova.<\/td>\n<\/tr>\n<tr>\n<td valign=\"top\" height=\"50\"><strong>NAGRADE I PRIZNANJA <\/strong><\/td>\n<td valign=\"top\" height=\"50\">Nagrada Hrvatskog glumi\u0161ta 2008. &nbsp;za izvanredan doprinos mladih umjetnika do 30 godina za ulogu Belle u mjuziklu \u201eLjepotica i zvijer\u201c GK Tre\u0161nja;<\/p>\n<p>Nagrada hrvatskoga glumi\u0161ta 2011. za ulogu Nastenjke u radiodrami Hrvatskoga radija &#8220;Bijele no\u0107i&#8221; F. M. Dostojevskog<\/p>\n<p>Nominacija za Nagradu hrvatskoga glumi\u0161ta u kategoriji mjuzikla\/operete za ulogu Jane Jurkove u rock operi Gubec-beg.<\/td>\n<\/tr>\n<tr>\n<td colspan=\"2\" valign=\"top\">&nbsp;<\/td>\n<\/tr>\n<tr>\n<td valign=\"top\" width=\"18%\" height=\"50\"><strong>STATUSI U &#8220;KOMEDIJI&#8221;<\/strong><\/td>\n<td valign=\"top\" width=\"82%\" height=\"50\">Prva predstava: \u201eKosa\u201c, srpanj 2003.,<br \/>\nStalno zaposlena od 1. velja\u010de 2009.<\/td>\n<\/tr>\n<tr>\n<td colspan=\"2\" valign=\"top\" height=\"23\">&nbsp;<\/td>\n<\/tr>\n<tr>\n<td valign=\"top\" width=\"18%\" height=\"24\"><strong>LINKOVI:<br \/>\n<\/strong><\/td>\n<td valign=\"top\" width=\"82%\" height=\"24\"><a href=\"http:\/\/www.vandawinter.com\/\">www.vandawinter.com<\/a><\/td>\n<\/tr>\n<\/tbody>\n<\/table>\n","protected":false},"excerpt":{"rendered":"<p>Glumica GODINA I MJESTO RO\u0110ENJA 14. 8. 1984., Zagreb OBRAZOVANJE Akademska glumica; Diploma Akademije dramske umjetnosti Sveu\u010dili\u0161ta u Zagrebu &nbsp;<\/p>\n","protected":false},"author":4,"featured_media":0,"parent":6992,"menu_order":0,"comment_status":"closed","ping_status":"closed","template":"","meta":{"ngg_post_thumbnail":0,"footnotes":""},"class_list":["post-1399","page","type-page","status-publish","hentry"],"_links":{"self":[{"href":"https:\/\/dev.komedija.hr\/www\/wp-json\/wp\/v2\/pages\/1399","targetHints":{"allow":["GET"]}}],"collection":[{"href":"https:\/\/dev.komedija.hr\/www\/wp-json\/wp\/v2\/pages"}],"about":[{"href":"https:\/\/dev.komedija.hr\/www\/wp-json\/wp\/v2\/types\/page"}],"author":[{"embeddable":true,"href":"https:\/\/dev.komedija.hr\/www\/wp-json\/wp\/v2\/users\/4"}],"replies":[{"embeddable":true,"href":"https:\/\/dev.komedija.hr\/www\/wp-json\/wp\/v2\/comments?post=1399"}],"version-history":[{"count":4,"href":"https:\/\/dev.komedija.hr\/www\/wp-json\/wp\/v2\/pages\/1399\/revisions"}],"predecessor-version":[{"id":20933,"href":"https:\/\/dev.komedija.hr\/www\/wp-json\/wp\/v2\/pages\/1399\/revisions\/20933"}],"up":[{"embeddable":true,"href":"https:\/\/dev.komedija.hr\/www\/wp-json\/wp\/v2\/pages\/6992"}],"wp:attachment":[{"href":"https:\/\/dev.komedija.hr\/www\/wp-json\/wp\/v2\/media?parent=1399"}],"curies":[{"name":"wp","href":"https:\/\/api.w.org\/{rel}","templated":true}]}}