{"id":14546,"date":"2022-01-11T15:01:23","date_gmt":"2022-01-11T14:01:23","guid":{"rendered":"http:\/\/www.komedija.hr\/www\/?page_id=14546"},"modified":"2026-02-23T09:50:13","modified_gmt":"2026-02-23T08:50:13","slug":"zagrepcanke-i-staticar","status":"publish","type":"page","link":"https:\/\/dev.komedija.hr\/www\/repertoar\/zagrepcanke-i-staticar\/","title":{"rendered":"CABARET ZAGREP\u010cANKE I STATI\u010cAR"},"content":{"rendered":"\t\t<div data-elementor-type=\"wp-page\" data-elementor-id=\"14546\" class=\"elementor elementor-14546\">\n\t\t\t\t<div class=\"wd-negative-gap elementor-element elementor-element-7f68124 e-flex e-con-boxed e-con e-parent\" data-id=\"7f68124\" data-element_type=\"container\" data-e-type=\"container\">\n\t\t\t\t\t<div class=\"e-con-inner\">\n\t\t\t\t<div class=\"elementor-element elementor-element-8709c17 wd-width-100 elementor-widget elementor-widget-wd_title\" data-id=\"8709c17\" data-element_type=\"widget\" data-e-type=\"widget\" data-widget_type=\"wd_title.default\">\n\t\t\t\t<div class=\"elementor-widget-container\">\n\t\t\t\t\t\t\t<div class=\"title-wrapper wd-set-mb reset-last-child wd-title-color-default wd-title-style-default wd-title-size-default text-center\">\n\n\t\t\t\n\t\t\t<div class=\"liner-continer\">\n\t\t\t\t<h4 class=\"woodmart-title-container title wd-fontsize-l\">Cabaret Zagrep\u010danke i stati\u010dar<\/h4> \n\t\t\t\t\t\t\t<\/div>\n\n\t\t\t\t\t\t\t<div class=\"title-after_title reset-last-child wd-fontsize-xs\">\n\t\t\t\t\t<p>Raspored predstava:<\/p>\t\t\t\t<\/div>\n\t\t\t\t\t<\/div>\n\t\t\t\t\t\t<\/div>\n\t\t\t\t<\/div>\n\t\t\t\t\t<\/div>\n\t\t\t\t<\/div>\n\t\t<div class=\"wd-negative-gap elementor-element elementor-element-0ee7663 e-flex e-con-boxed e-con e-parent\" data-id=\"0ee7663\" data-element_type=\"container\" data-e-type=\"container\">\n\t\t\t\t\t<div class=\"e-con-inner\">\n\t\t\t\t<div class=\"elementor-element elementor-element-9dab99d elementor-widget elementor-widget-wd_text_block\" data-id=\"9dab99d\" data-element_type=\"widget\" data-e-type=\"widget\" data-widget_type=\"wd_text_block.default\">\n\t\t\t\t<div class=\"elementor-widget-container\">\n\t\t\t\t\t\t\t<div class=\"wd-text-block reset-last-child text-left\">\n\t\t\t\n\t\t\t<div class=\"em em-view-container\" id=\"em-view-185329993\" data-view=\"list\">\r\n\t<div class=\"em pixelbones em-list em-events-list\" id=\"em-events-list-185329993\" data-view-id=\"185329993\">\r\n\tNema predstave\t<\/div>\r\n<\/div>\n\t\t\t\t\t<\/div>\n\t\t\t\t\t\t<\/div>\n\t\t\t\t<\/div>\n\t\t\t\t\t<\/div>\n\t\t\t\t<\/div>\n\t\t<div class=\"wd-negative-gap elementor-element elementor-element-0bf7e1c e-grid e-con-boxed e-con e-parent\" data-id=\"0bf7e1c\" data-element_type=\"container\" data-e-type=\"container\">\n\t\t\t\t\t<div class=\"e-con-inner\">\n\t\t\t\t<div class=\"elementor-element elementor-element-bbfe4a6 e-n-tabs-mobile elementor-widget elementor-widget-n-tabs\" data-id=\"bbfe4a6\" data-element_type=\"widget\" data-e-type=\"widget\" data-settings=\"{&quot;horizontal_scroll&quot;:&quot;disable&quot;}\" data-widget_type=\"nested-tabs.default\">\n\t\t\t\t\t\t\t<div class=\"e-n-tabs\" data-widget-number=\"197125286\" aria-label=\"Tabulatori. Otvorite stavke pomo\u0107u Enter ili Space, zatvorite pomo\u0107u Escapea i kre\u0107ite se pomo\u0107u tipki sa strelicama.\">\n\t\t\t<div class=\"e-n-tabs-heading\" role=\"tablist\">\n\t\t\t\t\t<button id=\"e-n-tab-title-1971252861\" data-tab-title-id=\"e-n-tab-title-1971252861\" class=\"e-n-tab-title\" aria-selected=\"true\" data-tab-index=\"1\" role=\"tab\" tabindex=\"0\" aria-controls=\"e-n-tab-content-1971252861\" style=\"--n-tabs-title-order: 1;\">\n\t\t\t\t\t\t<span class=\"e-n-tab-title-text\">\n\t\t\t\tOpis\t\t\t<\/span>\n\t\t<\/button>\n\t\t\t\t<button id=\"e-n-tab-title-1971252862\" data-tab-title-id=\"e-n-tab-title-1971252862\" class=\"e-n-tab-title\" aria-selected=\"false\" data-tab-index=\"2\" role=\"tab\" tabindex=\"-1\" aria-controls=\"e-n-tab-content-1971252862\" style=\"--n-tabs-title-order: 2;\">\n\t\t\t\t\t\t<span class=\"e-n-tab-title-text\">\n\t\t\t\tAnsambl\t\t\t<\/span>\n\t\t<\/button>\n\t\t\t\t<button id=\"e-n-tab-title-1971252863\" data-tab-title-id=\"e-n-tab-title-1971252863\" class=\"e-n-tab-title\" aria-selected=\"false\" data-tab-index=\"3\" role=\"tab\" tabindex=\"-1\" aria-controls=\"e-n-tab-content-1971252863\" style=\"--n-tabs-title-order: 3;\">\n\t\t\t\t\t\t<span class=\"e-n-tab-title-text\">\n\t\t\t\tNagrade\t\t\t<\/span>\n\t\t<\/button>\n\t\t\t\t\t<\/div>\n\t\t\t<div class=\"e-n-tabs-content\">\n\t\t\t\t<div id=\"e-n-tab-content-1971252861\" role=\"tabpanel\" aria-labelledby=\"e-n-tab-title-1971252861\" data-tab-index=\"1\" style=\"--n-tabs-title-order: 1;\" class=\"e-active elementor-element elementor-element-c491136 e-con-full e-flex e-con e-child\" data-id=\"c491136\" data-element_type=\"container\" data-e-type=\"container\">\n\t\t<div class=\"wd-negative-gap elementor-element elementor-element-29bf49e e-flex e-con-boxed e-con e-child\" data-id=\"29bf49e\" data-element_type=\"container\" data-e-type=\"container\">\n\t\t\t\t\t<div class=\"e-con-inner\">\n\t\t\t\t<div class=\"elementor-element elementor-element-7547979 elementor-widget elementor-widget-wd_text_block\" data-id=\"7547979\" data-element_type=\"widget\" data-e-type=\"widget\" data-widget_type=\"wd_text_block.default\">\n\t\t\t\t<div class=\"elementor-widget-container\">\n\t\t\t\t\t\t\t<div class=\"wd-text-block reset-last-child text-left\">\n\t\t\t\n\t\t\t<p class=\"Body\">Nakon \u010detiri nagra\u0111ivana te od kritike i publike prepoznata hit cabareta (<em>Spli\u0107anke<\/em>, <em>Split in space<\/em>, <em>Preko veze<\/em>, <em>Vla-Vla-Vlajland<\/em>) koja je posljednih godina postavio Ivan Leo Lemo, do\u0161ao je red da se taj ciklus zavr\u0161i u Kazali\u0161tu Komedija koje je ljudstvom i tehnikom najopremljenije za komi\u010dna glazbeno scenska djela. \u017danr je do\u0161ao ku\u0107i.<\/p><p class=\"Body\">Kao i u prethodnim Leminim cabaretima, i u ovom \u0107e se proplitati almodovarovski bizarne i melodramati\u010dne pri\u010de sa energi\u010dnim songovima i vehementnim plesnim koreografijama.<\/p><p class=\"Body\">Izma\u0161tat \u0107e se ekstremne sudbine sa drasti\u010dnim prevratima, \u017eiv\u010danim slomovima i rasutim mozaikom aktualiteta. Tako\u0111er, zajedni\u010dki nazivnik tom ciklusu predstava je rasvjetljivanje mra\u010dnih stranputica patrijarhalne (ne)kulture te prepoznavanje samospoznajne putanje kojom likovi uvijek izrone iz onih dubina koje su izgledale nerje\u0161ivo i fatalno.<\/p><p class=\"Body\">Ovaj \u0107e cabaret za razliku od svojih prethodnica biti mapiran u Zagrebu, nadovezat \u0107e se, na neki na\u010din, na cabaretsku tradiciju ovog grada i poku\u0161at \u0107e definirati i redefinirati identitetske matrice njegovih stanovnika. Va\u017ena komponenta tog poku\u0161aja jest i urbani zagreba\u010dki \u017eargon koji varira od kvarta do kvarta, od miljea do miljea. Poku\u0161at \u0107emo tim duhom jezika i mentaliteta, uhvatiti i duh ovog postpotresnog, pandemijskog vremena i nevremena.<\/p><h4><b><br \/>Rije\u010d autora i redatelja<\/b><\/h4><p>Vrlo je jednostavna svrha ove predstave i ne \u017eelim je opisivati pretenciozno. Mislim da nije pretjerano re\u0107i da svi oni koji su do\u017eivjeli nedavne potrese u na\u0161oj zemlji pate od simptoma posttraumatskog stresnog poreme\u0107aja. Ovaj na\u0161 cabaret poku\u0161ava, barem donekle, raspuhati taj oblak straha, strepnje, neugodnog sje\u0107anja i \u0161oka upisanog u potresena tijela, rastresene umove i protresene zidove. Sudbine u elementarnim nepogodama, na\u0111u se na raskr\u0161\u0107u izme\u0111u dotada\u0161njih rutina i nekih novih ruta. Karmi\u010dki gledano, nepovoljne okolnosti nisu slu\u010dajne, a \u0161to su ve\u0107e, to je i lekcija koja nam iz njih proizlazi va\u017enija. Ka\u017eu ljudi, nije svako zlo za zlo. Znam da to zvu\u010di kao izlizana fraza, ali iskustvo ovog potresa uvjerilo me u istinitost ove poslovice.<\/p><p>Jedan sam od onih Zagrep\u010dana koji su prili\u010dno dramati\u010dno osjetili potres 22. o\u017eujka 2020. godine. Naime, \u017eivim zgradi austrougarske gradnje koju je taj potres rasklimao i nama, njezinim stanarima, u \u017eivot uveo hvatanje u ko\u0161tac sa sru\u0161enim i neuporabljivim dimnjacima, uru\u0161enim zabatima, oguljenim fasadama, otpalom \u017ebukom, isklju\u010denim plinom, rupama u krovu i raznim drugim o\u0161te\u0107enjima za koja smo uz pomo\u0107 \u010dak \u0161est stati\u010dara poku\u0161ali doku\u010diti jesu li opasna za nastavak \u017eivota u zgradi.<\/p><p>Imali smo sre\u0107e. Uz dobrosusjedsku slo\u017enost, uz prihvatljiv kredit, uz pozitivne nalaze stati\u010dara, uz neopisivo puno telefoniranja i organiziranja, uspjeli smo na\u0161u donjogradsku ljepoticu pokrpati, popraviti, za\u017ebukati, oli\u010diti i u\u010diniti je ponovo ugodnom za \u017eivot. Je li zgrada sigurna? To samo Bog zna. Jer \u010dovjek ne kontrolira svoju budu\u0107nost i vrstu smrti koja \u0107e ga dopasti. Je li grad siguran? Je li planet siguran? Jesu li vremena sigurna? Ne znamo. Ali ono \u0161to moramo znati jest \u010dinjenica da uvijek, ali ba\u0161 uvijek, u svim okolnostima postoji korak dalje, korak kojeg moramo napraviti jer nema ni\u0161ta prirodnije od boriti se za \u017eivot i sa\u010duvati ili prona\u0107i \u010dovjeka u sebi. One \u017eivotne okolnosti, poput ovih potresa, u kojima se susre\u0107u misterij \u017eivota sa mogu\u0107no\u0161\u0107u smrti, one su pogodnije no ijedne druge za uspraviti \u010dovjeka u sebi, za protupotresno se oja\u010dati, za postati otporniji na tektonske udare i sudbinske sudare. Potresna odiseja mog haustora kroz bau\u0161telske bure i birokratske bare, zavr\u0161ila je prijateljskim ro\u0161tiljem nas, suvrasnika stanova i svih izvo\u0111a\u010da radova. U toj dvomjese\u010dnoj avanturi, upoznali smo razne divne ljude, pro\u017eeli se me\u0111usobno u povjerenju i po\u0161tenju i vidjeli neke nove osobine u samima sebi koje je izazvala nevolja i artikulirala dobra volja.<\/p><p>Svaki je stan svijet, svaki je \u017eivot svet. Naslu\u0161ao sam se u tom periodu obiteljskih pri\u010da, egzistencijalnih okolnosti, identitetskih matrica, povijesnih okvira, prevrata i procvata. Sve sam te koloplete sudbina, izma\u0161tavaju\u0107i ih i o\u017eivljavaju\u0107i ih, stavio u dramatur\u0161ki blender i iskreno se nadam da \u0107e publici, na\u0161im dragim suputnicima, supatnicima, sugra\u0111anima, biti inspiratvni za zabaviti se, ali i za zamisliti se. <strong><br \/>Ivan Leo Lemo<\/strong><\/p>\n\t\t\t\t\t<\/div>\n\t\t\t\t\t\t<\/div>\n\t\t\t\t<\/div>\n\t\t\t\t\t<\/div>\n\t\t\t\t<\/div>\n\t\t\t\t<\/div>\n\t\t<div id=\"e-n-tab-content-1971252862\" role=\"tabpanel\" aria-labelledby=\"e-n-tab-title-1971252862\" data-tab-index=\"2\" style=\"--n-tabs-title-order: 2;\" class=\" elementor-element elementor-element-3e116b3 e-con-full e-flex e-con e-child\" data-id=\"3e116b3\" data-element_type=\"container\" data-e-type=\"container\">\n\t\t<div class=\"wd-negative-gap elementor-element elementor-element-b79a4ba e-flex e-con-boxed e-con e-child\" data-id=\"b79a4ba\" data-element_type=\"container\" data-e-type=\"container\">\n\t\t\t\t\t<div class=\"e-con-inner\">\n\t\t\t\t<div class=\"elementor-element elementor-element-562fbd4 elementor-widget elementor-widget-wd_text_block\" data-id=\"562fbd4\" data-element_type=\"widget\" data-e-type=\"widget\" data-widget_type=\"wd_text_block.default\">\n\t\t\t\t<div class=\"elementor-widget-container\">\n\t\t\t\t\t\t\t<div class=\"wd-text-block reset-last-child text-left\">\n\t\t\t\n\t\t\t<p>Autor i redatelj: <strong>Ivan Leo Lemo<\/strong><\/p><p>Koreograf: <strong>Leo Muji\u0107<\/strong><\/p><p>Scenografkinja: <strong>Vesna Re\u017ei\u0107<\/strong><\/p><p>Kostimografkinja: <strong>Mirjana Zagorec<\/strong><\/p><p>Skladatelj: <strong>Zvonimir Dusper - Dus<\/strong><\/p><p>Dizajner svjetla: <strong>Jan Luka Jerkovi\u0107<br \/><\/strong><\/p><p>Asistentica scenografkinje (volonterka): Nikolina Kuzmi\u0107<\/p><p>Asistentica kostimografkinje: Eva Karaka\u0161 Bedrina<\/p><p>Uloge:<\/p><p>Ivana Gorana Kova\u010di\u0107: <a href=\"https:\/\/dev.komedija.hr\/www\/ansambl-2\/glumci\/elegovic-mila\/\"><strong>Mila Elegovi\u0107<\/strong><\/a><\/p><p>Jessica Al Rhawi: <a href=\"https:\/\/dev.komedija.hr\/www\/ansambl-2\/glumci\/kaic-nina\/\"><strong>Nina Kai\u0107 Madi\u0107<\/strong><\/a><\/p><p>Stati\u010dar: <a href=\"https:\/\/dev.komedija.hr\/www\/ansambl-2\/glumci\/fabijan-pavao-medvesek\/\"><strong>Fabijan Pavao Medve\u0161ek<\/strong><\/a><\/p><p>Tomica Helajz: <a href=\"https:\/\/dev.komedija.hr\/www\/ansambl-2\/glumci\/ivona-kundert\/\"><strong>Ivona Kundert<\/strong><\/a><\/p><p>Loredana Krstulovi\u0107 Milesi: <a href=\"https:\/\/dev.komedija.hr\/www\/ansambl-2\/glumci\/nera-stipicevic\/\"><strong>Nera Stipi\u010devi\u0107<\/strong><\/a><\/p><p>Predstava igra u Klubu Kazali\u0161ta Komedija, Cesar\u010deva 2<\/p><p>Premijera: 28. velja\u010de 2022.<\/p><p>Trajanje: oko 2,5 sata; predstava nema stanku<\/p><p>Predstava nije primjerena za mla\u0111e od 18 godina<\/p>\n\t\t\t\t\t<\/div>\n\t\t\t\t\t\t<\/div>\n\t\t\t\t<\/div>\n\t\t\t\t\t<\/div>\n\t\t\t\t<\/div>\n\t\t\t\t<\/div>\n\t\t<div id=\"e-n-tab-content-1971252863\" role=\"tabpanel\" aria-labelledby=\"e-n-tab-title-1971252863\" data-tab-index=\"3\" style=\"--n-tabs-title-order: 3;\" class=\" elementor-element elementor-element-4884e16 e-con-full e-flex e-con e-child\" data-id=\"4884e16\" data-element_type=\"container\" data-e-type=\"container\">\n\t\t<div class=\"wd-negative-gap elementor-element elementor-element-0154f84 e-flex e-con-boxed e-con e-child\" data-id=\"0154f84\" data-element_type=\"container\" data-e-type=\"container\">\n\t\t\t\t\t<div class=\"e-con-inner\">\n\t\t\t\t<div class=\"elementor-element elementor-element-eb55a15 elementor-widget elementor-widget-wd_text_block\" data-id=\"eb55a15\" data-element_type=\"widget\" data-e-type=\"widget\" data-widget_type=\"wd_text_block.default\">\n\t\t\t\t<div class=\"elementor-widget-container\">\n\t\t\t\t\t\t\t<div class=\"wd-text-block reset-last-child text-left\">\n\t\t\t\n\t\t\t<p><strong>Nagrada za najbolju predstavu 16. Gumbekovih dana (2023.)<\/strong><\/p><p><strong>Nagrada za najbolju \u017eensku ulogu Nini Kai\u0107 Madi\u0107 na 16. Gumbekovim danima (2023.)<\/strong><\/p><p><strong>\u00a0<\/strong><\/p>\n\t\t\t\t\t<\/div>\n\t\t\t\t\t\t<\/div>\n\t\t\t\t<\/div>\n\t\t\t\t\t<\/div>\n\t\t\t\t<\/div>\n\t\t\t\t<\/div>\n\t\t\t\t\t<\/div>\n\t\t<\/div>\n\t\t\t\t\t\t<\/div>\n\t\t\t\t\t<\/div>\n\t\t\t\t<\/div>\n\t\t\t\t<\/div>\n\t\t","protected":false},"excerpt":{"rendered":"<p>Cabaret Zagrep\u010danke i stati\u010dar Raspored predstava: DATUM VRIJEME PREDSTAVA ULAZNICE 25.02. , Sri I. L. Lemo: CABARET ZAGREP\u010cANKE I STATI\u010cAR<\/p>\n","protected":false},"author":5,"featured_media":14795,"parent":10,"menu_order":0,"comment_status":"closed","ping_status":"closed","template":"","meta":{"ngg_post_thumbnail":0,"footnotes":""},"class_list":["post-14546","page","type-page","status-publish","has-post-thumbnail","hentry"],"_links":{"self":[{"href":"https:\/\/dev.komedija.hr\/www\/wp-json\/wp\/v2\/pages\/14546","targetHints":{"allow":["GET"]}}],"collection":[{"href":"https:\/\/dev.komedija.hr\/www\/wp-json\/wp\/v2\/pages"}],"about":[{"href":"https:\/\/dev.komedija.hr\/www\/wp-json\/wp\/v2\/types\/page"}],"author":[{"embeddable":true,"href":"https:\/\/dev.komedija.hr\/www\/wp-json\/wp\/v2\/users\/5"}],"replies":[{"embeddable":true,"href":"https:\/\/dev.komedija.hr\/www\/wp-json\/wp\/v2\/comments?post=14546"}],"version-history":[{"count":16,"href":"https:\/\/dev.komedija.hr\/www\/wp-json\/wp\/v2\/pages\/14546\/revisions"}],"predecessor-version":[{"id":29266,"href":"https:\/\/dev.komedija.hr\/www\/wp-json\/wp\/v2\/pages\/14546\/revisions\/29266"}],"up":[{"embeddable":true,"href":"https:\/\/dev.komedija.hr\/www\/wp-json\/wp\/v2\/pages\/10"}],"wp:featuredmedia":[{"embeddable":true,"href":"https:\/\/dev.komedija.hr\/www\/wp-json\/wp\/v2\/media\/14795"}],"wp:attachment":[{"href":"https:\/\/dev.komedija.hr\/www\/wp-json\/wp\/v2\/media?parent=14546"}],"curies":[{"name":"wp","href":"https:\/\/api.w.org\/{rel}","templated":true}]}}