{"id":14598,"date":"2022-01-26T15:33:48","date_gmt":"2022-01-26T14:33:48","guid":{"rendered":"http:\/\/www.komedija.hr\/www\/?page_id=14598"},"modified":"2023-01-16T13:03:22","modified_gmt":"2023-01-16T12:03:22","slug":"ludnica-s-tenorima","status":"publish","type":"page","link":"https:\/\/dev.komedija.hr\/www\/repertoar\/ludnica-s-tenorima\/","title":{"rendered":"LUDNICA S TENORIMA"},"content":{"rendered":"<p>SPONZOR PREDSTAVE: Hrvatska elektroprivreda d.d.<a href=\"https:\/\/www.hep.hr\/\" target=\"_blank\" rel=\"noopener\"><img loading=\"lazy\" decoding=\"async\" class=\"alignnone size-full wp-image-14998\" src=\"https:\/\/dev.komedija.hr\/www\/wp-content\/uploads\/2022\/04\/HEPenergija2021_HRVATSKA_468x60.jpg\" alt=\"\" width=\"448\" height=\"60\" srcset=\"https:\/\/dev.komedija.hr\/www\/wp-content\/uploads\/2022\/04\/HEPenergija2021_HRVATSKA_468x60.jpg 448w, https:\/\/dev.komedija.hr\/www\/wp-content\/uploads\/2022\/04\/HEPenergija2021_HRVATSKA_468x60-300x40.jpg 300w\" sizes=\"auto, (max-width: 448px) 100vw, 448px\" \/><\/a><\/p>\n<hr>\n<p>Ken Ludwig: <strong>LUDNICA S TENORIMA<\/strong>, komedija<br \/>\nNaslov originala: A Comedy of Tenors<\/p>\n<p>Prijevod i adaptacija: <a href=\"#cmp-14994\">Nina Kleflin<\/a><\/p>\n<p>Redateljica: <a href=\"#cmp-14994\"><strong>Nina Kleflin<\/strong><\/a><br \/>\nScenograf: <a href=\"#cmp-14992\"><strong>Osman Arslanagi\u0107<\/strong><\/a><br \/>\nKostimografkinja: <a href=\"#cmp-14993\"><strong>Sara Lovri\u0107 Caparin<\/strong><\/a><br \/>\nAutor glazbe: <strong><a href=\"http:\/\/www.komedija.hr\/www\/ansambl-2\/dirigenti\/appelt-dinko\/\">Dinko Appelt<\/a><\/strong><\/p>\n<p><strong>Uloge:<\/strong><br \/>\nSaunders: <a href=\"http:\/\/www.komedija.hr\/www\/ansambl-2\/glumci\/filip-juricic\/\"><strong>Filip Juri\u010di\u0107<\/strong><\/a><br \/>\nMax: <a href=\"http:\/\/www.komedija.hr\/www\/ansambl-2\/glumci\/ronald-zlabur\/\"><strong>Ronald \u017dlabur<\/strong><\/a><br \/>\nMaria: <a href=\"https:\/\/dev.komedija.hr\/www\/ansambl-2\/glumci\/palic-picukaric-jasna\/\"><strong>Jasna Pali\u0107 Picukari\u0107<\/strong><\/a><br \/>\nTito\/Beppo: <a href=\"http:\/\/www.komedija.hr\/www\/ansambl-2\/glumci\/loncar-damir\/\"><strong>Damir Lon\u010dar<\/strong><\/a><br \/>\nMimi: <strong><a href=\"#cmp-14989\">Dea Prese\u010dki<\/a>&nbsp;\/ Lara Neki\u0107<br \/>\n<\/strong>Carlo: <a href=\"http:\/\/www.komedija.hr\/www\/ansambl-2\/pjevaci\/filip-hozjak\/\"><strong>Filip Hozjak<\/strong><\/a><br \/>\nNatasha: <a href=\"http:\/\/www.komedija.hr\/www\/ansambl-2\/glumci\/kaic-nina\/\"><strong>Nina Kai\u0107 Madi\u0107<\/strong><\/a><\/p>\n<p>Inspicijentica: Dijana Daj\u010di\u0107<br \/>\n\u0160apta\u010dica: Stela \u017dingerlin<\/p>\n<p><strong>Premijera: 9. travnja 2022.<\/strong><\/p>\nngg_shortcode_0_placeholder\n<h5>EUROPSKA PREMIJERA HITA KENA LUDWIGA U KOMEDIJI!<\/h5>\n<p><em>Ludnica s tenorima <\/em>ameri\u010dki je kazali\u0161ni hit iz pera slavnog komediografa Kena Ludwiga. Ovaj slavni autor napisao je brojne komedije koje su mu donijele slavu na Broadwayu i West Endu, a posebno se proslavio farsom <em>Posudi mi tenora<\/em> koja prethodi sada\u0161njem nastavku nazvanom <em>Comedy of Tenor<\/em>s (<em>Ludnica s tenorima<\/em>).<\/p>\n<p>Kao veliki znalac kazali\u0161ta, glazbe i opere Ken Ludwig napisao je beskrajno zabavan komad o umjetnicima, sa svim njihovim manama i vrlinama, vedru i lepr\u0161avu komediju ispunjenu najpoznatijim tenorskim napjevima.<\/p>\n<p>Radnja se odvija u jednom elegantnom pari\u0161kom hotelu 1936. godine. Tri slavna tenora pripremaju koncert desetlje\u0107a, ali na\u017ealost, sve po\u0111e po zlu. Glavna zvijezda, \u010duveni Tito Merelli, \u017eeli odustati od koncerta, producenti \u010dupaju kose, tenori, zbog me\u0111usobnih zavrzlama, sva\u0111a i krivih pretpostavki, jedan po jedan odustaju od nastupa.<\/p>\n<p>Sre\u0107om tu je tenor &#8211; amater, hotelski poslu\u017eitelj Beppo koji&nbsp; je frapantno sli\u010dan slavnom Merelliju (igra ga, naravno, isti glumac), pa ga poku\u0161aju podmetnuti za la\u017enog Merellija. Uz to tu je i mladi tenor koji je zaru\u010dnik Merellijeve k\u0107eri (iako on misli da je zapravo ljubavnik njegove \u017eene), a da se sve dodatno zakomplicira u radnju se uvla\u010di i jedna biv\u0161a ljubavnica, Ruskinja, koja i sada ima romanti\u010dna o\u010dekivanja.<\/p>\n<p>Na kraju, sve se, naravno, zavr\u0161i sretnim ishodima, priznanjem ljubavi i ponekom neo\u010dekivanom prinovom. Nje\u017eni i pomalo sentimentalni \u0161tih ove komedije \u010dini ju svevremenom bajkom o ljudima koji su talentirani, duhoviti, smije\u0161ni i dobri. To je kazali\u0161ni komad poslije kojeg se osje\u0107amo dobro, koji poetizira umjetnost, ali i ljubav kao veliku iscjeliteljsku silu.<\/p>\n<p>Brza i dinami\u010dna radnja puna neo\u010dekivanih obrata prava je poslastica za publiku. Uz to, kako je rije\u010d o tenorima koji se pripremaju za koncert, predstava obiluje poznatim songovima, pa se mo\u017ee re\u0107i da je kombinacija glazbenog i dramskog \u017eanra.<\/p>\n<p>Komedija <em>Ludnicu s tenorima<\/em> postavlja prva u Europi, pa \u0107e tako ovaj veliki kazali\u0161ni hit u na\u0161oj produkciji do\u017eivjeti svoju europsku praizvedbu.<\/p>\n<p><em>Od Ludnice s tenorima<\/em> o\u010dekujemo ludu zabavu, te da\u0161ak optimizma, veselja i vjere u ljubav i sretne zavr\u0161etke, dakle upravo ono \u0161to je publici u ovo vrijeme i najpotrebnije.<\/p>\n<h4><strong>NAGRADE:<\/strong><\/h4>\n<p><strong>Nagrada na 11. Bobijevim danima<\/strong> <strong>smijeha<\/strong> 2022. Damiru Lon\u010daru za najbolju mu\u0161ku ulogu<\/p>\n<p><strong>Nagrada hrvatskoga glumi\u0161ta<\/strong> 2022. Damiru Lon\u010daru&nbsp; za najbolju mu\u0161ku ulogu<\/p>\n<p><strong>Nominacija <\/strong>za<strong> Nagradu hrvatskoga glumi\u0161ta<\/strong> 2022. Jasni Pali\u0107 Picukari\u0107 za sporednu \u017eensku ulogu<\/p>\n","protected":false},"excerpt":{"rendered":"<p>SPONZOR PREDSTAVE: Hrvatska elektroprivreda d.d. Ken Ludwig: LUDNICA S TENORIMA, komedija Naslov originala: A Comedy of Tenors Prijevod i adaptacija:<\/p>\n","protected":false},"author":5,"featured_media":14926,"parent":10,"menu_order":0,"comment_status":"closed","ping_status":"closed","template":"","meta":{"ngg_post_thumbnail":0,"footnotes":""},"class_list":["post-14598","page","type-page","status-publish","has-post-thumbnail","hentry"],"_links":{"self":[{"href":"https:\/\/dev.komedija.hr\/www\/wp-json\/wp\/v2\/pages\/14598","targetHints":{"allow":["GET"]}}],"collection":[{"href":"https:\/\/dev.komedija.hr\/www\/wp-json\/wp\/v2\/pages"}],"about":[{"href":"https:\/\/dev.komedija.hr\/www\/wp-json\/wp\/v2\/types\/page"}],"author":[{"embeddable":true,"href":"https:\/\/dev.komedija.hr\/www\/wp-json\/wp\/v2\/users\/5"}],"replies":[{"embeddable":true,"href":"https:\/\/dev.komedija.hr\/www\/wp-json\/wp\/v2\/comments?post=14598"}],"version-history":[{"count":0,"href":"https:\/\/dev.komedija.hr\/www\/wp-json\/wp\/v2\/pages\/14598\/revisions"}],"up":[{"embeddable":true,"href":"https:\/\/dev.komedija.hr\/www\/wp-json\/wp\/v2\/pages\/10"}],"wp:featuredmedia":[{"embeddable":true,"href":"https:\/\/dev.komedija.hr\/www\/wp-json\/wp\/v2\/media\/14926"}],"wp:attachment":[{"href":"https:\/\/dev.komedija.hr\/www\/wp-json\/wp\/v2\/media?parent=14598"}],"curies":[{"name":"wp","href":"https:\/\/api.w.org\/{rel}","templated":true}]}}