{"id":16497,"date":"2023-01-04T14:47:54","date_gmt":"2023-01-04T13:47:54","guid":{"rendered":"https:\/\/www.komedija.hr\/www\/?page_id=16497"},"modified":"2023-11-30T13:22:30","modified_gmt":"2023-11-30T12:22:30","slug":"kaj-je-ljubav","status":"publish","type":"page","link":"https:\/\/dev.komedija.hr\/www\/repertoar\/kaj-je-ljubav\/","title":{"rendered":"KAJ JE LJUBAV"},"content":{"rendered":"<h3>Adam Kon\u010di\u0107 &#8211; skupina autora: <strong>KAJ JE LJUBAV&nbsp;<\/strong><\/h3>\n<blockquote><p><em>glazbeno-poetska predstava<\/em><\/p><\/blockquote>\n<p>Autor: <a href=\"https:\/\/dev.komedija.hr\/www\/ansambl-2\/glumci\/koncic-adam\/\"><strong>Adam Kon\u010di\u0107<\/strong><\/a><br \/>\nGlazbeni suradnik: <strong>Oliver Belo\u0161evi\u0107<\/strong><br \/>\nSuradnica za kostime: <strong>Eva Karaka\u0161 Bedrina<\/strong><br \/>\nTehni\u010dka podr\u0161ka: <strong>Tomislav Pervan<\/strong><br \/>\nInspicijent: <strong>Boris \u0160tefan\u010di\u0107<\/strong><\/p>\n<p><strong>Izvo\u0111a\u010di:<\/strong><\/p>\n<p>Glumac: <strong><a href=\"https:\/\/dev.komedija.hr\/www\/ansambl-2\/glumci\/koncic-adam\/\">Adam Kon\u010di\u0107<\/a><\/strong><\/p>\n<p><strong>Glazbenici:<\/strong><br \/>\n<strong>Petar Haluza<\/strong> &#8211; violina<br \/>\n<strong>Vinko Grube\u0161i\u0107<\/strong> &#8211; violon\u010delo<br \/>\n<strong>Alan Dovi\u0107<\/strong> &#8211; gitara<br \/>\n<strong>Tomislav Parma\u0107<\/strong> &#8211; klavir<\/p>\n<p>Premijera: 13. velja\u010de 2023.<\/p>\n<p>Predstava igra u Klubu Kazali\u0161ta Komedija.<\/p>\n<p>[wpdevart_youtube caption=&#8221;Adam Kon\u010di\u0107: Kaj ve\u010d od ljubavi vrijedi&#8221; align=&#8221;left&#8221;]ERBmx8ZVAi4[\/wpdevart_youtube]<\/p>\n<p>Adam Kon\u010di\u0107, \u010dlan Komedijina gluma\u010dkog ansambla, ve\u0107 se dugi niz godina dokazuje kao vrhunski interpret kabaretskih formi, pa je kazali\u0161te odlu\u010dilo ovom svom \u010dlanu pru\u017eiti priliku da na sceni Kluba Kazali\u0161ta Komedija ostvari svoj novi autorski projekt.<\/p>\n<p><em>Kaj je ljubav<\/em> je koncertno poetski cabaret u kojem \u0107e Adam Kon\u010di\u0107 govoriti o mu\u0161ko \u017eenskim odnosima kroz pjesme popularnih pjesnika, kroz kratke monolo\u0161ke dramske forme i naravno, kroz glazbu i pjesmu.<\/p>\n<p>Pjesnici poput Ladislava Pe\u017eigala kojeg Kon\u010di\u0107 \u010desto interpretira zbog njegovog osebujnog kajkavskog izraza svakako \u0107e se na\u0107i na repertoaru, kao i nezaobilazni hrvatski pjesnici ljubavne poezije poput Enesa Ki\u0161evi\u0107a ili \u017deljka Krznari\u0107a.<\/p>\n<p>Prozne dijelove cabareta Kon\u010di\u0107 \u0107e govoriti kao pseudo autobiografske crtice, nalik na dnevni\u010dke zapise jednog suvremenog homo sapiensa koji poti\u010de iz Krapine i humorno se poigrava ma\u010disti\u010dkim streotipima, ulogom mu\u0161karca u modernom dru\u0161tvu, koji iskreno progovora o pobjedama i porazima u ljubavi.<\/p>\n<p>U predstavi \u0107e se pjesme izvoditi u\u017eivo, uz pratnju \u010detvero\u010dlanog muzi\u010dkog sastava, koji \u0107e sa\u010dinjavati \u010dlanovi orkestra kazali\u0161ta Komedija.<\/p>\n<p>Ovaj kabaretski program pru\u017eit \u0107e idealan programski okvir za prostor Komedijinog kluba na glavnom gradskom trgu, koji \u0107e pru\u017eiti kvalitetnu zabavu za ve\u010dernji izlazak u takav urbani klupski prostor.<\/p>\n<p>&nbsp;<\/p>\n<p>U svom autorskom projektu Adam Kon\u010di\u0107 smjelo nam upu\u0107uje vje\u010dno pitanje: \u201e<strong>Kaj je ljubav?\u201c<\/strong><\/p>\n<p>Znaju\u0107i da na to pitanje nema odgovora, da veli\u010dinu i dubinu ljubavi nikada ne\u0107emo mo\u0107i ni doku\u010diti ni artikulirati, Adam se odlu\u010duje na ono \u0161to nam jedino preostaje: da ju opjevamo.<\/p>\n<p>U slavu ljubavi i svega \u0161to nam ona donosi u ovoj \u0107e se predstavi pjevati, svirati, govoriti stihove, \u0161aliti i sentimentalizirati \u2013 ba\u0161 kao \u0161to se to doga\u0111a i u \u017eivotu kada nas takne ljubav.<\/p>\n<p>Zazvonit \u0107e tu \u010desto, kao \u0161to i o\u010dekujemo od na\u0161eg glumca porijeklom iz Zagorja, <em>prelepi na\u0161 kaj<\/em>, ali mo\u0107i \u0107emo u\u017eivati i u \u0161tokavskim pjesnicima, na\u0161im bardovima koji govore o ljubavi. Na\u0107i \u0107e se tu i novih autorskih pjesama u izvo\u0111enju kvarteta sa\u010dinjenog od \u010dlanova orkestra Kazali\u0161ta Komedija, kao i prerade poznatih hitova.<\/p>\n<p>Ali ono najva\u017enije donijet \u0107e nam sam Adam u svom autorskom vi\u0111enju: ve\u010der ispunjenu razmi\u0161ljanjima o ljubavi i o tome koliko ona mijenja i na\u0161 \u017eivot i nas same. I da pritom ne mislimo ni na prijateljsku, bratsku ili roditeljsku ljubav, ljubav prema domovini ili prema svijetu i njegovim blagodatima, ve\u0107 isklju\u010divo na onu specifi\u010dnu ludu ljubav koju osje\u0107amo prema svom prvom drugom. Ljubav je ta puna erotske \u017eudnje, neizvjesnosti i strasti, puna je o\u010dekivanja i nade. Takva ljubav donosi nezamislivu radost, no i svoju drugu stranu: razo\u010daranja i tuge, duboke boli. To je jedina vrsta ljubavi koja nas istinski mo\u017ee promijeniti, nagnati na velike stvari. To je ljubav koja nam daje elan, volju za \u017eivotom, nadnaravnu snagu. Bez nje smo prazni i suhi kao pustinja, bez nje smo usamljeni i opusto\u0161eni. Nije uzalud i sam sveti Pavao rekao da je \u010dovjek bez ljubavi prazan kao napuklo zvono.<\/p>\n<p>Kao glumac, redatelj i autor Adam Kon\u010di\u0107 nalazi vremena i inspiracije da stvori predstavu koja progovara o tim velikim pitanjima. Nalazi da je va\u017eno pozvati publiku da provede jednu elegantnu ve\u010der u razmi\u0161ljanju o tome: kaj je ljubav?<\/p>\n<p><em>Kaj je ona za svakog od nas i kaj je ona za celi ovaj lepi svet kaj se tak hitro vrti oko nas. Vu ringi\u0161pilu \u017eivlenja ve\u010dno bumo lovili odgovor na to <strong>Kaj je ljubav <\/strong>i makar to nigdar ne spoznali, molimo se da nas takne, zavede, zavrti \u2013 a bumo imali kura\u017ee ljubiti, ljubiti do kraja.&nbsp; (<\/em>Nina Kleflin, dramaturginja Kazali\u0161ta Komedija)<\/p>\n","protected":false},"excerpt":{"rendered":"<p>Adam Kon\u010di\u0107 &#8211; skupina autora: KAJ JE LJUBAV&nbsp; glazbeno-poetska predstava Autor: Adam Kon\u010di\u0107 Glazbeni suradnik: Oliver Belo\u0161evi\u0107 Suradnica za kostime:<\/p>\n","protected":false},"author":5,"featured_media":16596,"parent":10,"menu_order":0,"comment_status":"closed","ping_status":"closed","template":"","meta":{"ngg_post_thumbnail":0,"footnotes":""},"class_list":["post-16497","page","type-page","status-publish","has-post-thumbnail","hentry"],"_links":{"self":[{"href":"https:\/\/dev.komedija.hr\/www\/wp-json\/wp\/v2\/pages\/16497","targetHints":{"allow":["GET"]}}],"collection":[{"href":"https:\/\/dev.komedija.hr\/www\/wp-json\/wp\/v2\/pages"}],"about":[{"href":"https:\/\/dev.komedija.hr\/www\/wp-json\/wp\/v2\/types\/page"}],"author":[{"embeddable":true,"href":"https:\/\/dev.komedija.hr\/www\/wp-json\/wp\/v2\/users\/5"}],"replies":[{"embeddable":true,"href":"https:\/\/dev.komedija.hr\/www\/wp-json\/wp\/v2\/comments?post=16497"}],"version-history":[{"count":0,"href":"https:\/\/dev.komedija.hr\/www\/wp-json\/wp\/v2\/pages\/16497\/revisions"}],"up":[{"embeddable":true,"href":"https:\/\/dev.komedija.hr\/www\/wp-json\/wp\/v2\/pages\/10"}],"wp:featuredmedia":[{"embeddable":true,"href":"https:\/\/dev.komedija.hr\/www\/wp-json\/wp\/v2\/media\/16596"}],"wp:attachment":[{"href":"https:\/\/dev.komedija.hr\/www\/wp-json\/wp\/v2\/media?parent=16497"}],"curies":[{"name":"wp","href":"https:\/\/api.w.org\/{rel}","templated":true}]}}