{"id":17397,"date":"2023-09-06T13:39:27","date_gmt":"2023-09-06T11:39:27","guid":{"rendered":"https:\/\/www.komedija.hr\/www\/?page_id=17397"},"modified":"2024-04-19T20:17:11","modified_gmt":"2024-04-19T18:17:11","slug":"vazno-je-zvati-se-ernest","status":"publish","type":"page","link":"https:\/\/dev.komedija.hr\/www\/repertoar\/vazno-je-zvati-se-ernest\/","title":{"rendered":"VA\u017dNO JE ZVATI SE ERNEST"},"content":{"rendered":"<h3>Oscar Wilde: <strong>VA\u017dNO JE ZVATI SE ERNEST<br \/>\n<\/strong><em>The Importance of Being Earnest<\/em><\/h3>\n<p><strong>Redatelj:<\/strong> Ivan Plazibat<br \/>\n<strong>Prijevod:<\/strong> Martina Ani\u010di\u0107<br \/>\n<strong>Scenograf:<\/strong> Filip Triplat<br \/>\n<strong>Kostimografkinja:<\/strong> Petra Pavi\u010di\u0107<br \/>\n<strong>Autor glazbe:<\/strong> Damir \u0160imunovi\u0107<br \/>\n<strong>Scenski pokret:<\/strong> Anna Javoran<\/p>\n<p><strong>Oblikovanje svjetla:<\/strong> Dubravka Kurobasa<\/p>\n<p><strong>Uloge:<\/strong><\/p>\n<p><strong>John Worthing: <a href=\"https:\/\/dev.komedija.hr\/www\/ansambl-2\/glumci\/ronald-zlabur\/\">Ronald \u017dlabur<\/a><br \/>\n<\/strong><strong>Algernon Moncrieff: <a href=\"https:\/\/dev.komedija.hr\/www\/ansambl-2\/glumci\/filip-juricic\/\">Filip Juri\u010di\u0107<\/a><br \/>\n<\/strong><strong>Gwendolen Fairfax: <a href=\"https:\/\/dev.komedija.hr\/www\/ansambl-2\/glumci\/kaic-nina\/\">Nina Kai\u0107 Madi\u0107<\/a><br \/>\n<\/strong><strong>Cecily Cardew: <a href=\"http:\/\/ANA MAGUD\">Ana Magud<\/a><br \/>\n<\/strong><strong>Lady Bracknell: <a href=\"https:\/\/dev.komedija.hr\/www\/ansambl-2\/glumci\/elegovic-mila\/\">Mila Elegovi\u0107<\/a><br \/>\n<\/strong><strong>Miss Prism: <a href=\"https:\/\/dev.komedija.hr\/www\/ansambl-2\/glumci\/ciric-vanja\/\">Vanja \u0106iri\u0107<\/a><br \/>\n<\/strong><strong>Vele\u010dasni Chasuble<\/strong>: <strong><a href=\"http:\/\/DEA\u017dEN BRATULI\u0106\">Dra\u017een Bratuli\u0107<\/a><br \/>\n<\/strong><strong>Lane\/ Merriam: <a href=\"https:\/\/dev.komedija.hr\/www\/ansambl-2\/glumci\/adnan-prohic\/\">Adnan Prohi\u0107<\/a><br \/>\n<\/strong><br \/>\n<strong>Inspicijent: <\/strong>Boris \u0160tefan\u010di\u0107<\/p>\n<p><strong>\u0160apta\u010dica:<\/strong> Dorotea Krivec<\/p>\n<div class=\"\" data-block=\"true\" data-editor=\"4tasp\" data-offset-key=\"dmdcc-0-0\">\n<div class=\"_1mf _1mj\" data-offset-key=\"dmdcc-0-0\"><span data-offset-key=\"dmdcc-0-0\">Voditelj Tehni\u010dke slu\u017ebe: Tomislav Pervan<\/span><\/div>\n<\/div>\n<div class=\"\" data-block=\"true\" data-editor=\"4tasp\" data-offset-key=\"csjn1-0-0\">\n<div class=\"_1mf _1mj\" data-offset-key=\"csjn1-0-0\"><span data-offset-key=\"csjn1-0-0\">Pomo\u0107nik voditelja Tehni\u010dke slu\u017ebe: Goran \u017di\u017ei\u0107 <\/span><\/div>\n<\/div>\n<div class=\"\" data-block=\"true\" data-editor=\"4tasp\" data-offset-key=\"3su0q-0-0\">\n<div class=\"_1mf _1mj\" data-offset-key=\"3su0q-0-0\"><span data-offset-key=\"3su0q-0-0\">Majstor pozornice: Goran Vodopija <\/span><\/div>\n<\/div>\n<div class=\"\" data-block=\"true\" data-editor=\"4tasp\" data-offset-key=\"d8gnc-0-0\">\n<div class=\"_1mf _1mj\" data-offset-key=\"d8gnc-0-0\"><span data-offset-key=\"d8gnc-0-0\">Majstor svjetla: An\u0111elko Kos | Svjetlo: Igor \u0160eler <\/span><\/div>\n<\/div>\n<div class=\"\" data-block=\"true\" data-editor=\"4tasp\" data-offset-key=\"7c4vq-0-0\">\n<div class=\"_1mf _1mj\" data-offset-key=\"7c4vq-0-0\"><span data-offset-key=\"7c4vq-0-0\">Ton: Nevenko Ben\u0161ek, Bruno Grizbaher<\/span><\/div>\n<\/div>\n<div class=\"\" data-block=\"true\" data-editor=\"4tasp\" data-offset-key=\"7dhkf-0-0\">\n<div class=\"_1mf _1mj\" data-offset-key=\"7dhkf-0-0\"><span data-offset-key=\"7dhkf-0-0\">Majstor vlasuljar: Irena Ru\u017ei\u0107<\/span><\/div>\n<\/div>\n<div class=\"\" data-block=\"true\" data-editor=\"4tasp\" data-offset-key=\"d0eqa-0-0\">\n<div class=\"_1mf _1mj\" data-offset-key=\"d0eqa-0-0\"><span data-offset-key=\"d0eqa-0-0\">Majstor mu\u0161ke kroja\u010dnice: Anton \u0160valjek<\/span><\/div>\n<\/div>\n<div class=\"\" data-block=\"true\" data-editor=\"4tasp\" data-offset-key=\"etgc1-0-0\">\n<div class=\"_1mf _1mj\" data-offset-key=\"etgc1-0-0\"><span data-offset-key=\"etgc1-0-0\">Majstor \u017eenske kroja\u010dnice: Ivana Magli\u0107<\/span><\/div>\n<\/div>\n<div class=\"\" data-block=\"true\" data-editor=\"4tasp\" data-offset-key=\"bk0ft-0-0\">\n<div class=\"_1mf _1mj\" data-offset-key=\"bk0ft-0-0\"><span data-offset-key=\"bk0ft-0-0\">Kiparski radovi: Ivica Marin <\/span><\/div>\n<\/div>\n<div class=\"\" data-block=\"true\" data-editor=\"4tasp\" data-offset-key=\"5r0mo-0-0\">\n<div class=\"_1mf _1mj\" data-offset-key=\"5r0mo-0-0\"><span data-offset-key=\"5r0mo-0-0\">Slikarski radovi: Jasminka Begi\u0107<\/span><\/div>\n<\/div>\n<div class=\"\" data-block=\"true\" data-editor=\"4tasp\" data-offset-key=\"biikh-0-0\">\n<div class=\"_1mf _1mj\" data-offset-key=\"biikh-0-0\"><span data-offset-key=\"biikh-0-0\">Majstor postolar: Ivan Bastalec<\/span><\/div>\n<\/div>\n<div class=\"\" data-block=\"true\" data-editor=\"4tasp\" data-offset-key=\"523jq-0-0\">\n<div class=\"_1mf _1mj\" data-offset-key=\"523jq-0-0\"><span data-offset-key=\"523jq-0-0\">\u0160minker: Bosiljka Horvat<\/span><\/div>\n<\/div>\n<div class=\"\" data-block=\"true\" data-editor=\"4tasp\" data-offset-key=\"8agv9-0-0\">\n<div class=\"_1mf _1mj\" data-offset-key=\"8agv9-0-0\"><span data-offset-key=\"8agv9-0-0\">Frizer: Nata\u0161a Prugove\u010dki, Lorena Luk\u0161i\u0107<\/span><\/div>\n<\/div>\n<div class=\"\" data-block=\"true\" data-editor=\"4tasp\" data-offset-key=\"3c0e-0-0\">\n<div class=\"_1mf _1mj\" data-offset-key=\"3c0e-0-0\"><span data-offset-key=\"3c0e-0-0\">\u017denska kroja\u010dnica\/garderoba: Vesna Ble\u010di\u0107, Jasna Krajna, Kristina Samard\u017ei\u0107<\/span><\/div>\n<\/div>\n<div class=\"\" data-block=\"true\" data-editor=\"4tasp\" data-offset-key=\"9dqt9-0-0\">\n<div class=\"_1mf _1mj\" data-offset-key=\"9dqt9-0-0\"><span data-offset-key=\"9dqt9-0-0\">Mu\u0161ka kroja\u010dnica: Ru\u017eica Jurai\u0107<\/span><\/div>\n<\/div>\n<div class=\"\" data-block=\"true\" data-editor=\"4tasp\" data-offset-key=\"340i7-0-0\">\n<div class=\"_1mf _1mj\" data-offset-key=\"340i7-0-0\"><span data-offset-key=\"340i7-0-0\">Garderoba: Nina Bambi\u0107, Mirjana Strugar<\/span><\/div>\n<\/div>\n<div class=\"\" data-block=\"true\" data-editor=\"4tasp\" data-offset-key=\"e9fb5-0-0\">\n<div class=\"_1mf _1mj\" data-offset-key=\"e9fb5-0-0\"><span data-offset-key=\"e9fb5-0-0\">Scenski radnici: Vanja Dacovi\u0107, Stjepan Jeli\u0107, Damir Kova\u010devi\u0107, Robert Krajna, Mario Perko, Slobodan Rai\u010dkovi\u0107, Danijel Stojanovi\u0107, David Weisz<\/span><\/div>\n<\/div>\n<div class=\"\" data-block=\"true\" data-editor=\"4tasp\" data-offset-key=\"ak8nn-0-0\">\n<div class=\"_1mf _1mj\" data-offset-key=\"ak8nn-0-0\"><span data-offset-key=\"ak8nn-0-0\">Rekviziteri: Hrvoje Novak, Luka Brezin\u0161\u010dak<\/span><\/div>\n<\/div>\n<div class=\"\" data-block=\"true\" data-editor=\"4tasp\" data-offset-key=\"6v9i9-0-0\">\n<div class=\"_1mf _1mj\" data-offset-key=\"6v9i9-0-0\"><span data-offset-key=\"6v9i9-0-0\">Ekonom: Dino Voli\u0107<\/span><\/div>\n<\/div>\n<p><strong>Premijera: 30. studenoga 2023.<\/strong><\/p>\n<p><strong>Trajanje: 120 minuta; predstava ima jednu stanku<br \/>\n<\/strong><\/p>\n<p>Oscar Wilde jedan je od najpoznatijih dramskih pisaca svijeta, kozer&nbsp; i kriti\u010dar dru\u0161tva, pjesnik i prozaist, simbol britkosti uma i duhovitosti, Irac koji je \u017eivio od 1854. do 1900. godine. Njegovo najpoznatije prozno djelo je roman <em>Slika Doriana Graya<\/em>, a komedija koja mu je donijela svjetsku slavu je ljubavna melodrama s elementima farse pod naslovom <em>Va\u017eno je zvati se Ernest<\/em>.<\/p>\n<p>Ova je komedija do\u017eivjela ogroman uspjeh ve\u0107 na svojoj premijeri u Londonu&nbsp; 1895. godine, a u Zagrebu je prvi puta igrana 1910. Sve izvedbe ovog dramskog djela imaju potencijal hita, jer je rije\u010d o izvrsno napisanoj komediografskoj strukturi s razra\u0111enim karakterima. Djelo je na repertoaru brojnih svjetskih kazali\u0161ta, te nikada ne gubi na svojoj aktualnosti.<\/p>\n<p>Dva mladi\u0107a iz visokog dru\u0161tva, radi ljubavnih spletki i zavo\u0111enja izmisle sebi la\u017eno ime \u2013 Ernest, koje se pokaze izuzetno djelotvorno pri osvajanju mladih djevojaka.&nbsp; No, malo se previ\u0161e zaigraju u spletkama i izmi\u0161ljotinama pa se radnja ozbiljno zakomplicira. Izbjegavaju\u0107i strogu majku, uz prisustvo simpati\u010dnog pastora, mladi\u0107i otkriju da puno toga ne znaju, pa \u010dak ni to da su zapravo \u2013 bra\u0107a! Odgonetku u svoj ruci dr\u017ei komi\u010dna biv\u0161a dadilja, a rasplet je naravno &#8211; sretan.<\/p>\n<p>Wilde se ozbiljno ruga s elementima pokondirenosti dru\u0161tva, prikrivanju i la\u017enoj fasadi,&nbsp; tema koja je aktualna danas jednako kao i kad je djelo nastalo. Na\u0161 duhoviti pisac podcrtava da je u ugla\u0111enom dru\u0161tvu najva\u017enije biti <em>ernest <\/em>\u0161to je engleska rije\u010d za <em>iskren<\/em> iako svojom vje\u0161tom fabulom dokazuje da su upravo prijevare ono \u0161to pokre\u0107e sretne rasplete.<\/p>\n<p>Nemamo nikakve sumnje da \u0107e Komedijina publika u\u017eivati u vje\u0161tim gluma\u010dkim bravurama dokazuju\u0107i da je nu\u017eno zvati se Ernest.<\/p>\n","protected":false},"excerpt":{"rendered":"<p>Oscar Wilde: VA\u017dNO JE ZVATI SE ERNEST The Importance of Being Earnest Redatelj: Ivan Plazibat Prijevod: Martina Ani\u010di\u0107 Scenograf: Filip<\/p>\n","protected":false},"author":5,"featured_media":17595,"parent":10,"menu_order":0,"comment_status":"closed","ping_status":"closed","template":"","meta":{"ngg_post_thumbnail":0,"footnotes":""},"class_list":["post-17397","page","type-page","status-publish","has-post-thumbnail","hentry"],"_links":{"self":[{"href":"https:\/\/dev.komedija.hr\/www\/wp-json\/wp\/v2\/pages\/17397","targetHints":{"allow":["GET"]}}],"collection":[{"href":"https:\/\/dev.komedija.hr\/www\/wp-json\/wp\/v2\/pages"}],"about":[{"href":"https:\/\/dev.komedija.hr\/www\/wp-json\/wp\/v2\/types\/page"}],"author":[{"embeddable":true,"href":"https:\/\/dev.komedija.hr\/www\/wp-json\/wp\/v2\/users\/5"}],"replies":[{"embeddable":true,"href":"https:\/\/dev.komedija.hr\/www\/wp-json\/wp\/v2\/comments?post=17397"}],"version-history":[{"count":1,"href":"https:\/\/dev.komedija.hr\/www\/wp-json\/wp\/v2\/pages\/17397\/revisions"}],"predecessor-version":[{"id":18808,"href":"https:\/\/dev.komedija.hr\/www\/wp-json\/wp\/v2\/pages\/17397\/revisions\/18808"}],"up":[{"embeddable":true,"href":"https:\/\/dev.komedija.hr\/www\/wp-json\/wp\/v2\/pages\/10"}],"wp:featuredmedia":[{"embeddable":true,"href":"https:\/\/dev.komedija.hr\/www\/wp-json\/wp\/v2\/media\/17595"}],"wp:attachment":[{"href":"https:\/\/dev.komedija.hr\/www\/wp-json\/wp\/v2\/media?parent=17397"}],"curies":[{"name":"wp","href":"https:\/\/api.w.org\/{rel}","templated":true}]}}