{"id":1794,"date":"2012-03-08T08:50:58","date_gmt":"2012-03-08T07:50:58","guid":{"rendered":"http:\/\/www.komedija.hr\/web\/?page_id=1794"},"modified":"2025-01-21T12:31:09","modified_gmt":"2025-01-21T11:31:09","slug":"ervin-baucic","status":"publish","type":"page","link":"https:\/\/dev.komedija.hr\/www\/ansambl-2\/pjevaci\/ervin-baucic\/","title":{"rendered":"Ervin Bau\u010di\u0107"},"content":{"rendered":"<table border=\"0\" width=\"100%\">\n<tbody>\n<tr>\n<td><a href=\"http:\/\/www.komedija.hr\/www\/wp-content\/uploads\/2012\/03\/ervin_baucic.jpg\" target=\"_blank\" rel=\"noopener noreferrer\"><img loading=\"lazy\" decoding=\"async\" class=\"alignnone wp-image-7198 size-medium\" src=\"http:\/\/www.komedija.hr\/www\/wp-content\/uploads\/2012\/03\/ervin_baucic-200x300.jpg\" alt=\"ervin_baucic\" width=\"200\" height=\"300\" srcset=\"https:\/\/dev.komedija.hr\/www\/wp-content\/uploads\/2012\/03\/ervin_baucic-200x300.jpg 200w, https:\/\/dev.komedija.hr\/www\/wp-content\/uploads\/2012\/03\/ervin_baucic.jpg 533w\" sizes=\"auto, (max-width: 200px) 100vw, 200px\" \/><\/a><\/td>\n<td>&nbsp;Operni pjeva\u010d<\/td>\n<\/tr>\n<tr valign=\"top\">\n<td colspan=\"2\" height=\"20\">&nbsp;<\/td>\n<\/tr>\n<tr>\n<td valign=\"top\" width=\"18%\" height=\"25\"><strong>DATUM I MJESTO RO\u0110ENJA <\/strong><\/td>\n<td valign=\"top\" width=\"82%\" height=\"25\">\n<div align=\"left\">16.03.1975.g. Omi\u0161<\/div>\n<\/td>\n<\/tr>\n<tr>\n<td valign=\"top\" width=\"18%\"><strong>ansambl<\/strong><\/td>\n<td valign=\"top\" width=\"82%\">&nbsp;Kazali\u0161te \u201cKomedija\u201d, p.p. 428, Zagreb<br \/>\ntel.: +385 (0)1 48 13 200; fax: +385 (0)1 48 12 179<br \/>\ne-mail: <a href=\"mailto:propaganda@komedija.hr\">propaganda@komedija.hr<\/a>&nbsp;ili <a href=\"mailto:ervbaucic@yahoo.com\">ervbaucic@yahoo.com<\/a><\/td>\n<\/tr>\n<tr>\n<td colspan=\"2\" valign=\"top\">&nbsp;<\/td>\n<\/tr>\n<tr>\n<td valign=\"top\" width=\"18%\" height=\"19\"><strong>OBRAZOVANJE<\/strong><\/td>\n<td valign=\"top\" width=\"82%\" height=\"19\">&nbsp;Srednja jezi\u010dna<\/td>\n<\/tr>\n<tr>\n<td valign=\"top\" width=\"18%\"><strong>GLAS, KLASA <\/strong><\/td>\n<td valign=\"top\" width=\"82%\">&nbsp;Bariton \/tenor<\/td>\n<\/tr>\n<tr>\n<td valign=\"top\" width=\"18%\"><strong>SEMINARI, TE\u010cAJEVI&#8230; <\/strong><\/td>\n<td valign=\"top\" width=\"82%\">&nbsp;<\/td>\n<\/tr>\n<tr>\n<td colspan=\"2\" valign=\"top\">&nbsp;<\/td>\n<\/tr>\n<tr>\n<td valign=\"top\" width=\"18%\" height=\"53\"><strong>KAZALI\u0160TE<\/strong><\/td>\n<td valign=\"top\" width=\"82%\" height=\"53\">ZGK &#8220;Komedija&#8221;: &#8220;Jesus Christ Superstar (2000.), &#8220;\u0160i\u0161mi\u0161&#8221;, &#8220;Briljantin&#8221;, &#8220;Aida&#8221;, &#8220;\u0110erdan&#8221;, &#8220;Lijepa Helena&#8221;, Gubec-beg, &#8220;Posudi mi tenor&#8221;, &#8220;Operetni express 2 013&#8221;, Broadway u Komediji &#8211; Inventura, Monty Python&#8217;s Spamalot, Mamma Mia!, Kneginja \u010darda\u0161a, Byron, Alphonsine; Jesus Christ Superstar (2019.); Grofica Marica (2019.); Alfi Kabiljo: Moji mjuzikli #2; Ljepotica i Zvijer; Zapetljani interesi; Jadnici;&nbsp;<br \/>\nsession-musical &#8220;Sarajevski krug&#8221; &#8211; Zoni\u0107<\/td>\n<\/tr>\n<tr>\n<td valign=\"top\" width=\"18%\"><strong>RADIO<\/strong><\/td>\n<td valign=\"top\" width=\"82%\">vi\u0161e nastupa sa big bandom HRT-a na tematskim koncertima ili euro-razmjeni radijskog programa<\/td>\n<\/tr>\n<tr>\n<td valign=\"top\" width=\"18%\"><strong>TELEVIZIJA<\/strong><\/td>\n<td valign=\"top\" width=\"82%\">TV emisije &#8220;Evergreen&#8221;, &#8220;Zvijezde pjevaju&#8221; &#8211; 4 sezone, &#8220;Goleo&#8221; , &#8220;U dobrom dru\u0161tvu&#8221;,<\/td>\n<\/tr>\n<tr>\n<td valign=\"top\" width=\"18%\"><strong>OSTALO<\/strong><\/td>\n<td valign=\"top\" width=\"82%\">&#8211; sa 17 god. suosniva\u010d&nbsp; vi\u0161estruko nagra\u0111ivane dalmatinske klape &#8220;Puntari&#8221; s kojom nastupa na Omi\u0161kom festivalu klapa i mnogim drugim manifestacijama, biv\u0161i vokal grupe &#8220;Hotline&#8221;- voditelj&nbsp; prvog koncerta &#8220;Runji\u0107evih ve\u010deri&#8221; u Opatiji, voditelj glazbene strukovne nagrade &#8220;Porin&#8221; u Opatiji- &#8220;Supertalent&#8221; &#8211; Nova TV, koordinator-trener za pjeva\u010de (3 sezone)- &#8220;Zvijezde pjevaju&#8221; &#8211; 4 sezone<\/td>\n<\/tr>\n<tr>\n<td colspan=\"2\" valign=\"top\">&nbsp;<\/td>\n<\/tr>\n<tr>\n<td valign=\"top\" width=\"18%\" height=\"33\"><strong>NAGRADE I PRIZNANJA<\/strong><\/td>\n<td valign=\"top\" width=\"82%\" height=\"33\">&#8211; nominacije za Nagradu hrvatskoga glumi\u0161ta za ulogu Jude u predstavi &#8220;Jesus Christ Superstar&#8221; te za ulogu Davea Bukatinskog u predstavi &#8220;Skidajte se do kraja&#8221; (obje ZGK &#8220;Komedija&#8221;)<br \/>\n<strong>Nagrada hrvatskoga glumi\u0161ta<\/strong> 2020. za za ulogu&nbsp;<em>Jude<\/em>&nbsp;u mjuziklu&nbsp;<a href=\"http:\/\/www.komedija.hr\/www\/repertoar\/jesus-christ-superstar\/\"><strong>Jesus Christ Superstar<\/strong><\/a>&nbsp;Tima Ricea i Andrewa Lloyda Webbera u re\u017eiji Damira Lon\u010dara i produkciji&nbsp; Zagreba\u010dkog gradskog kazali\u0161ta Komedija \u2013&nbsp;<strong>najbolja mu\u0161ka uloga <\/strong>u kategoriji Opereta \/ Mjuzikl<strong>;<\/strong><\/td>\n<\/tr>\n<tr>\n<td colspan=\"2\" valign=\"top\" height=\"33\">&nbsp;<\/td>\n<\/tr>\n<tr>\n<td valign=\"top\" width=\"18%\" height=\"33\"><strong>STATUSI U &#8220;KOMEDIJI&#8221;<\/strong><\/td>\n<td valign=\"top\" width=\"82%\" height=\"33\">&#8211; prva premijera 4. travnja 2000.g. &#8220;Jesus Christ Superstar&#8221;, zaposlen&nbsp; od prosinca 2007<\/td>\n<\/tr>\n<\/tbody>\n<\/table>\n","protected":false},"excerpt":{"rendered":"<p>&nbsp;Operni pjeva\u010d &nbsp; DATUM I MJESTO RO\u0110ENJA 16.03.1975.g. Omi\u0161 ansambl &nbsp;Kazali\u0161te \u201cKomedija\u201d, p.p. 428, Zagreb tel.: +385 (0)1 48 13<\/p>\n","protected":false},"author":4,"featured_media":0,"parent":7017,"menu_order":0,"comment_status":"closed","ping_status":"closed","template":"","meta":{"ngg_post_thumbnail":0,"footnotes":""},"class_list":["post-1794","page","type-page","status-publish","hentry"],"_links":{"self":[{"href":"https:\/\/dev.komedija.hr\/www\/wp-json\/wp\/v2\/pages\/1794","targetHints":{"allow":["GET"]}}],"collection":[{"href":"https:\/\/dev.komedija.hr\/www\/wp-json\/wp\/v2\/pages"}],"about":[{"href":"https:\/\/dev.komedija.hr\/www\/wp-json\/wp\/v2\/types\/page"}],"author":[{"embeddable":true,"href":"https:\/\/dev.komedija.hr\/www\/wp-json\/wp\/v2\/users\/4"}],"replies":[{"embeddable":true,"href":"https:\/\/dev.komedija.hr\/www\/wp-json\/wp\/v2\/comments?post=1794"}],"version-history":[{"count":1,"href":"https:\/\/dev.komedija.hr\/www\/wp-json\/wp\/v2\/pages\/1794\/revisions"}],"predecessor-version":[{"id":20087,"href":"https:\/\/dev.komedija.hr\/www\/wp-json\/wp\/v2\/pages\/1794\/revisions\/20087"}],"up":[{"embeddable":true,"href":"https:\/\/dev.komedija.hr\/www\/wp-json\/wp\/v2\/pages\/7017"}],"wp:attachment":[{"href":"https:\/\/dev.komedija.hr\/www\/wp-json\/wp\/v2\/media?parent=1794"}],"curies":[{"name":"wp","href":"https:\/\/api.w.org\/{rel}","templated":true}]}}