{"id":18062,"date":"2024-01-10T13:04:11","date_gmt":"2024-01-10T12:04:11","guid":{"rendered":"https:\/\/www.komedija.hr\/www\/?page_id=18062"},"modified":"2025-06-11T12:27:06","modified_gmt":"2025-06-11T10:27:06","slug":"jan-kovacic","status":"publish","type":"page","link":"https:\/\/dev.komedija.hr\/www\/ansambl-2\/glumci\/jan-kovacic\/","title":{"rendered":"Jan Kova\u010di\u0107"},"content":{"rendered":"<p>&nbsp;<\/p>\n<table border=\"0\" width=\"100%\">\n<tbody>\n<tr>\n<td><img loading=\"lazy\" decoding=\"async\" class=\"alignnone size-medium wp-image-18153\" src=\"https:\/\/dev.komedija.hr\/www\/wp-content\/uploads\/2024\/01\/Rotation-of-E03_0002-200x300.jpg\" alt=\"\" width=\"200\" height=\"300\" srcset=\"https:\/\/dev.komedija.hr\/www\/wp-content\/uploads\/2024\/01\/Rotation-of-E03_0002-200x300.jpg 200w, https:\/\/dev.komedija.hr\/www\/wp-content\/uploads\/2024\/01\/Rotation-of-E03_0002-683x1024.jpg 683w, https:\/\/dev.komedija.hr\/www\/wp-content\/uploads\/2024\/01\/Rotation-of-E03_0002-768x1152.jpg 768w, https:\/\/dev.komedija.hr\/www\/wp-content\/uploads\/2024\/01\/Rotation-of-E03_0002-1024x1536.jpg 1024w, https:\/\/dev.komedija.hr\/www\/wp-content\/uploads\/2024\/01\/Rotation-of-E03_0002-1365x2048.jpg 1365w, https:\/\/dev.komedija.hr\/www\/wp-content\/uploads\/2024\/01\/Rotation-of-E03_0002-1320x1980.jpg 1320w, https:\/\/dev.komedija.hr\/www\/wp-content\/uploads\/2024\/01\/Rotation-of-E03_0002-scaled.jpg 1707w\" sizes=\"auto, (max-width: 200px) 100vw, 200px\" \/><\/td>\n<td>Glumac-pjeva\u010d<\/td>\n<\/tr>\n<tr>\n<td valign=\"top\" width=\"18%\" height=\"25\">DATUM I MJESTO RO\u0110ENJA<\/td>\n<td valign=\"top\" width=\"82%\" height=\"25\">\n<div align=\"left\">15.2.1999., Zagreb<\/div>\n<\/td>\n<\/tr>\n<tr>\n<td valign=\"top\" width=\"18%\" height=\"55\">ansambl<\/td>\n<td valign=\"top\" width=\"82%\" height=\"55\">Kazali\u0161te &#8220;Komedija&#8221;, p.p. 428, Zagreb<br \/>\ntel.: +385 (0)1 48 13 200; fax: +385 (0)1 48 12 179<br \/>\ne-mail: <a href=\"mailto:jan.kovacic1999@gmail.com\">jan.kovacic1999@gmail.com<\/a><\/td>\n<\/tr>\n<tr>\n<td valign=\"top\" width=\"18%\" height=\"25\">OBRAZOVANJE<\/td>\n<td valign=\"top\" width=\"82%\" height=\"25\">Akademija za umjetnost i kulturu u Osijeku (smjer: Gluma i lutkarstvo)<\/td>\n<\/tr>\n<tr>\n<td colspan=\"2\" valign=\"top\">&nbsp;<\/td>\n<\/tr>\n<tr>\n<td valign=\"top\" width=\"18%\" height=\"18\">GLAS, KLASA&nbsp;<\/td>\n<td valign=\"top\" width=\"82%\" height=\"18\">Tenor<\/td>\n<\/tr>\n<tr>\n<td valign=\"top\" width=\"18%\" height=\"18\">KAZALI\u0160TE<\/td>\n<td valign=\"top\" width=\"82%\" height=\"18\">Zagreba\u010dko gradsko kazali\u0161te Komedija:<\/p>\n<ul>\n<li><strong>Lefou<\/strong>, \u201eLJEPOTICA I ZVIJER\u201c (re\u017eija: Leo Muji\u0107; dirigenti: Kre\u0161imir Batini\u0107, Davor Keli\u0107)<\/li>\n<li><strong>Annas<\/strong>, \u201eJESUS CHRIST SUPERSTAR\u201c (re\u017eija: Damir Lon\u010dar; dirigent: Dinko Appelt)<\/li>\n<li><strong>Stanley<\/strong>, \u201eJALTA, JALTA\u201c&nbsp; (2024.) (re\u017eija: Vlado \u0160tefan\u010di\u0107 \/ re\u017eiju Vlade \u0160tefan\u010di\u0107a prenio Marko Juraga; dirigent: Davor Keli\u0107)<\/li>\n<li><strong>Goldi<\/strong>, &#8220;KRAVA NA GRANICI&#8221; (od 10\/2024.); (redatelj: Damir Lon\u010dar)<\/li>\n<li>&#8220;BALADE&#8221; &#8211; prema zbirci pjesama <em style=\"font-family: inherit; font-size: inherit;\">Balade Petrice Kerempuha<\/em><span style=\"font-family: inherit; font-size: inherit;\"> Miroslava Krle\u017ee a<\/span>daptirao, uglazbio, re\u017eirao i izvodi&nbsp;<\/li>\n<li><strong>Th\u00e9nardier<\/strong>, &#8220;JADNICI&#8221; (redatelj: Stanislav Mo\u0161a, dirigent: Dinko Appelt)<\/li>\n<li><strong>Zeppo<\/strong>, JUHA BRA\u0106E MARX (redatelj: Kokan Mladenovi\u0107)<\/li>\n<\/ul>\n<p>Izvan Komedije:<\/p>\n<ul>\n<li><strong>Ben<\/strong>, Luka Selman\/Mateja Tustanovski\/Laura Kolesari\u0107\/Jan Kova\u010di\u0107, \u201eDIVLJEG ZAPADA ZOV\u201c, re\u017eija: Hrvoje Ser\u0161i\u0107, Gradsko kazali\u0161te Zorin dom<\/li>\n<li><strong>Merlin<\/strong>, Iva Srnec, \u201eTRE\u0160NJALOT\u201c, kazali\u0161te Tre\u0161nja<\/li>\n<\/ul>\n<\/td>\n<\/tr>\n<tr>\n<td>KONCERTI<\/td>\n<td>\n<ul>\n<li><span lang=\"hr-HR\">50. obljetnica Sgt. Peppera u Koncertnoj dvorani Vatroslava Lisinskog<\/span><\/li>\n<li>Bo\u017ei\u0107 u Ciboni 2014.<\/li>\n<\/ul>\n<\/td>\n<\/tr>\n<tr>\n<td valign=\"top\" width=\"18%\">OSTALO<\/td>\n<td valign=\"top\" width=\"82%\">Sinkronizacija filmova:<\/p>\n<ul>\n<li><strong>Michelangelo<\/strong> u NIND\u017dA KORNJA\u010cE: MAKLJA\u017dA S MUTANTIMA<\/li>\n<li><strong>Floyd<\/strong> u TROLOVI 3: BEND NA OKUPU<\/li>\n<li><strong>Trevin<\/strong> u RUBY GILMAN: TINEJD\u017dERICA KRAKEN<\/li>\n<li><strong>Max<\/strong> u VRAP\u010cI\u0106 RICHARD 2<\/li>\n<li><strong>Henri i Phillipe<\/strong> u MARMADUKE: BUNTOVNIK NA \u010cETIRI NOGE<\/li>\n<li><strong>Sporedne uloge<\/strong> u: SPIDERMAN: ACROSS THE SPIDERVERSE, DREVNA MI\u0160OLOGIJA, INSPEKTOR BRK I ZAGONETNI SLU\u010cAJ<\/li>\n<\/ul>\n<p>Sinkronizacija serija:<\/p>\n<ul>\n<li><strong>Stanford<\/strong> Yu u MECH CADETS<\/li>\n<li><strong>Krt<\/strong> u TOAD&amp;FRIENDS<\/li>\n<li><strong>Arin<\/strong> u LEGO NINJAGO<\/li>\n<li><strong>Clawd<\/strong> u MONSTER HIGH<\/li>\n<li><strong>Chucks<\/strong> u BABY SHARK<\/li>\n<\/ul>\n<p>Hobiji:<\/p>\n<ul>\n<li>Plesanje (Tango i musical)<\/li>\n<li>Audio i video monta\u017ea<\/li>\n<li>Beatbox<\/li>\n<li>Sviranje instrumenata (klavir, gitara, ukulele, kahon, kalimba)<\/li>\n<\/ul>\n<\/td>\n<\/tr>\n<tr>\n<td colspan=\"2\" valign=\"top\">&nbsp;<\/td>\n<\/tr>\n<tr>\n<td valign=\"top\" width=\"18%\">STATUSI U &#8220;KOMEDIJI&#8221;<\/td>\n<td valign=\"top\" width=\"82%\">Prvi nastup u Komediji: 23.9.2022., pretpremijera LJEPOTICE I ZVIJERI<br \/>\nZaposlen 5.1.2024.<\/td>\n<\/tr>\n<\/tbody>\n<\/table>\n","protected":false},"excerpt":{"rendered":"<p>&nbsp; Glumac-pjeva\u010d DATUM I MJESTO RO\u0110ENJA 15.2.1999., Zagreb ansambl Kazali\u0161te &#8220;Komedija&#8221;, p.p. 428, Zagreb tel.: +385 (0)1 48 13 200;<\/p>\n","protected":false},"author":4,"featured_media":0,"parent":6992,"menu_order":0,"comment_status":"closed","ping_status":"closed","template":"","meta":{"ngg_post_thumbnail":0,"footnotes":""},"class_list":["post-18062","page","type-page","status-publish","hentry"],"_links":{"self":[{"href":"https:\/\/dev.komedija.hr\/www\/wp-json\/wp\/v2\/pages\/18062","targetHints":{"allow":["GET"]}}],"collection":[{"href":"https:\/\/dev.komedija.hr\/www\/wp-json\/wp\/v2\/pages"}],"about":[{"href":"https:\/\/dev.komedija.hr\/www\/wp-json\/wp\/v2\/types\/page"}],"author":[{"embeddable":true,"href":"https:\/\/dev.komedija.hr\/www\/wp-json\/wp\/v2\/users\/4"}],"replies":[{"embeddable":true,"href":"https:\/\/dev.komedija.hr\/www\/wp-json\/wp\/v2\/comments?post=18062"}],"version-history":[{"count":12,"href":"https:\/\/dev.komedija.hr\/www\/wp-json\/wp\/v2\/pages\/18062\/revisions"}],"predecessor-version":[{"id":20884,"href":"https:\/\/dev.komedija.hr\/www\/wp-json\/wp\/v2\/pages\/18062\/revisions\/20884"}],"up":[{"embeddable":true,"href":"https:\/\/dev.komedija.hr\/www\/wp-json\/wp\/v2\/pages\/6992"}],"wp:attachment":[{"href":"https:\/\/dev.komedija.hr\/www\/wp-json\/wp\/v2\/media?parent=18062"}],"curies":[{"name":"wp","href":"https:\/\/api.w.org\/{rel}","templated":true}]}}