{"id":18071,"date":"2024-01-10T13:47:31","date_gmt":"2024-01-10T12:47:31","guid":{"rendered":"https:\/\/www.komedija.hr\/www\/?page_id=18071"},"modified":"2025-06-11T12:37:58","modified_gmt":"2025-06-11T10:37:58","slug":"roko-sikavica","status":"publish","type":"page","link":"https:\/\/dev.komedija.hr\/www\/ansambl-2\/glumci\/roko-sikavica\/","title":{"rendered":"Roko Sikavica"},"content":{"rendered":"<table border=\"0\" width=\"100%\">\n<tbody>\n<tr>\n<td><a href=\"https:\/\/dev.komedija.hr\/www\/wp-content\/uploads\/2024\/01\/roko-sikavica2m.jpg\" target=\"_blank\" rel=\"noopener noreferrer\"><img loading=\"lazy\" decoding=\"async\" class=\"alignnone wp-image-18075 size-medium\" src=\"https:\/\/dev.komedija.hr\/www\/wp-content\/uploads\/2024\/01\/roko-sikavica2m-200x300.jpg\" alt=\"\" width=\"200\" height=\"300\" srcset=\"https:\/\/dev.komedija.hr\/www\/wp-content\/uploads\/2024\/01\/roko-sikavica2m-200x300.jpg 200w, https:\/\/dev.komedija.hr\/www\/wp-content\/uploads\/2024\/01\/roko-sikavica2m-683x1024.jpg 683w, https:\/\/dev.komedija.hr\/www\/wp-content\/uploads\/2024\/01\/roko-sikavica2m-768x1152.jpg 768w, https:\/\/dev.komedija.hr\/www\/wp-content\/uploads\/2024\/01\/roko-sikavica2m-1024x1536.jpg 1024w, https:\/\/dev.komedija.hr\/www\/wp-content\/uploads\/2024\/01\/roko-sikavica2m-1366x2048.jpg 1366w, https:\/\/dev.komedija.hr\/www\/wp-content\/uploads\/2024\/01\/roko-sikavica2m-1320x1980.jpg 1320w, https:\/\/dev.komedija.hr\/www\/wp-content\/uploads\/2024\/01\/roko-sikavica2m.jpg 1707w\" sizes=\"auto, (max-width: 200px) 100vw, 200px\" \/><\/a><\/td>\n<td>Glumac<\/td>\n<\/tr>\n<tr>\n<td valign=\"top\" width=\"18%\" height=\"25\"><strong>DATUM I MJESTO RO\u0110ENJA <\/strong><\/td>\n<td valign=\"top\" width=\"82%\" height=\"25\">\n<div align=\"left\">14.04.1994. Split<\/div>\n<\/td>\n<\/tr>\n<tr>\n<td valign=\"top\" width=\"18%\" height=\"55\"><strong>ansambl<\/strong><\/td>\n<td valign=\"top\" width=\"82%\" height=\"55\">Kazali\u0161te &#8220;Komedija&#8221;, p.p. 428, Zagreb<br \/>\ntel.: +385 (0)1 48 13 200; fax: +385 (0)1 48 12 179<br \/>\ne-mail: <a href=\"mailto:sikavica.roko@gmail.com\">sikavica.roko@gmail.com<\/a><\/td>\n<\/tr>\n<tr>\n<td valign=\"top\" width=\"18%\" height=\"25\"><strong>OBRAZOVANJE<\/strong><\/td>\n<td valign=\"top\" width=\"82%\" height=\"25\">Akademija dramske umjetnosti u Zagrebu<\/td>\n<\/tr>\n<tr>\n<td colspan=\"2\" valign=\"top\">&nbsp;<\/td>\n<\/tr>\n<tr>\n<td valign=\"top\" width=\"18%\" height=\"18\"><strong>KAZALI\u0160TE<\/strong><\/td>\n<td valign=\"top\" width=\"82%\" height=\"18\">Kazali\u0161te Komedija:<\/p>\n<ul>\n<li>Velo misto (Marina Pejnovi\u0107)<\/li>\n<li>Zapetljani interesi (Aleksandar \u0160vabi\u0107)<\/li>\n<li>Peripetije sa psihijatrije (Ivan Leo Lemo)<\/li>\n<li>Moma\u010dka ve\u010der (Slaven Vidakovi\u0107)<\/li>\n<li>Ponos i predrasude (Marina Pejnovi\u0107)<\/li>\n<\/ul>\n<p>&nbsp;<\/p>\n<ul>\n<li>\u0160est lica tra\u017ei autora (Frlji\u0107, Kerempuh)<\/li>\n<li>\u0106elava pjeva\u010dica (Korbar, ITD)<\/li>\n<li>55 kvadrata (Plazibat, HNK Split)<\/li>\n<\/ul>\n<\/td>\n<\/tr>\n<tr>\n<td valign=\"top\" width=\"18%\" height=\"14\"><strong>FILM<\/strong><\/td>\n<td valign=\"top\" width=\"82%\" height=\"14\">\n<ul>\n<li>Ne gledaj mi u pijat (Hana Ju\u0161i\u0107)<\/li>\n<li><strong>Posljednji Srbin u Hrvatskoj<\/strong> (Pe\u0111a Li\u010dina)<\/li>\n<li>Tereza37 (Lana Bari\u0107)<\/li>\n<li>Stric (Andrija Marde\u0161i\u0107, David Kapac)<\/li>\n<\/ul>\n<\/td>\n<\/tr>\n<tr>\n<td valign=\"top\" width=\"18%\" height=\"14\"><strong>TELEVIZIJA<\/strong><\/td>\n<td valign=\"top\" width=\"82%\" height=\"14\">\n<ul>\n<li>Ru\u017ea vjetrova (RTL)<\/li>\n<li>Glas naroda (HRT)<\/li>\n<li>Crno bijeli svijet (HRT)<\/li>\n<li>Pogre\u0161an \u010dovjek (RTL)<\/li>\n<li>\u2018Ko te \u0161i\u0161a (HRT)<\/li>\n<li>Nestali (HRT)<\/li>\n<li>Dar Mar (NovaTV)<\/li>\n<li>Metropolitanci (HRT)<\/li>\n<li>Mrkomir I. (HRT)<\/li>\n<\/ul>\n<\/td>\n<\/tr>\n<tr>\n<td valign=\"top\" width=\"18%\" height=\"15\">&nbsp;<\/td>\n<td valign=\"top\" width=\"82%\" height=\"15\">&nbsp;<\/td>\n<\/tr>\n<tr>\n<td valign=\"top\" width=\"18%\">&nbsp;<\/td>\n<td valign=\"top\" width=\"82%\">&nbsp;<\/td>\n<\/tr>\n<tr>\n<td colspan=\"2\" valign=\"top\">&nbsp;<\/td>\n<\/tr>\n<tr>\n<td valign=\"top\" width=\"18%\"><strong>NAGRADE I PRIZNANJA<\/strong><\/td>\n<td valign=\"top\" width=\"82%\">\n<ul>\n<li><strong>Nagrada &#8220;Nenad \u0160egvi\u0107&#8221;<\/strong> za najboljeg mladog glumca &#8211; 28. Me\u0111unarodnom festivalu malih scena Rijeka; za ulogu Luke u 55kvadrata<\/li>\n<li><strong>Nagrada za najboljeg mladog glumca <\/strong>\u2013 50. Internacionalni teatarski susreti Br\u010dko distrikta BiH; za ulogu Luke u 55kvadrata<\/li>\n<\/ul>\n<\/td>\n<\/tr>\n<tr>\n<td colspan=\"2\" valign=\"top\">&nbsp;<\/td>\n<\/tr>\n<tr>\n<td valign=\"top\" width=\"18%\"><strong>TRENUTA\u010cNI ANGA\u017dMANI IZVAN KOMEDIJE<\/strong><\/td>\n<td valign=\"top\" width=\"82%\">\n<ul>\n<li><strong>\u201c<a href=\"https:\/\/www.hnk-split.hr\/predstave\/detalj\/artmid\/906\/articleid\/12138\/55-kvadrata\" target=\"_blank\" rel=\"noopener\">55 kvadrata<\/a>\u201d<\/strong> HNK Split<\/li>\n<\/ul>\n<\/td>\n<\/tr>\n<\/tbody>\n<\/table>\n","protected":false},"excerpt":{"rendered":"<p>Glumac DATUM I MJESTO RO\u0110ENJA 14.04.1994. Split ansambl Kazali\u0161te &#8220;Komedija&#8221;, p.p. 428, Zagreb tel.: +385 (0)1 48 13 200; fax:<\/p>\n","protected":false},"author":4,"featured_media":0,"parent":6992,"menu_order":0,"comment_status":"closed","ping_status":"closed","template":"","meta":{"ngg_post_thumbnail":0,"footnotes":""},"class_list":["post-18071","page","type-page","status-publish","hentry"],"_links":{"self":[{"href":"https:\/\/dev.komedija.hr\/www\/wp-json\/wp\/v2\/pages\/18071","targetHints":{"allow":["GET"]}}],"collection":[{"href":"https:\/\/dev.komedija.hr\/www\/wp-json\/wp\/v2\/pages"}],"about":[{"href":"https:\/\/dev.komedija.hr\/www\/wp-json\/wp\/v2\/types\/page"}],"author":[{"embeddable":true,"href":"https:\/\/dev.komedija.hr\/www\/wp-json\/wp\/v2\/users\/4"}],"replies":[{"embeddable":true,"href":"https:\/\/dev.komedija.hr\/www\/wp-json\/wp\/v2\/comments?post=18071"}],"version-history":[{"count":6,"href":"https:\/\/dev.komedija.hr\/www\/wp-json\/wp\/v2\/pages\/18071\/revisions"}],"predecessor-version":[{"id":20893,"href":"https:\/\/dev.komedija.hr\/www\/wp-json\/wp\/v2\/pages\/18071\/revisions\/20893"}],"up":[{"embeddable":true,"href":"https:\/\/dev.komedija.hr\/www\/wp-json\/wp\/v2\/pages\/6992"}],"wp:attachment":[{"href":"https:\/\/dev.komedija.hr\/www\/wp-json\/wp\/v2\/media?parent=18071"}],"curies":[{"name":"wp","href":"https:\/\/api.w.org\/{rel}","templated":true}]}}