{"id":18336,"date":"2024-02-15T10:49:23","date_gmt":"2024-02-15T09:49:23","guid":{"rendered":"https:\/\/www.komedija.hr\/www\/?page_id=18336"},"modified":"2026-01-19T14:25:51","modified_gmt":"2026-01-19T13:25:51","slug":"natjecaji","status":"publish","type":"page","link":"https:\/\/dev.komedija.hr\/www\/natjecaji\/","title":{"rendered":"Natje\u010daji"},"content":{"rendered":"<h3>AKTUALNI NATJE\u010cAJI<\/h3>\n<p>&nbsp;<\/p>\n<p><strong>REZULTATI NATJE\u010cAJA<\/strong><\/p>\n<p><a href=\"https:\/\/dev.komedija.hr\/www\/wp-content\/uploads\/2026\/01\/Rezultati-natjecaja-za-radno-mjestobaletni-plesac-m-z.pdf\">Rezultati natje\u010daja za radno mjesto baletni plesa\u010d (M-\u017d)<\/a><\/p>\n<p><a href=\"https:\/\/dev.komedija.hr\/www\/wp-content\/uploads\/2026\/01\/Rezultati-natjecaja-za-radno-mjesto-racunovodstveni-referent-m-z.pdf\">Rezultati natje\u010daja za radno mjesto ra\u010dunovodstveni referent (M-\u017d)<\/a><\/p>\n<p>&nbsp;<\/p>\n<h3>PONI\u0160TENI NATJE\u010cAJI<\/h3>\n<p><a href=\"https:\/\/dev.komedija.hr\/www\/wp-content\/uploads\/2025\/02\/Odluka-o-ponistenju-natjecaja-za-radno-mjesto-baletni-plesac.pdf\">Odluka o poni\u0161tenju natje\u010daja za radno mjesto baletni plesa\u010d<\/a> (13.2.2025.)<\/p>\n<p><a href=\"https:\/\/dev.komedija.hr\/www\/wp-content\/uploads\/2025\/01\/NN-2025-11-8389175-Ponistenje-javnog-natjecaja-za-izbor-i-imenovanje-ravnatelja-ice-ZGK-Komedija.pdf\">Poni\u0161tenje javnog natje\u010daja za izbor i imenovanje ravnatelja-ice ZGK \u201cKomedija\u201d (<\/a><a href=\"https:\/\/dev.komedija.hr\/www\/wp-content\/uploads\/2025\/01\/NN-2025-11-8389175-Ponistenje-javnog-natjecaja-za-izbor-i-imenovanje-ravnatelja-ice-ZGK-Komedija.pdf\">NN &#8211; 2025 &#8211; 11 &#8211; 8389175 <\/a>)<\/p>\n<h3>&nbsp;<\/h3>\n<h3>ISTEKLI NATJE\u010cAJI&nbsp;<\/h3>\n<p><a href=\"https:\/\/dev.komedija.hr\/www\/wp-content\/uploads\/2025\/12\/NATJECAJ-ZA-RADNO-MJESTO-ADMINISTRATIVNI-REFERENT-M-Z.pdf\">NATJE\u010cAJ ZA RADNO MJESTO ADMINISTRATIVNI REFERENT (M-\u017d)<\/a><\/p>\n<p><a href=\"https:\/\/dev.komedija.hr\/www\/wp-content\/uploads\/2025\/12\/NATJECAJ-ZA-RADNO-MJESTO-KOSTIMER-GARDEROBIJER-M-Z.pdf\">NATJE\u010cAJ ZA RADNO MJESTO KOSTIMER &#8211; GARDEROBIJER (M-\u017d)<\/a><\/p>\n<p><a href=\"https:\/\/dev.komedija.hr\/www\/wp-content\/uploads\/2025\/12\/NATJECAJ-ZA-RADNO-MJESTO-KROJAC-M-Z.pdf\">NATJE\u010cAJ ZA RADNO MJESTO KROJA\u010c (M-\u017d)<\/a><\/p>\n<p><a href=\"https:\/\/dev.komedija.hr\/www\/wp-content\/uploads\/2025\/12\/NATJECAJ-ZA-RADNO-MJESTO-MASKER-M-Z.pdf\">NATJE\u010cAJ ZA RADNO MJESTO MASKER (M-\u017d)<\/a><\/p>\n<p><a href=\"https:\/\/dev.komedija.hr\/www\/wp-content\/uploads\/2025\/12\/NATJECAJ-ZA-RADNO-MJESTO-REKVIZITER-M-Z.pdf\">NATJE\u010cAJ ZA RADNO MJESTO REKVIZITER (M-\u017d)<\/a><\/p>\n<p><a href=\"https:\/\/dev.komedija.hr\/www\/wp-content\/uploads\/2025\/11\/Natjecaj-Baletni-plesac-Komedija-2025_.docx\">NATJE\u010cAJ ZA RADNO MJESTO BALETNI PLESA\u010c (M\/\u017d)<\/a><\/p>\n<p><a href=\"https:\/\/dev.komedija.hr\/www\/wp-content\/uploads\/2025\/11\/NATJECAJ-ZA-RADNO-MJESTO-RACUNOVODSTVENI-REFERENT-M-Z.pdf\">NATJE\u010cAJ ZA RADNO MJESTO RA\u010cUNOVODSTVENI REFERENT (M-\u017d)<\/a><\/p>\n<p><a href=\"https:\/\/dev.komedija.hr\/www\/wp-content\/uploads\/2025\/10\/NATJECAJ-ZA-RADNO-MJESTO-TEHNICAR-RASVJETE-M-Z.pdf\">NATJE\u010cAJ ZA RADNO MJESTO TEHNI\u010cAR RASVJETE (M-\u017d)<\/a><\/p>\n<p><a href=\"https:\/\/dev.komedija.hr\/www\/wp-content\/uploads\/2025\/10\/NATJECAJ-ZA-RADNO-MJESTO-SPREMAC-M-Z.pdf\">NATJE\u010cAJ ZA RADNO MJESTO SPREMA\u010c (M-\u017d)<\/a><\/p>\n<p><a href=\"https:\/\/dev.komedija.hr\/www\/wp-content\/uploads\/2025\/10\/NATJECAJ-ZA-RADNO-MJESTO-TEHNICAR-TONA-M-Z.pdf\">NATJE\u010cAJ ZA RADNO MJESTO TEHNI\u010cAR TONA (M-\u017d)<\/a><\/p>\n<p><a href=\"https:\/\/dev.komedija.hr\/www\/wp-content\/uploads\/2025\/04\/Javni-natjecaj-za-izbor-i-imenovanje-ravnatelja-ice-ZGK-Komedija-04.04.2025.-NN-64-2025.pdf\">Javni natje\u010daj za izbor i imenovanje ravnatelja-ice ZGK Komedija &#8211; 04.04.2025. (NN 64-2025 od 4. 4. 2025.)<\/a><\/p>\n<p><a href=\"https:\/\/dev.komedija.hr\/www\/wp-content\/uploads\/2025\/01\/Javni-natjecaj-za-davanje-u-zakup-poslovnog-prostora_31.1.2025.pdf\">Javni natje\u010daj za davanje u zakup poslovnog prostora_31.1.2025.<\/a><\/p>\n<p><a href=\"https:\/\/dev.komedija.hr\/www\/wp-content\/uploads\/2025\/01\/Natjecaj-za-baletnog-plesaca.pdf\">Natje\u010daj za baletnog plesa\u010da<\/a><\/p>\n<p><a href=\"https:\/\/dev.komedija.hr\/www\/wp-content\/uploads\/2024\/12\/Natjecaj-OBJAVA-pozornicki-radnik-12.2024.docx\">Javni natje\u010daj za popunjavanje radnog mjesta Pozorni\u010dki radnik<\/a><\/p>\n<p><a href=\"https:\/\/dev.komedija.hr\/www\/wp-content\/uploads\/2024\/09\/Javni-natjecaj-za-davanje-u-zakup-poslovnog-prostora-za-obavljanje-ugostiteljske-djelatnosti.pdf\">Javni natje\u010daj za davanje u zakup poslovnog prostora za obavljanje ugostiteljske djelatnosti<\/a>&nbsp;<\/p>\n<p><a href=\"https:\/\/dev.komedija.hr\/www\/wp-content\/uploads\/2024\/08\/natjecaj.pdf\"><strong>JAVNI NATJE\u010cAJ za izbor i imenovanje ravnatelja \/ ravnateljice Zagreba\u010dkog gradskog kazali\u0161ta &#8220;Komedija&#8221;<\/strong> (<\/a>Natje\u010daj je bio objavljen u Narodnim novinama br. 101 \/ 24, dana 28. 8. 2024.)<\/p>\n<p><strong><a href=\"https:\/\/dev.komedija.hr\/www\/wp-content\/uploads\/2024\/09\/Natjecaj-OBJAVA-frizer.pdf\">NATJE\u010cAJ ZA POPUNJAVANJE RADNOG MJESTA FRIZER &#8211; VLASULJAR (M \/ \u017d)<\/a><\/strong><\/p>\n<p><a href=\"https:\/\/dev.komedija.hr\/www\/wp-content\/uploads\/2024\/03\/Natjecaj-OBJAVA-alt-sopran.pdf\"><strong>NATJE\u010cAJ ZA IZBOR NA RADNO MJESTO: \u010cLANICA ZBORA &#8211; SOPRAN ili ALT<\/strong><\/a><\/p>\n<p><a href=\"https:\/\/dev.komedija.hr\/www\/wp-content\/uploads\/2024\/03\/Natjecaj-OBJAVA-tenor.pdf\"><strong>NATJE\u010cAJ ZA IZBOR RADNIKA NA RADNO MJESTO:&nbsp; \u010cLAN ZBORA &#8211; TENOR<\/strong><\/a><\/p>\n<p><a href=\"https:\/\/dev.komedija.hr\/www\/wp-content\/uploads\/2024\/03\/UPUTE-AUDICIJA.pdf\"><strong>UPUTE ZA AUDICIJU ZA ZA RADNA MJESTA \u010cLAN ZBORA SOPRAN \/ ALT, TENOR<\/strong><\/a><\/p>\n<p><a href=\"https:\/\/dev.komedija.hr\/www\/wp-content\/uploads\/2024\/03\/Natjecaj-OBJAVA-krojac-garderobijer-2024.03-ponovljeni-1.pdf\"><strong>PONOVLJENI NATJE\u010cAJ ZA POPUNJAVANJE RADNOG MJESTA KROJA\u010c &#8211; GARDEROBIJER (M\/\u017d)<\/strong><\/a><\/p>\n<p><a href=\"https:\/\/dev.komedija.hr\/www\/wp-content\/uploads\/2024\/03\/Natjecaj-OBJAVA-operater-rasvjete-3.2024.pdf\"><strong>NATJE\u010cAJ ZA POPUNJAVANJE RADNOG MJESTA &#8211; OPERATER RASVJETE (M\/\u017d)<\/strong><\/a><\/p>\n<p><a href=\"https:\/\/dev.komedija.hr\/www\/wp-content\/uploads\/2024\/03\/Natjecaj-OBJAVA-spremacica-3.2024.pdf\"><strong>NATJE\u010cAJ ZA POPUNJAVANJE RADNOG MJESTA &#8211; SPREMA\u010cICA (M\/\u017d)<\/strong><\/a><\/p>\n","protected":false},"excerpt":{"rendered":"<p>AKTUALNI NATJE\u010cAJI &nbsp; REZULTATI NATJE\u010cAJA Rezultati natje\u010daja za radno mjesto baletni plesa\u010d (M-\u017d) Rezultati natje\u010daja za radno mjesto ra\u010dunovodstveni referent<\/p>\n","protected":false},"author":4,"featured_media":0,"parent":0,"menu_order":0,"comment_status":"closed","ping_status":"closed","template":"","meta":{"ngg_post_thumbnail":0,"footnotes":""},"class_list":["post-18336","page","type-page","status-publish","hentry"],"_links":{"self":[{"href":"https:\/\/dev.komedija.hr\/www\/wp-json\/wp\/v2\/pages\/18336","targetHints":{"allow":["GET"]}}],"collection":[{"href":"https:\/\/dev.komedija.hr\/www\/wp-json\/wp\/v2\/pages"}],"about":[{"href":"https:\/\/dev.komedija.hr\/www\/wp-json\/wp\/v2\/types\/page"}],"author":[{"embeddable":true,"href":"https:\/\/dev.komedija.hr\/www\/wp-json\/wp\/v2\/users\/4"}],"replies":[{"embeddable":true,"href":"https:\/\/dev.komedija.hr\/www\/wp-json\/wp\/v2\/comments?post=18336"}],"version-history":[{"count":55,"href":"https:\/\/dev.komedija.hr\/www\/wp-json\/wp\/v2\/pages\/18336\/revisions"}],"predecessor-version":[{"id":21513,"href":"https:\/\/dev.komedija.hr\/www\/wp-json\/wp\/v2\/pages\/18336\/revisions\/21513"}],"wp:attachment":[{"href":"https:\/\/dev.komedija.hr\/www\/wp-json\/wp\/v2\/media?parent=18336"}],"curies":[{"name":"wp","href":"https:\/\/api.w.org\/{rel}","templated":true}]}}