{"id":1855,"date":"2012-03-12T08:10:56","date_gmt":"2012-03-12T07:10:56","guid":{"rendered":"http:\/\/www.komedija.hr\/web\/?page_id=1855"},"modified":"2020-02-25T13:01:30","modified_gmt":"2020-02-25T12:01:30","slug":"veseljko-baresic","status":"publish","type":"page","link":"https:\/\/dev.komedija.hr\/www\/umirovljeni-i-bivsi-clanovi-ansambla\/veseljko-baresic\/","title":{"rendered":"Veseljko Bare\u0161i\u0107"},"content":{"rendered":"<table border=\"0\" width=\"100%\">\n<tbody>\n<tr>\n<td><a href=\"http:\/\/www.komedija.hr\/www\/wp-content\/uploads\/2012\/03\/veseljko_baresic-1.jpg\" target=\"_blank\" rel=\"noopener noreferrer\"><img loading=\"lazy\" decoding=\"async\" class=\"alignnone wp-image-10207 size-medium\" src=\"http:\/\/www.komedija.hr\/www\/wp-content\/uploads\/2018\/01\/veseljko_baresic_m-199x300.jpg\" alt=\"\" width=\"199\" height=\"300\" srcset=\"https:\/\/dev.komedija.hr\/www\/wp-content\/uploads\/2018\/01\/veseljko_baresic_m-199x300.jpg 199w, https:\/\/dev.komedija.hr\/www\/wp-content\/uploads\/2018\/01\/veseljko_baresic_m.jpg 480w\" sizes=\"auto, (max-width: 199px) 100vw, 199px\" \/><\/a><\/td>\n<td>Dirigent<\/td>\n<\/tr>\n<tr>\n<td valign=\"top\" width=\"20%\" height=\"25\"><strong>DATUM I MJESTO RO\u0110ENJA <\/strong><\/td>\n<td valign=\"top\" width=\"80%\" height=\"25\">\n<div align=\"left\">1954., Rijeka<\/div>\n<\/td>\n<\/tr>\n<tr>\n<td valign=\"top\" width=\"20%\" height=\"55\"><strong>ansambl<\/strong><\/td>\n<td valign=\"top\" width=\"80%\" height=\"55\">Kazali\u0161te &#8220;Komedija&#8221;, p.p. 428, Zagreb<br \/>\ntel.: +385 (0)1 48 13 200; fax: +385 (0)1 48 12 179<br \/>\ne-mail: <a href=\"mailto:komedija@komedija.hr\">komedija@komedija.hr<\/a><\/td>\n<\/tr>\n<tr>\n<td valign=\"top\" width=\"20%\" height=\"25\"><strong>OBRAZOVANJE<\/strong><\/td>\n<td valign=\"top\" width=\"80%\" height=\"25\">Srednja glazbena \u0161kola, Rijeka, Studij dirigiranja na zagreba\u010dkoj Muzi\u010dkoj akademiji 1981. godine u razredu prof. Igora Gjadrova.<br \/>\nDiplomska predstava bila mu je Leharova opereta <em>Zemlja smije\u0161ka<\/em> u Komediji.<\/td>\n<\/tr>\n<tr>\n<td colspan=\"2\" valign=\"top\"><\/td>\n<\/tr>\n<tr>\n<td valign=\"top\" width=\"20%\" height=\"24\"><strong>KAZALI\u0160TE<\/strong><\/td>\n<td valign=\"top\" width=\"80%\" height=\"24\">Prvi je put nastupio na sceni\u00a0 1975. u tenorskoj ulozi Ton\u010dija u Tijardovi\u0107evoj opereti <em>Splitski akvarel<\/em>, a kasnije je pjevao i ulogu Benvoglia u svojoj pop operi <em>Romeo<\/em><em> i Julija<\/em>. U Komediji je dirigirao \u010ditav niz opereta, komi\u010dnih opera, mjuzikala i koncerata na repertoaru (<em>Splitski akvarel<\/em>, <em>Gusla\u010d na krovu<\/em>, <em>Jalta Jalta<\/em>, <em>Dundo Maroje<\/em>,<em> O&#8217;kaj<\/em>, <em>Boccaccio<\/em>). Premijerno je postavio <em>Gri\u010dku vje\u0161ticu<\/em>, <em>\u010covjeka iz Manche<\/em>, <em>Gospoje i husare<\/em>, <em>Kaj<\/em><em>2O<\/em>, <em>Orfeja u podzemlju<\/em>, <em>Aplauz<\/em>, <em>Lady \u0160ram<\/em>, <em>\u0160i\u0161mi\u0161a<\/em>, <em>Operu za tri gro\u0161a<\/em>, <em>Jesusa Christa Superstara<\/em>, <em>Malu Floramye<\/em>, <em>No\u0107 u Veneciji<\/em>, <em>Gubec-bega, Kneginju \u010darda\u0161a<\/em>.U mati\u010dnom kazali\u0161tu oku\u0161ao se kao autor glazbeno-scenskih djela, koja je i dirigirao. Scenski prvijenac bila mu je pop opera <em>Romeo<\/em><em> i Julija<\/em> za koju je, osim glazbe, prilagodio libreto prema Shakespeareovoj drami. Tom je sa\u017eetom glazbenom pri\u010dom o najpoznatijem ljubavnom paru 1988. otvorena obnovljena Komedijina zgrada nakon dvije godine preure\u0111enja. Slijedio je, 1997. godine, mjuzikl <em>Pri\u010da s ju\u017ene strane<\/em>. I u tome je komadu, za koji je napisao vlastiti libreto, iskazao smisao za scenu, glazbenu dramaturgiju i orkestraciju, uz raspjevanost vokalnih dionica i duhovitu parafrazu motiva iz Puccinijeve <em>Tosce<\/em>. Bio je to svojevrsni amarcord tridesetih godina 20. stolje\u0107a, iz doba mladosti njegovih roditelja, kao izraz osje\u0107aja pripadnosti Mediteranu i svemu \u0161to on u svojoj pitoresknosti nosi. Svojim tre\u0107im velikim glazbenoscenskim djelom, mjuziklom <em>Nosonja<\/em> (2006.), odao je po\u010dast velikanu poetske misli Edmondu Rostandu. U prolje\u0107e 2011. u \u201eKomediji\u201c je premijerno izveden njegov balet \u201eBreza\u201c, nastao po pripovjetki Slavka Kolara, a u studenom 2011. mjuzikl \u201eOpasne veze\u201c prema romanu Choderlosa de Laclosa, dok je u svibnju 2018. praizveden mjuzikl &#8220;Alphonsine&#8221;, njegovo autorsko djelo (autor je libreta, glazbe, redatelj, dirigent i scenograf).<\/td>\n<\/tr>\n<tr>\n<td valign=\"top\" width=\"20%\" height=\"14\"><strong>KONCERTI<\/strong><\/td>\n<td valign=\"top\" width=\"80%\" height=\"14\"><\/td>\n<\/tr>\n<tr>\n<td valign=\"top\" width=\"20%\" height=\"14\"><strong>ORKESTRI \/ ZBOROVI<\/strong><\/td>\n<td valign=\"top\" width=\"80%\" height=\"14\">Veseljko Bare\u0161i\u0107 nastupao je uz Simfonijski orkestar HRT-a, Zagreba\u010dku filharmoniju, Dubrova\u010dki simfonijski orkestar i Simfonijski orkestar Rije\u010dke opere, te snimao za Hrvatski radio. Izdao je CD operetnih arija i dueta sa sopranisticom Nevenkom Petkovi\u0107-Sobjeslavski i tenorom Vitomirom Marofom, uz pratnju Simfonijskog orkestra HRT-a. U Hrvatskome narodnom kazali\u0161tu u Zagrebu dirigirao je <em>Traviatu<\/em>, <em>Figarov pir<\/em>, <em>Nabucca<\/em>, <em>B-B-B-balet<\/em> i <em>Ora\u0161ara<\/em>.<\/td>\n<\/tr>\n<tr>\n<td valign=\"top\" width=\"20%\" height=\"19\"><strong>OSTALO<\/strong><\/td>\n<td valign=\"top\" width=\"80%\" height=\"19\">Dvije kazali\u0161ne sezone, u razdoblju 2002.-2004., bio je ravnatelj Opere Hrvatskoga narodnog kazali\u0161ta u Osijeku. Repertoar je osvje\u017eio djelima Mozarta, Offenbacha, Puccinija, \u010cajkovskog i Brittena. Re\u017eirao je Brittenovu\u00a0 operu <em>Mali dimnja\u010dar<\/em> i Loeweov mjuzikl <em>Camelot<\/em> u prigodi njegove hrvatske praizvedbe u Osijeku. Kao dirigent postavio je <em>Toscu<\/em> i <em>Jevgenija Onjegina.<\/em><\/td>\n<\/tr>\n<tr>\n<td colspan=\"2\" valign=\"top\" height=\"32\"><\/td>\n<\/tr>\n<tr>\n<td valign=\"top\" width=\"20%\" height=\"19\"><strong>NAGRADE I PRIZNANJA<\/strong><\/td>\n<td valign=\"top\" width=\"80%\" height=\"19\">\u00a0Red Danice hrvatske s likom Marka Maruli\u0107a<\/td>\n<\/tr>\n<tr>\n<td colspan=\"2\" valign=\"top\" height=\"33\"><\/td>\n<\/tr>\n<tr>\n<td valign=\"top\" width=\"20%\" height=\"33\"><strong>STATUSI U &#8220;KOMEDIJI&#8221;<\/strong><\/td>\n<td valign=\"top\" width=\"80%\" height=\"33\">Stalni \u010dlan od 1978. godine<\/td>\n<\/tr>\n<\/tbody>\n<\/table>\n","protected":false},"excerpt":{"rendered":"<p>Dirigent DATUM I MJESTO RO\u0110ENJA 1954., Rijeka ansambl Kazali\u0161te &#8220;Komedija&#8221;, p.p. 428, Zagreb tel.: +385 (0)1 48 13 200; fax:<\/p>\n","protected":false},"author":4,"featured_media":0,"parent":8592,"menu_order":0,"comment_status":"closed","ping_status":"closed","template":"","meta":{"ngg_post_thumbnail":0,"footnotes":""},"class_list":["post-1855","page","type-page","status-publish","hentry"],"_links":{"self":[{"href":"https:\/\/dev.komedija.hr\/www\/wp-json\/wp\/v2\/pages\/1855","targetHints":{"allow":["GET"]}}],"collection":[{"href":"https:\/\/dev.komedija.hr\/www\/wp-json\/wp\/v2\/pages"}],"about":[{"href":"https:\/\/dev.komedija.hr\/www\/wp-json\/wp\/v2\/types\/page"}],"author":[{"embeddable":true,"href":"https:\/\/dev.komedija.hr\/www\/wp-json\/wp\/v2\/users\/4"}],"replies":[{"embeddable":true,"href":"https:\/\/dev.komedija.hr\/www\/wp-json\/wp\/v2\/comments?post=1855"}],"version-history":[{"count":0,"href":"https:\/\/dev.komedija.hr\/www\/wp-json\/wp\/v2\/pages\/1855\/revisions"}],"up":[{"embeddable":true,"href":"https:\/\/dev.komedija.hr\/www\/wp-json\/wp\/v2\/pages\/8592"}],"wp:attachment":[{"href":"https:\/\/dev.komedija.hr\/www\/wp-json\/wp\/v2\/media?parent=1855"}],"curies":[{"name":"wp","href":"https:\/\/api.w.org\/{rel}","templated":true}]}}