{"id":1862,"date":"2012-03-12T08:16:30","date_gmt":"2012-03-12T07:16:30","guid":{"rendered":"http:\/\/www.komedija.hr\/web\/?page_id=1862"},"modified":"2026-01-28T13:25:27","modified_gmt":"2026-01-28T12:25:27","slug":"drazen-bratulic","status":"publish","type":"page","link":"https:\/\/dev.komedija.hr\/www\/ansambl-2\/glumci\/drazen-bratulic\/","title":{"rendered":"Dra\u017een Bratuli\u0107"},"content":{"rendered":"<table border=\"0\" width=\"100%\">\n<tbody>\n<tr>\n<td><a href=\"http:\/\/www.komedija.hr\/www\/wp-content\/uploads\/2012\/03\/drazen_bratulic.jpg\" target=\"_blank\" rel=\"noopener noreferrer\"><img loading=\"lazy\" decoding=\"async\" class=\"alignnone wp-image-7290 size-medium\" src=\"http:\/\/www.komedija.hr\/www\/wp-content\/uploads\/2012\/03\/drazen_bratulic-200x300.jpg\" alt=\"drazen_bratulic\" width=\"200\" height=\"300\" srcset=\"https:\/\/dev.komedija.hr\/www\/wp-content\/uploads\/2012\/03\/drazen_bratulic-200x300.jpg 200w, https:\/\/dev.komedija.hr\/www\/wp-content\/uploads\/2012\/03\/drazen_bratulic.jpg 533w\" sizes=\"auto, (max-width: 200px) 100vw, 200px\" \/><\/a><\/td>\n<td>&nbsp;Glumac<\/td>\n<\/tr>\n<tr>\n<td valign=\"top\" width=\"20%\" height=\"25\"><strong>DATUM I MJESTO RO\u0110ENJA <\/strong><\/td>\n<td valign=\"top\" width=\"80%\" height=\"25\">&nbsp;<\/td>\n<\/tr>\n<tr>\n<td valign=\"top\" width=\"20%\" height=\"55\"><strong>ansambl<\/strong><\/td>\n<td valign=\"top\" width=\"80%\" height=\"55\">Kazali\u0161te &#8220;Komedija&#8221;, p.p. 428, Zagreb<br \/>\ntel.: +385 (0)1 48 13 200; fax: +385 (0)1 48 12 179<br \/>\ne-mail: <a href=\"mailto:propaganda@komedija.hr\">propaganda@komedija.hr<\/a><\/td>\n<\/tr>\n<tr>\n<td valign=\"top\" width=\"20%\" height=\"25\"><strong>OBRAZOVANJE<\/strong><\/td>\n<td valign=\"top\" width=\"80%\" height=\"25\">&nbsp;Diplomirao na Akademiji dramske umjetnosti u Zagrebu<\/td>\n<\/tr>\n<tr>\n<td colspan=\"2\" valign=\"top\">&nbsp;<\/td>\n<\/tr>\n<tr>\n<td valign=\"top\" width=\"20%\" height=\"24\"><strong>KAZALI\u0160TE<\/strong><\/td>\n<td valign=\"top\" width=\"80%\" height=\"24\">Od 2002. djeluje kao samostalni umjetnik glume\u0107i u HNK u Osijeku (<strong><em>\u010covjek iz Manche<\/em><\/strong>), Epilog Teatru (<strong><em>Zbrka<\/em><\/strong>), Teatru Gavran (<strong><em>Sve o mu\u0161karcima<\/em><\/strong>), INK u Puli (<strong><em>Stolice<\/em><\/strong>), Gradskom kazali\u0161tu Tre\u0161nja (<strong><em>\u010cokolada<\/em><\/strong>), Kazali\u0161tu Mala scena (<strong><em>Humble Boy<\/em>, <em>Ifigenija<\/em>, <em>Kralj A<\/em>, <em>Vanda<\/em><\/strong>). U, danas mati\u010dnom, Kazali\u0161tu &#8220;Komedija&#8221; ostavario uloge u predstavama <strong><em>Jesus Christ Superstar<\/em><\/strong> (Poncije Pilat), <strong><em>Chicago<\/em><\/strong> (Amos Hart), <em><strong>Skidajte se do kraja!<\/strong> <\/em>(Malcolm McGregor), <strong><em>Posudi mi tenor!<\/em><\/strong> (Saunders), <strong><em>Opasne veze<\/em><\/strong> (Azolan), <strong>Cabaret<\/strong> (Herr Schultz), <em><strong>Jalta, Jalta<\/strong><\/em> (Stanley), <strong>Diplomac<\/strong> (Recepcioner, Konobar, Psihijatar, Sve\u0107enik), <strong>Broadway u Komediji &#8211; Inventura, Monty Python&#8217;s Spamalot <\/strong>(Sir Bedevere), <strong>Mamma Mia!<\/strong> (Sam Carmichael), <strong>Kneginja \u010darda\u0161a<\/strong> (Grof Boni Kancsianu), <strong>Byron<\/strong> (Lord Byron), <strong>Gospo\u0111ica iz Maksima<\/strong>,&nbsp;<strong>Revizor<\/strong>, <strong>Faraon iz Ilice je mrtav; Alphonsine, Jesus Christ Superstar, 2019. <\/strong>(Pilat); <a href=\"http:\/\/www.komedija.hr\/www\/repertoar\/zaljubljeni-shakespeare\/\"><strong>Zaljubljeni Shakespeare<\/strong><\/a> (Lord Wessex); <strong>Grofica Marica <\/strong>(Koloman \u017dupan), <strong>Brat bratu <\/strong>(Boris), <strong>Alfi Kabiljo: Moji mjuzikli #2<\/strong>,&nbsp;<strong>Ljepotica i Zvijer<\/strong> (Lumi\u00e8re); <strong>Va\u017eno je zvati se Ernest<\/strong> (Pastor Chasuble); Jadnici (Jean Valjean), i prevoditelj; SIX (prevoditelj)<\/td>\n<\/tr>\n<tr>\n<td valign=\"top\" width=\"20%\" height=\"14\"><strong>KONCERTI<\/strong><\/td>\n<td valign=\"top\" width=\"80%\" height=\"14\">&nbsp;<\/td>\n<\/tr>\n<tr>\n<td valign=\"top\" width=\"20%\" height=\"14\"><strong>ORKESTRI \/ ZBOROVI<\/strong><\/td>\n<td valign=\"top\" width=\"80%\" height=\"14\">&nbsp;<\/td>\n<\/tr>\n<tr>\n<td valign=\"top\" width=\"20%\" height=\"19\"><strong>OSTALO<\/strong><\/td>\n<td valign=\"top\" width=\"80%\" height=\"19\">\u010cesto je sinhronizirao animirane filmove (<em>Kralj lavova<\/em>, <em>Pepeljuga<\/em>, <em>Aladdin<\/em>, <em>101 Dalmatinac<\/em>, <em>Mala sirena<\/em>, <em>Auti<\/em>, <em>Obitelj Robinson<\/em>, <em>Ma\u010dak u \u0161e\u0161iru<\/em>, <em>Charlotteina mre\u017ea<\/em>, <em>Shrek<\/em>, <em>Tko je smjestio Crvenkapici<\/em>, <em>Preko ograde<\/em>, <em>Madagaskar<\/em>, <em>Ulica Sezam<\/em>&#8230; ), a manje je uloge ostvario u filmovima <em>Duga mra\u010dna no\u0107<\/em>, <em>La Femme Musketeer<\/em>, <em>Dva igra\u010da s klupe<\/em>, <em>Kradljivac uspomena<\/em> i <em>Tri pri\u010de o nespavanju<\/em>.<\/td>\n<\/tr>\n<tr>\n<td colspan=\"2\" valign=\"top\" height=\"32\">&nbsp;<\/td>\n<\/tr>\n<tr>\n<td valign=\"top\" width=\"20%\" height=\"19\"><strong>NAGRADE I PRIZNANJA<\/strong><\/td>\n<td valign=\"top\" width=\"80%\" height=\"19\">Nagrada hrvatskoga glumi\u0161ta 2025. za najbolju mu\u0161ku ulogu u kategoriji mjuzikl \/ opereta za ulogu Jean Valjeana u mjuziklu<em> Jadnici<\/em><\/td>\n<\/tr>\n<tr>\n<td colspan=\"2\" valign=\"top\" height=\"33\">&nbsp;<\/td>\n<\/tr>\n<tr>\n<td valign=\"top\" width=\"20%\" height=\"33\"><strong>STATUSI U &#8220;KOMEDIJI&#8221;<\/strong><\/td>\n<td valign=\"top\" width=\"80%\" height=\"33\">Stalno zaposlen od 1. rujna 2010.<\/td>\n<\/tr>\n<\/tbody>\n<\/table>\n","protected":false},"excerpt":{"rendered":"<p>&nbsp;Glumac DATUM I MJESTO RO\u0110ENJA &nbsp; ansambl Kazali\u0161te &#8220;Komedija&#8221;, p.p. 428, Zagreb tel.: +385 (0)1 48 13 200; fax: +385<\/p>\n","protected":false},"author":4,"featured_media":0,"parent":6992,"menu_order":0,"comment_status":"closed","ping_status":"closed","template":"","meta":{"ngg_post_thumbnail":0,"footnotes":""},"class_list":["post-1862","page","type-page","status-publish","hentry"],"_links":{"self":[{"href":"https:\/\/dev.komedija.hr\/www\/wp-json\/wp\/v2\/pages\/1862","targetHints":{"allow":["GET"]}}],"collection":[{"href":"https:\/\/dev.komedija.hr\/www\/wp-json\/wp\/v2\/pages"}],"about":[{"href":"https:\/\/dev.komedija.hr\/www\/wp-json\/wp\/v2\/types\/page"}],"author":[{"embeddable":true,"href":"https:\/\/dev.komedija.hr\/www\/wp-json\/wp\/v2\/users\/4"}],"replies":[{"embeddable":true,"href":"https:\/\/dev.komedija.hr\/www\/wp-json\/wp\/v2\/comments?post=1862"}],"version-history":[{"count":4,"href":"https:\/\/dev.komedija.hr\/www\/wp-json\/wp\/v2\/pages\/1862\/revisions"}],"predecessor-version":[{"id":21536,"href":"https:\/\/dev.komedija.hr\/www\/wp-json\/wp\/v2\/pages\/1862\/revisions\/21536"}],"up":[{"embeddable":true,"href":"https:\/\/dev.komedija.hr\/www\/wp-json\/wp\/v2\/pages\/6992"}],"wp:attachment":[{"href":"https:\/\/dev.komedija.hr\/www\/wp-json\/wp\/v2\/media?parent=1862"}],"curies":[{"name":"wp","href":"https:\/\/api.w.org\/{rel}","templated":true}]}}