{"id":19851,"date":"2024-12-18T22:48:35","date_gmt":"2024-12-18T21:48:35","guid":{"rendered":"https:\/\/www.komedija.hr\/www\/?page_id=19851"},"modified":"2025-02-06T16:00:31","modified_gmt":"2025-02-06T15:00:31","slug":"momacka-vecer","status":"publish","type":"page","link":"https:\/\/dev.komedija.hr\/www\/repertoar\/momacka-vecer\/","title":{"rendered":"MOMA\u010cKA VE\u010cER"},"content":{"rendered":"<p>Vajk Szente: <strong>MOMA\u010cKA VE\u010cER<\/strong>, komedija<\/p>\n<p>Prevela: Xenia Detoni<\/p>\n<p>&nbsp;<\/p>\n<p>Redatelj: Slaven Vidakovi\u0107<\/p>\n<p>Scenograf: Bal\u00e1sz Horesnyi<\/p>\n<p>Kostimografkinja: Mirjana Zagorec<\/p>\n<p>Suradnica za scenski pokret: Tihana Strme\u010dki<\/p>\n<p>Lektor: Damir Lon\u010dar<\/p>\n<p>&nbsp;<\/p>\n<p>ULOGE:<\/p>\n<p>SIMON, mlado\u017eenja: <a href=\"https:\/\/dev.komedija.hr\/www\/ansambl-2\/glumci\/ronald-zlabur\/\">Ronald \u017dlabur<\/a><\/p>\n<p>ALEX, njegov prijatelj: Matija Ka\u010dan<\/p>\n<p>VELE\u010cASNI: <a href=\"https:\/\/dev.komedija.hr\/www\/ansambl-2\/glumci\/mesin-igor\/\">Igor Me\u0161in<\/a><\/p>\n<p>CANDY, glumica: Tara Thaller<\/p>\n<p>MONA, mladenka: <a href=\"https:\/\/dev.komedija.hr\/www\/ansambl-2\/glumci\/nera-stipicevic\/\">Nera Stipi\u010devi\u0107<\/a><\/p>\n<p>Mr. WAT: <a href=\"https:\/\/dev.komedija.hr\/www\/ansambl-2\/glumci\/ozbolt-zlatko\/\">Zlatko O\u017ebolt<\/a><\/p>\n<p>POLICAJKA, prava: <a href=\"https:\/\/dev.komedija.hr\/www\/ansambl-2\/glumci\/marija-boric\/\">Marija Jernei\u0107<\/a><\/p>\n<p>BOB, tjelohranitelj: <a href=\"https:\/\/dev.komedija.hr\/www\/ansambl-2\/glumci\/loncar-damir\/\">Damir Lon\u010dar<\/a><\/p>\n<p>DAISY, kolgerla: <a href=\"https:\/\/dev.komedija.hr\/www\/ansambl-2\/glumci\/ruzica-maurus\/\">Ru\u017eica Maurus<\/a><\/p>\n<p>LONDINER: <a href=\"https:\/\/dev.komedija.hr\/www\/ansambl-2\/glumci\/roko-sikavica\/\">Roko Sikavica<\/a><\/p>\n<p>OLAF, dje\u010dak: Neon Kova\u010d Batir \/ Mak Molnar Koren<\/p>\n<p>&nbsp;<\/p>\n<p>Inspicijentica: Dijana Daj\u010di\u0107<\/p>\n<p>Premijera: 15. velja\u010de 2025.<\/p>\n<p>Mladi ma\u0111arski autor Vajk Szente ( Oroszahza 1981.) po profesiji je glumac, kazali\u0161ni redatelj i pisac. Urnebesna komedija zabune Moma\u010dka ve\u010der njegova je velika uspje\u0161nica koja je igrala na brojnim pozornicama u Ma\u0111arskoj, a izvedba u Budimpe\u0161ti dostigla je rekordnih 200 izvo\u0111enja.<\/p>\n<p>Moma\u010dka ve\u010der odvija se u hotelu, u apartmanu za mladence, a radnja po\u010dinje dan prije obreda, kad mlado\u017eenja i njegov najbolji prijatelj, budu\u0107i kum, dolaze u hotel kako bi se jo\u0161 jednu no\u0107 zabavili prije polaganja bra\u010dnih zavjeta. No, kako to biva u komedijama, tada dolazi do mnogih zapleta ove nadasve duhovito napisane farse. Mlado\u017eenja izgubi sav novac predvi\u0111en za vjen\u010danje u kockarnici, naru\u010dena striptizeta zavr\u0161i s krivom mu\u0161terijom, slavna manekenka pod utjecajem \u010darobnih \u010dokoladica iznenada je spremna na sve, a doda li se tu jo\u0161 prisustvo mafija\u0161a plja\u010dka\u0161a hotelskog sefa, zavrzlamama ne\u0107e biti kraja.<\/p>\n<p>Napisana vje\u0161to, uz obilje dinami\u010dnih i vrlo duhovitih dijaloga ova komedija podlije\u017ee svim scenski izuzetno zahvalnim zakonima farse. Doga\u0111a se u realnom vremenu, a junaci su tragi\u010dari, nama izuzetno smije\u0161ni u svojim nevoljama.<\/p>\n<p>Postavljanjem suvremene ma\u0111arske komedije na na\u0161u pozornicu otvaramo uvid u dramsku literaturu te velike zemlje, osobito s obzirom da je redatelj upravo idealna spona izme\u0111u na\u0161ih dvaju kazali\u0161nih sredina.<\/p>\n<p>Slaven Vidakovi\u0107 (Pe\u010duh, 1977.) diplomant je zagreba\u010dke Akademije dramske umjetnosti, glumac i redatelj, dugogodi\u0161nji ravnatelj Hrvatskog kazali\u0161ta Pe\u010duh i umjetni\u010dki ravnatelj Ma\u0111arskog Narodnog kazali\u0161ta Pe\u010duh. Re\u017eijom se bavi ve\u0107 desetak godina, a iza njega su velike uspje\u0161nice kako komedija, tako i velikih naslova glazbenog \u017eanra. Dobitnik je brojnih stru\u010dnih nagrada, kao i Nagrade grada Pe\u010duha za izuzetne doprinose u kulturi.<\/p>\n<p>&nbsp;<\/p>\n<p>&nbsp;<\/p>\n<p>&nbsp;<\/p>\n","protected":false},"excerpt":{"rendered":"<p>Vajk Szente: MOMA\u010cKA VE\u010cER, komedija Prevela: Xenia Detoni &nbsp; Redatelj: Slaven Vidakovi\u0107 Scenograf: Bal\u00e1sz Horesnyi Kostimografkinja: Mirjana Zagorec Suradnica za<\/p>\n","protected":false},"author":5,"featured_media":20183,"parent":10,"menu_order":0,"comment_status":"closed","ping_status":"closed","template":"","meta":{"ngg_post_thumbnail":0,"footnotes":""},"class_list":["post-19851","page","type-page","status-publish","has-post-thumbnail","hentry"],"_links":{"self":[{"href":"https:\/\/dev.komedija.hr\/www\/wp-json\/wp\/v2\/pages\/19851","targetHints":{"allow":["GET"]}}],"collection":[{"href":"https:\/\/dev.komedija.hr\/www\/wp-json\/wp\/v2\/pages"}],"about":[{"href":"https:\/\/dev.komedija.hr\/www\/wp-json\/wp\/v2\/types\/page"}],"author":[{"embeddable":true,"href":"https:\/\/dev.komedija.hr\/www\/wp-json\/wp\/v2\/users\/5"}],"replies":[{"embeddable":true,"href":"https:\/\/dev.komedija.hr\/www\/wp-json\/wp\/v2\/comments?post=19851"}],"version-history":[{"count":11,"href":"https:\/\/dev.komedija.hr\/www\/wp-json\/wp\/v2\/pages\/19851\/revisions"}],"predecessor-version":[{"id":20127,"href":"https:\/\/dev.komedija.hr\/www\/wp-json\/wp\/v2\/pages\/19851\/revisions\/20127"}],"up":[{"embeddable":true,"href":"https:\/\/dev.komedija.hr\/www\/wp-json\/wp\/v2\/pages\/10"}],"wp:featuredmedia":[{"embeddable":true,"href":"https:\/\/dev.komedija.hr\/www\/wp-json\/wp\/v2\/media\/20183"}],"wp:attachment":[{"href":"https:\/\/dev.komedija.hr\/www\/wp-json\/wp\/v2\/media?parent=19851"}],"curies":[{"name":"wp","href":"https:\/\/api.w.org\/{rel}","templated":true}]}}