{"id":20857,"date":"2025-06-09T11:00:49","date_gmt":"2025-06-09T09:00:49","guid":{"rendered":"https:\/\/www.komedija.hr\/www\/?page_id=20857"},"modified":"2026-02-25T14:50:44","modified_gmt":"2026-02-25T13:50:44","slug":"broadway-dance-show","status":"publish","type":"page","link":"https:\/\/dev.komedija.hr\/www\/broadway-dance-show\/","title":{"rendered":"BROADWAY DANCE SHOW"},"content":{"rendered":"\t\t<div data-elementor-type=\"wp-page\" data-elementor-id=\"20857\" class=\"elementor elementor-20857\">\n\t\t\t\t<div class=\"wd-negative-gap elementor-element elementor-element-317804d5 e-flex e-con-boxed e-con e-parent\" data-id=\"317804d5\" data-element_type=\"container\" data-e-type=\"container\">\n\t\t\t\t\t<div class=\"e-con-inner\">\n\t\t\t\t<div class=\"elementor-element elementor-element-e0592cd wd-width-100 elementor-widget elementor-widget-wd_title\" data-id=\"e0592cd\" data-element_type=\"widget\" data-e-type=\"widget\" data-widget_type=\"wd_title.default\">\n\t\t\t\t<div class=\"elementor-widget-container\">\n\t\t\t\t\t\t\t<div class=\"title-wrapper wd-set-mb reset-last-child wd-title-color-default wd-title-style-default wd-title-size-default text-center\">\n\n\t\t\t\n\t\t\t<div class=\"liner-continer\">\n\t\t\t\t<h4 class=\"woodmart-title-container title wd-fontsize-l\">BROADWAY DANCE SHOW<\/h4> \n\t\t\t\t\t\t\t<\/div>\n\n\t\t\t\t\t\t\t<div class=\"title-after_title reset-last-child wd-fontsize-xs\">\n\t\t\t\t\t<p>Raspored predstava:<\/p>\t\t\t\t<\/div>\n\t\t\t\t\t<\/div>\n\t\t\t\t\t\t<\/div>\n\t\t\t\t<\/div>\n\t\t\t\t<div class=\"elementor-element elementor-element-79c6f74c color-scheme-inherit text-left elementor-widget elementor-widget-text-editor\" data-id=\"79c6f74c\" data-element_type=\"widget\" data-e-type=\"widget\" data-widget_type=\"text-editor.default\">\n\t\t\t\t\t\t\t\t\t<span style=\"font-weight: 400;\">Redateljica i koreografkinja: Tihana Strme\u010dki<\/span>\r\n\r\n<span style=\"font-weight: 400;\">Izbor kostima: Mirjana Zagorec\r\n<\/span>Asistentica koreografkinje: Ivona Grubi\u0161i\u0107 Pupi\u0107\r\n<span style=\"font-weight: 400;\">Koreografkinja step plesa: Vendy Zajec\r\n<\/span><span style=\"font-weight: 400;\">*dijelovi predstave inspirirani su plesnim pokretima Bob Fossea<\/span>\r\n\r\n<b>\r\nULOGE<\/b>\r\n\r\n<i><span style=\"font-weight: 400;\">Baletni ansambl Kazali\u0161ta:<\/span><\/i>\r\n\r\n<span style=\"font-weight: 400;\">Stela Gajski<\/span>\r\n\r\n<span style=\"font-weight: 400;\">Emil Kuzminski<\/span>\r\n\r\n<span style=\"font-weight: 400;\">Mateja Kuzminski<\/span>\r\n\r\n<span style=\"font-weight: 400;\">Tamara Masnjak<\/span>\r\n\r\n<span style=\"font-weight: 400;\">Morana Pa\u0161kievi\u0107<\/span>\r\n\r\n<span style=\"font-weight: 400;\">Petra Rado\u0161evi\u0107<\/span>\r\n\r\n<span style=\"font-weight: 400;\">Karlo Topolovec<\/span>\r\n\r\n<span style=\"font-weight: 400;\">Roman Vran\u010di\u0107<\/span>\r\n\r\n&nbsp;\r\n\r\n<i><span style=\"font-weight: 400;\">Vanjski suradnici:<\/span><\/i>\r\n\r\n<span style=\"font-weight: 400;\">Bernard Bara\u010d<\/span>\r\n\r\n<span style=\"font-weight: 400;\">Tea Cvetan<\/span>\r\n\r\n<span style=\"font-weight: 400;\">Andrea Grani\u0107<\/span>\r\n\r\nIvona Grubi\u0161i\u0107 Pupi\u0107\r\n\r\n<span style=\"font-weight: 400;\">Patricija Kr\u0161i\u0107<\/span>\r\n\r\n<span style=\"font-weight: 400;\">Hana Samard\u017ei\u0107<\/span>\r\n\r\n<span style=\"font-weight: 400;\">Lucija Tandara<\/span>\r\n\r\n<span style=\"font-weight: 400;\">Dominik Vali\u0107<\/span>\r\n\r\n<span style=\"font-weight: 400;\">Fran \u017dugli\u0107<\/span>\r\n\r\n&nbsp;\r\n\r\n<span style=\"font-weight: 400;\">Inspicijentica: Iva Oluji\u0107<\/span>\r\n\r\nPremijera: subota, 28. lipnja 2025., Trg kralja Tomislava&nbsp;\r\n\r\n<span style=\"font-weight: 400;\">Traja<\/span><span style=\"font-weight: 400;\">nje: cca 60 minuta bez stanke<\/span>\r\n\r\n<span style=\"font-weight: 400;\">\u201eBroadway Dance Show\u201c nezaboravna je eksplozija pokreta inspirirana najslavnijim brodvejskim plesnim stilovima. U originalnom konceptu autorica i redateljica Tihana Strme\u010dki u dramatur\u0161ki razra\u0111enoj strukturi izmjenjuje skladbe iz svjetski poznatih mjuzikala 20. i 21. stolje\u0107a, koje kroz plesnu umjetnost interpretira vrhunski baletni ansambl kazali\u0161ta Komedije uz potporu izvrsnih vanjskih suradnika posebno odabranih na velikoj audiciji. Od jazza u stilu Bob Fosseja, preko tipi\u010dno rasko\u0161nog brodvejskog stila, ritmi\u010dnog step plesa, do modernijeg fusion izri\u010daja, ansambl predstave donosi publici blistav sjaj scene, vrtoglave sekvence i svevremensku energiju mjuzikla.<\/span>\r\n\r\n<span style=\"font-weight: 400;\">Arhiva Kazali\u0161ta navodi: \u201eU Komediji se oduvijek plesalo, od njezina po\u010detka 1950. godine, ponekad u obliku samostalnih cjelove\u010dernjih baleta, \u010de\u0161\u0107e u mjuziklima kao potpora glavnoj radnji.\u201c \u201eBroadway Dance Show\u201c postavlja plesnu umjetnost naprijed i centralno. Ansambl sastavljen od \u0161esnaest virtuoznih plesa\u010da svojom tehni\u010dkom preciznosti, scenskom karizmom i izra\u017eajnosti podi\u017ee svaku koreografiju na visoki umjetni\u010dki nivo. Scenom dominira muzikalnost i ritmi\u010dka kontrola, u jazz sekvencama posebno se isti\u010du snaga, fluidnost i elegancija pokreta, dok lyrical jazz donosi trenutke poetske introspekcije kroz nje\u017enost i izra\u017eajnost. Ova raznolikost ne samo da oslikava bogatstvo plesnog Broadwaya, ve\u0107 i potvr\u0111uje tehni\u010dku superiornost umjetnika koji bez napora prelaze iz jedne forme u drugu, potvr\u0111uju\u0107i svoj status izvo\u0111a\u010da svjetske klase.<\/span>\r\n\r\n<span style=\"font-weight: 400;\">U predstavi se isprepli\u0107u etide u kojima solisti nose tematsku cjelinu odre\u0111enog perioda brodvejske povijesti. U nju je utkana i povijest mjuzikala uprizorenih na daskama Komedije, \u010dija izvrsnost postavlja visoki nivo za sve \u0161to dolazi na scenu u budu\u0107nosti. Koriste\u0107i motive pro\u0161losti, u predstavi se ukazuje i na mogu\u0107i daljnji smjer odabira repertoara. Predstava ne samo da slavi plesno naslije\u0111e Komedije i Broadwaya, ve\u0107 ga i osuvremenjuje, pru\u017eaju\u0107i publici uzbudljivo i emotivno bogato scensko iskustvo.<\/span>\r\n\r\n<span style=\"font-weight: 400;\">\u201eBroadway Dance Show\u201c slavlje je umjetnosti pokreta, \u010dista adrenalinska injekcija ritma, snage i glamura &#8211; spektakl koji se ne propu\u0161ta!<\/span>\r\n\r\n<b>Tihana Strme\u010dki<\/b><span style=\"font-weight: 400;\">, redateljica, koreografkinja i plesna pedagoginja, svoje kazali\u0161no znanje dugi niz godina izra\u0111uje u najve\u0107im svjetskim centrima, a posebno na Broadwayu (New York City). Tijekom svoje karijere re\u017eirala je i\/ili koreografirala dramske predstave, cjelove\u010dernje mjuzikle, koncerte, predstave za djecu i mlade, plesne produkcije, glazbene spotove i reklame, kao i scenski pokret za vi\u0161e od pedeset kazali\u0161nih naslova.&nbsp;<\/span>\r\n\r\n<span style=\"font-weight: 400;\">Me\u0111u najzapa\u017eenijim projektima isti\u010du se re\u017eija mjuzikl-spektakla <\/span><i><span style=\"font-weight: 400;\">Poljubi me, Kato<\/span><\/i><span style=\"font-weight: 400;\"> (HNK Ivan pl. Zajc, Rijeka) te koncert <\/span><i><span style=\"font-weight: 400;\">U ritmu Broadwaya<\/span><\/i><span style=\"font-weight: 400;\">, oba vi\u0161estruko nagra\u0111ivana za umjetni\u010dka postignu\u0107a. Redateljica je i popularnih dramskih komada kao \u0161to su <\/span><i><span style=\"font-weight: 400;\">Puni pansion<\/span><\/i><span style=\"font-weight: 400;\"> (B Glad produkcija) i <\/span><i><span style=\"font-weight: 400;\">Iza paravana<\/span><\/i><span style=\"font-weight: 400;\"> (Kazali\u0161te KNAP). Kao koreografkinja ostvarila je velik uspjeh na mjuziklu <\/span><i><span style=\"font-weight: 400;\">Jadnici<\/span><\/i><span style=\"font-weight: 400;\"> (Kazali\u0161te Komedija, Zagreb) te na \u0161vicarskoj produkciji mjuzikla <\/span><i><span style=\"font-weight: 400;\">Heidi<\/span><\/i><span style=\"font-weight: 400;\">, koju je u samo mjesec dana pogledalo vi\u0161e od 45.000 gledatelja. U pripremi je i njezin anga\u017eman na novom mjuziklu <\/span><i><span style=\"font-weight: 400;\">Chaplin<\/span><\/i><span style=\"font-weight: 400;\">.<\/span>\r\n\r\n<span style=\"font-weight: 400;\">Tijekom karijere kreativno je sura\u0111ivala na brojnim velikim produkcijama uklju\u010duju\u0107i <\/span><i><span style=\"font-weight: 400;\">Evitu<\/span><\/i><span style=\"font-weight: 400;\">, <\/span><i><span style=\"font-weight: 400;\">Sunset Boulevard<\/span><\/i><span style=\"font-weight: 400;\">, <\/span><i><span style=\"font-weight: 400;\">Ljepoticu i zvijer<\/span><\/i><span style=\"font-weight: 400;\">, <\/span><i><span style=\"font-weight: 400;\">Flashdance<\/span><\/i><span style=\"font-weight: 400;\"> i mnoge druge. Njezin rad predstavljen je u nizu kazali\u0161nih institucija diljem Hrvatske, uklju\u010duju\u0107i Gradsko kazali\u0161te \u017dar ptica, KD Vatroslav Lisinski, Kazali\u0161te Kerempuh, Kazali\u0161te KNAP te kroz rad s B Glad produkcijom i drugim nezavisnim ku\u0107ama.<\/span>\r\n\r\n<span style=\"font-weight: 400;\">Osniva\u010dica je i umjetni\u010dka voditeljica plesnog kluba <\/span><i><span style=\"font-weight: 400;\">JazzElle<\/span><\/i><span style=\"font-weight: 400;\">, a kao tra\u017eena predava\u010dica vodi plesne radionice i masterclasseve diljem Hrvatske, Europe i u New York Cityu. \u010clanica je stru\u010dnih \u017eirija brojnih doma\u0107ih i me\u0111unarodnih plesnih i kazali\u0161nih natjecanja.<\/span>\t\t\t\t\t\t\t\t<\/div>\n\t\t\t\t\t<\/div>\n\t\t\t\t<\/div>\n\t\t<div class=\"wd-negative-gap elementor-element elementor-element-a949b37 e-flex e-con-boxed e-con e-parent\" data-id=\"a949b37\" data-element_type=\"container\" data-e-type=\"container\">\n\t\t\t\t\t<div class=\"e-con-inner\">\n\t\t\t\t<div class=\"elementor-element elementor-element-6e329f8 elementor-widget elementor-widget-wd_text_block\" data-id=\"6e329f8\" data-element_type=\"widget\" data-e-type=\"widget\" data-widget_type=\"wd_text_block.default\">\n\t\t\t\t<div class=\"elementor-widget-container\">\n\t\t\t\t\t\t\t<div class=\"wd-text-block reset-last-child text-left\">\n\t\t\t\n\t\t\t<div class=\"em em-view-container\" id=\"em-view-1583692360\" data-view=\"list\">\r\n\t<div class=\"em pixelbones em-list em-events-list\" id=\"em-events-list-1583692360\" data-view-id=\"1583692360\">\r\n\tNema predstave\t<\/div>\r\n<\/div>\n\t\t\t\t\t<\/div>\n\t\t\t\t\t\t<\/div>\n\t\t\t\t<\/div>\n\t\t\t\t\t<\/div>\n\t\t\t\t<\/div>\n\t\t\t\t<\/div>\n\t\t","protected":false},"excerpt":{"rendered":"<p>BROADWAY DANCE SHOW Raspored predstava: Redateljica i koreografkinja: Tihana Strme\u010dki Izbor kostima: Mirjana Zagorec Asistentica koreografkinje: Ivona Grubi\u0161i\u0107 Pupi\u0107 Koreografkinja<\/p>\n","protected":false},"author":5,"featured_media":20984,"parent":0,"menu_order":0,"comment_status":"closed","ping_status":"closed","template":"","meta":{"ngg_post_thumbnail":0,"footnotes":""},"class_list":["post-20857","page","type-page","status-publish","has-post-thumbnail","hentry"],"_links":{"self":[{"href":"https:\/\/dev.komedija.hr\/www\/wp-json\/wp\/v2\/pages\/20857","targetHints":{"allow":["GET"]}}],"collection":[{"href":"https:\/\/dev.komedija.hr\/www\/wp-json\/wp\/v2\/pages"}],"about":[{"href":"https:\/\/dev.komedija.hr\/www\/wp-json\/wp\/v2\/types\/page"}],"author":[{"embeddable":true,"href":"https:\/\/dev.komedija.hr\/www\/wp-json\/wp\/v2\/users\/5"}],"replies":[{"embeddable":true,"href":"https:\/\/dev.komedija.hr\/www\/wp-json\/wp\/v2\/comments?post=20857"}],"version-history":[{"count":8,"href":"https:\/\/dev.komedija.hr\/www\/wp-json\/wp\/v2\/pages\/20857\/revisions"}],"predecessor-version":[{"id":29377,"href":"https:\/\/dev.komedija.hr\/www\/wp-json\/wp\/v2\/pages\/20857\/revisions\/29377"}],"wp:featuredmedia":[{"embeddable":true,"href":"https:\/\/dev.komedija.hr\/www\/wp-json\/wp\/v2\/media\/20984"}],"wp:attachment":[{"href":"https:\/\/dev.komedija.hr\/www\/wp-json\/wp\/v2\/media?parent=20857"}],"curies":[{"name":"wp","href":"https:\/\/api.w.org\/{rel}","templated":true}]}}