{"id":21230,"date":"2025-10-21T10:30:45","date_gmt":"2025-10-21T08:30:45","guid":{"rendered":"https:\/\/www.komedija.hr\/www\/?page_id=21230"},"modified":"2026-02-20T10:33:39","modified_gmt":"2026-02-20T09:33:39","slug":"radio-dubrava","status":"publish","type":"page","link":"https:\/\/dev.komedija.hr\/www\/radio-dubrava\/","title":{"rendered":"RADIO DUBRAVA"},"content":{"rendered":"<p>Tekst: Ana Tonkovi\u0107<br \/>\nGlazba: Jasenko Houra, Ines Prajo, Arjana Kun\u0161tek<br \/>\nAran\u017emani: Fedor Boi\u0107<\/p>\n<p>Redatelj: Kre\u0161imir Dolen\u010di\u0107<\/p>\n<p>Scenograf: Ivan Lu\u0161i\u010di\u0107 Liik<br \/>\nKostimografkinja: \u017deljka Franulovi\u0107<br \/>\nKoreografkinja: Larisa Lipovac<br \/>\nAsistentica scenografa: Tena Palijan<br \/>\nAsistentica kostimografkinje: Ana Kala Kova\u010devi\u0107<br \/>\nGlazbeno vodstvo: Davor Keli\u0107<br \/>\nKorepetitor: Tomislav Parma\u0107<\/p>\n<p>Uloge:<\/p>\n<p>SOKNA, zapravo Neven, ali tako ga samo mama zove: Damian Humski<\/p>\n<p>SANJA, Soknina cura, Hercova sestra: <a href=\"https:\/\/dev.komedija.hr\/www\/ansambl-2\/glumci\/ruzica-maurus\/\">Ru\u017eica Maurus<\/a> \/ Dora Hasanec<\/p>\n<p>HERC, Soknin najbolji prijatelj i Sanjin brat, obitelj ga zove Braco: <a href=\"https:\/\/dev.komedija.hr\/www\/ansambl-2\/glumci\/ognjen-milovanovic\/\">Ognjen Milovanovi\u0107<\/a><\/p>\n<p>MARINA, Soknina sestra: Nika Ivan\u010di\u0107<\/p>\n<p>RU\u017dICA, Soknina i Marinina mama: <a href=\"https:\/\/dev.komedija.hr\/www\/ansambl-2\/glumci\/palic-picukaric-jasna\/\">Jasna Pali\u0107 Picukari\u0107<\/a><\/p>\n<p>BO\u017dO zvan FERARI, Ru\u017ein \u0161ti\u0107enik: <a href=\"https:\/\/dev.komedija.hr\/www\/ansambl-2\/glumci\/goran-malus\/\">Goran Malus<\/a><\/p>\n<p>IVAN IVI\u0106,&nbsp; milicajac, civilna za\u0161tita pa kasnije vlasnik za\u0161titarske firme i gra\u0111evinski poduzetnik: <a href=\"https:\/\/dev.komedija.hr\/www\/ansambl-2\/glumci\/ivan-glowatzky\/\">Ivan Glowatzky<\/a><\/p>\n<p>PETARDA: <a href=\"https:\/\/dev.komedija.hr\/www\/ansambl-2\/glumci\/jan-kovacic\/\">Jan Kova\u010di\u0107<\/a><\/p>\n<p>Ovca: Matija \u0160kvorc<\/p>\n<p>STANKO: Filip Ri\u0111i\u010dki<\/p>\n<p>PALI\u0106, mafija\u0161: <a href=\"https:\/\/dev.komedija.hr\/www\/ansambl-2\/glumci\/balog-vid\/\">Vid Balog<\/a><\/p>\n<p>PALI\u0106KA, Marija, njegova k\u0107i: <a href=\"#cmp-20906\">Tara Thaller<\/a><\/p>\n<p>KOSTOBER, kvartovski razbija\u010d: <a href=\"https:\/\/dev.komedija.hr\/www\/ansambl-2\/glumci\/ivan-magud\/\">Ivan Magud<\/a><\/p>\n<p>KUMPAR, kockar: <a href=\"https:\/\/dev.komedija.hr\/www\/ansambl-2\/glumci\/davor-svedruzic\/\">Davor Svedru\u017ei\u0107<\/a><\/p>\n<p>MACA, konobarica u \u0106o\u0161ku: <a href=\"https:\/\/dev.komedija.hr\/www\/ansambl-2\/glumci\/nera-stipicevic\/\">Nera Stipi\u010devi\u0107<\/a><\/p>\n<p>BIBA, Sanjina i Hercova mama: <a href=\"https:\/\/dev.komedija.hr\/www\/ansambl-2\/glumci\/sanja-marin-ozbolt\/\">Sanja Marin<\/a> \/ <a href=\"https:\/\/dev.komedija.hr\/www\/ansambl-2\/glumci\/elegovic-mila\/\">Mila Elegovi\u0107<\/a><\/p>\n<p>DAVOR, Sanjin i Hercov otac: <a href=\"https:\/\/dev.komedija.hr\/www\/ansambl-2\/glumci\/buneta-sasa\/\">Sa\u0161a Buneta<\/a><\/p>\n<p>&nbsp;<\/p>\n<p>Band:<\/p>\n<p>Alan Dovi\u0107 &#8211; elektri\u010dna gitara<\/p>\n<p>Martin Petra\u010di\u0107 &#8211; bas gitara<\/p>\n<p>Marko Kukulj \/ Dubravko Sulik &#8211; gitare<\/p>\n<p>Borna \u0160ercar \/ Ivan Luk\u0161i\u0107 &#8211; bubnjevi<\/p>\n<p>Tomislav Parma\u0107 &#8211; klavir<\/p>\n<p>Mateo \u017dmak &#8211; klavijature<\/p>\n<p>&nbsp;<\/p>\n<p>Inspicijentica: Iva Oluji\u0107<\/p>\n<p>\u0160apta\u010d: Boris \u0160tefan\u010di\u0107<\/p>\n<p>&nbsp;<\/p>\n<p>O\u010dekivana premijera: 18. 3.&nbsp; 2026.<\/p>\n<p>&nbsp;<\/p>\n<p>Oslanjaju\u0107i se na repertoar, poetiku i tematiku pjesama Prljavog kazali\u0161ta, ova predstava u formi mjuzikla govori o Dubravi kao prizmi u kojoj se prelamaju sve silnice posljednjih nekoliko desetlje\u0107a novije hrvatske povijesti. Taj zagreba\u010dki kvart i sudbine njegovih stanovnika po mnogo \u010demu nose i jednu univerzalnu te\u017einu Hrvatske u malom. Tako na\u0161a predstava sa zagreba\u010dkim akcentom precizno zrcali i jedan \u0161iri dru\u0161tveno vremenski kontekst velikih promjena koje su zauvijek obilje\u017eile na\u0161e \u017eivote. Bez obzira na po\u0161tanski broj.<\/p>\n<p>Sadr\u017eaj se prote\u017ee tijekom 20-ak godina i prati skupinu mladih ljudi iz Dubrave od 1991. Glavni junak, Sokna, sa skupinom prijatelja, doslovno s plesnog podija, odlazi u rat. Iza sebe ostavlja djevojku Sanju, majku, sestru i Dubravu. Ratna zbivanja grubo prekidaju mladena\u010dke ideale i fantazije, a pogled na svijet tone u bespomo\u0107ni cinizam poslijeratnog razdoblja. Marginalci preuzimaju kontrolu nad kvartom, a mutan novac postaje valuta uspjeha. Na te\u017ei na\u010din na\u0161i junaci probijaju se do sretnoga kraja kakvog i sami kao autori i publika pri\u017eeljkujemo za svoju djecu.<\/p>\n<p>Struktura i narativna linija predstave ogleda se u kronolo\u0161kom kontinuitetu i tematici diskografije grupe Prljavo kazali\u0161te kao pri\u010da o odrastanju i potrazi za mirom. Rezultat je velika ansambl predstava obilje\u017eena s nekoliko hitova koje svi poznajemo, ali i ve\u0107inom novim pjesmama koju su nastale samo za ovaj mjuzikl. To predstavu \u201eRadio Dubrava\u201c \u010dini vrlo rijetkim i ozbiljnim autorskim projektom kakvog se ne vi\u0111a \u010desto na na\u0161im pozornicama.<\/p>\n<p>&nbsp;<\/p>\n","protected":false},"excerpt":{"rendered":"<p>Tekst: Ana Tonkovi\u0107 Glazba: Jasenko Houra, Ines Prajo, Arjana Kun\u0161tek Aran\u017emani: Fedor Boi\u0107 Redatelj: Kre\u0161imir Dolen\u010di\u0107 Scenograf: Ivan Lu\u0161i\u010di\u0107 Liik<\/p>\n","protected":false},"author":5,"featured_media":0,"parent":0,"menu_order":0,"comment_status":"closed","ping_status":"closed","template":"","meta":{"ngg_post_thumbnail":0,"footnotes":""},"class_list":["post-21230","page","type-page","status-publish","hentry"],"_links":{"self":[{"href":"https:\/\/dev.komedija.hr\/www\/wp-json\/wp\/v2\/pages\/21230","targetHints":{"allow":["GET"]}}],"collection":[{"href":"https:\/\/dev.komedija.hr\/www\/wp-json\/wp\/v2\/pages"}],"about":[{"href":"https:\/\/dev.komedija.hr\/www\/wp-json\/wp\/v2\/types\/page"}],"author":[{"embeddable":true,"href":"https:\/\/dev.komedija.hr\/www\/wp-json\/wp\/v2\/users\/5"}],"replies":[{"embeddable":true,"href":"https:\/\/dev.komedija.hr\/www\/wp-json\/wp\/v2\/comments?post=21230"}],"version-history":[{"count":11,"href":"https:\/\/dev.komedija.hr\/www\/wp-json\/wp\/v2\/pages\/21230\/revisions"}],"predecessor-version":[{"id":21657,"href":"https:\/\/dev.komedija.hr\/www\/wp-json\/wp\/v2\/pages\/21230\/revisions\/21657"}],"wp:attachment":[{"href":"https:\/\/dev.komedija.hr\/www\/wp-json\/wp\/v2\/media?parent=21230"}],"curies":[{"name":"wp","href":"https:\/\/api.w.org\/{rel}","templated":true}]}}