{"id":2537,"date":"2012-04-11T19:42:58","date_gmt":"2012-04-11T19:42:58","guid":{"rendered":"http:\/\/www.komedija.hr\/web\/?page_id=2537"},"modified":"2012-04-11T19:43:11","modified_gmt":"2012-04-11T19:43:11","slug":"grofica-marica","status":"publish","type":"page","link":"https:\/\/dev.komedija.hr\/www\/arhiva-predstava\/grofica-marica\/","title":{"rendered":"Grofica Marica"},"content":{"rendered":"<blockquote><p>Opereta<\/p><\/blockquote>\n<p>Grofica Marica slavi svoje zaruke iako zapravo nema mlado\u017eenje: kako bi se malo odmorila od nasrtljivih udvara\u010da, izmislila je baruna Kolomana \u017dupana. Na njezino veliko iznena\u0111enje &#8211; izmi\u0161ljeni mlado\u017eenja dolazi na proslavu zaruka! Istodobno, osiroma\u0161eni grof Tassilo \u017eeli zaraditi za sestrin miraz pa pod la\u017enim imenom poslu\u017euje groficu. Kad to sazna, misle\u0107i da su Tassilove namjere sve samo ne po\u0161tene, ona ga otpu\u0161ta iz slu\u017ebe &#8211; premda su njezini osje\u0107aji prema grofu posve druk\u010dije prirode&#8230;<\/p>\n<p>I ja sam neko\u0107 bio \u010darda\u0161-kavalir samo je jedna od popularnih arija ovog djela, jo\u0161 jednog operetnog naslova koji, odgovaraju\u0107i na brojne zahtjeve ljubitelja toga \u017eanra, nakon kratke stanke ponovno vra\u0107amo na &#8220;Komedijinu&#8221; pozornicu. Podsjetimo se, Grofica Marica je na Kaptolu prvi put prikazana godine 1954. (bila su tada druga vremena pa se predstava zvala samo &#8220;Marica&#8221;) i ta je produkcija sa Melitom Kunc i Ru\u017eom Cvjeti\u010danin u naslovnoj ulozi do 1960. godine odigrana 183 puta. Uslijedile su produkcije godine 1965. (s istim interpretkinjama naslovne uloge), 1995. (Sandra Bagari\u0107 i Nevenka Petkovi\u0107 Sobjeslavski) i 1998. godine (Sandra Bagari\u0107 i Ljiljana \u010cokljat): do sezone 2003.\/2004. ovo je djelo u &#8220;Komediji&#8221; prikazano ukupno 291 put i tako je \u0161esto na ljestvici najizvo\u0111enijih &#8220;Komedijinih&#8221; predstava!<\/p>\n<blockquote><p>glazba: Emerich Kalman\u00a0<br \/>\nlibreto: Julius Brammer i Alfred Grunwald<br \/>\nprijevod teksta: Aleksandar Bini\u010dki\u00a0<br \/>\nprijevod i adaptacija pjesama: Tomislav Uhlik\u00a0<br \/>\ndirigent: Tomislav Uhlik\u00a0<br \/>\nredatelj: Vlado \u0160tefan\u010di\u0107\u00a0<br \/>\nscenografkinja: Latica Ivani\u0161evi\u0107\u00a0<br \/>\nkostimografkinje: Ljubica Wagner, Elvira Ulip<br \/>\nkoreografkinje: Lili \u010caki, Sonja Kastl<br \/>\nzborovo\u0111a: Branko Starc\u00a0<br \/>\nasistent dirigenta: Du\u0161ko Zubalj; asistentica koreografkinja: Branka Kolar\u00a0<br \/>\n\u00a0<br \/>\nNastupaju:<br \/>\n<a title=\"Sandra Bagari\u0107\" href=\"http:\/\/www.komedija.hr\/web\/?page_id=917\">Sandra Bagari\u0107 <\/a>(Grofica Marica),<br \/>\nBoris Pavleni\u0107 (knez Morescu Dragomir),<br \/>\n<a title=\"Vid Balog\" href=\"http:\/\/www.komedija.hr\/web\/?page_id=921\">Vid Balog<\/a>\/Davor Radi\u0107 (barun Koloman \u017dupan),<br \/>\nMiljenko \u0110uran (grof Tassilo Wittemberg),<br \/>\n<a title=\"Larisa Marak\" href=\"http:\/\/www.komedija.hr\/web\/?page_id=1074\">Larisa Marak <\/a>(Lisa),<br \/>\n<a title=\"Dra\u017een \u010cu\u010dek\" href=\"http:\/\/www.komedija.hr\/web\/?page_id=937\">Dra\u017een \u010cu\u010dek <\/a>(barun Liebenberg),<br \/>\nLukrecija Bre\u0161kovi\u0107 (kneginja Kudenstein),<br \/>\n<a title=\"Zorica Antoni\u0107\" href=\"http:\/\/www.komedija.hr\/web\/?page_id=903\">Zorica Antoni\u0107<\/a>\/Jadranka Gospodneti\u0107 (Manja),<br \/>\n<a title=\"Portret umjetnika: Vlado \u0160tefan\u010di\u0107\" href=\"http:\/\/www.komedija.hr\/web\/?page_id=1177\">Vlado \u0160tefan\u010di\u0107 <\/a>(Wurzinger),<br \/>\nEugen Franjkovi\u0107 (\u010ceko)\u00a0<\/p>\n<p>Obnova predstave 21. prosinca 2003.<br \/>\nPune cijene ulaznica: 70, 50, 30 kuna.\u00a0<\/p><\/blockquote>\n","protected":false},"excerpt":{"rendered":"<p>Opereta Grofica Marica slavi svoje zaruke iako zapravo nema mlado\u017eenje: kako bi se malo odmorila od nasrtljivih udvara\u010da, izmislila je<\/p>\n","protected":false},"author":4,"featured_media":0,"parent":1659,"menu_order":0,"comment_status":"closed","ping_status":"open","template":"","meta":{"ngg_post_thumbnail":0,"footnotes":""},"class_list":["post-2537","page","type-page","status-publish","hentry"],"_links":{"self":[{"href":"https:\/\/dev.komedija.hr\/www\/wp-json\/wp\/v2\/pages\/2537","targetHints":{"allow":["GET"]}}],"collection":[{"href":"https:\/\/dev.komedija.hr\/www\/wp-json\/wp\/v2\/pages"}],"about":[{"href":"https:\/\/dev.komedija.hr\/www\/wp-json\/wp\/v2\/types\/page"}],"author":[{"embeddable":true,"href":"https:\/\/dev.komedija.hr\/www\/wp-json\/wp\/v2\/users\/4"}],"replies":[{"embeddable":true,"href":"https:\/\/dev.komedija.hr\/www\/wp-json\/wp\/v2\/comments?post=2537"}],"version-history":[{"count":0,"href":"https:\/\/dev.komedija.hr\/www\/wp-json\/wp\/v2\/pages\/2537\/revisions"}],"up":[{"embeddable":true,"href":"https:\/\/dev.komedija.hr\/www\/wp-json\/wp\/v2\/pages\/1659"}],"wp:attachment":[{"href":"https:\/\/dev.komedija.hr\/www\/wp-json\/wp\/v2\/media?parent=2537"}],"curies":[{"name":"wp","href":"https:\/\/api.w.org\/{rel}","templated":true}]}}