{"id":313,"date":"2011-07-28T09:07:58","date_gmt":"2011-07-28T07:07:58","guid":{"rendered":"http:\/\/www.komedija.hr\/web\/?page_id=313"},"modified":"2018-01-04T12:18:03","modified_gmt":"2018-01-04T11:18:03","slug":"cigle-svete-elizabete","status":"publish","type":"page","link":"https:\/\/dev.komedija.hr\/www\/arhiva-predstava\/cigle-svete-elizabete\/","title":{"rendered":"Cigle svete Elizabete"},"content":{"rendered":"<blockquote><p><em>Komedija<\/em><\/p><\/blockquote>\n<p>Prema legendi Vrap\u010de je nastalo kada je, <i>ljeta Gospodnjega<\/i> 1200, ne\u0161to malo prije velike provale Tatara u na\u0161e krajeve, Sveti Franjo Asi\u0161ki putovao Hrvatskom. Krenuo je iz Asiza prema Ugarskoj kako bi posjetio svetu kraljicu Elizabetu Ugarsku. Sve\u010devim dolaskom u Vrap\u010de nastaje legenda koje se i dan danas spominju starosjedioci Vrap\u010da. Vrap\u010danci pri\u010daju kako je te davne godine Sveti Franjo njihovim precima dr\u017eao propovijed u kojoj je, \u010duv\u0161i njihov govor, htio pohvaliti kajkavski jezik pa je rekao &#8211; \u00bbJoj, vi cvrku\u0107ete kak vrapci!\u00ab. Bila je najljep\u0161a pohvala kajkavskom jeziku, a od te se legende Vrap\u010du zadr\u017ealo ime do dana\u0161njih dana. Ali, postoji i druga pri\u010da o nastanku imena mjesta koji pri\u010daju manje pobo\u017eni i bogobojazni stanovnici Vrap\u010da. Oni ka\u017eu kako je sveti\u00a0 radr\u017eao \u00a0tzv. Vrap\u010danci, koja govori kako je Sveti Franjo, prolaze\u0107i kroz Vrap\u010de, imao neugodnosti jer su se djeca na njega nabacivala kamenjem. To ga je toliko razbjesnilo da je opsovao: \u00bbO, deca, vrabec vas dal!\u00ab Bez obzira na to koja je legenda \u2013 ona pobo\u017enih Vrap\u010danaca ili ona pokvarenih Vrap\u010danaca \u2013 to\u010dna, svi se Vrap\u010danci sla\u017eu kako je upravo Sveti Franjo zaslu\u017ean za ime njihova mjesta. Sveti Franjo je susreo Elizabetu u dvorcu od kojeg su ostale samo cigle koje su danas poznate kao svete Elizabete. No, postoje i druge predaje o komi\u010dnim posljedicama njihova susreta koje su prikazane u Komedijinoj predstavi <i>Cigle svete Elizabete<\/i>. Predstavu su njeni autori nazvali <em>veselim igrokazom o koje\u010demu<\/em>, a bit tog veselog scenskog <i>prikazanja <\/i>je, duhovito i s velikom simpatijom, pokazati sve prednosti i nedostatke na\u0161ih regija, od slikovitog Zagorja, bogate Slavonije i tople Dalmacije&#8230;<\/p>\n<p>Kroz pri\u010du o osamsto godina starom zidu koji je seljaku Ivanu Lon\u010daru izvor mnogih <i>komunikacijskih <\/i>problema Vid Balog i Goran Vrbani\u0107 provla\u010de velike teme (internet, uzgoj nojeva, europske integracije i me\u0111unarodna politika&#8230;) s kojima se svakodnevno susre\u0107emo i koje nas mu\u010de. Junaci predstave svoje probleme rje\u0161avaju na njima svojstven na\u010din. Lokalna vlast na \u010delu koje je Marton Nagy (Vid Balog) nastoji sprije\u010diti Lon\u010dara u ru\u0161enju zida zbog o\u010duvanja dobrih odnosa s Ma\u0161arskom. Situacija se dodatno zapetlja kada u mjesto dolazi Dalmatinac Jure \u010dija je k\u0107erka trudna s Lon\u010darevim sinom&#8230; Rasplet situacije je veseo, zabavan, duhovit i razigran onako kako to prili\u010di najboljim ostvarenjima pu\u010dkoga kazali\u0161ta. Sve to predstavu <i>Cigle svete Elizabete<\/i> \u010dini rado gledanom <i>uspje\u0161nicom<\/i> za koju se uvijek tra\u017ei karta vi\u0161e&#8230;.<\/p>\n<p>Nagrade: Godine 2006. Nagrada hrvatskog glumi\u0161ta <a title=\"Vanja \u0106iri\u0107\" href=\"http:\/\/www.komedija.hr\/web\/?page_id=939\"><b>Vanji \u0106iri\u0107<\/b><\/a> za sporednu \u017eensku ulogu<\/p>\n<p>[supsystic-gallery id=29 position=center]<\/p>\n<blockquote><p>autori: Vid Balog i Goran Vrbani\u0107<br \/>\nredatelj: Damir Lon\u010dar<br \/>\nscenograf: Miljenko Sekuli\u0107<br \/>\nkostimografkinja: Danica Dedijer<br \/>\nglazbeni suradnik:\u00a0 Christian Kanazir<br \/>\nnastupaju:<br \/>\n<a title=\"Damir Lon\u010dar\" href=\"http:\/\/www.komedija.hr\/web\/?page_id=1004\">Damir Lon\u010dar <\/a>(Ivan Lon\u010dar, seljak)<br \/>\n<a title=\"Sanja Marin\" href=\"http:\/\/www.komedija.hr\/web\/?page_id=1083\">Sanja Marin <\/a>(Ildika Lon\u010dar, ro\u0111ena Kispuszta, Ivanova majka)<br \/>\n<a title=\"Jasna Pali\u0107 Picukari\u0107\" href=\"http:\/\/www.komedija.hr\/web\/?page_id=1101\">Jasna Pali\u0107 Picukari\u0107 <\/a>(\u017dofa Balog)<br \/>\n<a title=\"Vanja \u0106iri\u0107\" href=\"http:\/\/www.komedija.hr\/web\/?page_id=939\">Vanja \u0106iri\u0107 <\/a>(Dora Balog)<br \/>\nTomislav Kvartu\u010d \/ Ivan Magud (Ule Lon\u010dar, Ivanov sin)<br \/>\n<a title=\"Ljubo Ze\u010devi\u0107\" href=\"http:\/\/www.komedija.hr\/web\/?page_id=1395\">Ljubo Ze\u010devi\u0107 <\/a>(Boltek, vatrogasac)<br \/>\n<a title=\"Ivica Zadro\" href=\"http:\/\/www.komedija.hr\/web\/?page_id=1393\">Ivica Zadro <\/a>(Ga\u0161par, vatrogasac)<br \/>\n<a title=\"Goran Malus\" href=\"http:\/\/www.komedija.hr\/web\/?page_id=1072\">Goran Malus <\/a>(\u017deljko Grobenski, arheolog iz metropole)<br \/>\n<a title=\"Vid Balog\" href=\"http:\/\/www.komedija.hr\/web\/?page_id=921\">Vid Balog <\/a>(Marton Nagy, Hrvat)<br \/>\n<a title=\"\u017deljko Duvnjak\" href=\"http:\/\/www.komedija.hr\/web\/?page_id=946\">\u017deljko Du<\/a>vnjak (Lacko Vidakovics, Ma\u0111ar)<br \/>\n<a title=\"Davor Svedru\u017ei\u0107\" href=\"http:\/\/www.komedija.hr\/web\/?page_id=1268\">Davor Svedru\u017ei\u0107 <\/a>(\u0160tef Lugar, lugar)<br \/>\n<a title=\"Igor Me\u0161in\" href=\"http:\/\/www.komedija.hr\/web\/?page_id=1086\">Igor Me\u0161in <\/a>(Huba, po\u0161tar)<br \/>\n<a title=\"Sa\u0161a Buneta\" href=\"http:\/\/www.komedija.hr\/web\/?page_id=930\">Sa\u0161a Buneta <\/a>(\u017dupnik)<br \/>\nSini\u0161a Popovi\u0107 (Jure Bari\u0107, Dalmatinac iz Pirovca)<br \/>\n<a title=\"Ana Kraljevi\u0107\" href=\"http:\/\/www.komedija.hr\/web\/?page_id=974\">Ana Kraljevi\u0107 <\/a>(Adrijana Bari\u0107, Jurina k\u0107i)<br \/>\n<a title=\"Jasna Bilu\u0161i\u0107\" href=\"http:\/\/www.komedija.hr\/web\/?page_id=919\">Jasna Bilu\u0161i\u0107 <\/a>(sv. Elizabeta Ugarska)<\/p><\/blockquote>\n<p>Predstava je primjerena za sve uzraste.<br \/>\nPremijera: 12. svibnja 2006.<br \/>\nPune cijene ulaznica: 40, 50 i 60 kuna.<br \/>\nTrajanje: oko 150 minuta (stanka uklju\u010dena).<\/p>\n<p>&nbsp;<\/p>\n","protected":false},"excerpt":{"rendered":"<p>Komedija Prema legendi Vrap\u010de je nastalo kada je, ljeta Gospodnjega 1200, ne\u0161to malo prije velike provale Tatara u na\u0161e krajeve,<\/p>\n","protected":false},"author":4,"featured_media":807,"parent":1659,"menu_order":0,"comment_status":"closed","ping_status":"closed","template":"","meta":{"ngg_post_thumbnail":0,"footnotes":""},"class_list":["post-313","page","type-page","status-publish","has-post-thumbnail","hentry"],"_links":{"self":[{"href":"https:\/\/dev.komedija.hr\/www\/wp-json\/wp\/v2\/pages\/313","targetHints":{"allow":["GET"]}}],"collection":[{"href":"https:\/\/dev.komedija.hr\/www\/wp-json\/wp\/v2\/pages"}],"about":[{"href":"https:\/\/dev.komedija.hr\/www\/wp-json\/wp\/v2\/types\/page"}],"author":[{"embeddable":true,"href":"https:\/\/dev.komedija.hr\/www\/wp-json\/wp\/v2\/users\/4"}],"replies":[{"embeddable":true,"href":"https:\/\/dev.komedija.hr\/www\/wp-json\/wp\/v2\/comments?post=313"}],"version-history":[{"count":0,"href":"https:\/\/dev.komedija.hr\/www\/wp-json\/wp\/v2\/pages\/313\/revisions"}],"up":[{"embeddable":true,"href":"https:\/\/dev.komedija.hr\/www\/wp-json\/wp\/v2\/pages\/1659"}],"wp:featuredmedia":[{"embeddable":true,"href":"https:\/\/dev.komedija.hr\/www\/wp-json\/wp\/v2\/media\/807"}],"wp:attachment":[{"href":"https:\/\/dev.komedija.hr\/www\/wp-json\/wp\/v2\/media?parent=313"}],"curies":[{"name":"wp","href":"https:\/\/api.w.org\/{rel}","templated":true}]}}