{"id":370,"date":"2015-07-28T09:25:24","date_gmt":"2015-07-28T07:25:24","guid":{"rendered":"http:\/\/www.komedija.hr\/web\/?page_id=370"},"modified":"2024-05-09T22:00:28","modified_gmt":"2024-05-09T20:00:28","slug":"jalta-jalta","status":"publish","type":"page","link":"https:\/\/dev.komedija.hr\/www\/repertoar\/jalta-jalta\/","title":{"rendered":"JALTA, JALTA"},"content":{"rendered":"<p>Milan Grgi\u0107 \u2013 Alfi Kabiljo: <strong>JALTA, JALTA<\/strong>, mjuzikl<\/p>\n<p>Obrada libreta Vlado \u0160tefan\u010di\u0107<\/p>\n<p><strong>2024.<br \/>\n<\/strong><br \/>\nDirigenti: <strong>Kre\u0161imir Batini\u0107<\/strong> \/ <strong>Davor Keli\u0107<br \/>\n<\/strong>Redatelj: <strong>Vlado \u0160tefan\u010di\u0107<br \/>\n<\/strong>Re\u017eiju Vlade \u0160tefan\u010di\u0107a prenio <strong>Marko Juraga<br \/>\n<\/strong>Scenograf: <strong>Dragutin Broz<br \/>\n<\/strong>Kostimografkinja: <strong>Elvira Ulip<\/strong><\/p>\n<p>Koreografiju <strong>Tihane \u0160krinjari\u0107<\/strong> prenijeli <strong>Tina Vrtar Stipi\u0107<\/strong> i <strong>Mladen Mordej Vu\u010dkovi\u0107<br \/>\n<\/strong>Koncert majstorica: <strong>Melita \u0160afran<br \/>\n<\/strong>Zborovo\u0111a: <strong>Davor Keli\u0107<br \/>\n<\/strong>Korepetitor: <strong>Tomislav Parma\u0107<\/strong><\/p>\n<p><strong><br \/>\nOSOBE:<\/strong><\/p>\n<p>Nina Filipovna, domarka vile Aramovski: <a href=\"https:\/\/dev.komedija.hr\/www\/ansambl-2\/pjevaci\/bagaric-sandra\/\"><strong>Sandra Bagari\u0107<\/strong><\/a>\/ <a href=\"https:\/\/dev.komedija.hr\/www\/ansambl-2\/glumci\/sabljak-renata\/\"><strong>Renata Sabljak<\/strong><\/a> \/ <a href=\"https:\/\/dev.komedija.hr\/www\/ansambl-2\/pjevaci\/pintaric-danijela\/\"><strong>Danijela Pintari\u0107<\/strong><\/a><\/p>\n<p>Gri\u0161a, ruski sobar: <a href=\"https:\/\/dev.komedija.hr\/www\/ansambl-2\/pjevaci\/stipanicev-dani\/\"><strong>\u0110ani Stipani\u010dev<\/strong><\/a> \/ <a href=\"https:\/\/dev.komedija.hr\/www\/ansambl-2\/glumci\/fabijan-pavao-medvesek\/\"><strong>Fabijan Pavao Medve\u0161ek<\/strong><\/a><\/p>\n<p>Larry, ameri\u010dki sobar: <a href=\"https:\/\/dev.komedija.hr\/www\/ansambl-2\/glumci\/ronald-zlabur\/\"><strong>Ronald \u017dlabur<\/strong><\/a> \/ <a href=\"https:\/\/dev.komedija.hr\/www\/ansambl-2\/pjevaci\/filip-hozjak\/\"><strong>Filip Hozjak<\/strong><\/a><\/p>\n<p>Stanley, engleski sobar: <a href=\"https:\/\/dev.komedija.hr\/www\/ansambl-2\/glumci\/drazen-bratulic\/\"><strong>Dra\u017een Bratuli\u0107<\/strong><\/a> \/ <a href=\"https:\/\/dev.komedija.hr\/www\/ansambl-2\/glumci\/jan-kovacic\/\"><strong>Jan Kova\u010di\u0107<\/strong><\/a><\/p>\n<p>Samuel, sluga u vili Aramovski: <a href=\"https:\/\/dev.komedija.hr\/www\/ansambl-2\/pjevaci\/adalbert-turner\/\"><strong>Adalbert Turner<\/strong><\/a> \/ <strong>Dario Do\u0161li\u0107<\/strong><\/p>\n<p>Marfa, slu\u0161kinja u vili Aramovski: <strong><a href=\"https:\/\/dev.komedija.hr\/www\/ansambl-2\/pjevaci\/buric-vlatka\/\">Vlatka Buri\u0107 Dujmovi\u0107<\/a> \/ Denis Grabari\u0107<br \/>\n<\/strong><\/p>\n<p>Brigadirka: <a href=\"https:\/\/dev.komedija.hr\/www\/ansambl-2\/glumci\/elegovic-mila\/\"><strong>Mila Elegovi\u0107<\/strong><\/a> \/ <a href=\"https:\/\/dev.komedija.hr\/www\/ansambl-2\/glumci\/palic-picukaric-jasna\/\"><strong>Jasna Pali\u0107 Picukari\u0107<\/strong><\/a><\/p>\n<p>Ameri\u010dki general: <a href=\"https:\/\/dev.komedija.hr\/www\/ansambl-2\/glumci\/ozbolt-zlatko\/\"><strong>Zlatko O\u017ebolt<\/strong><\/a><\/p>\n<p>Ruski general: <a href=\"https:\/\/dev.komedija.hr\/www\/ansambl-2\/glumci\/goran-malus\/\"><strong>Goran Malus<\/strong><\/a><\/p>\n<p>Engleski general: <strong><a href=\"https:\/\/dev.komedija.hr\/www\/ansambl-2\/glumci\/buneta-sasa\/\">Sa\u0161a Buneta<\/a> \/ <a href=\"https:\/\/dev.komedija.hr\/www\/umirovljeni-i-bivsi-clanovi-ansambla\/prohic-nedim\/\">Nedim Prohi\u0107<\/a><\/strong><\/p>\n<p>Tomakejev, \u0161ef ruskih agenata: <strong>Bo\u017eidar Peri\u010di\u0107<\/strong><\/p>\n<p>Maki, \u0161ef ameri\u010dkih agenata: <strong>Boris Barberi\u0107<\/strong><\/p>\n<p>Petronius, \u0161ef engleskih agenata: <a href=\"https:\/\/dev.komedija.hr\/www\/ansambl-2\/glumci\/koncic-adam\/\"><strong>Adam Kon\u010di\u0107<\/strong><\/a>, <strong>Dario \u0160tuli\u0107 \/ <a href=\"https:\/\/dev.komedija.hr\/www\/ansambl-2\/glumci\/adnan-prohic\/\">Adnan Prohi\u0107<\/a><\/strong><\/p>\n<p>Djevojke, udarnice \u0161kole \u201eRovnije darogi\u201c<\/p>\n<p>Agenti, delegati (ruski, ameri\u010dki, engleski)<\/p>\n<p><strong>ZBOR KAZALI\u0160TA KOMEDIJA<\/strong>: Aleta Arbanas, Lana Bla\u0107e, Jadranka Gospodneti\u0107, Rajka Grabar, Kristina Habu\u0161, Ana Hru\u0161kovec, Sara Juri\u010dki, Vlatka Kladari\u0107, Franciska Kri\u017enjak, Larisa Marak, Dora Masle, Irena Raduka, Katarina Toma\u0161<\/p>\n<p>Dino Antoni\u0107, Boris Barberi\u0107, Dario Do\u0161li\u0107, Gordan Grnovi\u0107, Dragan Peka, Bo\u017eidar Peri\u010di\u0107, Davor Schopf, Zoran Simiki\u0107, Stjepan \u0160krinjari\u0107, Matija \u0160kvorc, Dario \u0160tuli\u0107 \/ Neven Stip\u010di\u0107, Drago Topolovec<\/p>\n<p><strong>BALET KAZALI\u0160TA KOMEDIJA<\/strong>: Stela Gajski, Ana Hani\u0107, Mateja Kuzminski, Tamara Masnjak, Ivana Mesec, Morana Pa\u0161kievi\u0107, Petra Rado\u0161evi\u0107, Kristina \u0160kori\u0107, Dejan Jakovljevi\u0107, Emil Kuzminski, Karlo Topolovec, Bojan Valenti\u0107, Roman Vran\u010di\u0107<\/p>\n<p><a href=\"https:\/\/dev.komedija.hr\/www\/ansambl-2\/#orkestar\"><strong>ORKESTAR KAZALI\u0160TA KOMEDIJA<\/strong><\/a><\/p>\n<p>Inspicijentica: Iva Oluji\u0107<\/p>\n<p>Trajanje: oko 2 sata i petnaest minuta, predstava ima jednu stanku<br \/>\nPredstava je primjerena za sve uzraste.<\/p>\n<p>&nbsp;<\/p>\n<p><strong>2010.<\/strong><\/p>\n<p>Redatelj: Vlado \u0160tefan\u010di\u0107<br \/>\nDirigenti: Veseljko Bare\u0161i\u0107, Kre\u0161imir Batini\u0107<br \/>\nScenograf: Dragutin Broz<br \/>\nKostimografkinja:&nbsp; Elvira Ulip<br \/>\nKoreografija: Prema koreografiji Tihane \u0160krinjari\u0107 postavili Tina Vrtar Stipi\u0107 i Mladen Mordej Vu\u010dkovi\u0107<\/p>\n<p>Uloge:<br \/>\nNINA FILIPOVNA, domarka vile Aramovski&nbsp; <strong><a title=\"Renata Sabljak\" href=\"http:\/\/www.komedija.hr\/web\/?page_id=1122\">Renata Sabljak<\/a><\/strong>, <a title=\"Sandra Bagari\u0107\" href=\"http:\/\/www.komedija.hr\/web\/?page_id=917\"><strong>Sandra Bagari\u0107<\/strong><\/a>, <a title=\"Danijela Pintari\u0107\" href=\"http:\/\/www.komedija.hr\/web\/?page_id=1105\"><strong>Danijela Pintari\u0107<\/strong><br \/>\n<\/a>GRI\u0160A, ruski sobar <a title=\"\u0110ani Stipani\u010dev\" href=\"http:\/\/www.komedija.hr\/web\/?page_id=1126\"><strong>\u0110ani Stipani\u010dev<\/strong><\/a>, <strong>Davor Radi\u0107<\/strong><br \/>\nLARRY, ameri\u010dki sobar <a title=\"Ronald \u017dlabur\" href=\"http:\/\/www.komedija.hr\/web\/?page_id=1397\"><strong>Ronald \u017dlabur<\/strong><\/a>, <a title=\"Damir Polji\u010dak\" href=\"http:\/\/www.komedija.hr\/web\/?page_id=2898\"><strong>Damir Polji\u010dak<\/strong><br \/>\n<\/a>STANLEY, engleski sobar <a title=\"Dra\u017een \u010cu\u010dek\" href=\"http:\/\/www.komedija.hr\/web\/?page_id=937\"><strong>Dra\u017een \u010cu\u010dek<\/strong><\/a>, <a title=\"Dra\u017een Bratuli\u0107\" href=\"http:\/\/www.komedija.hr\/web\/?page_id=1862\"><strong>Dra\u017een Bratuli\u0107<\/strong><br \/>\n<\/a>SAMUEL, sluga u vili Aramovski <a title=\"Adalbert Turner\" href=\"http:\/\/www.komedija.hr\/web\/?page_id=1879\"><strong>Adalbert Turner<\/strong><\/a>, <strong>Dario Do\u0161li\u0107<\/strong><br \/>\nMARFA, slu\u0161kinja u vili Aramovski&nbsp; <a title=\"Mirela Brekalo Popovi\u0107\" href=\"http:\/\/www.komedija.hr\/web\/?page_id=923\"><strong>Mirela Brekalo<\/strong><\/a>, <strong>Denis Grabari\u0107<\/strong><br \/>\nBRIGADIRKA <a title=\"Mila Elegovi\u0107\" href=\"http:\/\/www.komedija.hr\/web\/?page_id=948\"><strong>Mila Elegovi\u0107<\/strong><\/a>, <a title=\"Jasna Pali\u0107 Picukari\u0107\" href=\"http:\/\/www.komedija.hr\/web\/?page_id=1101\"><strong>Jasna Pali\u0107 Picukari\u0107<\/strong><br \/>\n<\/a>AMERI\u010cKI GENERAL <a title=\"Ranko Tihomirovi\u0107\" href=\"http:\/\/www.komedija.hr\/web\/?page_id=1391\"><strong>Ranko Tihomirovi\u0107<\/strong><br \/>\n<\/a>RUSKI GENERAL <strong>Boris Pavleni\u0107 (od 12.3.2010. do 4.7.2018.) \/ <a href=\"http:\/\/www.komedija.hr\/www\/ansambl-2\/glumci\/loncar-damir\/\">Damir Lon\u010dar<\/a> (od 1.12.2018.)<\/strong><br \/>\nENGLESKI GENERAL <a title=\"Nedim Prohi\u0107\" href=\"http:\/\/www.komedija.hr\/web\/?page_id=1118\"><strong>Nedim Prohi\u0107<\/strong><br \/>\n<\/a>TOMAKEJEV, \u0161ef ruskih agenata <strong>Bo\u017eidar Peri\u010di\u0107<\/strong><br \/>\nMAKI, \u0161ef ameri\u010dkih agenata <strong>Boris Barberi\u0107<\/strong><br \/>\nPETRONIUS, \u0161ef engleskih agenata <a title=\"Adam Kon\u010di\u0107\" href=\"http:\/\/www.komedija.hr\/web\/?page_id=958\"><strong>Adam Kon\u010di\u0107<\/strong><\/a>, <strong>Dario \u0160tuli\u0107<\/strong><br \/>\nDjevojke, udarnice \u0161kole Rovnije darogi<br \/>\nAgenti, delegati (ruski, ameri\u010dki, engleski)<br \/>\nSudjeluju zbor, orkestar i balet Kazali\u0161ta Komedija<\/p>\n<p>Inspicijent: Zlatko Kelneri\u0107<br \/>\n\u0160apta\u010dica: Dorotea Krivec<br \/>\nAsistent redatelja: Marko Juraga<br \/>\nPomo\u0107nik redatelja: Boris \u0160tefan\u010di\u0107<br \/>\nKorepetitor i zborovo\u0111a: <a title=\"Kre\u0161imir Batini\u0107\" href=\"http:\/\/www.komedija.hr\/web\/?page_id=1904\">Kre\u0161imir Batini\u0107<br \/>\n<\/a>Koncert majstorica: Melita \u0160afran<\/p>\n<p>Sve\u010dana premijera: 12. i 13. o\u017eujka 2010.<br \/>\nSvjetska praizvedba: 28. prosinca 1971. \/ Premijera: 7. sije\u010dnja 1972.&nbsp;<\/p>\n<p align=\"left\">Radnja se odvija na Jalti, u velja\u010di 1945. godine, za vrijeme odr\u017eavanja one glasovite konferencije na kojoj su Staljin, Churchill i Roosevelt dijelili svijet. S dr\u017eavnicima na Jaltu stigla su tri njihova sobara: Rus Gri\u0161a, Englez Stanley i Amerikanac Larry. Oni su zadu\u017eeni da \u010duvaju i zra\u010de rublje \u0161efova triju svjetskih velesila.<\/p>\n<p>Sobari su smje\u0161teni u staroj vili Aramovski u kojoj domarka Nina Filipovna vodi brigu da se \u017eivi u slozi i prijateljstvu. Me\u0111utim, jednako kao i njihovi \u0161efovi, i sobari nemaju jedan u drugog povjerenja. Oni, naime tako\u0111er dijele svijet, i mo\u017eda bi ga nekako uspjeli &#8220;podijeliti&#8221;, kad ne bi bilo &#8220;zelene livade&#8221;, malog komadi\u0107a zemaljske kugle koji se nalazi na Antartiku i o kojem \u0161efovi velikih sila ne znaju ni\u0161ta.<\/p>\n<p>U me\u0111uvremenu, generali i delegati koji prisustvuju konferenciji, primije\u0107uju da se s velikom mapom svijeta, koja se nalazi u dvorani za odmor, doga\u0111aju \u010dudne stvari. Naime, pri dnu te velike karte, tamo gdje je Antartik javlja se nekakva misteriozna zelena mrlja. Generali i delegati su uznemireni.<\/p>\n<p>Tihi rat me\u0111u sobarima ne prestaje. Sukobljavaju se na svakom koraku. Nina ih izmiruje. Sve dijeli na tri jednaka dijela, pa \u010dak i granu na kojoj se vje\u0161a rublje. No, ba\u0161 zbog te grane dolazi do otvorenog sukoba. Naime, Gri\u0161a kriomice vje\u0161a rublje po cijeloj grani. Njegovi kolege uhvate ga na djelu i dolazi do velike gu\u017eve. Prijeti opasnost da sobari napuste vilu Aramovski. Nina intervenira. Odlu\u010di se da bude nje\u017ena sa svakim od njih. Otkrije se da je Nina bila nje\u017ena samo prema Englezu i Amerikancu. Gri\u0161a pobjesni. On je prevaren. Dolazi do otvorenog obra\u010duna me\u0111u sobarima. Dvoboj.<\/p>\n<p>I dok traje gu\u017eva i tu\u010da, jedna bomba koja se nalazila u vrtu vile, aktivira se. Po\u010dinje se okretati, pi\u0161tati, dimiti&#8230; Panika. Svi bje\u017ee. Eksplozija.<\/p>\n<p>U me\u0111uvremenu zelena mrlja na mapi sve je ve\u0107a. Generali uspiju saznati da ne\u0161to vi\u0161e o toj mrlji zna Nina Filipovna. Agenti smjesta stupaju u akciju. Pritvore Ninu. Ispituju je. Nina ostaje nijema. Stigao je dan rastanka. Sobari se pakuju. Vila Aramovski je o\u0161te\u0107ena od eksplozije bombe.<\/p>\n<p>Sobari imaju zavoje.<\/p>\n<p>Agenti i generali \u017eele znati sve o &#8220;zelenoj livadi&#8221;. Sobari \u0161ute. Tada uvode Ninu zavezanih ruku. Sobari se upla\u0161e. Spremni su re\u0107i sve o &#8220;zelenoj livadi&#8221; samo da Ninu oslobode. Generali ih uvjeravaju da nemaju namjeru dijeliti tu livadu. Oni \u017eele samo znati ima li na livadi cvije\u0107a, trave, leptira&#8230;? Ima. Generali su presretni, \u0161to na ovom svijetu postoji komadi\u0107 zemlje koji nikome ne pripada i kojega nitko ne\u0107e podijeliti.<\/p>\n<p>Nina je slobodna. Ona i sobari se dogovaraju da \u0107e jednog dana svi zajedno oti\u0107i na &#8220;zelenu livadu&#8221;. A mo\u017eda jednog dana cijeli svijet postane zelena livada&#8230;<\/p>\nngg_shortcode_0_placeholder\n<p><small>Fotografije: INES NOVKOVI\u0106<\/small><\/p>\n","protected":false},"excerpt":{"rendered":"<p>Milan Grgi\u0107 \u2013 Alfi Kabiljo: JALTA, JALTA, mjuzikl Obrada libreta Vlado \u0160tefan\u010di\u0107 2024. Dirigenti: Kre\u0161imir Batini\u0107 \/ Davor Keli\u0107 Redatelj:<\/p>\n","protected":false},"author":4,"featured_media":17957,"parent":10,"menu_order":0,"comment_status":"closed","ping_status":"closed","template":"","meta":{"ngg_post_thumbnail":0,"footnotes":""},"class_list":["post-370","page","type-page","status-publish","has-post-thumbnail","hentry"],"_links":{"self":[{"href":"https:\/\/dev.komedija.hr\/www\/wp-json\/wp\/v2\/pages\/370","targetHints":{"allow":["GET"]}}],"collection":[{"href":"https:\/\/dev.komedija.hr\/www\/wp-json\/wp\/v2\/pages"}],"about":[{"href":"https:\/\/dev.komedija.hr\/www\/wp-json\/wp\/v2\/types\/page"}],"author":[{"embeddable":true,"href":"https:\/\/dev.komedija.hr\/www\/wp-json\/wp\/v2\/users\/4"}],"replies":[{"embeddable":true,"href":"https:\/\/dev.komedija.hr\/www\/wp-json\/wp\/v2\/comments?post=370"}],"version-history":[{"count":25,"href":"https:\/\/dev.komedija.hr\/www\/wp-json\/wp\/v2\/pages\/370\/revisions"}],"predecessor-version":[{"id":18890,"href":"https:\/\/dev.komedija.hr\/www\/wp-json\/wp\/v2\/pages\/370\/revisions\/18890"}],"up":[{"embeddable":true,"href":"https:\/\/dev.komedija.hr\/www\/wp-json\/wp\/v2\/pages\/10"}],"wp:featuredmedia":[{"embeddable":true,"href":"https:\/\/dev.komedija.hr\/www\/wp-json\/wp\/v2\/media\/17957"}],"wp:attachment":[{"href":"https:\/\/dev.komedija.hr\/www\/wp-json\/wp\/v2\/media?parent=370"}],"curies":[{"name":"wp","href":"https:\/\/api.w.org\/{rel}","templated":true}]}}