{"id":5129,"date":"2014-05-27T09:40:10","date_gmt":"2014-05-27T07:40:10","guid":{"rendered":"http:\/\/www.komedija.hr\/web\/?page_id=5129"},"modified":"2025-06-11T12:28:30","modified_gmt":"2025-06-11T10:28:30","slug":"marija-boric","status":"publish","type":"page","link":"https:\/\/dev.komedija.hr\/www\/ansambl-2\/glumci\/marija-boric\/","title":{"rendered":"Marija Jernei\u0107"},"content":{"rendered":"<table border=\"0\" width=\"100%\">\n<tbody>\n<tr>\n<td><a href=\"http:\/\/www.komedija.hr\/www\/wp-content\/uploads\/2014\/05\/marija_boric.jpg\" target=\"_blank\" rel=\"noopener noreferrer\"><img loading=\"lazy\" decoding=\"async\" class=\"alignnone wp-image-7553 size-medium\" src=\"http:\/\/www.komedija.hr\/www\/wp-content\/uploads\/2014\/05\/marija_boric-200x300.jpg\" alt=\"marija_boric\" width=\"200\" height=\"300\" srcset=\"https:\/\/dev.komedija.hr\/www\/wp-content\/uploads\/2014\/05\/marija_boric-200x300.jpg 200w, https:\/\/dev.komedija.hr\/www\/wp-content\/uploads\/2014\/05\/marija_boric.jpg 533w\" sizes=\"auto, (max-width: 200px) 100vw, 200px\" \/><\/a><\/td>\n<td>Glumica-pjeva\u010dica<\/td>\n<\/tr>\n<tr>\n<td valign=\"top\" width=\"18%\" height=\"25\"><strong>DATUM I MJESTO RO\u0110ENJA <\/strong><\/td>\n<td valign=\"top\" width=\"82%\" height=\"25\">\n<div align=\"left\">29.09.1980.,&nbsp; Zagreb<\/div>\n<\/td>\n<\/tr>\n<tr>\n<td valign=\"top\" width=\"18%\"><strong>Kontakt<\/strong><\/td>\n<td valign=\"top\" width=\"82%\">e-mail: <a href=\"mailto:maraboric@hotmail.com\">maraboric@hotmail.com<\/a><\/td>\n<\/tr>\n<tr>\n<td valign=\"top\" width=\"18%\" height=\"25\"><strong>OBRAZOVANJE<\/strong><\/td>\n<td valign=\"top\" width=\"82%\" height=\"25\"><strong>Akademija dramske umjetnosti<\/strong>, Zvanje: Akademska glumica<\/td>\n<\/tr>\n<tr>\n<td valign=\"top\" width=\"18%\" height=\"118\"><strong>KAZALI\u0160TE<\/strong><\/td>\n<td valign=\"top\" width=\"82%\" height=\"118\"><strong>Kazali\u0161te &#8220;Komedija&#8221;:<\/strong><br \/>\n<strong><a title=\"S ljubavlju, Janis\" href=\"http:\/\/www.komedija.hr\/www\/arhiva-predstava\/s-ljubavlju-janis\/\">S ljubavlju Janis<\/a><\/strong>: Janis Joplin \u2013 GK Komedija \/ director: Lawrence Kiiru<br \/>\n<strong>Bljesak zlatnog zuba, Gospo\u0111ica iz Maksima, Talijanski slamnati \u0161e\u0161ir, Revizor, Najstariji zanat, Korak po korak (koprodukcija s Kazali\u0161tem Planet Art), Mnogo vike niza\u0161to; Mnogo vike niza\u0161to; Ponos i predrasude<\/strong>&nbsp;<\/p>\n<p>Uloge izvan Komedije:<br \/>\nGospon doktor Vinski Opatovinski: Juli\u0161ka &#8211; GK Histrion \/ director: Dra\u017een Feren\u010dina<br \/>\nMuke po Iveku: Barbara Kova\u010d &#8211; GK Histrion \/ director: \u017delimir Mesari\u0107<br \/>\n\u0160kandal na vuglu Vla\u0161ke i Kotura\u0161ke: Cecilija Deutcs Mokritzky &#8211; GK Histrion director: Zoran Mu\u017ei\u0107<br \/>\nZagreba\u010dki orkestar:&nbsp; 3 roles \u2013 GK Histrion \/ director: Dra\u017een Feren\u010dina<br \/>\nCardenio: Suzana \u2013 GK Histrion \/ director: \u017delimir Mesari\u0107<br \/>\nAntuntun: Mica doma\u0107ica \u2013 Mala scena \/ director: Ivica \u0160imi\u0107<br \/>\nKralj A: Gvenevir \u2013 Mala scena \/ director: Ivica \u0160imi\u0107<br \/>\nBalade P. Kerempuha: several roles \u2013 GK Gavella \/&nbsp; director: Boris Svrtan<br \/>\nHercegovci za volanom: \u017daklina \u2013 GK Histrion \/&nbsp; director: Zoran Mu\u017ei\u0107<br \/>\nLa\u017ena barunica: Silva \u2013 GK Histrion \/ director: Vid Balog<br \/>\nRomeo i Julija: Djevojka \u2013 HNK Zagreb \/ director: Petar Ve\u010dek<br \/>\nFaust: Flower \u2013 HNK Zagreb \/ director: Ivica Kun\u010devi\u0107<br \/>\nDaleka zemlja: Go\u0161\u0107a \u2013 HNK Zagreb \/ director: Jo\u0161ko Juvan\u010di\u0107<br \/>\nDubravka: Fairy \u2013 HNK Zagreb \/ director: Petar Selem<br \/>\nEro s onoga svijeta: \u010coban\u010de \u2013 HNK Zagreb \/ director: Kre\u0161imir Dolen\u010di\u0107<\/td>\n<\/tr>\n<tr>\n<td valign=\"top\" width=\"18%\"><strong>FILM<\/strong><\/td>\n<td valign=\"top\" width=\"82%\">Moram spavat&#8217; an\u0111ele \/ director. Dejan A\u010dimovi\u0107Gdje pingvini lete \/ director: Josip Vuj\u010di\u0107<\/td>\n<\/tr>\n<tr>\n<td valign=\"top\" width=\"18%\"><strong>TELEVIZIJA<\/strong><\/td>\n<td valign=\"top\" width=\"82%\"><strong>Stella:<\/strong> Valerija Despot&nbsp; (NovaTv)<br \/>\n<strong>Najbolje godine:<\/strong> Zrinka (Nova Tv, MediaPro )<br \/>\n<strong>Stipe u gostima:<\/strong> Biserka ( HRT, Plavi Film)<br \/>\n<strong>Ponos Ratkajevih:<\/strong> Ivka Krizaj (AVA Prod.\/HRT)<br \/>\n<strong>Cimmer fraj:<\/strong> Helena (RingMultimedija, NovaTv)<br \/>\n<strong>Bitange i princeze:<\/strong> make-up artist (Drugi Plan, HRT )<br \/>\n<strong>Nad lipom 35:<\/strong> Anamarija (NovaTv)<br \/>\n<strong>Ljubav u zale\u0111u:<\/strong> prostitute (AVA, HRT)<br \/>\n<strong>Novo doba:<\/strong> Merlinka (HRT)<br \/>\n<strong>Bra\u010dne vode:<\/strong> hotel staff (NovaTv)<br \/>\n<strong>Laku no\u0107 Hrvatska<\/strong> Voiceover of 15 characters (CroatiaFilm)<\/td>\n<\/tr>\n<tr>\n<td valign=\"top\" width=\"18%\"><strong>RADIO <\/strong><\/td>\n<td valign=\"top\" width=\"82%\">Radila kao voditeljica i urednica na Radiju \u201eKaj\u201c<\/td>\n<\/tr>\n<tr>\n<td valign=\"top\" width=\"18%\"><strong>OSTALO<\/strong><\/td>\n<td valign=\"top\" width=\"82%\">Dr\u017eava, selo, grad &#8211; pobjednica 1. sezone ( HRT )Zvijezde pjevaju \u2013 5. i 6. sezona (S Ervinom Bau\u010di\u0107em pobijedila u 5. Sezoni) HRT<br \/>\nOd 2008. U kontinuitetu sudjelujem na Festivalu kajkavskih popevki<\/td>\n<\/tr>\n<tr>\n<td valign=\"top\" width=\"18%\" height=\"33\"><strong>STATUSI U &#8220;KOMEDIJI&#8221;<\/strong><\/td>\n<td valign=\"top\" width=\"82%\" height=\"33\">Prva premijera u GK Komediji 24.10.2008 uloga \u201eJanis\u201c u \u201e<a title=\"S ljubavlju, Janis\" href=\"http:\/\/www.komedija.hr\/www\/arhiva-predstava\/s-ljubavlju-janis\/\">S ljubavlju, Janis<\/a>\u201c u re\u017eiji Lawrencwea KiiruaDatum zaposlenja: 17.3.2014.<\/td>\n<\/tr>\n<tr>\n<td valign=\"top\" width=\"18%\" height=\"33\"><strong>NAGRADE I PRIZNANJA<\/strong><\/td>\n<td valign=\"top\" width=\"82%\" height=\"33\"><strong>Posebna Rektorova nagrada<\/strong> za Balade Petrice Kerempuha 2005.<br \/>\n<strong>Nagrada Najhistron<\/strong> za sezonu 2012-2013.<\/td>\n<\/tr>\n<tr>\n<td valign=\"top\" width=\"18%\" height=\"33\"><strong>TRENUTA\u010cNI ANGA\u017dMANI IZVAN KOMEDIJE <\/strong><\/td>\n<td valign=\"top\" width=\"82%\" height=\"33\">GD Histrion: Gospon doktor Vinski Opatovinski<br \/>\nMuke po Iveku<br \/>\n\u0160kandal na vuglu Vla\u0161ke i Kotura\u0161ke<br \/>\nHercegovci za volanom<\/td>\n<\/tr>\n<tr>\n<td valign=\"top\" width=\"18%\" height=\"33\"><strong>DRU\u0160TVENE MRE\u017dE<br \/>\n<\/strong><\/td>\n<td valign=\"top\" width=\"82%\" height=\"33\"><a href=\"https:\/\/twitter.com\/MaraBoop\">https:\/\/twitter.com\/MaraBoop<br \/>\n<\/a><a href=\"https:\/\/hr.linkedin.com\/in\/marija-boric-40637117\">www.linkedin.com<\/a>&nbsp; (Marija Bori\u0107)<\/td>\n<\/tr>\n<\/tbody>\n<\/table>\n","protected":false},"excerpt":{"rendered":"<p>Glumica-pjeva\u010dica DATUM I MJESTO RO\u0110ENJA 29.09.1980.,&nbsp; Zagreb Kontakt e-mail: maraboric@hotmail.com OBRAZOVANJE Akademija dramske umjetnosti, Zvanje: Akademska glumica KAZALI\u0160TE Kazali\u0161te &#8220;Komedija&#8221;:<\/p>\n","protected":false},"author":4,"featured_media":0,"parent":6992,"menu_order":0,"comment_status":"closed","ping_status":"closed","template":"","meta":{"ngg_post_thumbnail":0,"footnotes":""},"class_list":["post-5129","page","type-page","status-publish","hentry"],"_links":{"self":[{"href":"https:\/\/dev.komedija.hr\/www\/wp-json\/wp\/v2\/pages\/5129","targetHints":{"allow":["GET"]}}],"collection":[{"href":"https:\/\/dev.komedija.hr\/www\/wp-json\/wp\/v2\/pages"}],"about":[{"href":"https:\/\/dev.komedija.hr\/www\/wp-json\/wp\/v2\/types\/page"}],"author":[{"embeddable":true,"href":"https:\/\/dev.komedija.hr\/www\/wp-json\/wp\/v2\/users\/4"}],"replies":[{"embeddable":true,"href":"https:\/\/dev.komedija.hr\/www\/wp-json\/wp\/v2\/comments?post=5129"}],"version-history":[{"count":1,"href":"https:\/\/dev.komedija.hr\/www\/wp-json\/wp\/v2\/pages\/5129\/revisions"}],"predecessor-version":[{"id":20886,"href":"https:\/\/dev.komedija.hr\/www\/wp-json\/wp\/v2\/pages\/5129\/revisions\/20886"}],"up":[{"embeddable":true,"href":"https:\/\/dev.komedija.hr\/www\/wp-json\/wp\/v2\/pages\/6992"}],"wp:attachment":[{"href":"https:\/\/dev.komedija.hr\/www\/wp-json\/wp\/v2\/media?parent=5129"}],"curies":[{"name":"wp","href":"https:\/\/api.w.org\/{rel}","templated":true}]}}