{"id":682,"date":"2011-07-28T11:39:10","date_gmt":"2011-07-28T11:39:10","guid":{"rendered":"http:\/\/www.komedija.hr\/web\/?page_id=682"},"modified":"2021-01-20T13:41:07","modified_gmt":"2021-01-20T12:41:07","slug":"kako-k-nama","status":"publish","type":"page","link":"https:\/\/dev.komedija.hr\/www\/kako-k-nama\/","title":{"rendered":"Kako k nama"},"content":{"rendered":"<p style=\"text-align: left;\">Kazali\u0161te &#8220;Komedija&#8221; u samom je sredi\u0161tu Zagreba, na zagreba\u010dkom Kaptolu. U srednjem vijeku Kaptol je uglavnom bio naselje kanonika, crkvenih slu\u017ebenika. Otuda i ime tom dijelu dana\u0161njeg grada: dolazi od latinske rije\u010di &#8220;capitulum&#8221; &#8211; &#8220;zbor kanonika&#8221;. Me\u0111u mnogim dobro o\u010duvanim kaptolskim kurijama (domovima kanonika) nalazi se i zgrada Kazali\u0161ta, koja je dijelom susjednog franjeva\u010dkog samostana.<\/p>\n<p>U neposrednoj blizini Kazali\u0161ta su Trg bana Jela\u010di\u0107a, Zagreba\u010dka katedrala, franjeva\u010dka crkva i samostan, Turisti\u010dka zajednica grada Zagreba, glavna zagreba\u010dka tr\u017enica Dolac i shopping centar Kaptol.<\/p>\n<p>Detaljnije obavijesti o samom Zagrebu i o mogu\u0107nostima smje\u0161taja mo\u017eete prona\u0107i na turisti\u010dkim stranicama grada Zagreba.<\/p>\n<p><iframe loading=\"lazy\" src=\"http:\/\/maps.google.com\/maps\/ms?msid=215700220147006080624.0004bcea572878d3ab916&amp;msa=0&amp;ie=UTF8&amp;t=m&amp;ll=45.814892,15.978305&amp;spn=0.005234,0.00912&amp;z=16&amp;output=embed\" width=\"425\" height=\"350\" frameborder=\"0\" marginwidth=\"0\" marginheight=\"0\" scrolling=\"no\"><\/iframe><br \/>\n<small>Prika\u017ei <a style=\"color: #0000ff; text-align: left;\" href=\"http:\/\/maps.google.com\/maps\/ms?msid=215700220147006080624.0004bcea572878d3ab916&amp;msa=0&amp;ie=UTF8&amp;t=m&amp;ll=45.814892,15.978305&amp;spn=0.005234,0.00912&amp;z=16&amp;source=embed\">Kazali\u0161te Komedija<\/a> na ve\u0107oj karti<\/small><br \/>\nU &#8220;KOMEDIJU&#8221; JAVNIM PRIJEVOZOM<\/p>\n<p>Gotovo iz svih dijelova grada mo\u017ee se do &#8220;Komedije&#8221; tramvajem &#8211; potrebno je si\u0107i na glavnom zagreba\u010dkom Trgu bana Jela\u010di\u0107a i desetminutnom \u0161etnjom popeti se na Kaptol, do Kazali\u0161ta.<\/p>\n<p>Na Jela\u010di\u0107ev trg voze ove tramvajske linije:<\/p>\n<p>1 (Zapadni kolodvor &#8211; Borongaj)<br \/>\n6 (\u010crnomerec &#8211; Sopot)<br \/>\n11 (\u010crnomerec &#8211; Dubec)<br \/>\n12 (Ljubljanica &#8211; Dubrava)<br \/>\n13\u00a0 (\u017ditnjak &#8211; Kvaternikov trg)<br \/>\n14 (Mihaljevac &#8211; Zapru\u0111e)<br \/>\n17 (Pre\u010dko &#8211; Borongaj)<\/p>\n<p>&nbsp;<\/p>\n<p>To su dnevne linije koje prometuju i nakon zavr\u0161etka svih na\u0161ih predstava. \u017delite li se vra\u0107ati nakon pono\u0107i, morat \u0107ete se koristiti no\u0107nim linijama.<\/p>\n<p>Dolazite li iz sjevernih dijelova gradova, mo\u017eda mo\u017eete iskoristiti i neku od ovih autobusnih linija koje se zaustavljavljaju gotovo pred samim Kazali\u0161tem:<\/p>\n<p>105 Kaptol &#8211; Cmrok &#8211; Britanski trg<br \/>\n106 Kaptol &#8211; Mirogoj &#8211; Krematorij<br \/>\n201 Kaptol &#8211; Kvaternikov trg<br \/>\n226 Kaptol &#8211; Remete &#8211; Svetice<\/p>\n<p>&nbsp;<\/p>\n<p>Detaljnije informacije o zagreba\u010dkom javnom prijevozu (vozni redovi, cijene i uvjeti prijevoza) potra\u017eite na adresi <a href=\"http:\/\/www.zet.hr\/\">www.zet.hr<\/a><\/p>\n<p>&nbsp;<\/p>\n<p><strong>U &#8220;KOMEDIJU&#8221; AUTOMOBILOM<\/strong><\/p>\n<p>Preporu\u010dujemo parkirali\u0161na mjesta:<\/p>\n<ul>\n<li><strong>Langov trg<\/strong>; deset minuta od Kazali\u0161ta<\/li>\n<li><strong>Shopping centar Kaptol <\/strong>(gara\u017ea); pet minuta od Kazali\u0161ta<\/li>\n<li><strong>Gr\u0161kovi\u0107eva ulica<\/strong>; deset minuta od Kazali\u0161ta<\/li>\n<\/ul>\n<p><strong>\u00a0<\/strong><\/p>\n<p><strong>KAKO U ZAGREB?<\/strong><\/p>\n<p>Glavni grad Republike Hrvatske dobro je povezan me\u0111ugradskim i me\u0111unarodnim cestovnim, \u017eeljezni\u010dkim i zra\u010dnim vezama.<\/p>\n<p>Za mogu\u0107nosti pojedina\u010dnih dolazaka predla\u017eemo da konzultirate:<\/p>\n<ul>\n<li><a href=\"http:\/\/www.akz.hr\/\" target=\"_blank\" rel=\"noopener\"><strong>AUTOBUSNI KOLODVOR ZAGREB<\/strong><br \/>\n<\/a>\u017delite li s Autobusnog kolodvora javnim prijevozom direktno do Kazali\u0161ta &#8220;Komedija&#8221;, koristite se tramvajem broj 6.<\/li>\n<li><a href=\"http:\/\/www.hzpp.hr\/\" target=\"_blank\" rel=\"noopener\"><strong>GLAVNI \u017dELJEZNI\u010cKI KOLODVOR ZAGREB<\/strong><br \/>\n<\/a>\u017delite li sa \u017deljezni\u010dkog kolodvora javnim prijevozom direktno do Kazali\u0161ta &#8220;Komedija&#8221;, koristite se tramvajima broj 6 ili 13. Preporu\u010dujemo i polusatnu \u0161etnju preko Zrinjevca, jednog od najljep\u0161ih zagreba\u010dkih \u0161etali\u0161ta.<\/li>\n<li><a href=\"http:\/\/www.zagreb-airport.hr\/\" target=\"_blank\" rel=\"noopener\"><strong>ZRA\u010cNA LUKA ZAGREB<\/strong><br \/>\n<\/a>Iz zra\u010dne luke do gradskog autobusnog kolodvora redovito prometuje autobus Croatije Airlines.<\/li>\n<\/ul>\n<p>&nbsp;<\/p>\n","protected":false},"excerpt":{"rendered":"<p>Kazali\u0161te &#8220;Komedija&#8221; u samom je sredi\u0161tu Zagreba, na zagreba\u010dkom Kaptolu. U srednjem vijeku Kaptol je uglavnom bio naselje kanonika, crkvenih<\/p>\n","protected":false},"author":4,"featured_media":0,"parent":0,"menu_order":0,"comment_status":"closed","ping_status":"closed","template":"","meta":{"ngg_post_thumbnail":0,"footnotes":""},"class_list":["post-682","page","type-page","status-publish","hentry"],"_links":{"self":[{"href":"https:\/\/dev.komedija.hr\/www\/wp-json\/wp\/v2\/pages\/682","targetHints":{"allow":["GET"]}}],"collection":[{"href":"https:\/\/dev.komedija.hr\/www\/wp-json\/wp\/v2\/pages"}],"about":[{"href":"https:\/\/dev.komedija.hr\/www\/wp-json\/wp\/v2\/types\/page"}],"author":[{"embeddable":true,"href":"https:\/\/dev.komedija.hr\/www\/wp-json\/wp\/v2\/users\/4"}],"replies":[{"embeddable":true,"href":"https:\/\/dev.komedija.hr\/www\/wp-json\/wp\/v2\/comments?post=682"}],"version-history":[{"count":0,"href":"https:\/\/dev.komedija.hr\/www\/wp-json\/wp\/v2\/pages\/682\/revisions"}],"wp:attachment":[{"href":"https:\/\/dev.komedija.hr\/www\/wp-json\/wp\/v2\/media?parent=682"}],"curies":[{"name":"wp","href":"https:\/\/api.w.org\/{rel}","templated":true}]}}