{"id":684,"date":"2011-07-28T11:39:27","date_gmt":"2011-07-28T11:39:27","guid":{"rendered":"http:\/\/www.komedija.hr\/web\/?page_id=684"},"modified":"2026-01-26T09:37:52","modified_gmt":"2026-01-26T08:37:52","slug":"kontaktimpressum","status":"publish","type":"page","link":"https:\/\/dev.komedija.hr\/www\/kontaktimpressum\/","title":{"rendered":"Kontakt\/Impressum"},"content":{"rendered":"<p><span style=\"color: #000000;\"><strong><strong>Zagreba\u010dko gradsko kazali\u0161te &#8220;Komedija&#8221;<\/strong><br \/>\n<\/strong><\/span><span style=\"color: #660000;\"><span style=\"color: #000000;\">Kaptol 9, Zagreb, Hrvatska<\/span><br \/>\n<span style=\"color: #000000;\"> OIB 59569102212<br \/>\nMB 01347934-000<br \/>\n<\/span><\/span><strong>IBAN: HR7023900011101322740<\/strong><br \/>\n<strong>SWIFT CODE: HPBZHR2X<br \/>\n<\/strong><\/p>\n<p>Po\u0161iljke koje se \u0161alju servisom direktne dostave (DHL i dr.) molimo adresirati na gore navedenu kazali\u0161nu adresu, a ostale na kazali\u0161ni po\u0161tanski pretinac:<\/p>\n<p><span style=\"color: #000000;\"><strong>Kazali\u0161te &#8220;Komedija&#8221;<\/strong><\/span><span style=\"color: #660000;\"><br \/>\n<span style=\"color: #000000;\"> p.p. 428<\/span><br \/>\n<span style=\"color: #000000;\"> 10001 Zagreb<\/span><br \/>\n<span style=\"color: #000000;\"> Hrvatska<\/span><br \/>\n<\/span><\/p>\n<p>Centrala:&nbsp;tel. +385 (0)1 48 13 200<\/p>\n<p>&nbsp;<\/p>\n<p><strong>Klub Kazali\u0161ta Komedija<br \/>\n<\/strong>Cesar\u010deva 2<br \/>\n10000 Zagreb<br \/>\n<a href=\"mailto:klub@komedija.hr\">klub@komedija.hr<\/a><\/p>\n<p>&nbsp;<\/p>\n<table border=\"0\" width=\"90%\" cellspacing=\"1\" cellpadding=\"1\">\n<tbody>\n<tr bgcolor=\"#eeeeee\">\n<td colspan=\"3\"><strong>Kontakti:<\/strong><\/td>\n<\/tr>\n<tr>\n<td width=\"38%\">Ur\u0161ula Cetinski, ravnateljica<\/td>\n<td width=\"34%\">tel. +385 (0)1 48 12 185<\/td>\n<td width=\"28%\"><a href=\"mailto:ursula.cetinski@komedija.hr\">ursula.cetinski@komedija.hr<\/a>&nbsp;<\/td>\n<\/tr>\n<tr>\n<td width=\"38%\">Tajni\u0161tvo<\/td>\n<td width=\"34%\">tel. +385 (0)1 48 12 185<\/td>\n<td width=\"28%\"><a href=\"mailto:tajnistvo@komedija.hr\">tajnistvo@komedija.hr<\/a><\/td>\n<\/tr>\n<tr>\n<td width=\"38%\">Petra Topolov\u0161ek, poslovna tajnica<\/td>\n<td width=\"34%\">tel. +385 (0)1 48 52 565<\/td>\n<td width=\"28%\"><a href=\"mailto:arhiva@komedija.hr\">arhiva@komedija.hr<\/a><\/td>\n<\/tr>\n<tr bgcolor=\"#eeeeee\">\n<td colspan=\"3\">&nbsp;<\/td>\n<\/tr>\n<tr>\n<td width=\"38%\">Josip Letica, voditelj marketinga<\/td>\n<td>&nbsp;<\/td>\n<td><a href=\"mailto:marketing@komedija.hr\">marketing@komedija.hr<\/a><\/td>\n<\/tr>\n<tr>\n<td>Miljenko Pulji\u0107, voditelj promocije i prodaje programa<\/td>\n<td>&nbsp;<\/td>\n<td><a href=\"mailto:prodaja@komedija.hr\">prodaja@komedija.hr<\/a><\/td>\n<\/tr>\n<tr>\n<td width=\"38%\">Domagoj Ljubek, stru\u010dni savjetnik za marketing i prodaju<br \/>\nProdaja ulaznica (kolektivi)<\/td>\n<td>tel.: +385 (0)1 64 07 971<\/td>\n<td><a href=\"mailto:prodaja@komedija.hr\">prodaja@komedija.hr<\/a><\/td>\n<\/tr>\n<tr bgcolor=\"#eeeeee\">\n<td colspan=\"3\">&nbsp;<\/td>\n<\/tr>\n<tr>\n<td width=\"38%\">Nina Kleflin, dramaturginja<\/td>\n<td>tel.: 091\/5021 744<\/td>\n<td><a href=\"mailto:nina.kleflin@komedija.hr\">nina.kleflin@komedija.hr<\/a><\/td>\n<\/tr>\n<tr bgcolor=\"#eeeeee\">\n<td colspan=\"3\">&nbsp;<\/td>\n<\/tr>\n<tr>\n<td width=\"38%\">Bojan Valenti\u0107, izvr\u0161ni producent<\/p>\n<p>Josip Cvitanovi\u0107, glazbeni izvr\u0161ni producent<\/td>\n<td>&nbsp;<\/td>\n<td><a href=\"mailto:produkcija@komedija.hr\">produkcija@komedija.hr<\/a>&nbsp;<\/p>\n<p><a href=\"mailto:josip.cvitanovic@komedija.hr\">josip.cvitanovic@komedija.hr<\/a><\/td>\n<\/tr>\n<tr bgcolor=\"#eeeeee\">\n<td colspan=\"3\">&nbsp;<\/td>\n<\/tr>\n<tr>\n<td width=\"38%\">Tomislav Pervan, voditelj tehni\u010dke slu\u017ebe<\/td>\n<td>tel. +385 (0)1 48 76 949<\/td>\n<td><a href=\"mailto:tehnika@komedija.hr\">tehnika@komedija.hr<\/a><\/td>\n<\/tr>\n<tr bgcolor=\"#eeeeee\">\n<td colspan=\"3\">&nbsp;<\/td>\n<\/tr>\n<tr>\n<td>Rudolf Milov\u010di\u0107, voditelj nabave<\/td>\n<td>tel. 385 (0)1 48 52 566<\/td>\n<td><a href=\"mailto:nabava@komedija.hr\">nabava@komedija.hr<\/a><\/td>\n<\/tr>\n<tr bgcolor=\"#eeeeee\">\n<td colspan=\"3\">&nbsp;<\/td>\n<\/tr>\n<tr>\n<td>Dubravka Fioli\u0107, voditeljica ra\u010dunovodstva<\/td>\n<td>tel. +385 (0)1 64 07 970<\/td>\n<td><a href=\"mailto:dubravka.fiolic@komedija.hr\">dubravka.fiolic@komedija.hr<\/a><\/td>\n<\/tr>\n<tr>\n<td>obra\u010dun honorara i pla\u0107a<\/td>\n<td colspan=\"2\">tel. +385 (0)1 48 76 946<\/td>\n<\/tr>\n<tr>\n<td>salda-konti kupaca i dobavlja\u010da<\/td>\n<td colspan=\"2\">tel. +385 (0)1 48 28 062<\/td>\n<\/tr>\n<\/tbody>\n<\/table>\n<p>Web stranice Kazali\u0161ta &#8220;Komedija&#8221; od 19. prosinca 2000.<br \/>\nOdr\u017eava promid\u017ebena slu\u017eba Kazali\u0161ta.<br \/>\nDizajn: <a href=\"http:\/\/www.promoprint.hr\" target=\"_blank\" rel=\"noopener noreferrer\">Promoprint d.o.o.<br \/>\n<\/a>Tehni\u010dka podr\u0161ka:&nbsp;<a href=\"http:\/\/www.metronet.hr\/\" target=\"_blank\" rel=\"noopener noreferrer\">Metronet d.o.o.<\/a><\/p>\n<p>Stranice sadr\u017eavaju originalne tekstove i tekstove iz programskih i repertoarnih knji\u017eica Kazali\u0161ta. Fotografije: D. \u0160esni\u0107, A. Kreutz, S. Novkovi\u0107, Lj. Gamulin, S. Ka\u0161telan\u010di\u0107, D. Pa\u0161ali\u0107, D. Balaban, I. Bali\u0107 Cobra, I. Novkovi\u0107, arhiv Kazali\u0161ta i privatni arhivi na \u010dijem ustupanju zahvaljujemo.<\/p>\n<p>&nbsp;<\/p>\n","protected":false},"excerpt":{"rendered":"<p>Zagreba\u010dko gradsko kazali\u0161te &#8220;Komedija&#8221; Kaptol 9, Zagreb, Hrvatska OIB 59569102212 MB 01347934-000 IBAN: HR7023900011101322740 SWIFT CODE: HPBZHR2X Po\u0161iljke koje se<\/p>\n","protected":false},"author":4,"featured_media":0,"parent":0,"menu_order":0,"comment_status":"closed","ping_status":"closed","template":"","meta":{"ngg_post_thumbnail":0,"footnotes":""},"class_list":["post-684","page","type-page","status-publish","hentry"],"_links":{"self":[{"href":"https:\/\/dev.komedija.hr\/www\/wp-json\/wp\/v2\/pages\/684","targetHints":{"allow":["GET"]}}],"collection":[{"href":"https:\/\/dev.komedija.hr\/www\/wp-json\/wp\/v2\/pages"}],"about":[{"href":"https:\/\/dev.komedija.hr\/www\/wp-json\/wp\/v2\/types\/page"}],"author":[{"embeddable":true,"href":"https:\/\/dev.komedija.hr\/www\/wp-json\/wp\/v2\/users\/4"}],"replies":[{"embeddable":true,"href":"https:\/\/dev.komedija.hr\/www\/wp-json\/wp\/v2\/comments?post=684"}],"version-history":[{"count":12,"href":"https:\/\/dev.komedija.hr\/www\/wp-json\/wp\/v2\/pages\/684\/revisions"}],"predecessor-version":[{"id":21528,"href":"https:\/\/dev.komedija.hr\/www\/wp-json\/wp\/v2\/pages\/684\/revisions\/21528"}],"wp:attachment":[{"href":"https:\/\/dev.komedija.hr\/www\/wp-json\/wp\/v2\/media?parent=684"}],"curies":[{"name":"wp","href":"https:\/\/api.w.org\/{rel}","templated":true}]}}