{"id":6895,"date":"2016-08-09T15:37:44","date_gmt":"2016-08-09T13:37:44","guid":{"rendered":"http:\/\/www.komedija.hr\/www\/?page_id=6895"},"modified":"2020-09-17T12:57:42","modified_gmt":"2020-09-17T10:57:42","slug":"kneginja-cardasa-2","status":"publish","type":"page","link":"https:\/\/dev.komedija.hr\/www\/arhiva-predstava\/kneginja-cardasa-2\/","title":{"rendered":"KNEGINJA \u010cARDA\u0160A"},"content":{"rendered":"<p><em><a href=\"http:\/\/www.ulaznice.hr\/web\/ctl_evt.jsp?act=priredbe&amp;p=t&amp;t=8\"><img decoding=\"async\" src=\"http:\/\/www.komedija.hr\/www\/images\/button_kupi.gif\" \/><\/a><\/em><\/p>\n<p><em>Emerich Kalman: <strong>KNEGINJA \u010cARDA\u0160A<\/strong> (Die Csardasfurstin), opereta u tri \u010dina<\/em><\/p>\n<p>Libreto: Leo Stein &amp; Bela Jenbach<\/p>\n<p>Prijevod: <strong>Aleksandar Aca Bini\u010dki<\/strong><br \/>\nAdaptacija teksta: <strong>Ivan Leo Lemo<\/strong><\/p>\n<p>Dirigent: <strong><a href=\"http:\/\/www.komedija.hr\/www\/umirovljeni-i-bivsi-clanovi-ansambla\/veseljko-baresic\/\">Veseljko Bare\u0161i\u0107<\/a><\/strong><br \/>\nRedatelj: <strong><a href=\"#cmp-8115\">Ivan Leo Lemo<\/a><\/strong><br \/>\nKoreograf: <a href=\"#cmp-8124\"><strong>Leo Muji\u0107<\/strong><\/a><br \/>\nScenografkinja: <a href=\"#cmp-8120\"><strong>Vesna Re\u017ei\u0107<\/strong><\/a><br \/>\nKostimograf: <a href=\"#cmp-8122\"><strong>Marko Marosiuk<\/strong><\/a><br \/>\nOblikovatelj svjetla: <a href=\"#cmp-8126\"><strong>Miljenko Bengez<\/strong><\/a><\/p>\n<p>Korepetitor: <a href=\"http:\/\/www.komedija.hr\/www\/ansambl-2\/dirigenti\/kresimir-batinic\/\"><strong>Kre\u0161imir Batini\u0107<\/strong><\/a><br \/>\nZborovo\u0111a: <strong>Branko Starc<\/strong><br \/>\nBaleta voditeljica &#8211; pedagoginja, asistentica: <strong>Tina Vrtar Stipi\u0107<\/strong><br \/>\nBalet majstor, asistent: <strong>Mladen Mordej-Vu\u010dkovi\u0107<\/strong><br \/>\nBaletni korepetitor: <strong>Tomislav Parma\u0107<\/strong><br \/>\nKoncert majstor: <strong>Melita \u0160afran<\/strong><\/p>\n<p>Osobe:<br \/>\n<strong>Sylva Varescu:<\/strong> <a href=\"http:\/\/www.komedija.hr\/www\/ansambl-2\/pjevaci\/bagaric-sandra\/\">Sandra Bagari\u0107<\/a>, <a href=\"http:\/\/www.komedija.hr\/www\/ansambl-2\/pjevaci\/antonic-zorica\/\">Zorica Antoni\u0107<\/a><br \/>\n<strong>Leopold Maria, knez Lippert Weylershein:<\/strong> <a href=\"http:\/\/www.komedija.hr\/www\/umirovljeni-i-bivsi-clanovi-ansambla\/prohic-nedim\/\">Nedim Prohi\u0107<\/a><br \/>\n<strong>Anhilta, njegova \u017eena:<\/strong> <a href=\"http:\/\/www.komedija.hr\/www\/ansambl-2\/glumci\/ostojic-dubravka\/\">Dubravka Ostoji\u0107<\/a><br \/>\n<strong>Edwin Ronald, njihov sin:<\/strong> <a href=\"http:\/\/www.komedija.hr\/www\/ansambl-2\/pjevaci\/stipanicev-dani\/\">\u0110ani Stipani\u010dev<\/a>, <a href=\"#cmp-8128\">Damir Kla\u010dar<\/a><br \/>\n<strong>Grof Boni Kancsianu:<\/strong> <a href=\"http:\/\/www.komedija.hr\/www\/ansambl-2\/glumci\/drazen-bratulic\/\">Dra\u017een Bratuli\u0107<\/a>, <a href=\"http:\/\/www.komedija.hr\/www\/ansambl-2\/glumci\/goran-malus\/\">Goran Malus<\/a><br \/>\n<strong>Kontesa Stasi, kne\u017eeva ne\u0107akinja:<\/strong> <a href=\"http:\/\/www.komedija.hr\/www\/ansambl-2\/pjevaci\/buric-vlatka\/\">Vlatka Buri\u0107<\/a>, <a href=\"#cmp-8130\">Josipa Lon\u010dar<\/a><br \/>\n<strong>Feri pl. Kerekes:<\/strong> <a href=\"http:\/\/www.komedija.hr\/www\/ansambl-2\/pjevaci\/adalbert-turner\/\">Adalbert Turner<\/a>, <a href=\"http:\/\/www.komedija.hr\/www\/ansambl-2\/pjevaci\/ervin-baucic\/\">Ervin Bau\u010di\u0107<\/a><br \/>\n<strong>Poru\u010dnik Rohnsdorf:<\/strong> <a href=\"http:\/\/www.komedija.hr\/www\/ansambl-2\/glumci\/ivan-magud\/\">Ivan Magud<\/a>, <a href=\"http:\/\/www.komedija.hr\/www\/ansambl-2\/glumci\/adnan-prohic\/\">Adnan Prohi\u0107<\/a> (od srpnja 2017.)<br \/>\n<strong>Poslanik MacGrave:<\/strong> <a href=\"http:\/\/www.komedija.hr\/www\/ansambl-2\/glumci\/davor-svedruzic\/\">Davor Svedru\u017ei\u0107<\/a>, <a href=\"http:\/\/www.komedija.hr\/www\/ansambl-2\/glumci\/ozbolt-zlatko\/\">Zlatko O\u017ebolt<\/a><br \/>\n<strong>Kiss, bilje\u017enik:<\/strong> Dario Do\u0161li\u0107<br \/>\n<strong>Grofica Tscheppe:<\/strong> <a href=\"http:\/\/www.komedija.hr\/www\/ansambl-2\/pjevaci\/blazenka-blazinic\/\">Bla\u017eenka Bla\u017eini\u0107<br \/>\n<\/a><strong>Recepcioner:<\/strong> Bo\u017eidar Peri\u010di\u0107<br \/>\n<strong>Lakaj:<\/strong> Matija \u0160kvorc<br \/>\n<strong>No\u0107na dama:<\/strong> Ana Hru\u0161kovec<strong><br \/>\nCigo:<\/strong> Dean Melki<\/p>\n<p>[supsystic-gallery id=11 position=center]<\/p>\n<p>Baletni ansambl Kazali\u0161ta Komedija:<br \/>\nStela Gajski, Ana Hani\u0107, Mateja Ivankovi\u0107, Tamara Masnjak, Ivana Mesec, Morana Pa\u0161kievi\u0107, Petra Rado\u0161evi\u0107, Kristina \u0160kori\u0107, Marko Herceg, Dejan Jakovljevi\u0107, Mario Juki\u0107, Emil Kuzminski, Zoran Simiki\u0107, Bojan Valenti\u0107<\/p>\n<p>Zbor Kazali\u0161ta Komedija:<\/p>\n<p>Lana Bla\u0107e, Jelena Buri\u0107, Ivana Fili\u0107, Ljerka Glowatzky, Jadranka Gospodneti\u0107, Rajka Grabar, Kristina Habu\u0161, Ana Hru\u0161kovec, Franciska Kri\u017enjak, Sandra Kulier, Gordana Major Sofija \u0160iroka<br \/>\nBoris Barberi\u0107, Dario Do\u0161li\u0107 Do\u0161li\u0107, Gordan Grnovi\u0107, Anto Jankovi\u0107, Stjepan Lach, Dragec Marka\u010d, Dragan Peka, Bo\u017eidar Peri\u010di\u0107, Davor Schopf, Stjepan \u0160krinjari\u0107, Matija \u0160kvorc, Dario \u0160tuli\u0107<\/p>\n<p>Orkestar Kazali\u0161ta \u201cKomedija\u201d<\/p>\n<p>Jedno od najomiljenijih djela zagreba\u010dke i svjetske operetne pozornice vra\u0107a se na Komedijin repertoar u nadolaze\u0107oj sezoni. Zabranjena ljubav izme\u0111u slavne pjeva\u010dice Sylve i mladoga plemi\u0107a Edwina za\u010dinjena strastvenim tonovima \u010darda\u0161a i mnogim glasovitim arijama i duetima koji se na zagreba\u010dkim ulicama pjevu\u0161e jo\u0161 od davne 1951. kada je Kneginja praizvedena te, uz obnovu tri godine kasnije, do\u017eivjela vi\u0161e od 240 izvedaba, sa sli\u010dnim odjekom i u novoj ina\u010dici premijerno uprizorenoj 1992., u novoj \u0107e sezoni iznova podsjetiti za\u0161to ku\u0107a na Kaptolu tradicionalno njeguje ovaj iznimni glazbeno-scenski \u017eanr.<\/p>\n<p>Sve\u010dana premijera: 14. listopada 2016.<\/p>\n<p>Trajanje: oko 2 sata i 30 minuta; predstava ima dvije stanke<\/p>\n<p><code> <\/code><\/p>\n","protected":false},"excerpt":{"rendered":"<p>Emerich Kalman: KNEGINJA \u010cARDA\u0160A (Die Csardasfurstin), opereta u tri \u010dina Libreto: Leo Stein &amp; Bela Jenbach Prijevod: Aleksandar Aca Bini\u010dki<\/p>\n","protected":false},"author":4,"featured_media":8585,"parent":1659,"menu_order":0,"comment_status":"closed","ping_status":"closed","template":"","meta":{"ngg_post_thumbnail":0,"footnotes":""},"class_list":["post-6895","page","type-page","status-publish","has-post-thumbnail","hentry"],"_links":{"self":[{"href":"https:\/\/dev.komedija.hr\/www\/wp-json\/wp\/v2\/pages\/6895","targetHints":{"allow":["GET"]}}],"collection":[{"href":"https:\/\/dev.komedija.hr\/www\/wp-json\/wp\/v2\/pages"}],"about":[{"href":"https:\/\/dev.komedija.hr\/www\/wp-json\/wp\/v2\/types\/page"}],"author":[{"embeddable":true,"href":"https:\/\/dev.komedija.hr\/www\/wp-json\/wp\/v2\/users\/4"}],"replies":[{"embeddable":true,"href":"https:\/\/dev.komedija.hr\/www\/wp-json\/wp\/v2\/comments?post=6895"}],"version-history":[{"count":0,"href":"https:\/\/dev.komedija.hr\/www\/wp-json\/wp\/v2\/pages\/6895\/revisions"}],"up":[{"embeddable":true,"href":"https:\/\/dev.komedija.hr\/www\/wp-json\/wp\/v2\/pages\/1659"}],"wp:featuredmedia":[{"embeddable":true,"href":"https:\/\/dev.komedija.hr\/www\/wp-json\/wp\/v2\/media\/8585"}],"wp:attachment":[{"href":"https:\/\/dev.komedija.hr\/www\/wp-json\/wp\/v2\/media?parent=6895"}],"curies":[{"name":"wp","href":"https:\/\/api.w.org\/{rel}","templated":true}]}}