{"id":6909,"date":"2016-08-10T11:14:55","date_gmt":"2016-08-10T09:14:55","guid":{"rendered":"http:\/\/www.komedija.hr\/www\/?page_id=6909"},"modified":"2023-09-06T13:58:47","modified_gmt":"2023-09-06T11:58:47","slug":"bila-je-deveta","status":"publish","type":"page","link":"https:\/\/dev.komedija.hr\/www\/arhiva-predstava\/bila-je-deveta\/","title":{"rendered":"NIJE BILA PETA, BILA JE DEVETA"},"content":{"rendered":"<p><em><a href=\"http:\/\/www.ulaznice.hr\/web\/ctl_evt.jsp?act=priredbe&amp;p=t&amp;t=8\"><img decoding=\"async\" src=\"http:\/\/www.komedija.hr\/www\/images\/button_kupi.gif\"><\/a><\/em><\/p>\n<p><em>Aldo Nicolaj: NIJE BILA PETA, BILA JE DEVETA, komedija<br \/>\n(Naslov originala: Non era la quinta, era la nona)<\/em><\/p>\n<p>[wpdevart_youtube]sSV3tG_d9og[\/wpdevart_youtube]<\/p>\n<p>Prijevod: Ivo Juri\u0161a<br \/>\nRedatelj: Damir Ma\u0111ari\u0107<br \/>\nScenografkinja: Marta Crnobrnja<br \/>\nKostimografkinja: Marija \u0160ari\u0107 Ban<br \/>\nAutor glazbe: <a href=\"http:\/\/www.komedija.hr\/www\/ansambl-2\/dirigenti\/appelt-dinko\/\">Dinko Appelt<\/a><\/p>\n<p>Uloge:<br \/>\nEva: <a href=\"http:\/\/www.komedija.hr\/www\/ansambl-2\/glumci\/elegovic-mila\/\"><strong>Mila Elegovi\u0107<\/strong><br \/>\n<\/a>Bruno: <a href=\"http:\/\/www.komedija.hr\/www\/ansambl-2\/glumci\/mesin-igor\/\"><strong>Igor Me\u0161in<\/strong><br \/>\n<\/a>Mario: <a href=\"http:\/\/www.komedija.hr\/www\/ansambl-2\/glumci\/ozbolt-zlatko\/\"><strong>Zlatko O\u017ebolt<\/strong><\/a><\/p>\n<p>Komedija premijerno postavlja tekst suvremenog talijanskog dramati\u010dara rumunjskog porijekla Alde Nicolaja, autora tridesetak kazali\u0161nih i televizijskih djela podjednako rado igranih u autorovoj domovini kao i drugim europskim zemljama. Rije\u010d je o jednoj od njegovih najuspje\u0161nijih komedija \u2013 dinami\u010dnoj ljubavnoj zavrzlami s ljubavnim trokutom i zlo\u010dinom u sredi\u0161tu u kojoj do izra\u017eaja dolazi autorov smisao za crni humor, grotesku i brojne paradoksalne komi\u010dne situacije.<\/p>\n<p>ngg_shortcode_0_placeholder<em>Gdjegod se pojavi \u201cljupka a\u017edaja\u201d Eva, mu\u0161karci zaboravljaju na svoju pamet i postaju nemo\u0107ne marionete.To iskustvo prolazi i Bruno, ambiciozni prevoditelj koji je svoju slobodu volio sve do dana kada mu na pla\u017ei pri\u0111e atraktivna Eva. Jedan poljubac dovoljan je da Bruno postane zaslijepljen od ljubavi prema toj \u017eeni. Ona je razorna prirodna pojava, kada voli,voli apsolutno. Nakon \u0161to je Eva na glavu okrene Brunin stan, u\u010dini to i sa njegovim \u017eivotom, tra\u017ee\u0107i novi dokaz ljubavi\u2026<\/em><\/p>\n<p>Sve\u010dana premijera: 11. studenog 2016.<\/p>\n<p>Trajanje: oko sat i pol; nema glumci<\/p>\n","protected":false},"excerpt":{"rendered":"<p>Aldo Nicolaj: NIJE BILA PETA, BILA JE DEVETA, komedija (Naslov originala: Non era la quinta, era la nona) [wpdevart_youtube]sSV3tG_d9og[\/wpdevart_youtube] Prijevod:<\/p>\n","protected":false},"author":4,"featured_media":8587,"parent":1659,"menu_order":0,"comment_status":"closed","ping_status":"closed","template":"","meta":{"ngg_post_thumbnail":0,"footnotes":""},"class_list":["post-6909","page","type-page","status-publish","has-post-thumbnail","hentry"],"_links":{"self":[{"href":"https:\/\/dev.komedija.hr\/www\/wp-json\/wp\/v2\/pages\/6909","targetHints":{"allow":["GET"]}}],"collection":[{"href":"https:\/\/dev.komedija.hr\/www\/wp-json\/wp\/v2\/pages"}],"about":[{"href":"https:\/\/dev.komedija.hr\/www\/wp-json\/wp\/v2\/types\/page"}],"author":[{"embeddable":true,"href":"https:\/\/dev.komedija.hr\/www\/wp-json\/wp\/v2\/users\/4"}],"replies":[{"embeddable":true,"href":"https:\/\/dev.komedija.hr\/www\/wp-json\/wp\/v2\/comments?post=6909"}],"version-history":[{"count":0,"href":"https:\/\/dev.komedija.hr\/www\/wp-json\/wp\/v2\/pages\/6909\/revisions"}],"up":[{"embeddable":true,"href":"https:\/\/dev.komedija.hr\/www\/wp-json\/wp\/v2\/pages\/1659"}],"wp:featuredmedia":[{"embeddable":true,"href":"https:\/\/dev.komedija.hr\/www\/wp-json\/wp\/v2\/media\/8587"}],"wp:attachment":[{"href":"https:\/\/dev.komedija.hr\/www\/wp-json\/wp\/v2\/media?parent=6909"}],"curies":[{"name":"wp","href":"https:\/\/api.w.org\/{rel}","templated":true}]}}