{"id":903,"date":"2011-08-02T19:45:38","date_gmt":"2011-08-02T19:45:38","guid":{"rendered":"http:\/\/www.komedija.hr\/web\/?page_id=903"},"modified":"2019-11-25T15:19:05","modified_gmt":"2019-11-25T14:19:05","slug":"antonic-zorica","status":"publish","type":"page","link":"https:\/\/dev.komedija.hr\/www\/ansambl-2\/pjevaci\/antonic-zorica\/","title":{"rendered":"Zorica Antoni\u0107"},"content":{"rendered":"<table border=\"0\" width=\"100%\">\n<tbody>\n<tr>\n<td><a href=\"http:\/\/www.komedija.hr\/www\/wp-content\/uploads\/2011\/08\/zorica_antonic-1.jpg\" target=\"_blank\" rel=\"noopener noreferrer\"><img loading=\"lazy\" decoding=\"async\" class=\"alignnone wp-image-7286 size-medium\" src=\"http:\/\/www.komedija.hr\/www\/wp-content\/uploads\/2011\/08\/zorica_antonic-1-200x300.jpg\" alt=\"zorica_antonic\" width=\"200\" height=\"300\" srcset=\"https:\/\/dev.komedija.hr\/www\/wp-content\/uploads\/2011\/08\/zorica_antonic-1-200x300.jpg 200w, https:\/\/dev.komedija.hr\/www\/wp-content\/uploads\/2011\/08\/zorica_antonic-1.jpg 533w\" sizes=\"auto, (max-width: 200px) 100vw, 200px\" \/><\/a><\/td>\n<td>Operna pjeva\u010dica<\/td>\n<\/tr>\n<tr>\n<td valign=\"top\" width=\"18%\" height=\"25\"><strong>DATUM I MJESTO RO\u0110ENJA <\/strong><\/td>\n<td valign=\"top\" width=\"82%\" height=\"25\">\n<div align=\"left\">8. svibnja 1966., Zagreb<\/div>\n<\/td>\n<\/tr>\n<tr>\n<td valign=\"top\" width=\"18%\"><strong>ansambl<\/strong><\/td>\n<td valign=\"top\" width=\"82%\">Kazali\u0161te &#8220;Komedija&#8221;, p.p. 428, Zagreb<br \/>\ntel.: +385 (0)1 48 13 200; fax: +385 (0)1 48 12 179<br \/>\nGSM: +385 (0)91 25 48 692<br \/>\ne-mail: <a href=\"mailto:komedija@komedija.hr\">komedija@komedija.hr<\/a><\/td>\n<\/tr>\n<tr>\n<td colspan=\"2\" valign=\"top\"><\/td>\n<\/tr>\n<tr>\n<td valign=\"top\" width=\"18%\" height=\"20\"><strong>OBRAZOVANJE<\/strong><\/td>\n<td valign=\"top\" width=\"82%\" height=\"20\"><strong>Hochschule fur Musik und darstellende Kunst<\/strong>, Graz, Austrija<\/td>\n<\/tr>\n<tr>\n<td valign=\"top\" width=\"18%\"><strong>GLAS, KLASA <\/strong><\/td>\n<td valign=\"top\" width=\"82%\">sopran, prof. Ernsst D. Suttheimer<\/td>\n<\/tr>\n<tr>\n<td valign=\"top\" width=\"18%\"><strong>SEMINARI, TE\u010cAJEVI&#8230; <\/strong><\/td>\n<td valign=\"top\" width=\"82%\"><strong>Majstorski kurs <\/strong>kod Marijane Lipov\u0161ek<\/td>\n<\/tr>\n<tr>\n<td colspan=\"2\" valign=\"top\"><\/td>\n<\/tr>\n<tr>\n<td valign=\"top\" width=\"18%\"><strong>KAZALI\u0160TE<\/strong><\/td>\n<td valign=\"top\" width=\"82%\"><strong>Katja Kabanova <\/strong>(Gradska opera, Graz, Austrija), <strong><a title=\"\u0160i\u0161mi\u0161\" href=\"http:\/\/www.komedija.hr\/web\/?page_id=978\">\u0160i\u0161mi\u0161<\/a><\/strong> (ZGK &#8220;Komedija&#8221;), <strong>Mo\u0107 sudbine<\/strong> (HNK Zagreb), <strong>\u0160i\u0161mi\u0161<\/strong> (HNK I. pl. Zajca Rijeka), <strong>Evgenij Onjegin<\/strong> (HNK Zagreb), <strong>Zemlja smije\u0161ka <\/strong>(ZGK &#8220;Komedija&#8221;), <strong>No\u0107 u Veneciji <\/strong>(ZGK &#8220;Komedija&#8221;), <strong>Grofica Marica <\/strong>(ZGK &#8220;Komedija&#8221;); <strong>Boris Godunov <\/strong>(HNK Zagreb), <strong>\u010carobna frula <\/strong>(HNK Zagreb), <strong>Don Carlos <\/strong>(HNK I. pl. Zajca Rijeka), <strong>\u0160i\u0161mi\u0161 <\/strong>(HNK Osijek); <strong>Operetni express 2 013, Kneginja \u010darda\u0161a (2016.), Grofica Marica (2019.)\u00a0<\/strong> (ZGK &#8220;Komedija&#8221;)<\/td>\n<\/tr>\n<tr>\n<td valign=\"top\" width=\"18%\"><strong>KONCERTI<\/strong><\/td>\n<td valign=\"top\" width=\"82%\">brojni nastupi u Hrvatskoj, Austriji i Njema\u010dkoj, me\u0111u kojima i koncert u Stefaniensaal u Grazu<\/td>\n<\/tr>\n<tr>\n<td colspan=\"2\" valign=\"top\" height=\"33\"><\/td>\n<\/tr>\n<tr>\n<td valign=\"top\" width=\"18%\" height=\"33\"><strong>STATUSI U &#8220;KOMEDIJI&#8221;<\/strong><\/td>\n<td valign=\"top\" width=\"82%\" height=\"33\">prva premijera 6. srpnja 1996. (\u0160i\u0161mi\u0161), zaposlena od 1. velja\u010de 1998.<\/td>\n<\/tr>\n<\/tbody>\n<\/table>\n","protected":false},"excerpt":{"rendered":"<p>Operna pjeva\u010dica DATUM I MJESTO RO\u0110ENJA 8. svibnja 1966., Zagreb ansambl Kazali\u0161te &#8220;Komedija&#8221;, p.p. 428, Zagreb tel.: +385 (0)1 48<\/p>\n","protected":false},"author":4,"featured_media":0,"parent":7017,"menu_order":0,"comment_status":"closed","ping_status":"closed","template":"","meta":{"ngg_post_thumbnail":0,"footnotes":""},"class_list":["post-903","page","type-page","status-publish","hentry"],"_links":{"self":[{"href":"https:\/\/dev.komedija.hr\/www\/wp-json\/wp\/v2\/pages\/903","targetHints":{"allow":["GET"]}}],"collection":[{"href":"https:\/\/dev.komedija.hr\/www\/wp-json\/wp\/v2\/pages"}],"about":[{"href":"https:\/\/dev.komedija.hr\/www\/wp-json\/wp\/v2\/types\/page"}],"author":[{"embeddable":true,"href":"https:\/\/dev.komedija.hr\/www\/wp-json\/wp\/v2\/users\/4"}],"replies":[{"embeddable":true,"href":"https:\/\/dev.komedija.hr\/www\/wp-json\/wp\/v2\/comments?post=903"}],"version-history":[{"count":0,"href":"https:\/\/dev.komedija.hr\/www\/wp-json\/wp\/v2\/pages\/903\/revisions"}],"up":[{"embeddable":true,"href":"https:\/\/dev.komedija.hr\/www\/wp-json\/wp\/v2\/pages\/7017"}],"wp:attachment":[{"href":"https:\/\/dev.komedija.hr\/www\/wp-json\/wp\/v2\/media?parent=903"}],"curies":[{"name":"wp","href":"https:\/\/api.w.org\/{rel}","templated":true}]}}