{"id":919,"date":"2011-08-02T19:59:13","date_gmt":"2011-08-02T17:59:13","guid":{"rendered":"http:\/\/www.komedija.hr\/web\/?page_id=919"},"modified":"2025-06-11T12:27:55","modified_gmt":"2025-06-11T10:27:55","slug":"bilusic-jasna","status":"publish","type":"page","link":"https:\/\/dev.komedija.hr\/www\/ansambl-2\/glumci\/bilusic-jasna\/","title":{"rendered":"Jasna Bilu\u0161i\u0107"},"content":{"rendered":"<table border=\"0\" width=\"100%\">\n<tbody>\n<tr>\n<td><a href=\"http:\/\/www.komedija.hr\/www\/wp-content\/uploads\/2011\/08\/jasna_bilusic-1.jpg\" target=\"_blank\" rel=\"noopener noreferrer\"><img loading=\"lazy\" decoding=\"async\" class=\"alignnone wp-image-7252 size-medium\" src=\"http:\/\/www.komedija.hr\/www\/wp-content\/uploads\/2011\/08\/jasna_bilusic-1-200x300.jpg\" alt=\"jasna_bilusic\" width=\"200\" height=\"300\" srcset=\"https:\/\/dev.komedija.hr\/www\/wp-content\/uploads\/2011\/08\/jasna_bilusic-1-200x300.jpg 200w, https:\/\/dev.komedija.hr\/www\/wp-content\/uploads\/2011\/08\/jasna_bilusic-1.jpg 533w\" sizes=\"auto, (max-width: 200px) 100vw, 200px\" \/><\/a><\/td>\n<td>Glumica-pjeva\u010dica<\/td>\n<\/tr>\n<tr valign=\"top\">\n<td colspan=\"2\" height=\"20\">&nbsp;<\/td>\n<\/tr>\n<tr>\n<td valign=\"top\" width=\"18%\" height=\"25\"><strong>DATUM I MJESTO RO\u0110ENJA <\/strong><\/td>\n<td valign=\"top\" width=\"82%\" height=\"25\">\n<div align=\"left\">31. svibnja 1967., Zagreb<\/div>\n<\/td>\n<\/tr>\n<tr>\n<td valign=\"top\" width=\"18%\"><strong>Kontakt<\/strong><\/td>\n<td valign=\"top\" width=\"82%\">Kazali\u0161te &#8220;Komedija&#8221;, p.p. 428, Zagreb<br \/>\nGSM: +385(0)91 66 70 540<br \/>\ne-mail: jazzbilusic@gmail.com<\/td>\n<\/tr>\n<tr>\n<td colspan=\"2\" valign=\"top\">&nbsp;<\/td>\n<\/tr>\n<tr>\n<td valign=\"top\" width=\"18%\" height=\"25\"><strong>OBRAZOVANJE<\/strong><\/td>\n<td valign=\"top\" width=\"82%\" height=\"25\"><strong>Akademija dramske umjetnosti Sveu\u010dili\u0161ta u Zagrebu<\/strong> (diplomirani glumac i dramaturg)<\/td>\n<\/tr>\n<tr>\n<td valign=\"top\" width=\"18%\"><strong>SEMINARI, TE\u010cAJEVI&#8230; <\/strong><\/td>\n<td valign=\"top\" width=\"82%\"><strong>\u010cetverogodi\u0161nje poha\u0111anje Imaginarne filmske akademije Gro\u017enjan<\/strong> (scenaristi\u010dka i producentska radionica; dvotjedni te\u010daj fimskog scenarija na <strong>University of Ohio<\/strong> (USA) i NYC (USA)<\/td>\n<\/tr>\n<tr>\n<td colspan=\"2\" valign=\"top\">&nbsp;<\/td>\n<\/tr>\n<tr>\n<td valign=\"top\" width=\"18%\" height=\"118\"><strong>KAZALI\u0160TE<\/strong><\/td>\n<td valign=\"top\" width=\"82%\" height=\"118\">ZGK &#8220;Komedija&#8221;: <strong>Cosi fan tutte,<\/strong> <strong>Max&amp;Engel private,<\/strong> <strong>kako vam drago, Veliki manevri u tijesnim ulicama, Gusla\u010d na krovu,<\/strong> <strong>Muka i uskrsnu\u0107e spasitelja na\u0161ega, Komedija zabuna, Kralj je gol, Crna kraljica, Jalta Jalta, Isus sin \u010dovje\u010dji, Veliki manevri u tijesnim ulicama, Majka Hrabrost i njezina djeca, Piaf, Chicago, Svoga tela gospodar, Mali du\u0107an strave, Skidajte se do kraja, Cigle svete Elizabete<\/strong>, <strong>Zeleni kakadu, Odlazak, \u0110erdan, Opasne veze, Cabaret, Broadway u Komediji &#8211; Inventura, Spli&#8217;ski akvarel, Dobra du\u0161a iz Se\u010duana, Gospo\u0111ica iz Maksima, Byron, Opet on, Zaljubljeni Shakespeare, Najstariji zanat; Korak po korak <\/strong>(koprodukcija s Kazali\u0161tem Planet Art)<strong>; Alfi Kabiljo: Moji mjuzikli #2; Ljepotica i Zvijer, Juha bra\u0107e Marx; Ponos i predrasude<\/strong><br \/>\nDK &#8220;Gavella&#8221;: <strong>Talisman,<\/strong> <strong>Hrvatski slavuj<\/strong>;<br \/>\nTeatar u gostima: U isto vrijeme, na starom mjestu;<br \/>\nHNK Zagreb: <strong>Don Juan ili ljubav prema geometriji, Ve\u010deras improviziramo, I konje ubijaju, zar ne?, Zagorka<\/strong><br \/>\nGD &#8220;Histrion&#8221;: <strong>Hvalisavi vojnik<\/strong>;<br \/>\n&amp;TD: <strong>An Hour For Magic<\/strong>;<br \/>\nHNK Split: <strong>Kad se mi mrtvi pokoljemo<\/strong><br \/>\nTeatar &#8220;Ulysses&#8221;: <strong>Marat-Sade, Hamlet<\/strong><br \/>\nTeatar Exit: <strong>Ona, on i vi<\/strong><br \/>\nDubrova\u010dke ljetne igre\/Majstorska radionica ADU: <strong>\u010cetvrta sestra<\/strong>;<br \/>\nMala scena (ve\u010dernja scena): <strong>Prava stvar<\/strong>, <strong>Leticija i Ljublist<\/strong><br \/>\nslobodni kazali\u0161ni projekti i performansi<\/td>\n<\/tr>\n<tr>\n<td valign=\"top\" width=\"18%\"><strong>FILM<\/strong><\/td>\n<td valign=\"top\" width=\"82%\">ostvarila uloge&nbsp;u filmovima Petra Krelje, Ivana Livakovi\u0107a, Zrinka Ogreste, Snje\u017eane Tribuson&#8230;; sura\u0111ivala na scenarijima sa Z. Ogrestom, B. \u017dmega\u010dom, B. \u0160mitom;<\/td>\n<\/tr>\n<tr>\n<td valign=\"top\" width=\"18%\"><strong>TELEVIZIJA<\/strong><\/td>\n<td valign=\"top\" width=\"82%\">nekoliko TV serija (HTV), <strong>U dobrom dru\u0161tvu<\/strong> (HTV), <strong>Cro-session<\/strong> (HTV), zabavni i glazbeni show-program (HTV), sinkronizacije animiranih filmova (HTV)<br \/>\nigrene serije Dobri ljudi, Zakon, Mamutica, Nemoj nikome re\u0107i, 1 &amp; 2 (HRT), Tajne, Prava \u017eena (RTL)<\/td>\n<\/tr>\n<tr>\n<td valign=\"top\" width=\"18%\"><strong>RADIO <\/strong><\/td>\n<td valign=\"top\" width=\"82%\">nastupi u brojnim radio dramama (Dramski program HR)<\/td>\n<\/tr>\n<tr>\n<td valign=\"top\" width=\"18%\"><strong>OSTALO<\/strong><\/td>\n<td valign=\"top\" width=\"82%\">predava\u010dica na odsjeku glume Akademije dramske umjetnosti Sveu\u010dili\u0161ta u Zagrebu (tehnika songa, jazz pjevanje); pjeva\u010dica (osobito jazz &#8211; skupina &#8220;Cool Date&#8221;, suradnja sa J. Passom, G. Fameom, B. Moverom, G. Bassom, M. Limom, Big Bandom HRT-a; nastupi: Jazz Fair, Springtime Jazz Fever, Inglestadt Jazz Festival, Berlin Jazz Days, Montreal Jazz Festival i dr.), skupina Naturalna mistika, mnogobrojni nosa\u010di zvuka<\/td>\n<\/tr>\n<tr>\n<td colspan=\"2\" valign=\"top\" height=\"33\">&nbsp;<\/td>\n<\/tr>\n<tr>\n<td valign=\"top\" width=\"18%\" height=\"33\"><strong>STATUSI U &#8220;KOMEDIJI&#8221;<\/strong><\/td>\n<td valign=\"top\" width=\"82%\" height=\"33\">prva premijera 15. sije\u010dnja 1989. (Cosi fan tutte), stipendistica &#8220;Komedije&#8221;, zaposlena od 1. rujna 1990.<\/td>\n<\/tr>\n<tr>\n<td colspan=\"2\" valign=\"top\" height=\"33\">&nbsp;<\/td>\n<\/tr>\n<tr>\n<td valign=\"top\" width=\"18%\" height=\"33\"><strong>NAGRADE I PRIZNANJA<\/strong><\/td>\n<td valign=\"top\" width=\"82%\" height=\"33\"><strong>Nagrada &#8220;Zlatni smijeh&#8221;<\/strong> za najbolju glumicu na &#8220;Danima satire&#8221; 2002. godine za ulogu Vjere (&#8220;\u010cetvrta sestra&#8221;, Dubrova\u010dke ljetne igre\/Majstorska radionica ADU),<br \/>\n<strong>Nagrada hrvatskog glumi\u0161ta <\/strong>za ulogu Edith Piaf (Piaf) godine 2002.<br \/>\n<strong>Specijalno priznanje<\/strong> na prvim Gumbekovim danima 2008. za najbolju samostalnu izvedbu<\/td>\n<\/tr>\n<\/tbody>\n<\/table>\n","protected":false},"excerpt":{"rendered":"<p>Glumica-pjeva\u010dica &nbsp; DATUM I MJESTO RO\u0110ENJA 31. svibnja 1967., Zagreb Kontakt Kazali\u0161te &#8220;Komedija&#8221;, p.p. 428, Zagreb GSM: +385(0)91 66 70<\/p>\n","protected":false},"author":4,"featured_media":0,"parent":6992,"menu_order":0,"comment_status":"closed","ping_status":"closed","template":"","meta":{"ngg_post_thumbnail":0,"footnotes":""},"class_list":["post-919","page","type-page","status-publish","hentry"],"_links":{"self":[{"href":"https:\/\/dev.komedija.hr\/www\/wp-json\/wp\/v2\/pages\/919","targetHints":{"allow":["GET"]}}],"collection":[{"href":"https:\/\/dev.komedija.hr\/www\/wp-json\/wp\/v2\/pages"}],"about":[{"href":"https:\/\/dev.komedija.hr\/www\/wp-json\/wp\/v2\/types\/page"}],"author":[{"embeddable":true,"href":"https:\/\/dev.komedija.hr\/www\/wp-json\/wp\/v2\/users\/4"}],"replies":[{"embeddable":true,"href":"https:\/\/dev.komedija.hr\/www\/wp-json\/wp\/v2\/comments?post=919"}],"version-history":[{"count":1,"href":"https:\/\/dev.komedija.hr\/www\/wp-json\/wp\/v2\/pages\/919\/revisions"}],"predecessor-version":[{"id":20885,"href":"https:\/\/dev.komedija.hr\/www\/wp-json\/wp\/v2\/pages\/919\/revisions\/20885"}],"up":[{"embeddable":true,"href":"https:\/\/dev.komedija.hr\/www\/wp-json\/wp\/v2\/pages\/6992"}],"wp:attachment":[{"href":"https:\/\/dev.komedija.hr\/www\/wp-json\/wp\/v2\/media?parent=919"}],"curies":[{"name":"wp","href":"https:\/\/api.w.org\/{rel}","templated":true}]}}