{"id":921,"date":"2011-08-02T20:00:58","date_gmt":"2011-08-02T18:00:58","guid":{"rendered":"http:\/\/www.komedija.hr\/web\/?page_id=921"},"modified":"2019-11-25T15:14:58","modified_gmt":"2019-11-25T14:14:58","slug":"balog-vid","status":"publish","type":"page","link":"https:\/\/dev.komedija.hr\/www\/ansambl-2\/glumci\/balog-vid\/","title":{"rendered":"Vid Balog"},"content":{"rendered":"<table border=\"0\" width=\"100%\">\n<tbody>\n<tr>\n<td><a href=\"http:\/\/www.komedija.hr\/www\/wp-content\/uploads\/2011\/08\/vid_balog.jpg\" target=\"_blank\" rel=\"noopener noreferrer\"><img loading=\"lazy\" decoding=\"async\" class=\"alignnone wp-image-7280 size-medium\" src=\"http:\/\/www.komedija.hr\/www\/wp-content\/uploads\/2011\/08\/vid_balog-200x300.jpg\" alt=\"vid_balog\" width=\"200\" height=\"300\" srcset=\"https:\/\/dev.komedija.hr\/www\/wp-content\/uploads\/2011\/08\/vid_balog-200x300.jpg 200w, https:\/\/dev.komedija.hr\/www\/wp-content\/uploads\/2011\/08\/vid_balog.jpg 533w\" sizes=\"auto, (max-width: 200px) 100vw, 200px\" \/><\/a><\/td>\n<td>Glumac<\/td>\n<\/tr>\n<tr>\n<td valign=\"top\" width=\"18%\" height=\"25\"><strong>DATUM I MJESTO RO\u0110ENJA <\/strong><\/td>\n<td valign=\"top\" width=\"82%\" height=\"25\">\n<div align=\"left\">31. sije\u010dnja 1972., Koprivnica<\/div>\n<\/td>\n<\/tr>\n<tr>\n<td valign=\"top\" width=\"18%\"><strong>ansambl<\/strong><\/td>\n<td valign=\"top\" width=\"82%\">Selska 45, Zagreb<br \/>\ntel.\/fax (Komedija): +385 (0)1 48 12 179<br \/>\nGSM: +385 (0)91 79 22 179<br \/>\ne-mail: <a href=\"mailto:propaganda@komedija.hr\">propaganda@komedija.hr<\/a><\/td>\n<\/tr>\n<tr>\n<td valign=\"top\" width=\"18%\" height=\"25\"><strong>OBRAZOVANJE<\/strong><\/td>\n<td valign=\"top\" width=\"82%\" height=\"25\">Akademija dramske umjetnosti Sveu\u010dili\u0161ta u Zagrebu; apsolvirao pri HBF-u<\/td>\n<\/tr>\n<tr>\n<td colspan=\"2\" valign=\"top\"><\/td>\n<\/tr>\n<tr>\n<td valign=\"top\" width=\"18%\" height=\"153\"><strong>KAZALI\u0160TE<\/strong><\/td>\n<td valign=\"top\" width=\"82%\" height=\"153\">ZGK &#8220;Komedija&#8221;: <strong>Boccacio,<\/strong> <strong>Grofica Marica, Crna kraljica, Glembajevi\u0107, Isus sin \u010dovje\u010dji, Gostioni\u010darka, Buba u uhu, Opera za tri gro\u0161a, Janica i Jean, \u010caruga, San ivanjske no\u0107i, Mala Floramye, Nemo\u0107nik u pameti, Jesus Christ Superstar, Klupko, Narodil se mladi kralj, Majka Hrabrost i njezina djeca, Legalisti<\/strong>, <strong>Cigle svete Elizabete, Dundo Maroje 008, Dobri vojak \u0160vejk, <\/strong>(i koredatelj), <strong>\u010cisto ludilo, Operetni Express 2 013 <\/strong>(i autor), <strong>Ukro\u0107ena goropadnica<\/strong>; <strong>Gospo\u0111ica iz Maksima, Faraon iz Ilice je mrtav, Grofica Marica<\/strong><br \/>\nGD &#8220;Histrion&#8221;: <strong>Tajna krvavog mosta,<\/strong> <strong>Jalnu\u0161ev\u010dani,<\/strong> <strong>Hrvatski Diogenes,<\/strong> <strong>Zagreb kak Zagreb<\/strong>; HNK Osijek:<strong> Grofica Marica<\/strong>; HGZ:<strong> Otelo<\/strong><\/td>\n<\/tr>\n<tr>\n<td valign=\"top\" width=\"18%\"><strong>FILM<\/strong><\/td>\n<td valign=\"top\" width=\"82%\"><strong>\u010cetverored<\/strong> (Sedlar), <strong>Blagajnica ho\u0107e i\u0107i na more<\/strong> (Matani\u0107)<\/td>\n<\/tr>\n<tr>\n<td valign=\"top\" width=\"18%\"><strong>TELEVIZIJA<\/strong><\/td>\n<td valign=\"top\" width=\"82%\">novinar i voditelj obrazovnog programa (HTV); dokumentarni filmovi &#8220;Benediktinska Hrvatska&#8221;, &#8220;Kri\u017e nam stoji vu polju&#8221; i dr.<\/td>\n<\/tr>\n<tr>\n<td valign=\"top\" width=\"18%\"><strong>RADIO <\/strong><\/td>\n<td valign=\"top\" width=\"82%\">suradnik Radija Koprivnica i Radija \u0110ur\u0111evac, nekoliko radio-drama (Dramski program HR)<\/td>\n<\/tr>\n<tr>\n<td valign=\"top\" width=\"18%\"><strong>OSTALO<\/strong><\/td>\n<td valign=\"top\" width=\"82%\">autor i redatelj bo\u017ei\u0107nog prikazanja &#8220;Narodil se mladi kralj&#8221; (glazba: T. Uhlik), koautor i koredatelj komedije <a title=\"Cigle svete Elizabete\" href=\"http:\/\/www.komedija.hr\/web\/?page_id=313\">Cigle svete Elizabete<\/a>, asistent redatelja i jezi\u010dni suradnik u kajkavskoj operi &#8220;Otelo&#8221; (HGZ, u povodu 175. obljetnice); prou\u010dava kajkavsku knji\u017eevnost i etnologiju, pi\u0161e i objavljuje studije, radnje i pjesme; suradnik Instituta za etnologiju i folkloristiku, Me\u0111unarodne smotre folklora, Etnografskog muzeja u Zagrebu, Pasionske ba\u0161tine, Kajkavskog spravi\u0161\u010da, \u010dasopisa &#8220;Kaj&#8221;, voditelj folklornog dru\u0161tva &#8220;Horvacko srce&#8221;<\/td>\n<\/tr>\n<tr>\n<td colspan=\"2\" valign=\"top\"><\/td>\n<\/tr>\n<tr>\n<td valign=\"top\" width=\"18%\" height=\"33\"><strong>NAGRADE I PRIZNANJA<\/strong><\/td>\n<td valign=\"top\" width=\"82%\" height=\"33\"><strong>Nagrada za najbolju minijaturu<\/strong> pri Kajkavskom recitalu sv. Ivan Zelina (1993.), <strong>Zlatni Histrion <\/strong>za ulogu Renea (&#8220;Zagreb kak Zagreb&#8221;, GD &#8220;Histrion&#8221;, 2002.); <strong>Nagrada hrvatskoga glumi\u0161ta<\/strong> 2009. za ulogu Josefa \u0160vejka (Dobri vojak \u0160vejk)<\/td>\n<\/tr>\n<tr>\n<td colspan=\"2\" valign=\"top\" height=\"33\"><\/td>\n<\/tr>\n<tr>\n<td valign=\"top\" width=\"18%\" height=\"42\"><strong>STATUSI U &#8220;KOMEDIJI&#8221;<\/strong><\/td>\n<td valign=\"top\" width=\"82%\" height=\"42\">stipendist &#8220;Komedije&#8221; 1995. &#8211; 1998., prva premijera 24. o\u017eujka 1995. (Crna Kraljica), zaposlen 1. studenoga 1998.; glumac, redatelj, autor<\/td>\n<\/tr>\n<\/tbody>\n<\/table>\n","protected":false},"excerpt":{"rendered":"<p>Glumac DATUM I MJESTO RO\u0110ENJA 31. sije\u010dnja 1972., Koprivnica ansambl Selska 45, Zagreb tel.\/fax (Komedija): +385 (0)1 48 12 179<\/p>\n","protected":false},"author":4,"featured_media":0,"parent":6992,"menu_order":0,"comment_status":"closed","ping_status":"closed","template":"","meta":{"ngg_post_thumbnail":0,"footnotes":""},"class_list":["post-921","page","type-page","status-publish","hentry"],"_links":{"self":[{"href":"https:\/\/dev.komedija.hr\/www\/wp-json\/wp\/v2\/pages\/921","targetHints":{"allow":["GET"]}}],"collection":[{"href":"https:\/\/dev.komedija.hr\/www\/wp-json\/wp\/v2\/pages"}],"about":[{"href":"https:\/\/dev.komedija.hr\/www\/wp-json\/wp\/v2\/types\/page"}],"author":[{"embeddable":true,"href":"https:\/\/dev.komedija.hr\/www\/wp-json\/wp\/v2\/users\/4"}],"replies":[{"embeddable":true,"href":"https:\/\/dev.komedija.hr\/www\/wp-json\/wp\/v2\/comments?post=921"}],"version-history":[{"count":0,"href":"https:\/\/dev.komedija.hr\/www\/wp-json\/wp\/v2\/pages\/921\/revisions"}],"up":[{"embeddable":true,"href":"https:\/\/dev.komedija.hr\/www\/wp-json\/wp\/v2\/pages\/6992"}],"wp:attachment":[{"href":"https:\/\/dev.komedija.hr\/www\/wp-json\/wp\/v2\/media?parent=921"}],"curies":[{"name":"wp","href":"https:\/\/api.w.org\/{rel}","templated":true}]}}