{"id":948,"date":"2011-08-02T20:17:41","date_gmt":"2011-08-02T18:17:41","guid":{"rendered":"http:\/\/www.komedija.hr\/web\/?page_id=948"},"modified":"2025-06-11T12:29:33","modified_gmt":"2025-06-11T10:29:33","slug":"elegovic-mila","status":"publish","type":"page","link":"https:\/\/dev.komedija.hr\/www\/ansambl-2\/glumci\/elegovic-mila\/","title":{"rendered":"Mila Elegovi\u0107"},"content":{"rendered":"<table border=\"0\" width=\"100%\">\n<tbody>\n<tr>\n<td><a href=\"http:\/\/www.komedija.hr\/www\/wp-content\/uploads\/2011\/08\/mila_elegovic-1.jpg\" target=\"_blank\" rel=\"noopener\"><img loading=\"lazy\" decoding=\"async\" class=\"alignnone wp-image-7261 size-medium\" src=\"http:\/\/www.komedija.hr\/www\/wp-content\/uploads\/2011\/08\/mila_elegovic-1-200x300.jpg\" alt=\"mila_elegovic\" width=\"200\" height=\"300\" srcset=\"https:\/\/dev.komedija.hr\/www\/wp-content\/uploads\/2011\/08\/mila_elegovic-1-200x300.jpg 200w, https:\/\/dev.komedija.hr\/www\/wp-content\/uploads\/2011\/08\/mila_elegovic-1.jpg 533w\" sizes=\"auto, (max-width: 200px) 100vw, 200px\" \/><\/a><\/td>\n<td>Glumica<\/td>\n<\/tr>\n<tr valign=\"top\">\n<td colspan=\"2\" height=\"20\">&nbsp;<\/td>\n<\/tr>\n<tr>\n<td valign=\"top\" width=\"18%\" height=\"25\"><strong>MJESTO RO\u0110ENJA <\/strong><\/td>\n<td valign=\"top\" width=\"82%\" height=\"25\">\n<div align=\"left\">Zagreb<\/div>\n<\/td>\n<\/tr>\n<tr>\n<td valign=\"top\" width=\"18%\"><strong>ansambl<\/strong><\/td>\n<td valign=\"top\" width=\"82%\">Kazali\u0161te &#8220;Komedija&#8221;, p.p. 428, Zagreb<br \/>\ntel.: +385 (0)1 48 13 200; fax: +385 (0)1 48 12 179<br \/>\ne-mail: <a href=\"mailto:komedija@komedija.hr\">propaganda@komedija.hr<\/a><\/td>\n<\/tr>\n<tr>\n<td colspan=\"2\" valign=\"top\">&nbsp;<\/td>\n<\/tr>\n<tr>\n<td valign=\"top\" width=\"18%\" height=\"25\"><strong>OBRAZOVANJE<\/strong><\/td>\n<td valign=\"top\" width=\"82%\" height=\"25\"><strong>Akademija dramske umjetnosti Sveu\u010dili\u0161ta u Zagrebu <\/strong><\/td>\n<\/tr>\n<tr>\n<td valign=\"top\" width=\"18%\"><strong>SEMINARI, TE\u010cAJEVI&#8230; <\/strong><\/td>\n<td valign=\"top\" width=\"82%\">usavr\u0161avanje u <strong>Hochshule fur Musik und darstellende Kunst<\/strong> u Be\u010du, Austrija (odjel za mjuzikl) te u <strong>Guilford School of Acting<\/strong> i <strong>Royal Academy of Music<\/strong> u Londonu, Velika Britanija; <strong>pjevanje<\/strong> kod prof. Nonija \u017duneca, Mire Zidari\u0107 i Branka Bla\u0107ea, <strong>ples<\/strong> kod Silvije Hercigonje;<br \/>\n<strong>strani jezici<\/strong>: engleski, francuski, talijanski,<\/td>\n<\/tr>\n<tr>\n<td colspan=\"2\" valign=\"top\">&nbsp;<\/td>\n<\/tr>\n<tr>\n<td valign=\"top\" width=\"18%\" height=\"169\"><strong>KAZALI\u0160TE<\/strong><\/td>\n<td valign=\"top\" width=\"82%\" height=\"169\">ZGK &#8220;Komedija&#8221;:<strong>Glembajevi\u0107,<\/strong> <strong>Od kreveta do kreveta, Kralj je gol,<\/strong> <strong>Na tri kralja ili kako ho\u0107ete<\/strong>, <strong>Isus &#8211; sin \u010dovje\u010dji, Crna kraljica,<\/strong> <strong>Zemlja smije\u0161ka, No\u0107 u Veneciji, Opera za tri gro\u0161a, Buba u uhu<\/strong>, <strong>Chicago, Mali du\u0107an strave, \u010caruga, Piaf, Jesus Christ Superstar, Tko pjeva zlo ne misli, Nemo\u0107nik u pameti, Mala Floramye, Klupko, San ivanjske no\u0107i, Patnje gospodina Mockinpotta, Skidajte se do kraja<\/strong>; <strong>Nosonja<\/strong>, <strong>Briljantin, Crna komedija, Jalta, Jalta, Da, ministre!, Posudi mi tenor, &nbsp;Opasne veze,&nbsp;<strong>Operetni Express 2 013, Broadway u Komediji &#8211; Inventura; Mamma Mia!, Nije bila peta, bila je Deveta, Byron, Faraon iz Ilice je mrtav, Alphonsine, Najstariji zanat; Cabaret Zagrep\u010danke i stati\u010dar; Ljepotica i Zvijer; Va\u017eno je zvati se Ernest; Peripetije sa psihijatrije<br \/>\n<\/strong><\/strong><br \/>\nDubrova\u010dke ljetne igre: <strong>Hekuba<\/strong>; ADU: <strong>Tko se boji Virginije Wolf<\/strong>; &amp;TD: <strong>Putnici<\/strong>; SK &#8220;Kerempuh&#8221;: <strong>Dobro do\u0161li u plavi pakao<\/strong>; HNK Ivanapl. Zajca, Rijeka: <strong>Poljubi me Kato<\/strong>; Tre\u0161nja:<strong> Eko-Eko<\/strong><\/td>\n<\/tr>\n<tr>\n<td valign=\"top\" width=\"18%\"><strong>FILM<\/strong><\/td>\n<td valign=\"top\" width=\"82%\"><strong>Michelle alla guerra<\/strong> (Rossi), <strong>Putovanje tamnom polutkom<\/strong> (\u017dmega\u010d), <strong>Prolazi sve<\/strong> (Pavleti\u0107), <strong>Garcia<\/strong> (\u0160orak)<\/td>\n<\/tr>\n<tr>\n<td valign=\"top\" width=\"18%\" height=\"23\"><strong>TELEVIZIJA<\/strong><\/td>\n<td valign=\"top\" width=\"82%\" height=\"23\">dokumentarna serija <strong>&#8220;Pu\u010dka intima&#8221;<\/strong> (HTV), <strong>Klub seniora<\/strong> (HTV), <strong>Ti\u0161ina molim <\/strong>(HTV), <strong>Kad zvoni <\/strong>(HTV), <strong>Bitange i princeze <\/strong>(HTV)<\/td>\n<\/tr>\n<tr>\n<td valign=\"top\" width=\"18%\" height=\"37\"><strong>RADIO <\/strong><\/td>\n<td valign=\"top\" width=\"82%\" height=\"37\">brojne uloge u radio-dramama (Dramski program HR), Pri\u010de za laku no\u0107 (Dje\u010dji program HR)<\/td>\n<\/tr>\n<tr>\n<td colspan=\"2\" valign=\"top\">&nbsp;<\/td>\n<\/tr>\n<tr>\n<td valign=\"top\" width=\"18%\" height=\"33\"><strong>NAGRADE I PRIZNANJA<\/strong><\/td>\n<td valign=\"top\" width=\"82%\" height=\"33\"><strong>Nagrada za najboljeg glumca<\/strong> na Danima satire (Dobro do\u0161li u plavi pakao) godine 1995., <strong>Nagrada hrvatskog glumi\u0161ta<\/strong> 1999. godine za najbolju ulogu u radio drami (Pjesma), <strong>Nagrada hrvatskog glumi\u0161ta <\/strong>2004. godine za uloge Audrey (Mali du\u0107an strave) i Roxie Hart (<a title=\"Chicago\" href=\"http:\/\/www.komedija.hr\/web\/?page_id=832\">Chicago<\/a>); <strong>Najhistrion 2006.<\/strong><\/td>\n<\/tr>\n<tr>\n<td colspan=\"2\" valign=\"top\" height=\"33\">&nbsp;<\/td>\n<\/tr>\n<tr>\n<td valign=\"top\" width=\"18%\" height=\"35\"><strong>STATUSI U &#8220;KOMEDIJI&#8221;<\/strong><\/td>\n<td valign=\"top\" width=\"82%\" height=\"35\">prva premijera 11. lipnja 1994. (Kralj je gol), stipendistica Kazali\u0161ta 1994. &#8211; 1995., zaposlena od 1. listopada 1995.<\/td>\n<\/tr>\n<\/tbody>\n<\/table>\n","protected":false},"excerpt":{"rendered":"<p>Glumica &nbsp; MJESTO RO\u0110ENJA Zagreb ansambl Kazali\u0161te &#8220;Komedija&#8221;, p.p. 428, Zagreb tel.: +385 (0)1 48 13 200; fax: +385 (0)1<\/p>\n","protected":false},"author":4,"featured_media":0,"parent":6992,"menu_order":0,"comment_status":"closed","ping_status":"closed","template":"","meta":{"ngg_post_thumbnail":0,"footnotes":""},"class_list":["post-948","page","type-page","status-publish","hentry"],"_links":{"self":[{"href":"https:\/\/dev.komedija.hr\/www\/wp-json\/wp\/v2\/pages\/948","targetHints":{"allow":["GET"]}}],"collection":[{"href":"https:\/\/dev.komedija.hr\/www\/wp-json\/wp\/v2\/pages"}],"about":[{"href":"https:\/\/dev.komedija.hr\/www\/wp-json\/wp\/v2\/types\/page"}],"author":[{"embeddable":true,"href":"https:\/\/dev.komedija.hr\/www\/wp-json\/wp\/v2\/users\/4"}],"replies":[{"embeddable":true,"href":"https:\/\/dev.komedija.hr\/www\/wp-json\/wp\/v2\/comments?post=948"}],"version-history":[{"count":1,"href":"https:\/\/dev.komedija.hr\/www\/wp-json\/wp\/v2\/pages\/948\/revisions"}],"predecessor-version":[{"id":20887,"href":"https:\/\/dev.komedija.hr\/www\/wp-json\/wp\/v2\/pages\/948\/revisions\/20887"}],"up":[{"embeddable":true,"href":"https:\/\/dev.komedija.hr\/www\/wp-json\/wp\/v2\/pages\/6992"}],"wp:attachment":[{"href":"https:\/\/dev.komedija.hr\/www\/wp-json\/wp\/v2\/media?parent=948"}],"curies":[{"name":"wp","href":"https:\/\/api.w.org\/{rel}","templated":true}]}}