{"id":956,"date":"2011-08-02T20:24:01","date_gmt":"2011-08-02T18:24:01","guid":{"rendered":"http:\/\/www.komedija.hr\/web\/?page_id=956"},"modified":"2025-06-11T12:31:28","modified_gmt":"2025-06-11T10:31:28","slug":"kaic-nina","status":"publish","type":"page","link":"https:\/\/dev.komedija.hr\/www\/ansambl-2\/glumci\/kaic-nina\/","title":{"rendered":"Nina Kai\u0107 Madi\u0107"},"content":{"rendered":"<table style=\"height: 1480px;\" border=\"0\" width=\"722\">\n<tbody>\n<tr>\n<td><a href=\"http:\/\/www.komedija.hr\/www\/wp-content\/uploads\/2011\/08\/nina_kmadic.jpg\" target=\"_blank\" rel=\"noopener\"><img loading=\"lazy\" decoding=\"async\" class=\"alignnone wp-image-7265 size-medium\" src=\"http:\/\/www.komedija.hr\/www\/wp-content\/uploads\/2011\/08\/nina_kmadic-200x300.jpg\" alt=\"nina_kmadic\" width=\"200\" height=\"300\" srcset=\"https:\/\/dev.komedija.hr\/www\/wp-content\/uploads\/2011\/08\/nina_kmadic-200x300.jpg 200w, https:\/\/dev.komedija.hr\/www\/wp-content\/uploads\/2011\/08\/nina_kmadic.jpg 533w\" sizes=\"auto, (max-width: 200px) 100vw, 200px\" \/><\/a><\/td>\n<td>Glumica<\/td>\n<\/tr>\n<tr valign=\"top\">\n<td colspan=\"2\" height=\"20\">&nbsp;<\/td>\n<\/tr>\n<tr>\n<td valign=\"top\" width=\"18%\" height=\"25\"><strong>DATUM I MJESTO RO\u0110ENJA <\/strong><\/td>\n<td valign=\"top\" width=\"82%\" height=\"25\">\n<div align=\"left\">Pula, 15.08.1981.<\/div>\n<\/td>\n<\/tr>\n<tr>\n<td valign=\"top\" height=\"55\">&nbsp;<\/td>\n<td valign=\"top\" height=\"55\">&nbsp;<\/td>\n<\/tr>\n<tr>\n<td valign=\"top\" width=\"18%\" height=\"55\"><strong>ansambl<\/strong><\/td>\n<td valign=\"top\" width=\"82%\" height=\"55\">Kazali\u0161te &#8220;Komedija&#8221;, p.p. 428, Zagreb<br \/>\ntel.: +385 (0)1 48 13 200; fax: +385 (0)1 48 12 179<br \/>\ne-mail: <a href=\"mailto:propaganda@komedija.hr\">propaganda@komedija.hr<\/a><\/td>\n<\/tr>\n<tr>\n<td valign=\"top\" width=\"18%\" height=\"25\"><strong>OBRAZOVANJE<\/strong><\/td>\n<td valign=\"top\" width=\"82%\" height=\"25\">2000. upisala Pravni fakultet u Zagrebu<br \/>\n2006. diplomirala na Akademiji dramske umjetnosti u Zagrebu<\/td>\n<\/tr>\n<tr>\n<td valign=\"top\" height=\"25\"><strong>SEMINARI<br \/>\nTE\u010cAJEVI <\/strong><\/td>\n<td valign=\"top\" height=\"25\">Zavr\u0161ila Osnovnu glazbenu \u0161kolu.<br \/>\nOd 1996. do 2004.poha\u0111ala vi\u0161e ljetnih radionica gluma\u010dkih vje\u0161tina, scenskog pokreta i mjuzikla na MKFM-u u Puli.<br \/>\n2002.poha\u0111ala radionicu scenskog govora i glume po metodi Michaela Checkova u Gro\u017enjanu.<br \/>\n2003. radionica Butho dance, voditelj Katsura Kan.<br \/>\n2003. godine poha\u0111ala seminar *Gluma\u010dki trening po metodi Tadashi Suzuki* u Brisbaneu, Australija, na Frank Theatre Expo.<\/td>\n<\/tr>\n<tr>\n<td colspan=\"2\" valign=\"top\">&nbsp;<\/td>\n<\/tr>\n<tr>\n<td valign=\"top\" width=\"18%\" height=\"18\"><strong>KAZALI\u0160TE<\/strong><\/td>\n<td valign=\"top\" width=\"82%\" height=\"18\"><strong>INK Pula: <\/strong>Fritzspiel, The Royal Fair\/Kraljevo, \u0160torija ud Otavija i Nikolete, Oedipus Rex\/Kralj Edip, Okrutno i Nje\u017eno, Djevoja\u010dka ve\u010der<br \/>\n<strong>Kazali\u0161te Mala scena:<\/strong> Vagon prvog razreda, Brija\u010dice, Bio jednom jedan zmaj, Ifigenija, Kako \u017eivi Antuntun.<br \/>\n<strong>GK Virovitica: <\/strong>Ljubav je ja\u010da od ma\u010da<br \/>\n<strong>ADU i ZKM:<\/strong> Leonce i Lena<br \/>\n<strong>ADU i Banana Gerila:<\/strong> Dantonova smrt<br \/>\n<strong>GK Komedija:<\/strong> Svoga tela gospodar, Briljantin, Sluga dvaju gospodara, Mjuzikl Dundo Maroje 008, Crna komedija, Dobri vojak \u0160vejk, \u010cisto ludilo, Broadway u Komediji &#8211; Inventura, \u010cisto ludilo, Mala kavana, Spli&#8217;ski akvarel, Mamma Mia!, Bljesak zlatnog zuba, Vanja i Sonja i Ma\u0161a i Picko, Gospo\u0111ica iz Maxima, Byron, Talijanski slamnati \u0161e\u0161ir, Revizor, Faraon iz Ilice je mrtav, <span lang=\"hr-HR\">Cabaret <\/span>Zagrep\u010danke i stati\u010dar; Ludnica s tenorima; Va\u017eno je zvati se Ernest; Juha bra\u0107e Marx, Ponos i predrasude<\/td>\n<\/tr>\n<tr>\n<td valign=\"top\" width=\"18%\" height=\"14\"><strong>FILM<\/strong><\/td>\n<td valign=\"top\" width=\"82%\" height=\"14\"><strong>\u010cekanje do slobodnog operatera<\/strong>, redateljica Nikolina Bari\u0107<\/td>\n<\/tr>\n<tr>\n<td valign=\"top\" width=\"18%\" height=\"14\"><strong>TELEVIZIJA<\/strong><\/td>\n<td valign=\"top\" width=\"82%\" height=\"14\">Serije: <strong>Kad zvoni<\/strong> , <strong>Sve \u0107e biti dobro<\/strong> (HTV),<br \/>\n<strong>Na\u0161a mala klinika<\/strong>,&nbsp;<strong>Zauvijek susjedi<\/strong> (Nova tv)<\/td>\n<\/tr>\n<tr>\n<td valign=\"top\" width=\"18%\"><strong>OSTALO<\/strong><\/td>\n<td valign=\"top\" width=\"82%\">Sinkronizacije u animiranim filmovima: <strong>\u017duta minuta<\/strong> (Disney), <strong>Laku no\u0107 Hrvatska<\/strong> (Croatia film),<strong> \u0160egrt Hlapi\u0107<\/strong> (Croatia film), <strong>Monster house<\/strong> (Sony), <strong>Bratz<\/strong> (Sony), <strong>Simpsonovi<\/strong> (FOX), <strong>Zvon\u010dica<\/strong> (Disney)<\/td>\n<\/tr>\n<tr>\n<td colspan=\"2\" valign=\"top\">&nbsp;<\/td>\n<\/tr>\n<tr>\n<td valign=\"top\" width=\"18%\"><strong>NAGRADE I PRIZNANJA<\/strong><\/td>\n<td valign=\"top\" width=\"82%\">Zlatnu \u017ear pticu 2003. za najbolju epizodnu ulogu (majka Grimanni) u predstavi \u0160torija ud Otavija i Nikolete na 3. Naj,naj,naj festivalu u Zagrebu i zlatnu \u017ear pticu za skupnu igru iste godine na istom festivalu.<br \/>\n2004. nagrada za najbolju predstavu u cjelini (\u0160torija ud Otavija i Nikolete) na Festivalu pu\u010dkog teatra u Omi\u0161lju.<br \/>\n2007. nagrada za najbolju predstavu u cjelini (Ljubav je ja\u010da od ma\u010da) na 10. susretu profesionalnih kazali\u0161ta za djecu i mlade HC ASSITEJ u \u010cakovcu;<strong><br \/>\n<\/strong>2023. Nagrada za najbolju \u017eensku ulogu na 16. Gumbekovim danima za ulogu Jessice Al Rhawi u predstavi Cabaret Zagrep\u010danke i stati\u010dar<strong><br \/>\n<\/strong><\/td>\n<\/tr>\n<tr>\n<td colspan=\"2\" valign=\"top\">&nbsp;<\/td>\n<\/tr>\n<tr>\n<td valign=\"top\" width=\"18%\"><strong>STATUSI U &#8220;KOMEDIJI&#8221;<\/strong><\/td>\n<td valign=\"top\" width=\"82%\">Prva premijera 19. o\u017eujka 2004. Svoga tela gospodar<br \/>\nZaposlena od 1. velja\u010de 2008.<\/td>\n<\/tr>\n<tr>\n<td valign=\"top\">&nbsp;<\/td>\n<td valign=\"top\">&nbsp;<\/td>\n<\/tr>\n<\/tbody>\n<\/table>\n","protected":false},"excerpt":{"rendered":"<p>Glumica &nbsp; DATUM I MJESTO RO\u0110ENJA Pula, 15.08.1981. &nbsp; &nbsp; ansambl Kazali\u0161te &#8220;Komedija&#8221;, p.p. 428, Zagreb tel.: +385 (0)1 48<\/p>\n","protected":false},"author":4,"featured_media":0,"parent":6992,"menu_order":0,"comment_status":"closed","ping_status":"closed","template":"","meta":{"ngg_post_thumbnail":0,"footnotes":""},"class_list":["post-956","page","type-page","status-publish","hentry"],"_links":{"self":[{"href":"https:\/\/dev.komedija.hr\/www\/wp-json\/wp\/v2\/pages\/956","targetHints":{"allow":["GET"]}}],"collection":[{"href":"https:\/\/dev.komedija.hr\/www\/wp-json\/wp\/v2\/pages"}],"about":[{"href":"https:\/\/dev.komedija.hr\/www\/wp-json\/wp\/v2\/types\/page"}],"author":[{"embeddable":true,"href":"https:\/\/dev.komedija.hr\/www\/wp-json\/wp\/v2\/users\/4"}],"replies":[{"embeddable":true,"href":"https:\/\/dev.komedija.hr\/www\/wp-json\/wp\/v2\/comments?post=956"}],"version-history":[{"count":1,"href":"https:\/\/dev.komedija.hr\/www\/wp-json\/wp\/v2\/pages\/956\/revisions"}],"predecessor-version":[{"id":20889,"href":"https:\/\/dev.komedija.hr\/www\/wp-json\/wp\/v2\/pages\/956\/revisions\/20889"}],"up":[{"embeddable":true,"href":"https:\/\/dev.komedija.hr\/www\/wp-json\/wp\/v2\/pages\/6992"}],"wp:attachment":[{"href":"https:\/\/dev.komedija.hr\/www\/wp-json\/wp\/v2\/media?parent=956"}],"curies":[{"name":"wp","href":"https:\/\/api.w.org\/{rel}","templated":true}]}}