{"id":958,"date":"2011-08-02T20:24:51","date_gmt":"2011-08-02T18:24:51","guid":{"rendered":"http:\/\/www.komedija.hr\/web\/?page_id=958"},"modified":"2026-02-25T16:17:45","modified_gmt":"2026-02-25T15:17:45","slug":"koncic-adam","status":"publish","type":"page","link":"https:\/\/dev.komedija.hr\/www\/ansambl-2\/glumci\/koncic-adam\/","title":{"rendered":"Adam Kon\u010di\u0107"},"content":{"rendered":"\t\t<div data-elementor-type=\"wp-page\" data-elementor-id=\"958\" class=\"elementor elementor-958\">\n\t\t\t\t<div class=\"wd-negative-gap elementor-element elementor-element-4bb6e86 e-grid e-con-boxed e-con e-parent\" data-id=\"4bb6e86\" data-element_type=\"container\" data-e-type=\"container\">\n\t\t\t\t\t<div class=\"e-con-inner\">\n\t\t\t\t<div class=\"elementor-element elementor-element-36f92ad elementor-widget elementor-widget-image\" data-id=\"36f92ad\" data-element_type=\"widget\" data-e-type=\"widget\" data-widget_type=\"image.default\">\n\t\t\t\t\t\t\t\t\t\t\t\t\t\t\t<img loading=\"lazy\" decoding=\"async\" width=\"533\" height=\"800\" src=\"https:\/\/dev.komedija.hr\/www\/wp-content\/uploads\/2011\/08\/adam_koncic-1.jpg\" class=\"attachment-large size-large wp-image-7295\" alt=\"\" srcset=\"https:\/\/dev.komedija.hr\/www\/wp-content\/uploads\/2011\/08\/adam_koncic-1.jpg 533w, https:\/\/dev.komedija.hr\/www\/wp-content\/uploads\/2011\/08\/adam_koncic-1-200x300.jpg 200w\" sizes=\"auto, (max-width: 533px) 100vw, 533px\" \/>\t\t\t\t\t\t\t\t\t\t\t\t\t\t\t<\/div>\n\t\t\t\t<div class=\"elementor-element elementor-element-36323bf elementor-widget elementor-widget-wd_text_block\" data-id=\"36323bf\" data-element_type=\"widget\" data-e-type=\"widget\" data-widget_type=\"wd_text_block.default\">\n\t\t\t\t<div class=\"elementor-widget-container\">\n\t\t\t\t\t\t\t<div class=\"wd-text-block reset-last-child text-left\">\n\t\t\t\n\t\t\t<p><strong>OBRAZOVANJE<\/strong> <br \/>Akademija dramske umjetnosti Sveu\u010dili\u0161ta u Zagrebu<\/p><p><strong>KAZALI\u0160TE<br \/><\/strong>HNK Zagreb: Skup, Nihilist iz Velike Mlake, Kako vam se svi\u0111a, Kralj Lear, Dobri, Mizantrop, Ve\u010deras se improvizira; GK Virovitica: Ukro\u0107ena goropadnica; GD Histrion: Hrvatski Diogenes, Gri\u010dka vje\u0161tica, Tajna krvavog mosta, Zagreb kak Zagreb, ZGK \u201cKomedija\u201d: Zemlja smije\u0161ka, Janica i Jean, \u010caruga, Mali du\u0107an strave, Jesus Christ Superstar, Narodil se mladi kralj, Majka Hrabrost i njezina djeca, Jalta, Jalta, Gospo\u0111ica iz Maksima, Zaljubljeni Shakespeare, Ljepotica i Zvijer, Mnogo vike niza\u0161to, Kaj je ljubav, Peripetije sa psihijatrije Teatar Pinklec: No\u0107as \u0107u\u2026; Teatar &amp;TD: Cabaret &amp;TD<\/p><p><strong>FILM<\/strong> <br \/>Duga mra\u010dna no\u0107 (Vrdoljak)<\/p><p><strong>TELEVIZIJA<\/strong><br \/>sudjelovanje u emisijama Dok vrijeme prolazi (HTV), Klub seniora (HTV), Moderato cantabile (HTV)<\/p><p><strong>RADIO<\/strong><br \/>Radio igre za djecu (Obrazovni program HR) i radio drame (Dramski program HR). Recitator u \u201cKajkavijani\u201d (Radio Sljeme)<\/p><p><strong>OSTALO<\/strong><br \/>solist na Festivalu kajkavske popevke 2002. godine (pjesma \u201cStrele ljubavne\u201d)<\/p><p><strong>NAGRADE I PRIZNANJA<\/strong> <br \/>Zlatni smijeh na Danima satire godine 2000. za ulogu Augusta \u0160enoe (\u201cCabaret &amp;TD\u201d, Teatar &amp;TD). Nominacije za Nagradu hrvatskog glumi\u0161ta mladom dramskom umjetniku godine 2000. (za ulogu Augusta \u0160enoe u \u201cCabaret &amp;TD\u201d Teatra &amp;TD) i 2001. (za ulogu oficira Hoessa, \u201cDobri\u201d, HNK Zagreb), Zlatni Histrion za ulogu Rudija (\u201cLa\u017ena barunica\u201d, GD \u201cHistrion\u201d, 2003.)<br \/>Nagradu 16. Gumbekovih dana (2023.) za izuzetan doprinos i razvoj cabareta<\/p><p><strong>STATUSI U \u201cKOMEDIJI\u201d<\/strong><br \/>Prva premijera: 5. travnja 2000. (Jesus Christ Superstar); Zaposlen od 16. prosinca 2002.<\/p>\n\t\t\t\t\t<\/div>\n\t\t\t\t\t\t<\/div>\n\t\t\t\t<\/div>\n\t\t\t\t\t<\/div>\n\t\t\t\t<\/div>\n\t\t\t\t<\/div>\n\t\t","protected":false},"excerpt":{"rendered":"<p>OBRAZOVANJE Akademija dramske umjetnosti Sveu\u010dili\u0161ta u Zagrebu KAZALI\u0160TEHNK Zagreb: Skup, Nihilist iz Velike Mlake, Kako vam se svi\u0111a, Kralj Lear,<\/p>\n","protected":false},"author":4,"featured_media":7295,"parent":6992,"menu_order":0,"comment_status":"closed","ping_status":"closed","template":"","meta":{"ngg_post_thumbnail":0,"footnotes":""},"class_list":["post-958","page","type-page","status-publish","has-post-thumbnail","hentry"],"_links":{"self":[{"href":"https:\/\/dev.komedija.hr\/www\/wp-json\/wp\/v2\/pages\/958","targetHints":{"allow":["GET"]}}],"collection":[{"href":"https:\/\/dev.komedija.hr\/www\/wp-json\/wp\/v2\/pages"}],"about":[{"href":"https:\/\/dev.komedija.hr\/www\/wp-json\/wp\/v2\/types\/page"}],"author":[{"embeddable":true,"href":"https:\/\/dev.komedija.hr\/www\/wp-json\/wp\/v2\/users\/4"}],"replies":[{"embeddable":true,"href":"https:\/\/dev.komedija.hr\/www\/wp-json\/wp\/v2\/comments?post=958"}],"version-history":[{"count":15,"href":"https:\/\/dev.komedija.hr\/www\/wp-json\/wp\/v2\/pages\/958\/revisions"}],"predecessor-version":[{"id":29443,"href":"https:\/\/dev.komedija.hr\/www\/wp-json\/wp\/v2\/pages\/958\/revisions\/29443"}],"up":[{"embeddable":true,"href":"https:\/\/dev.komedija.hr\/www\/wp-json\/wp\/v2\/pages\/6992"}],"wp:featuredmedia":[{"embeddable":true,"href":"https:\/\/dev.komedija.hr\/www\/wp-json\/wp\/v2\/media\/7295"}],"wp:attachment":[{"href":"https:\/\/dev.komedija.hr\/www\/wp-json\/wp\/v2\/media?parent=958"}],"curies":[{"name":"wp","href":"https:\/\/api.w.org\/{rel}","templated":true}]}}