{"id":974,"date":"2011-08-02T20:34:41","date_gmt":"2011-08-02T18:34:41","guid":{"rendered":"http:\/\/www.komedija.hr\/web\/?page_id=974"},"modified":"2025-06-11T12:16:54","modified_gmt":"2025-06-11T10:16:54","slug":"kraljevic-ana","status":"publish","type":"page","link":"https:\/\/dev.komedija.hr\/www\/ansambl-2\/glumci\/kraljevic-ana\/","title":{"rendered":"Ana Magud"},"content":{"rendered":"<table border=\"0\" width=\"100%\">\n<tbody>\n<tr>\n<td valign=\"top\" width=\"18%\"><a href=\"http:\/\/www.komedija.hr\/www\/wp-content\/uploads\/2011\/08\/ana_magud.jpg\" target=\"_blank\" rel=\"attachment noopener wp-att-7184\"><img loading=\"lazy\" decoding=\"async\" class=\"alignleft wp-image-7184 size-medium\" src=\"http:\/\/www.komedija.hr\/www\/wp-content\/uploads\/2011\/08\/ana_magud-200x300.jpg\" alt=\"ana_magud\" width=\"200\" height=\"300\" srcset=\"https:\/\/dev.komedija.hr\/www\/wp-content\/uploads\/2011\/08\/ana_magud-200x300.jpg 200w, https:\/\/dev.komedija.hr\/www\/wp-content\/uploads\/2011\/08\/ana_magud.jpg 533w\" sizes=\"auto, (max-width: 200px) 100vw, 200px\" \/><\/a><\/td>\n<td valign=\"center\" width=\"82%\"><strong>Glumica<\/strong><\/td>\n<\/tr>\n<tr valign=\"top\">\n<td colspan=\"2\" height=\"20\">&nbsp;<\/td>\n<\/tr>\n<tr>\n<td valign=\"top\" width=\"18%\" height=\"25\"><strong>GODINA I MJESTO RO\u0110ENJA<\/strong><\/td>\n<td valign=\"top\" width=\"82%\" height=\"25\">\n<div align=\"left\">\n<p>2. sije\u010dnja 1985.<\/p>\n<\/div>\n<\/td>\n<\/tr>\n<tr>\n<td valign=\"top\" width=\"18%\" height=\"25\"><strong>OBRAZOVANJE<\/strong><\/td>\n<td valign=\"top\" width=\"82%\" height=\"25\">Akademija dramskih umjetnosti<\/td>\n<\/tr>\n<tr>\n<td colspan=\"2\" valign=\"top\">&nbsp;<\/td>\n<\/tr>\n<tr>\n<td valign=\"top\" width=\"18%\"><strong>KAZALI\u0160TE<\/strong><\/td>\n<td valign=\"top\" width=\"82%\">ZGK Komedija: <strong>Uhva\u0107en u mre\u017eu, Cigle svete Elizabete, Sluga dvaju gospodara, Zeleni kakadu, Briljantin, Opasne veze, Cabaret, Diplomac, Broadway u Komediji &#8211; Inventura, Ukro\u0107ena goropadnica, Skup, Mamma Mia!, Revizor, Faraon iz Ilice je mrtav, Opet on, Legenda o svetom Muhli, Treba se znati pona\u0161ati, Mnogo vike niza\u0161to; Velo misto, Va\u017eno je zvati se Ernest, Zapetljani interesi, Ponos i predrasude<br \/>\n<\/strong>HNK Zagreb: B. Brecht: Opera za tri gro\u0161a,<br \/>\nHNK Vara\u017edin: C. Goldoni: Moliere,<br \/>\nKoprodukcija ADU i Teatar &amp;TD: H. Ibsen-narodna pripovjetka: Lutkina ku\u0107a \u2013 Zmija mlado\u017eenja<br \/>\nPristajanje \u2013 klasa Bobe Jel\u010di\u0107a<br \/>\nMala scena: Ezop: Roda i Lisac<strong><strong><br \/>\n<\/strong><\/strong><\/td>\n<\/tr>\n<tr>\n<td valign=\"top\"><strong>RADIO<\/strong><\/td>\n<td valign=\"top\">Radio drame u Dramskom programu HRT-a<\/td>\n<\/tr>\n<tr>\n<td valign=\"top\" width=\"18%\"><strong>OSTALO<\/strong><\/td>\n<td valign=\"top\" width=\"82%\">Sinkronizacije crtanih filmova i serija<\/td>\n<\/tr>\n<tr>\n<td colspan=\"2\" valign=\"top\"><strong>NAGRADE I PRIZNANJA&nbsp;&nbsp;&nbsp; <\/strong>Nagrada Hrvatskoga glumi\u0161ta 2023. \/ sporedna \u017eenska uloga \/za ulogu Kate u predstavi &#8220;Velo misto&#8221;<\/td>\n<\/tr>\n<tr>\n<td valign=\"top\" width=\"18%\" height=\"50\"><strong>STATUSI U &#8220;KOMEDIJI&#8221;<\/strong><\/td>\n<td valign=\"top\" width=\"82%\" height=\"50\">prva predstava: R. Cooney: Uhva\u0107en u mre\u017eu, 2006. \/ zaposlena od 1. sije\u010dnja 2009.<\/td>\n<\/tr>\n<tr>\n<td colspan=\"2\" valign=\"top\" height=\"23\">&nbsp;<\/td>\n<\/tr>\n<tr>\n<td valign=\"top\" width=\"18%\" height=\"24\">&nbsp;<\/td>\n<td valign=\"top\" width=\"82%\" height=\"24\">&nbsp;<\/td>\n<\/tr>\n<\/tbody>\n<\/table>\n","protected":false},"excerpt":{"rendered":"<p>Glumica &nbsp; GODINA I MJESTO RO\u0110ENJA 2. sije\u010dnja 1985. OBRAZOVANJE Akademija dramskih umjetnosti &nbsp; KAZALI\u0160TE ZGK Komedija: Uhva\u0107en u mre\u017eu,<\/p>\n","protected":false},"author":4,"featured_media":0,"parent":6992,"menu_order":0,"comment_status":"closed","ping_status":"closed","template":"","meta":{"ngg_post_thumbnail":0,"footnotes":""},"class_list":["post-974","page","type-page","status-publish","hentry"],"_links":{"self":[{"href":"https:\/\/dev.komedija.hr\/www\/wp-json\/wp\/v2\/pages\/974","targetHints":{"allow":["GET"]}}],"collection":[{"href":"https:\/\/dev.komedija.hr\/www\/wp-json\/wp\/v2\/pages"}],"about":[{"href":"https:\/\/dev.komedija.hr\/www\/wp-json\/wp\/v2\/types\/page"}],"author":[{"embeddable":true,"href":"https:\/\/dev.komedija.hr\/www\/wp-json\/wp\/v2\/users\/4"}],"replies":[{"embeddable":true,"href":"https:\/\/dev.komedija.hr\/www\/wp-json\/wp\/v2\/comments?post=974"}],"version-history":[{"count":2,"href":"https:\/\/dev.komedija.hr\/www\/wp-json\/wp\/v2\/pages\/974\/revisions"}],"predecessor-version":[{"id":20872,"href":"https:\/\/dev.komedija.hr\/www\/wp-json\/wp\/v2\/pages\/974\/revisions\/20872"}],"up":[{"embeddable":true,"href":"https:\/\/dev.komedija.hr\/www\/wp-json\/wp\/v2\/pages\/6992"}],"wp:attachment":[{"href":"https:\/\/dev.komedija.hr\/www\/wp-json\/wp\/v2\/media?parent=974"}],"curies":[{"name":"wp","href":"https:\/\/api.w.org\/{rel}","templated":true}]}}